{"id":29177,"date":"2024-07-30T15:36:08","date_gmt":"2024-07-30T18:36:08","guid":{"rendered":"https:\/\/homolog.saopaulo.sp.leg.br\/escoladoparlamento\/?page_id=29177"},"modified":"2024-08-30T11:51:24","modified_gmt":"2024-08-30T14:51:24","slug":"condutas-e-deveres-dos-candidatos-a-perspectiva-do-ministerio-publico-eleitoral-mpe-para-as-eleicoes-de-2024","status":"publish","type":"page","link":"https:\/\/homolog.saopaulo.sp.leg.br\/escoladoparlamento\/cursos\/cursos-anteriores\/cursos-realizados-em-2024\/condutas-e-deveres-dos-candidatos-a-perspectiva-do-ministerio-publico-eleitoral-mpe-para-as-eleicoes-de-2024\/","title":{"rendered":"Condutas e Deveres dos Candidatos: A perspectiva do Minist\u00e9rio P\u00fablico Eleitoral (MPE) para as Elei\u00e7\u00f5es de 2024"},"content":{"rendered":"<h3><strong>Sobre o Evento<\/strong><\/h3>\n<p>Com as elei\u00e7\u00f5es de 2024 se aproximando, torna-se crucial discutir o papel dos candidatos e suas responsabilidades no contexto democr\u00e1tico. O Minist\u00e9rio P\u00fablico Eleitoral tem um papel fundamental na fiscaliza\u00e7\u00e3o e na garantia da lisura do processo eleitoral. Este semin\u00e1rio visa trazer \u00e0 tona as diretrizes e expectativas do MPE em rela\u00e7\u00e3o \u00e0 conduta dos candidatos, oferecendo uma vis\u00e3o clara sobre o que se espera em termos de \u00e9tica e legalidade durante o per\u00edodo eleitoral. A iniciativa busca tamb\u00e9m conscientizar e preparar os atores pol\u00edticos para atuarem de forma respons\u00e1vel e transparente, fortalecendo a democracia e garantindo elei\u00e7\u00f5es justas.<\/p>\n<p>O semin\u00e1rio contar\u00e1 com a condu\u00e7\u00e3o de Promotor de Justi\u00e7a da Capital do Estado de S\u00e3o Paulo Fabiano Augusto Petean. Doutor pela Universidade Presbiteriana Mackenzie em Direito Pol\u00edtico e Poder Econ\u00f4mico (2019), Petean \u00e9 Professor da Escola Superior do Minist\u00e9rio P\u00fablico do Estado de S\u00e3o Paulo e Coordenador Acad\u00eamico do Centro de Estudos Avan\u00e7ados em Pol\u00edticas P\u00fablicas e de Integridade do Instituto Presbiteriano Mackenzie.<\/p>\n<hr \/>\n<h3><strong>Objetivos<\/strong><\/h3>\n<ul>\n<li><strong>Apresentar a Perspectiva do MPE:<\/strong> Oferecer um panorama sobre as diretrizes e exig\u00eancias do Minist\u00e9rio P\u00fablico Eleitoral para as elei\u00e7\u00f5es de 2024.<\/li>\n<li><strong>Conscientizar os Candidatos:<\/strong> Destacar a import\u00e2ncia da \u00e9tica e do cumprimento das leis eleitorais por parte dos candidatos.<\/li>\n<li><strong>Fortalecer a Democracia:<\/strong> Incentivar pr\u00e1ticas que promovam a transpar\u00eancia e a justi\u00e7a no processo eleitoral.<\/li>\n<li><strong>Promover o Di\u00e1logo:<\/strong> Estimular a troca de ideias e o debate entre os participantes sobre os desafios e responsabilidades nas elei\u00e7\u00f5es.<\/li>\n<\/ul>\n<hr \/>\n<h3><strong>Data e Local<\/strong><\/h3>\n<ul>\n<li><strong>Data:<\/strong> 12 de agosto de 2024<\/li>\n<li><strong>Hor\u00e1rio:<\/strong> Das 16h \u00e0s 18h<\/li>\n<li><strong>Local:<\/strong> C\u00e2mara Municipal de S\u00e3o Paulo, Audit\u00f3rio Prestes Maia (1\u00ba andar)<\/li>\n<\/ul>\n<hr \/>\n<h3><strong>Inscri\u00e7\u00f5es: ENCERRADAS<\/strong><\/h3>\n<p><strong>Reveja o evento CLICANDO <a href=\"https:\/\/www.youtube.com\/live\/OO1xOokx6Jw?si=BSVa4nN1su6KSAPj\">AQUI<\/a><\/strong><\/p>\n","protected":false},"excerpt":{"rendered":"<p>Sobre o Evento Com as elei\u00e7\u00f5es de 2024 se aproximando, torna-se crucial discutir o papel dos candidatos e suas responsabilidades no contexto democr\u00e1tico. O Minist\u00e9rio P\u00fablico Eleitoral tem um papel fundamental na fiscaliza\u00e7\u00e3o e na garantia da lisura do processo eleitoral. Este semin\u00e1rio visa trazer \u00e0 tona as diretrizes e expectativas do MPE em rela\u00e7\u00e3o [&hellip;]<\/p>\n","protected":false},"author":297,"featured_media":0,"parent":28919,"menu_order":13,"comment_status":"closed","ping_status":"closed","template":"","meta":{"_acf_changed":false,"footnotes":""},"class_list":["post-29177","page","type-page","status-publish","hentry"],"acf":[],"_links":{"self":[{"href":"https:\/\/homolog.saopaulo.sp.leg.br\/escoladoparlamento\/wp-json\/wp\/v2\/pages\/29177","targetHints":{"allow":["GET"]}}],"collection":[{"href":"https:\/\/homolog.saopaulo.sp.leg.br\/escoladoparlamento\/wp-json\/wp\/v2\/pages"}],"about":[{"href":"https:\/\/homolog.saopaulo.sp.leg.br\/escoladoparlamento\/wp-json\/wp\/v2\/types\/page"}],"author":[{"embeddable":true,"href":"https:\/\/homolog.saopaulo.sp.leg.br\/escoladoparlamento\/wp-json\/wp\/v2\/users\/297"}],"replies":[{"embeddable":true,"href":"https:\/\/homolog.saopaulo.sp.leg.br\/escoladoparlamento\/wp-json\/wp\/v2\/comments?post=29177"}],"version-history":[{"count":5,"href":"https:\/\/homolog.saopaulo.sp.leg.br\/escoladoparlamento\/wp-json\/wp\/v2\/pages\/29177\/revisions"}],"predecessor-version":[{"id":29184,"href":"https:\/\/homolog.saopaulo.sp.leg.br\/escoladoparlamento\/wp-json\/wp\/v2\/pages\/29177\/revisions\/29184"}],"up":[{"embeddable":true,"href":"https:\/\/homolog.saopaulo.sp.leg.br\/escoladoparlamento\/wp-json\/wp\/v2\/pages\/28919"}],"wp:attachment":[{"href":"https:\/\/homolog.saopaulo.sp.leg.br\/escoladoparlamento\/wp-json\/wp\/v2\/media?parent=29177"}],"curies":[{"name":"wp","href":"https:\/\/api.w.org\/{rel}","templated":true}]}}