{"id":29189,"date":"2024-09-09T17:15:11","date_gmt":"2024-09-09T20:15:11","guid":{"rendered":"https:\/\/homolog.saopaulo.sp.leg.br\/escoladoparlamento\/?page_id=29189"},"modified":"2024-10-15T16:20:45","modified_gmt":"2024-10-15T19:20:45","slug":"politicas-educacionais-e-seus-processos-de-implementacao","status":"publish","type":"page","link":"https:\/\/homolog.saopaulo.sp.leg.br\/escoladoparlamento\/cursos\/cursos-anteriores\/cursos-realizados-em-2024\/politicas-educacionais-e-seus-processos-de-implementacao\/","title":{"rendered":"Pol\u00edticas Educacionais e seus Processos de Implementa\u00e7\u00e3o"},"content":{"rendered":"<h2><strong>Lan\u00e7amento do Dossi\u00ea &#8211; Revistas Parlamento e Sociedade 2024<\/strong><\/h2>\n<h3><a href=\"http:\/\/homolog.saopaulo.sp.leg.br\/escoladoparlamento\/wp-content\/uploads\/sites\/5\/2024\/07\/revista_parlamento_e_sociedade_v12_n22__.pdf\">Edi\u00e7\u00e3o 22<\/a> &#8220;Pol\u00edticas Educacionais em Movimento: Estudos sobre Implementa\u00e7\u00e3o&#8221;<\/h3>\n<h3><a href=\"http:\/\/homolog.saopaulo.sp.leg.br\/escoladoparlamento\/wp-content\/uploads\/sites\/5\/2024\/09\/revista_parlamento_e_sociedade_v12_n23.pdf\">Edi\u00e7\u00e3o 23<\/a> &#8220;Estado, Sociedade e Processos Educativos&#8221;<\/h3>\n<p>&nbsp;<\/p>\n<div>A C\u00e2mara Municipal de S\u00e3o Paulo, atrav\u00e9s da Escola do Parlamento, realizar\u00e1, no dia 03 de outubro,\u00a0o evento\u00a0<b>Pol\u00edticas Educacionais e seus Processos de Implementa\u00e7\u00e3o.<\/b><\/div>\n<div>A iniciativa vai reunir autores dos artigos das edi\u00e7\u00f5es 22 e 23 da\u00a0<i>Revista Parlamento e Sociedade<\/i>\u00a0publicadas este ano e que comp\u00f5em um dossi\u00ea de mesmo nome.<br \/>\n&#8220;Pol\u00edticas Educacionais em Movimento: Estudos sobre Implementa\u00e7\u00e3o&#8221; e &#8220;Estado, Sociedade e Processos Educativos&#8221; s\u00e3o o resultado de uma parceria estrat\u00e9gica da Escola do Parlamento com o Departamento de P\u00f3s-gradua\u00e7\u00e3o em Educa\u00e7\u00e3o da <i>Universidade Cidade de S\u00e3o Paulo<\/i>\u00a0(Unicid), buscando fomentar e contribuir para a qualifica\u00e7\u00e3o do debate acad\u00eamico.<\/div>\n<div><\/div>\n<div>Al\u00e9m de trazer provoca\u00e7\u00f5es sobre o tema, o evento objetiva aprofundar a an\u00e1lise cr\u00edtica sobre as pol\u00edticas p\u00fablicas no campo da Educa\u00e7\u00e3o e suas pr\u00e1ticas no contexto brasileiro. Contar\u00e1 com uma mesa de abertura seguida de apresenta\u00e7\u00f5es breves que os autores far\u00e3o de seus respectivos artigos, din\u00e2mica que ser\u00e1 adotada para os dois volumes, com coment\u00e1rios e espa\u00e7o para discuss\u00f5es ao final de cada uma, conforme programa\u00e7\u00e3o que segue abaixo.<\/div>\n<p>&nbsp;<\/p>\n<h2><span style=\"color: #000000\"><strong>03 de outubro \u2013 15h \u00e0s 17h30<br \/>\nAudit\u00f3rio Prestes Maia<\/strong><\/span><\/h2>\n<p>O evento contar\u00e1 tamb\u00e9m com transmiss\u00e3o ao vivo pelo\u00a0<a href=\"http:\/\/www.youtube.com\/@camarasaopaulo\">canal da C\u00e2mara no YouTube<\/a><\/p>\n<h3><a href=\"https:\/\/www.youtube.com\/watch?v=LihfERqdpwo\"><strong>REVEJA AQUI\u00a0<\/strong><\/a><\/h3>\n<h3><a href=\"https:\/\/homolog.saopaulo.sp.leg.br\/blog\/evento-da-escola-do-parlamento-marca-lancamento-de-dossie-sobre-politicas-educacionais\/\">Reportagem publicada no Portal da C\u00e2mara sobre o evento<\/a><\/h3>\n<p>&nbsp;<\/p>\n<p><strong>CERTIFICA\u00c7\u00c3O:<\/strong><\/p>\n<p>Somente com a presen\u00e7a aferida mediante check in na entrada da sala do evento.<\/p>\n<p>&nbsp;<\/p>\n<p><strong>INSCRI\u00c7\u00d5ES<\/strong>:<strong> ENCERRADAS<\/strong><\/p>\n<p>&nbsp;<\/p>\n<p><strong>PROGRAMA\u00c7\u00c3O:<\/strong><\/p>\n<p>Abertura Oficial<br \/>\n<strong>Gustavo Costa Dias<\/strong><br \/>\nDiretor-Presidente da Escola do Parlamento e Editor Cient\u00edfico da Revista Parlamento e Sociedade<\/p>\n<p>Apresenta\u00e7\u00e3o do Dossi\u00ea<br \/>\n<strong>Maria do Carmo Meirelles Toledo Cruz<\/strong><br \/>\nMembro da comiss\u00e3o organizadora<\/p>\n<hr \/>\n<p><strong>Apresenta\u00e7\u00e3o dos Artigos Publicados \u2013 edi\u00e7\u00e3o 22 Revista Parlamento e Sociedade<\/strong><\/p>\n<p><em>Implementa\u00e7\u00e3o do Programa de Alimenta\u00e7\u00e3o Escolar de S\u00e3o Paulo em Territ\u00f3rio Vulner\u00e1vel na Pandemia<\/em><br \/>\n<strong>Regina dos Santos Costa<\/strong><\/p>\n<p><em>Programa Ensino Integral: a Percep\u00e7\u00e3o dos Educadores de uma Escola da Regi\u00e3o Centro-Sul de S\u00e3o Paulo<\/em><br \/>\n<strong>Laercio Moreira<\/strong><\/p>\n<p><em>A Gest\u00e3o da Participa\u00e7\u00e3o na Educa\u00e7\u00e3o Infantil: Aspectos da Discricionariedade da Equipe Gestora<\/em><br \/>\n<strong>Ana Paula Guimar\u00e3es<\/strong><\/p>\n<p><em>Forma\u00e7\u00e3o Inicial de Guardas Civis na Vis\u00e3o de Instrutores da Academia de Forma\u00e7\u00e3o em Seguran\u00e7a Urbana <\/em><br \/>\n<em>de S\u00e3o Paulo<\/em><br \/>\n<strong>Roberto de Jesus Dias<\/strong><\/p>\n<p><em>A Psicologia Vai \u00e0 Escola: Aportes para a Implementa\u00e7\u00e3o da Lei 13.935\/2019<\/em><br \/>\n<strong>Rodrigo Toledo<\/strong><\/p>\n<p>Coment\u00e1rios<br \/>\n<strong>Alexsandro do Nascimento Santos<\/strong><br \/>\nMembro da comiss\u00e3o organizadora<\/p>\n<hr \/>\n<p><strong>Apresenta\u00e7\u00e3o dos Artigos Publicados \u2013 edi\u00e7\u00e3o 23 Revista Parlamento e Sociedade<\/strong><\/p>\n<p><em>Panorama do financiamento da educa\u00e7\u00e3o no estado de S\u00e3o Paulo: escolhas alocativas e governan\u00e7a do gasto <\/em><br \/>\n<em>p\u00fablico entre 2013 e 2022<\/em><br \/>\n<strong>Lauana Simpl\u00edcio Pereira<\/strong><\/p>\n<p><em>Forma\u00e7\u00e3o como possibilidade de aprimoramento profissional de dirigentes municipais de educa\u00e7\u00e3o<\/em><br \/>\n<strong>Izabel Soares de Souza<\/strong><\/p>\n<p><em>A indisciplina na percep\u00e7\u00e3o de professores de uma escola da rede p\u00fablica estadual paulista<\/em><br \/>\n<strong>Roberto Gimenez<\/strong><\/p>\n<p><em>Avan\u00e7os legais na perspectiva das pol\u00edticas p\u00fablicas de educa\u00e7\u00e3o para as rela\u00e7\u00f5es \u00e9tnico-raciais<\/em><br \/>\n<strong>Vanize Zambom Niederauer<\/strong><\/p>\n<p><em>Ensinar com aten\u00e7\u00e3o ao desenvolvimento socioemocional em cursos de forma\u00e7\u00e3o t\u00e9cnica: a percep\u00e7\u00e3o de <\/em><br \/>\n<em>educadores do SENAI-SP<\/em>.<br \/>\n<strong>Eneias Nunes da Silva<\/strong><\/p>\n<p>Coment\u00e1rios<br \/>\n<strong>Rodnei Pereira<\/strong><br \/>\nMembro da comiss\u00e3o organizadora<\/p>\n<hr \/>\n<p>Encerramento e Agradecimentos<br \/>\n<strong>Vanessa Ester Ferreira Nunes<\/strong><br \/>\nMembro da comiss\u00e3o organizadora<\/p>\n","protected":false},"excerpt":{"rendered":"<p>Lan\u00e7amento do Dossi\u00ea &#8211; Revistas Parlamento e Sociedade 2024 Edi\u00e7\u00e3o 22 &#8220;Pol\u00edticas Educacionais em Movimento: Estudos sobre Implementa\u00e7\u00e3o&#8221; Edi\u00e7\u00e3o 23 &#8220;Estado, Sociedade e Processos Educativos&#8221; &nbsp; A C\u00e2mara Municipal de S\u00e3o Paulo, atrav\u00e9s da Escola do Parlamento, realizar\u00e1, no dia 03 de outubro,\u00a0o evento\u00a0Pol\u00edticas Educacionais e seus Processos de Implementa\u00e7\u00e3o. A iniciativa vai reunir autores [&hellip;]<\/p>\n","protected":false},"author":522,"featured_media":0,"parent":28919,"menu_order":12,"comment_status":"closed","ping_status":"closed","template":"","meta":{"_acf_changed":false,"footnotes":""},"class_list":["post-29189","page","type-page","status-publish","hentry"],"acf":[],"_links":{"self":[{"href":"https:\/\/homolog.saopaulo.sp.leg.br\/escoladoparlamento\/wp-json\/wp\/v2\/pages\/29189","targetHints":{"allow":["GET"]}}],"collection":[{"href":"https:\/\/homolog.saopaulo.sp.leg.br\/escoladoparlamento\/wp-json\/wp\/v2\/pages"}],"about":[{"href":"https:\/\/homolog.saopaulo.sp.leg.br\/escoladoparlamento\/wp-json\/wp\/v2\/types\/page"}],"author":[{"embeddable":true,"href":"https:\/\/homolog.saopaulo.sp.leg.br\/escoladoparlamento\/wp-json\/wp\/v2\/users\/522"}],"replies":[{"embeddable":true,"href":"https:\/\/homolog.saopaulo.sp.leg.br\/escoladoparlamento\/wp-json\/wp\/v2\/comments?post=29189"}],"version-history":[{"count":5,"href":"https:\/\/homolog.saopaulo.sp.leg.br\/escoladoparlamento\/wp-json\/wp\/v2\/pages\/29189\/revisions"}],"predecessor-version":[{"id":29228,"href":"https:\/\/homolog.saopaulo.sp.leg.br\/escoladoparlamento\/wp-json\/wp\/v2\/pages\/29189\/revisions\/29228"}],"up":[{"embeddable":true,"href":"https:\/\/homolog.saopaulo.sp.leg.br\/escoladoparlamento\/wp-json\/wp\/v2\/pages\/28919"}],"wp:attachment":[{"href":"https:\/\/homolog.saopaulo.sp.leg.br\/escoladoparlamento\/wp-json\/wp\/v2\/media?parent=29189"}],"curies":[{"name":"wp","href":"https:\/\/api.w.org\/{rel}","templated":true}]}}