{"id":29219,"date":"2024-10-03T15:38:05","date_gmt":"2024-10-03T18:38:05","guid":{"rendered":"https:\/\/homolog.saopaulo.sp.leg.br\/escoladoparlamento\/?page_id=29219"},"modified":"2024-10-15T16:22:28","modified_gmt":"2024-10-15T19:22:28","slug":"seminario-escolas-do-legislativo-para-cidades-inteligentes-e-organicas","status":"publish","type":"page","link":"https:\/\/homolog.saopaulo.sp.leg.br\/escoladoparlamento\/cursos\/cursos-anteriores\/cursos-realizados-em-2024\/seminario-escolas-do-legislativo-para-cidades-inteligentes-e-organicas\/","title":{"rendered":"Semin\u00e1rio &#8220;Escolas do Legislativo para Cidades Inteligentes e Org\u00e2nicas&#8221;"},"content":{"rendered":"<h3>Semin\u00e1rio &#8220;Escolas do Legislativo para Cidades Inteligentes e Org\u00e2nicas&#8221;<\/h3>\n<p><strong>Organiza\u00e7\u00e3o:<\/strong><br \/>\nEscola de Artes, Ci\u00eancias e Humanidades (EACH\/USP),<br \/>\nEscola do Parlamento da C\u00e2mara Municipal de S\u00e3o Paulo,<br \/>\nAssocia\u00e7\u00e3o Brasileira das Escolas do Legislativo e de Contas (ABEL).<\/p>\n<p><strong>Data:<\/strong> 09 de outubro de 2024 (Quarta-feira)<br \/>\n<strong>Hor\u00e1rio:<\/strong> Das 10h00 \u00e0s 13h00<br \/>\n<strong>Local:<\/strong> C\u00e2mara Municipal de S\u00e3o Paulo \u2013 SP (Audit\u00f3rio\/Sala a confirmar)<br \/>\n<strong>Modalidade:<\/strong> Presencial e transmiss\u00e3o online<br \/>\n<strong>Certifica\u00e7\u00e3o:<\/strong> 4 horas<\/p>\n<h3>Objetivos do Curso:<\/h3>\n<ul>\n<li>Promover o debate sobre o papel das escolas do legislativo na forma\u00e7\u00e3o cidad\u00e3 e na gest\u00e3o de cidades inteligentes e org\u00e2nicas.<\/li>\n<li>Explorar a organiza\u00e7\u00e3o e os desafios das escolas do legislativo no Brasil.<\/li>\n<li>Analisar o preparo e o exerc\u00edcio da cidadania em cidades com uma abordagem constitucional e org\u00e2nica.<\/li>\n<li>Estimular a coopera\u00e7\u00e3o t\u00e9cnica entre diferentes entidades legislativas e de ensino.<\/li>\n<\/ul>\n<h3>REVEJA O SEMIN\u00c1RIO CLICANDO <a href=\"https:\/\/www.youtube.com\/watch?v=JdkpUL0Yc6U\">AQUI<\/a><\/h3>\n<h3>Descri\u00e7\u00e3o das Atividades:<\/h3>\n<p><strong>10:00 \u2013 Recep\u00e7\u00e3o dos Participantes<\/strong><br \/>\nMomento de boas-vindas e credenciamento dos participantes.<\/p>\n<p><strong>10:15 \u2013 Mesa de Abertura<\/strong><br \/>\nApresenta\u00e7\u00e3o dos organizadores e breve contextualiza\u00e7\u00e3o sobre o semin\u00e1rio.<\/p>\n<p><strong>10:30 \u2013 Primeira Mesa: A Organiza\u00e7\u00e3o das Escolas do Legislativo<\/strong><br \/>\nDebate sobre a estrutura\u00e7\u00e3o e os desafios das escolas do legislativo, destacando o papel dessas institui\u00e7\u00f5es na capacita\u00e7\u00e3o dos servidores p\u00fablicos e na promo\u00e7\u00e3o da cidadania.<br \/>\n<strong>Palestrantes:<\/strong><\/p>\n<ul>\n<li>Roberto Eduardo Lamari \u2013 Presidente da Associa\u00e7\u00e3o Brasileira de Escolas do Legislativo (ABEL)<\/li>\n<li>Marlene Fengler \u2013 Diretora-Presidenta da Escola da Assembleia Legislativa do Estado de Santa Catarina (ALESC)<\/li>\n<li>Agnes Sacilotto \u2013 Diretora-Presidente do Instituto do Legislativo Paulista (ILP\/ALESP)<\/li>\n<li>Gustavo Costa Dias \u2013 Diretor-Presidente da Escola do Parlamento Paulistano<\/li>\n<\/ul>\n<p><strong>11:45 \u2013 Intervalo<\/strong><\/p>\n<p><strong>12:00 \u2013 Segunda Mesa: O Preparo e o Exerc\u00edcio da Cidadania na Cidade Constitucional e Org\u00e2nica<\/strong><br \/>\nDiscuss\u00e3o sobre como as cidades podem ser organizadas e governadas de maneira mais org\u00e2nica, promovendo maior engajamento c\u00edvico e participa\u00e7\u00e3o ativa dos cidad\u00e3os.<br \/>\n<strong>Palestrantes:<\/strong><\/p>\n<ul>\n<li>Rubem Davi Romancini \u2013 Diretor Executivo da Escola do Parlamento Paulistano<\/li>\n<li>Paulo Cesar Wilpert \u2013 Representante do Parlamento Aberto, Escola do Legislativo (ALESC)<\/li>\n<li>Marcelo Arno Nerling \u2013 Professor da disciplina &#8220;A Cidade Constitucional e Org\u00e2nica&#8221;<\/li>\n<\/ul>\n<p><strong>13:00 \u2013 Mesa de Perguntas, S\u00ednteses e Projetos de Coopera\u00e7\u00e3o<\/strong><br \/>\nSess\u00e3o para perguntas dos participantes, s\u00edntese das discuss\u00f5es e proposi\u00e7\u00e3o de projetos de coopera\u00e7\u00e3o entre as escolas legislativas e outras entidades.<\/p>\n<p><strong>Encerramento<\/strong><\/p>\n<h3>P\u00fablico-Alvo:<\/h3>\n<ul>\n<li>Servidores p\u00fablicos<\/li>\n<li>Estudantes de administra\u00e7\u00e3o p\u00fablica, direito e ci\u00eancias sociais<\/li>\n<li>Legisladores e membros de c\u00e2maras municipais<\/li>\n<li>Cidad\u00e3os interessados em temas relacionados \u00e0 governan\u00e7a e participa\u00e7\u00e3o c\u00edvica<\/li>\n<\/ul>\n<p><strong>Inscri\u00e7\u00f5es:<\/strong><br \/>\nRealizadas online ou presencialmente, com a possibilidade de emiss\u00e3o de certificado ap\u00f3s o semin\u00e1rio.<\/p>\n<h3>Observa\u00e7\u00f5es:<\/h3>\n<ul>\n<li>Evento gratuito<\/li>\n<li>Vagas limitadas para a participa\u00e7\u00e3o presencial<\/li>\n<li>Certifica\u00e7\u00e3o de 4 horas de participa\u00e7\u00e3o<\/li>\n<\/ul>\n<h3>Inscri\u00e7\u00f5es: ENCERRADAS<\/h3>\n","protected":false},"excerpt":{"rendered":"<p>Semin\u00e1rio &#8220;Escolas do Legislativo para Cidades Inteligentes e Org\u00e2nicas&#8221; Organiza\u00e7\u00e3o: Escola de Artes, Ci\u00eancias e Humanidades (EACH\/USP), Escola do Parlamento da C\u00e2mara Municipal de S\u00e3o Paulo, Associa\u00e7\u00e3o Brasileira das Escolas do Legislativo e de Contas (ABEL). Data: 09 de outubro de 2024 (Quarta-feira) Hor\u00e1rio: Das 10h00 \u00e0s 13h00 Local: C\u00e2mara Municipal de S\u00e3o Paulo \u2013 [&hellip;]<\/p>\n","protected":false},"author":297,"featured_media":0,"parent":28919,"menu_order":11,"comment_status":"closed","ping_status":"closed","template":"","meta":{"_acf_changed":false,"footnotes":""},"class_list":["post-29219","page","type-page","status-publish","hentry"],"acf":[],"_links":{"self":[{"href":"https:\/\/homolog.saopaulo.sp.leg.br\/escoladoparlamento\/wp-json\/wp\/v2\/pages\/29219","targetHints":{"allow":["GET"]}}],"collection":[{"href":"https:\/\/homolog.saopaulo.sp.leg.br\/escoladoparlamento\/wp-json\/wp\/v2\/pages"}],"about":[{"href":"https:\/\/homolog.saopaulo.sp.leg.br\/escoladoparlamento\/wp-json\/wp\/v2\/types\/page"}],"author":[{"embeddable":true,"href":"https:\/\/homolog.saopaulo.sp.leg.br\/escoladoparlamento\/wp-json\/wp\/v2\/users\/297"}],"replies":[{"embeddable":true,"href":"https:\/\/homolog.saopaulo.sp.leg.br\/escoladoparlamento\/wp-json\/wp\/v2\/comments?post=29219"}],"version-history":[{"count":5,"href":"https:\/\/homolog.saopaulo.sp.leg.br\/escoladoparlamento\/wp-json\/wp\/v2\/pages\/29219\/revisions"}],"predecessor-version":[{"id":29230,"href":"https:\/\/homolog.saopaulo.sp.leg.br\/escoladoparlamento\/wp-json\/wp\/v2\/pages\/29219\/revisions\/29230"}],"up":[{"embeddable":true,"href":"https:\/\/homolog.saopaulo.sp.leg.br\/escoladoparlamento\/wp-json\/wp\/v2\/pages\/28919"}],"wp:attachment":[{"href":"https:\/\/homolog.saopaulo.sp.leg.br\/escoladoparlamento\/wp-json\/wp\/v2\/media?parent=29219"}],"curies":[{"name":"wp","href":"https:\/\/api.w.org\/{rel}","templated":true}]}}