{"id":29290,"date":"2025-03-19T13:29:59","date_gmt":"2025-03-19T16:29:59","guid":{"rendered":"https:\/\/homolog.saopaulo.sp.leg.br\/escoladoparlamento\/?page_id=29290"},"modified":"2025-04-03T13:57:35","modified_gmt":"2025-04-03T16:57:35","slug":"17o-descobrir-sao-paulo-descobrir-se-reporter","status":"publish","type":"page","link":"https:\/\/homolog.saopaulo.sp.leg.br\/escoladoparlamento\/cursos\/em-andamento\/17o-descobrir-sao-paulo-descobrir-se-reporter\/","title":{"rendered":"17\u00ba Descobrir S\u00e3o Paulo, Descobrir-se Rep\u00f3rter"},"content":{"rendered":"<p data-start=\"207\" data-end=\"302\"><a href=\"http:\/\/homolog.saopaulo.sp.leg.br\/escoladoparlamento\/wp-content\/uploads\/sites\/5\/2025\/03\/2025.03.capa-reporter.do_.futuro.png\"><img loading=\"lazy\" decoding=\"async\" class=\"alignnone size-full wp-image-29293\" src=\"http:\/\/homolog.saopaulo.sp.leg.br\/escoladoparlamento\/wp-content\/uploads\/sites\/5\/2025\/03\/2025.03.capa-reporter.do_.futuro.png\" alt=\"\" width=\"644\" height=\"158\" srcset=\"https:\/\/homolog.saopaulo.sp.leg.br\/escoladoparlamento\/wp-content\/uploads\/sites\/5\/2025\/03\/2025.03.capa-reporter.do_.futuro.png 644w, https:\/\/homolog.saopaulo.sp.leg.br\/escoladoparlamento\/wp-content\/uploads\/sites\/5\/2025\/03\/2025.03.capa-reporter.do_.futuro-300x74.png 300w\" sizes=\"auto, (max-width: 644px) 100vw, 644px\" \/><\/a><\/p>\n<p data-start=\"207\" data-end=\"302\"><strong data-start=\"207\" data-end=\"232\">Diretora Respons\u00e1vel EP:<\/strong> Regina Vallado<br data-start=\"247\" data-end=\"250\" \/><strong data-start=\"250\" data-end=\"278\">Coordenador Respons\u00e1vel EP:<\/strong> Pedro Henrique Campos<\/p>\n<h2 data-start=\"304\" data-end=\"325\"><strong data-start=\"307\" data-end=\"323\">Apresenta\u00e7\u00e3o<\/strong><\/h2>\n<p data-start=\"326\" data-end=\"713\">A Escola do Parlamento da C\u00e2mara Municipal de S\u00e3o Paulo, em parceria com a <strong data-start=\"401\" data-end=\"596\">OBOR\u00c9, IPFD &#8211; Instituto de Pesquisa, Forma\u00e7\u00e3o e Difus\u00e3o em Pol\u00edticas P\u00fablicas e Sociais, Abraji &#8211; Associa\u00e7\u00e3o Brasileira de Jornalismo Investigativo e Centro Universit\u00e1rio Maria Antonia da USP<\/strong>, promove a 17\u00aa edi\u00e7\u00e3o do m\u00f3dulo <strong data-start=\"629\" data-end=\"675\">Descobrir S\u00e3o Paulo, Descobrir-se Rep\u00f3rter<\/strong>, do <strong data-start=\"680\" data-end=\"710\">Projeto Rep\u00f3rter do Futuro<\/strong>.<\/p>\n<p data-start=\"715\" data-end=\"1122\">Voltado para estudantes de gradua\u00e7\u00e3o em Comunica\u00e7\u00e3o e \u00e1reas correlatas, o curso oferece uma experi\u00eancia \u00fanica de imers\u00e3o jornal\u00edstica, combinando teoria e pr\u00e1tica. Com encontros presenciais, entrevistas, sa\u00eddas de campo e a tradicional <strong data-start=\"951\" data-end=\"975\">Opera\u00e7\u00e3o Ponto Final<\/strong>, o m\u00f3dulo busca ampliar o repert\u00f3rio dos participantes e desenvolver habilidades essenciais para a pr\u00e1tica do jornalismo investigativo e urbano.<\/p>\n<h2 data-start=\"1124\" data-end=\"1142\"><strong data-start=\"1127\" data-end=\"1140\">Objetivos<\/strong><\/h2>\n<ul data-start=\"1143\" data-end=\"1620\">\n<li data-start=\"1143\" data-end=\"1275\">Capacitar estudantes para a cobertura jornal\u00edstica de temas urbanos, com foco em <strong data-start=\"1226\" data-end=\"1272\">mobilidade, arte urbana e sustentabilidade<\/strong>;<\/li>\n<li data-start=\"1276\" data-end=\"1353\">Proporcionar contato com especialistas e profissionais renomados da \u00e1rea;<\/li>\n<li data-start=\"1354\" data-end=\"1450\">Estimular a pesquisa e an\u00e1lise pr\u00e9via por meio da metodologia da <strong data-start=\"1421\" data-end=\"1447\">sala de aula invertida<\/strong>;<\/li>\n<li data-start=\"1451\" data-end=\"1528\">Incentivar a pr\u00e1tica de entrevistas e a produ\u00e7\u00e3o de reportagens em campo;<\/li>\n<li data-start=\"1529\" data-end=\"1620\">Desenvolver a autonomia e postura profissional dos estudantes no ambiente jornal\u00edstico.<\/li>\n<\/ul>\n<h2 data-start=\"1622\" data-end=\"1642\"><strong data-start=\"1625\" data-end=\"1640\">Programa\u00e7\u00e3o<\/strong><\/h2>\n<h3 data-start=\"1643\" data-end=\"1672\"><strong data-start=\"1647\" data-end=\"1670\">Encontro de Sele\u00e7\u00e3o<\/strong><\/h3>\n<p data-start=\"1673\" data-end=\"1852\">&#x1f4c5; <strong data-start=\"1676\" data-end=\"1750\">29 de mar\u00e7o, s\u00e1bado, das 10h \u00e0s 13h, em local a ser divulgado em breve<\/strong><br data-start=\"1750\" data-end=\"1753\" \/>&#x1f4e2; <strong data-start=\"1756\" data-end=\"1788\">Aula Magna com Nabil Bonduki<\/strong>, seguida de din\u00e2mica de sele\u00e7\u00e3o para as 20 vagas dispon\u00edveis.<\/p>\n<h3 data-start=\"1854\" data-end=\"1883\"><strong data-start=\"1858\" data-end=\"1881\">Encontros Tem\u00e1ticos<\/strong><\/h3>\n<p data-start=\"1884\" data-end=\"1991\">&#x1f4c5; <strong data-start=\"1887\" data-end=\"1897\">Abril:<\/strong> 12, 13, 26 e 27<br data-start=\"1913\" data-end=\"1916\" \/>&#x1f4c5; <strong data-start=\"1919\" data-end=\"1928\">Maio:<\/strong> 3, 4 e 31<br data-start=\"1938\" data-end=\"1941\" \/>&#x1f559; Sempre aos s\u00e1bados e domingos, das 10h \u00e0s 13h<\/p>\n<p data-start=\"1993\" data-end=\"2413\">Os encontros incluem:<br data-start=\"2014\" data-end=\"2017\" \/>&#x2714;&#xfe0f; <strong data-start=\"2020\" data-end=\"2043\">Palestras e debates<\/strong> com convidados como o artista pl\u00e1stico <strong data-start=\"2083\" data-end=\"2098\">Kleber Pagu<\/strong>, a vereadora <strong data-start=\"2112\" data-end=\"2130\">Renata Falzoni<\/strong> e o bi\u00f3logo <strong data-start=\"2143\" data-end=\"2164\">Marcos Buckeridge<\/strong>;<br data-start=\"2165\" data-end=\"2168\" \/>&#x2714;&#xfe0f; <strong data-start=\"2171\" data-end=\"2194\">Atividades externas<\/strong>, como passeio de bicicleta, caminhada guiada pelo centro hist\u00f3rico e visita ao <strong data-start=\"2274\" data-end=\"2295\">Theatro Municipal<\/strong>;<br data-start=\"2296\" data-end=\"2299\" \/>&#x2714;&#xfe0f; <strong data-start=\"2302\" data-end=\"2326\">Aula de encerramento<\/strong>, com apresenta\u00e7\u00e3o dos trabalhos produzidos durante o curso na <strong data-start=\"2389\" data-end=\"2410\">Feira de Amostras<\/strong>.<\/p>\n<h2 data-start=\"2415\" data-end=\"2431\"><strong data-start=\"2418\" data-end=\"2429\">Servi\u00e7o<\/strong><\/h2>\n<p data-start=\"2432\" data-end=\"2939\">&#x1f4cc; <strong data-start=\"2435\" data-end=\"2472\">Projeto Rep\u00f3rter do Futuro | 2025<\/strong><br data-start=\"2472\" data-end=\"2475\" \/>&#x1f4e2; <strong data-start=\"2478\" data-end=\"2537\">Descobrir S\u00e3o Paulo, Descobrir-se Rep\u00f3rter \u2013 17\u00aa edi\u00e7\u00e3o<\/strong><br data-start=\"2537\" data-end=\"2540\" \/>&#x1f4dd; <strong data-start=\"2543\" data-end=\"2558\">Inscri\u00e7\u00f5es:<\/strong> 6 a 26 de mar\u00e7o<br data-start=\"2613\" data-end=\"2616\" \/>&#x1f4cd; <strong data-start=\"2619\" data-end=\"2643\">Encontro de sele\u00e7\u00e3o:<\/strong> 29 de mar\u00e7o, s\u00e1bado, das 10h \u00e0s 13h, em local a ser divulgado em breve<br data-start=\"2714\" data-end=\"2717\" \/>&#x1f4e2; <strong data-start=\"2720\" data-end=\"2752\">Divulga\u00e7\u00e3o dos selecionados:<\/strong> 8 de abril, ter\u00e7a-feira<br data-start=\"2776\" data-end=\"2779\" \/>&#x1f4c6; <strong data-start=\"2782\" data-end=\"2796\">Encontros:<\/strong> 12, 13, 26 e 27 de abril; 3 e 4 de maio<br data-start=\"2836\" data-end=\"2839\" \/>&#x1f393; <strong data-start=\"2842\" data-end=\"2902\">Encerramento, Avalia\u00e7\u00e3o, Diploma\u00e7\u00e3o e Feira de Amostras:<\/strong> 31 de maio, s\u00e1bado, das 10h \u00e0s 17h<\/p>\n","protected":false},"excerpt":{"rendered":"<p>Diretora Respons\u00e1vel EP: Regina ValladoCoordenador Respons\u00e1vel EP: Pedro Henrique Campos Apresenta\u00e7\u00e3o A Escola do Parlamento da C\u00e2mara Municipal de S\u00e3o Paulo, em parceria com a OBOR\u00c9, IPFD &#8211; Instituto de Pesquisa, Forma\u00e7\u00e3o e Difus\u00e3o em Pol\u00edticas P\u00fablicas e Sociais, Abraji &#8211; Associa\u00e7\u00e3o Brasileira de Jornalismo Investigativo e Centro Universit\u00e1rio Maria Antonia da USP, promove a [&hellip;]<\/p>\n","protected":false},"author":297,"featured_media":0,"parent":699,"menu_order":6,"comment_status":"closed","ping_status":"closed","template":"","meta":{"_acf_changed":false,"footnotes":""},"class_list":["post-29290","page","type-page","status-publish","hentry"],"acf":[],"_links":{"self":[{"href":"https:\/\/homolog.saopaulo.sp.leg.br\/escoladoparlamento\/wp-json\/wp\/v2\/pages\/29290","targetHints":{"allow":["GET"]}}],"collection":[{"href":"https:\/\/homolog.saopaulo.sp.leg.br\/escoladoparlamento\/wp-json\/wp\/v2\/pages"}],"about":[{"href":"https:\/\/homolog.saopaulo.sp.leg.br\/escoladoparlamento\/wp-json\/wp\/v2\/types\/page"}],"author":[{"embeddable":true,"href":"https:\/\/homolog.saopaulo.sp.leg.br\/escoladoparlamento\/wp-json\/wp\/v2\/users\/297"}],"replies":[{"embeddable":true,"href":"https:\/\/homolog.saopaulo.sp.leg.br\/escoladoparlamento\/wp-json\/wp\/v2\/comments?post=29290"}],"version-history":[{"count":5,"href":"https:\/\/homolog.saopaulo.sp.leg.br\/escoladoparlamento\/wp-json\/wp\/v2\/pages\/29290\/revisions"}],"predecessor-version":[{"id":29342,"href":"https:\/\/homolog.saopaulo.sp.leg.br\/escoladoparlamento\/wp-json\/wp\/v2\/pages\/29290\/revisions\/29342"}],"up":[{"embeddable":true,"href":"https:\/\/homolog.saopaulo.sp.leg.br\/escoladoparlamento\/wp-json\/wp\/v2\/pages\/699"}],"wp:attachment":[{"href":"https:\/\/homolog.saopaulo.sp.leg.br\/escoladoparlamento\/wp-json\/wp\/v2\/media?parent=29290"}],"curies":[{"name":"wp","href":"https:\/\/api.w.org\/{rel}","templated":true}]}}