{"id":29358,"date":"2025-04-07T15:55:33","date_gmt":"2025-04-07T18:55:33","guid":{"rendered":"https:\/\/homolog.saopaulo.sp.leg.br\/escoladoparlamento\/?page_id=29358"},"modified":"2025-05-07T11:19:04","modified_gmt":"2025-05-07T14:19:04","slug":"cursos-realizados-em-2025","status":"publish","type":"page","link":"https:\/\/homolog.saopaulo.sp.leg.br\/escoladoparlamento\/cursos\/cursos-anteriores\/cursos-realizados-em-2025\/","title":{"rendered":"Cursos realizados em 2025"},"content":{"rendered":"<p><strong>Mar\u00e7o<\/strong><\/p>\n<p><a href=\"https:\/\/homolog.saopaulo.sp.leg.br\/escoladoparlamento\/cursos\/em-andamento\/a-dinamica-normativa-e-institucional-do-municipio\/\">A Din\u00e2mica Normativa e Institucional do Munic\u00edpio<\/a><\/p>\n<p><strong>Abril<\/strong><\/p>\n<p><a href=\"https:\/\/homolog.saopaulo.sp.leg.br\/escoladoparlamento\/cursos\/cursos-anteriores\/cursos-realizados-em-2025\/analise-orcamentaria-municipal-teoria-e-pratica\/\">An\u00e1lise Or\u00e7ament\u00e1ria Municipal &#8211; entendendo a base de dados<\/a><\/p>\n<p><a href=\"https:\/\/homolog.saopaulo.sp.leg.br\/escoladoparlamento\/cursos\/cursos-anteriores\/cursos-realizados-em-2025\/regularizacao-fundiaria-no-municipio-de-sao-paulo-aspectos-praticos\/\">Regulariza\u00e7\u00e3o Fundi\u00e1ria no Munic\u00edpio de S\u00e3o Paulo \u2013 Aspectos Pr\u00e1ticos<\/a><strong><br \/>\n<\/strong><\/p>\n","protected":false},"excerpt":{"rendered":"<p>Mar\u00e7o A Din\u00e2mica Normativa e Institucional do Munic\u00edpio Abril An\u00e1lise Or\u00e7ament\u00e1ria Municipal &#8211; entendendo a base de dados Regulariza\u00e7\u00e3o Fundi\u00e1ria no Munic\u00edpio de S\u00e3o Paulo \u2013 Aspectos Pr\u00e1ticos<\/p>\n","protected":false},"author":745,"featured_media":0,"parent":169,"menu_order":3,"comment_status":"closed","ping_status":"closed","template":"","meta":{"_acf_changed":false,"footnotes":""},"class_list":["post-29358","page","type-page","status-publish","hentry"],"acf":[],"_links":{"self":[{"href":"https:\/\/homolog.saopaulo.sp.leg.br\/escoladoparlamento\/wp-json\/wp\/v2\/pages\/29358","targetHints":{"allow":["GET"]}}],"collection":[{"href":"https:\/\/homolog.saopaulo.sp.leg.br\/escoladoparlamento\/wp-json\/wp\/v2\/pages"}],"about":[{"href":"https:\/\/homolog.saopaulo.sp.leg.br\/escoladoparlamento\/wp-json\/wp\/v2\/types\/page"}],"author":[{"embeddable":true,"href":"https:\/\/homolog.saopaulo.sp.leg.br\/escoladoparlamento\/wp-json\/wp\/v2\/users\/745"}],"replies":[{"embeddable":true,"href":"https:\/\/homolog.saopaulo.sp.leg.br\/escoladoparlamento\/wp-json\/wp\/v2\/comments?post=29358"}],"version-history":[{"count":5,"href":"https:\/\/homolog.saopaulo.sp.leg.br\/escoladoparlamento\/wp-json\/wp\/v2\/pages\/29358\/revisions"}],"predecessor-version":[{"id":29409,"href":"https:\/\/homolog.saopaulo.sp.leg.br\/escoladoparlamento\/wp-json\/wp\/v2\/pages\/29358\/revisions\/29409"}],"up":[{"embeddable":true,"href":"https:\/\/homolog.saopaulo.sp.leg.br\/escoladoparlamento\/wp-json\/wp\/v2\/pages\/169"}],"wp:attachment":[{"href":"https:\/\/homolog.saopaulo.sp.leg.br\/escoladoparlamento\/wp-json\/wp\/v2\/media?parent=29358"}],"curies":[{"name":"wp","href":"https:\/\/api.w.org\/{rel}","templated":true}]}}