{"id":2968,"date":"2016-02-18T17:34:51","date_gmt":"2016-02-18T19:34:51","guid":{"rendered":"http:\/\/homolog.saopaulo.sp.leg.br\/escoladoparlamento\/?page_id=2968"},"modified":"2018-05-02T18:03:29","modified_gmt":"2018-05-02T21:03:29","slug":"2968-2","status":"publish","type":"page","link":"https:\/\/homolog.saopaulo.sp.leg.br\/escoladoparlamento\/cursos\/cursos-anteriores\/cursos-realizados-em-2014\/2968-2\/","title":{"rendered":"Forma\u00e7\u00e3o dos Integrantes do Conselho Municipal de Planejamento e Or\u00e7amento Participativos &#8211; CPOP"},"content":{"rendered":"<p><a href=\"http:\/\/homolog.saopaulo.sp.leg.br\/escoladoparlamento\/wp-content\/uploads\/sites\/5\/2018\/05\/Planeja-Sampa.jpg\"><img loading=\"lazy\" decoding=\"async\" class=\"aligncenter wp-image-9308 size-full\" src=\"http:\/\/homolog.saopaulo.sp.leg.br\/escoladoparlamento\/wp-content\/uploads\/sites\/5\/2018\/05\/Planeja-Sampa.jpg\" alt=\"\" width=\"542\" height=\"110\" srcset=\"https:\/\/homolog.saopaulo.sp.leg.br\/escoladoparlamento\/wp-content\/uploads\/sites\/5\/2018\/05\/Planeja-Sampa.jpg 542w, https:\/\/homolog.saopaulo.sp.leg.br\/escoladoparlamento\/wp-content\/uploads\/sites\/5\/2018\/05\/Planeja-Sampa-300x61.jpg 300w\" sizes=\"auto, (max-width: 542px) 100vw, 542px\" \/><\/a><\/p>\n<p><strong>Objetivos:<\/strong> o presente curso tem como finalidade fornecer subs\u00eddios te\u00f3ricos e pr\u00e1ticos, aos (\u00e0s) conselheiros (as), proporcionando a amplia\u00e7\u00e3o de conhecimentos sobre planejamento e or\u00e7amento, para fortalecer a participa\u00e7\u00e3o social.<\/p>\n<p><strong>Ementa:<\/strong> abordar conte\u00fados relativos a no\u00e7\u00f5es gerais do Estado, Administra\u00e7\u00e3o P\u00fablica, o papel do Estado na economia, planejamento, or\u00e7amento, participa\u00e7\u00e3o e transpar\u00eancia. A proposta \u00e9, contudo, trazer din\u00e2micas e oficinas que permitam aos(as) conselheiros(as) compreender os temas a partir da realidade cotidiana.<\/p>\n<p><strong>P\u00fablico Alvo:<\/strong> Integrantes, titulares e suplentes, do Conselho Municipal de Planejamento e Or\u00e7amento Participativos (CPOP).<\/p>\n<p><strong>Carga Hor\u00e1ria:<\/strong> 48 horas no total (16 encontros de 3 horas).<\/p>\n<p><strong>Inscri\u00e7\u00f5es:<\/strong> at\u00e9 17 de outubro.<\/p>\n<p><strong>Programa\u00e7\u00e3o:<\/strong><\/p>\n<h3>M\u00f3dulo 1- No\u00e7\u00f5es Gerais do Estado: Administra\u00e7\u00e3o P\u00fablica, o papel do Estado na economia e planejamento urbano<\/h3>\n<table>\n<tbody>\n<tr>\n<td><strong>Data<\/strong><\/td>\n<td><strong>Hora<\/strong><\/td>\n<td><strong>Local<\/strong><\/td>\n<td><strong>Tema<\/strong><\/td>\n<td><strong>Palestrante<\/strong><\/td>\n<\/tr>\n<tr>\n<td><strong>29\/10<\/strong><\/td>\n<td>18h-21h<\/td>\n<td>Edif\u00edcio Matarazzo, Viaduto do Ch\u00e1, n. 15, 7\u00ba andar &#8211; Prefeitura Municipal de S\u00e3o Paulo<\/td>\n<td>Abertura: Hist\u00f3rico e organiza\u00e7\u00e3o do Estado: conceitos b\u00e1sicos<\/td>\n<td><strong>Fernando Haddad<\/strong> (prefeito e professor de ci\u00eancia pol\u00edtica da USP)<\/td>\n<\/tr>\n<tr>\n<td><strong>30\/10<\/strong><\/td>\n<td>19h-22h<\/td>\n<td>Plenarinho<\/td>\n<td>O Novo Planejamento, Or\u00e7amento e Monitoramento Participativos no Munic\u00edpio de S\u00e3o Paulo<\/td>\n<td><strong>Leda Paulani<\/strong> (Secret\u00e1ria do Planejamento \u2013 SEMPLA e professora titular de economia da USP)<\/td>\n<\/tr>\n<tr>\n<td><strong>04\/11<\/strong><\/td>\n<td>19h-22h<\/td>\n<td>Plenarinho<\/td>\n<td>Or\u00e7amento p\u00fablico: no\u00e7\u00f5es gerais e Teoria da Tributa\u00e7\u00e3o e Gastos P\u00fablicos<\/td>\n<td><strong>Odilon Guedes<\/strong> (membro do Grupo de Trabalho de Or\u00e7amento da Rede Nossa S\u00e3o Paulo e professor universit\u00e1rio)<\/td>\n<\/tr>\n<tr>\n<td><strong>06\/11<\/strong><\/td>\n<td>19h-22h<\/td>\n<td>Plenarinho<\/td>\n<td>Papel do Estado na economia<\/td>\n<td><strong>Christy Pato <\/strong>(professor da UFFS e chefe de gabinete da SEMPLA)<\/td>\n<\/tr>\n<tr>\n<td><strong>11\/11<\/strong><\/td>\n<td>19h-22h<\/td>\n<td>Plenarinho<\/td>\n<td>Conceitos gerais de gest\u00e3o p\u00fablica: princ\u00edpios e regras da Administra\u00e7\u00e3o P\u00fablica, processos de licita\u00e7\u00e3o, contratos e regime de contrata\u00e7\u00e3o de pessoal<\/td>\n<td><strong>\u00darsula Peres<\/strong> (professora de gest\u00e3o de pol\u00edticas p\u00fablicas da USP)<\/td>\n<\/tr>\n<tr>\n<td><strong>13\/11<\/strong><\/td>\n<td>19h-22h<\/td>\n<td>Plenarinho<\/td>\n<td>Planejamento e Cidade: Plano Diretor Estrat\u00e9gico e Planos de Bairros<\/td>\n<td><strong>Weber Sutti\u00a0\u00a0<\/strong>(chefe de gabinete da Secretaria Municipal de Desenvolvimento Urbano &#8211; SMDU)<br \/>\n<strong> Nabil Bonduki <\/strong>(vereador e professor da FAU-USP)<\/td>\n<\/tr>\n<\/tbody>\n<\/table>\n<h3>M\u00f3dulo 2- Planejamento e Or\u00e7amento<\/h3>\n<table>\n<tbody>\n<tr>\n<td><strong>Data<\/strong><\/td>\n<td><strong>Hora<\/strong><\/td>\n<td><strong>Local<\/strong><\/td>\n<td><strong>Tema<\/strong><\/td>\n<td><strong>Palestrante<\/strong><\/td>\n<\/tr>\n<tr>\n<td><strong>19\/11<\/strong><\/td>\n<td>19h-22h<\/td>\n<td>Plenarinho<\/td>\n<td>Ciclo de Planejamento e Or\u00e7ament\u00e1rio na Cidade de S\u00e3o Paulo: Programa de Metas, Plano Plurianual (PPA), Lei de Diretrizes Or\u00e7ament\u00e1rias (LDO) e Lei Or\u00e7ament\u00e1ria Anual (LOA).<\/td>\n<td><strong>Mariana Almeida <\/strong>(economista e diretora geral da Funda\u00e7\u00e3o Paulistana de Educa\u00e7\u00e3o e Tecnologia e da SEMPLA)<br \/>\n<strong>Fabio Pereira<\/strong> (especialista em or\u00e7amento da C\u00e2mara Municipal)<\/td>\n<\/tr>\n<tr>\n<td><strong>24\/11<\/strong><\/td>\n<td>\u00a019h-22h<\/td>\n<td>Plenarinho<\/td>\n<td>Processo de execu\u00e7\u00e3o or\u00e7ament\u00e1ria<\/td>\n<td><strong>Mariana Almeida<\/strong> (economista e diretora geral da Funda\u00e7\u00e3o Paulistana de Educa\u00e7\u00e3o e Tecnologia e da SEMPLA)<\/p>\n<p><strong> Fabio Pereira<\/strong> (especialista em or\u00e7amento da C\u00e2mara Municipal)<\/td>\n<\/tr>\n<tr>\n<td><strong>26\/11<\/strong><\/td>\n<td>\u00a019h-22h<\/td>\n<td>Plenarinho<\/td>\n<td>A Lei de Responsabilidade Fiscal (LRF) e seu impacto na gest\u00e3o or\u00e7ament\u00e1ria: discutindo o caso do endividamento paulistano<\/td>\n<td><strong>Valmir Le\u00f4ncio da Silva<\/strong> (Auditor do Tribunal de Contas do Munic\u00edpio de S\u00e3o Paulo \u00a0&#8211; TCMSP ,professor e palestrante nas \u00e1reas de contabilidade e or\u00e7amento p\u00fablicos)<\/td>\n<\/tr>\n<tr>\n<td><strong>01\/12<\/strong><\/td>\n<td>19h-22h<\/td>\n<td>\u00a0Audit\u00f3rio e Telecentro Olido<\/td>\n<td>Canais de atendimento aos cidad\u00e3os \/ Uso de indicadores e o Observat\u00f3rio da Cidade<\/td>\n<td><strong>Ana Guerrini<\/strong> (coordenadora de atendimento ao cidad\u00e3o, inova\u00e7\u00e3o em servi\u00e7os p\u00fablicos da PMSP)<\/td>\n<\/tr>\n<tr>\n<td><strong>03\/12<\/strong><\/td>\n<td>19h-22h<\/td>\n<td>Audit\u00f3rio e Telecentro Olido<\/td>\n<td>Palestra\/Oficina: A pol\u00edtica habitacional na cidade de S\u00e3o Paulo: planejamento, financiamento e gest\u00e3o (Minha Casa Minha Vida &#8211; MCMV e HabisSP)<\/td>\n<td><strong>Luciana Royer <\/strong>(professora da FAU-USP)<\/p>\n<p><strong>Marcia Terlizzi<\/strong> (coordenadora de planejamento da SEHAB)<\/td>\n<\/tr>\n<tr>\n<td><strong>09\/12<\/strong><\/td>\n<td>19h-22h<\/td>\n<td>Plenarinho<\/td>\n<td>PAC e o financiamento de infraestrutura (mobilidade e drenagem)<\/td>\n<td><strong>Roberto Garibe <\/strong>(secret\u00e1rio de infraestrutura urbana e obras \u2013 SIURB)<\/td>\n<\/tr>\n<\/tbody>\n<\/table>\n<h3>M\u00f3dulo 3 &#8211; Participa\u00e7\u00e3o e Transpar\u00eancia<\/h3>\n<table>\n<tbody>\n<tr>\n<td><strong>Data<\/strong><\/td>\n<td><strong>Hora<\/strong><\/td>\n<td><strong>Local<\/strong><\/td>\n<td><strong>Tema<\/strong><\/td>\n<td><strong>Palestrante<\/strong><\/td>\n<\/tr>\n<tr>\n<td><strong>11\/12<\/strong><\/td>\n<td>19h-22h<\/td>\n<td>Plenarinho<\/td>\n<td>Transpar\u00eancia or\u00e7ament\u00e1ria<\/td>\n<td><strong>Carlos Alexandre Leite Nascimento <\/strong>(Diretor Acad\u00eamico da Escola do Parlamento da C\u00e2mara Municipal)<\/td>\n<\/tr>\n<tr>\n<td><strong>16\/12<\/strong><\/td>\n<td>19h-22h<\/td>\n<td>Audit\u00f3rio e Telecentro Olido<\/td>\n<td>Transpar\u00eancia, integridade p\u00fablica e combate \u00e0 corrup\u00e7\u00e3o \/ Oficina Portal da Transpar\u00eancia<\/td>\n<td><strong>M\u00e1rio Vinicus Spinelli<\/strong> (Controlador Geral do Munic\u00edpio \u2013 CGM) e equipe CGM<\/td>\n<\/tr>\n<tr>\n<td><strong>17\/12<\/strong><\/td>\n<td>19h-22h<\/td>\n<td>Audit\u00f3rio e Telecentro Olido<\/td>\n<td>Lei de acesso \u00e0 Informa\u00e7\u00e3o (LAI) e Sistema Eletr\u00f4nico do Servi\u00e7o de Informa\u00e7\u00f5es ao Cidad\u00e3o (e-SIC)<\/td>\n<td><strong>Fernanda Campanucci Lindalva Oliveira<\/strong> (assessoras da CGM)<\/td>\n<\/tr>\n<tr>\n<td><strong>18\/12<\/strong><\/td>\n<td>19h-22h<\/td>\n<td>Plenarinho<\/td>\n<td>Democracia participativa: conceitos e mecanismos constitucionais de participa\u00e7\u00e3o.<\/td>\n<td><strong>Rog\u00e9rio Sottili<\/strong> (secret\u00e1rio de direitos humanos e cidadania) Maria Vit\u00f3ria Benevides (soci\u00f3loga e professora da Faculdade de Educa\u00e7\u00e3o da USP)<\/td>\n<\/tr>\n<\/tbody>\n<\/table>\n","protected":false},"excerpt":{"rendered":"<p>Objetivos: o presente curso tem como finalidade fornecer subs\u00eddios te\u00f3ricos e pr\u00e1ticos, aos (\u00e0s) conselheiros (as), proporcionando a amplia\u00e7\u00e3o de conhecimentos sobre planejamento e or\u00e7amento, para fortalecer a participa\u00e7\u00e3o social. Ementa: abordar conte\u00fados relativos a no\u00e7\u00f5es gerais do Estado, Administra\u00e7\u00e3o P\u00fablica, o papel do Estado na economia, planejamento, or\u00e7amento, participa\u00e7\u00e3o e transpar\u00eancia. A proposta \u00e9, [&hellip;]<\/p>\n","protected":false},"author":127,"featured_media":0,"parent":1334,"menu_order":608,"comment_status":"closed","ping_status":"closed","template":"","meta":{"_acf_changed":false,"footnotes":""},"class_list":["post-2968","page","type-page","status-publish","hentry"],"acf":[],"_links":{"self":[{"href":"https:\/\/homolog.saopaulo.sp.leg.br\/escoladoparlamento\/wp-json\/wp\/v2\/pages\/2968","targetHints":{"allow":["GET"]}}],"collection":[{"href":"https:\/\/homolog.saopaulo.sp.leg.br\/escoladoparlamento\/wp-json\/wp\/v2\/pages"}],"about":[{"href":"https:\/\/homolog.saopaulo.sp.leg.br\/escoladoparlamento\/wp-json\/wp\/v2\/types\/page"}],"author":[{"embeddable":true,"href":"https:\/\/homolog.saopaulo.sp.leg.br\/escoladoparlamento\/wp-json\/wp\/v2\/users\/127"}],"replies":[{"embeddable":true,"href":"https:\/\/homolog.saopaulo.sp.leg.br\/escoladoparlamento\/wp-json\/wp\/v2\/comments?post=2968"}],"version-history":[{"count":4,"href":"https:\/\/homolog.saopaulo.sp.leg.br\/escoladoparlamento\/wp-json\/wp\/v2\/pages\/2968\/revisions"}],"predecessor-version":[{"id":9309,"href":"https:\/\/homolog.saopaulo.sp.leg.br\/escoladoparlamento\/wp-json\/wp\/v2\/pages\/2968\/revisions\/9309"}],"up":[{"embeddable":true,"href":"https:\/\/homolog.saopaulo.sp.leg.br\/escoladoparlamento\/wp-json\/wp\/v2\/pages\/1334"}],"wp:attachment":[{"href":"https:\/\/homolog.saopaulo.sp.leg.br\/escoladoparlamento\/wp-json\/wp\/v2\/media?parent=2968"}],"curies":[{"name":"wp","href":"https:\/\/api.w.org\/{rel}","templated":true}]}}