{"id":2978,"date":"2016-02-18T17:42:13","date_gmt":"2016-02-18T19:42:13","guid":{"rendered":"http:\/\/homolog.saopaulo.sp.leg.br\/escoladoparlamento\/?page_id=2978"},"modified":"2018-03-05T20:28:35","modified_gmt":"2018-03-05T23:28:35","slug":"ciclo-de-gestao-nas-politicas-publicas","status":"publish","type":"page","link":"https:\/\/homolog.saopaulo.sp.leg.br\/escoladoparlamento\/cursos\/cursos-anteriores\/cursos-realizados-em-2014\/ciclo-de-gestao-nas-politicas-publicas\/","title":{"rendered":"Ciclo de Gest\u00e3o nas Pol\u00edticas P\u00fablicas"},"content":{"rendered":"<h3>De 25 a 28 de agosto e 2 de setembro de 2014 ,\u00a0das 19h \u00e0s 22h30<\/h3>\n<h3>Sala S\u00e9rgio Vieira de Melo \u2013 1\u00ba Subsolo \u2013 CMSP.<\/h3>\n<p>&nbsp;<\/p>\n<p><strong>Objetivos:\u00a0<\/strong> O curso \u00e9 um programa de capacita\u00e7\u00e3o, de curta dura\u00e7\u00e3o (20 horas-aula), que discute o ciclo de pol\u00edticas p\u00fablicas (agenda, formula\u00e7\u00e3o, implementa\u00e7\u00e3o e avalia\u00e7\u00e3o) de maneira aplicada ao contexto do setor p\u00fablico brasileiro; Desenvolver o conhecimento dos participantes acerca de no\u00e7\u00f5es b\u00e1sicas do ciclo de gest\u00e3o das pol\u00edticas p\u00fablicas; Fundamentos te\u00f3ricos da administra\u00e7\u00e3o p\u00fablica e pol\u00edticas p\u00fablicas; Conceito e Escolas de Pensamento de Pol\u00edticas P\u00fablicas e Pol\u00edticas Sociais; No\u00e7\u00f5es B\u00e1sicas do Ciclo de Pol\u00edticas P\u00fablicas; Agenda-setting, Formula\u00e7\u00e3o de Pol\u00edticas e Modelos de An\u00e1lise.<\/p>\n<p>COORDENADOR DO CURSO: \u00a0<strong><u>Roberto Cardoso<\/u><\/strong><\/p>\n<p>DIRETOR RESPONS\u00c1VEL: <strong><u>Leonardo Barbagallo<\/u><\/strong><\/p>\n<p>P\u00daBLICO ALVO: servidores p\u00fablicos e cidad\u00e3os em geral.<\/p>\n<p>VAGAS: 90<\/p>\n<p>CARGA HOR\u00c1RIA: 20 horas-aula.<\/p>\n<p>PER\u00cdODO DE INSCRI\u00c7\u00c3O: De 18 a 21 de agosto<\/p>\n<p>CERTIFICADO: Todos os participantes que atingirem no m\u00ednimo 75% de frequ\u00eancia e realizarem as atividades propostas pelo curso.<\/p>\n<p><strong>Programa\u00e7\u00e3o:<\/strong><\/p>\n<table>\n<tbody>\n<tr>\n<td><strong>Data<\/strong><\/td>\n<td><strong>Tema<\/strong><\/td>\n<td><strong>Palestrante \u2013 Nome e CPF<\/strong><\/td>\n<\/tr>\n<tr>\n<td><strong>25\/8<\/strong><\/td>\n<td>Fundamentos Administrativo-Institucionais da Gest\u00e3o de Pol\u00edticas P\u00fablicas<\/td>\n<td>Prof. Dr. Fernando Coelho<\/td>\n<\/tr>\n<tr>\n<td><strong>26\/8<\/strong><\/td>\n<td>Orienta\u00e7\u00f5es Sociopol\u00edticas para a Gest\u00e3o de Pol\u00edticas P\u00fablicas no Brasil Contempor\u00e2neo<\/td>\n<td>Prof. Ms. Renato Eliseu 345.637.168-39<\/td>\n<\/tr>\n<tr>\n<td><strong>27\/8<\/strong><\/td>\n<td>Agenda, Processo Decis\u00f3rio e Formula\u00e7\u00e3o de Pol\u00edticas P\u00fablicas<\/td>\n<td>Prof. Ms. Felipe Brasil<\/p>\n<p>324.495.638-65<\/td>\n<\/tr>\n<tr>\n<td><strong>28\/8<\/strong><\/td>\n<td>Implementa\u00e7\u00e3o de Pol\u00edticas P\u00fablicas<\/td>\n<td>Prof. Dr. Fabio Klein<\/p>\n<p>286.755.018-11<\/td>\n<\/tr>\n<tr>\n<td><strong>2\/9<\/strong><\/td>\n<td>Monitoramento e Avalia\u00e7\u00e3o de Pol\u00edticas P\u00fablicas<\/td>\n<td>Prof. Ms. Renato Eliseu 345.637.168-39<\/td>\n<\/tr>\n<\/tbody>\n<\/table>\n<p>&nbsp;<\/p>\n<ol start=\"15\">\n<li>MATERIAL DE APOIO<\/li>\n<\/ol>\n<p><strong>1-Pol\u00edticas P\u00fablicas:<\/strong> SOUZA, Celina. Pol\u00edticas P\u00fablicas: uma revis\u00e3o da literatura. Sociologias, Porto Alegre, ano 8, n\u00famero 16, julho a dezembro, 2006, p\u00e1ginas 20-45<\/p>\n<p><strong>2-Orienta\u00e7\u00f5es Sociopol\u00edticas no Brasil Comtemporaneo:<\/strong> MARSHALL, T. H. Cidadania e classe social. Rio de Janeiro: Zahar, 1967 &#8211;\u00a0 Cap. 3, p.57-114.<\/p>\n<p>3-<strong>Agenda:<\/strong> KINGDON, J. \u201cAgenda, Alternatives a Public Policies\u201d. 3\u00aa. Ed. New York: Harper Collins, 2003).<\/p>\n<p><strong>3-Formula\u00e7\u00e3o: <\/strong>CAPELLA, Ana Cl\u00e1udia N. Perspectivas Te\u00f3ricas sobre o Processo de Formula\u00e7\u00e3o de Pol\u00edticas P\u00fablicas. BIB \u2013 Boletim de Informa\u00e7\u00f5es Bibliogr\u00e1ficas, S\u00e3o Paulo, n\u00b061, 1\u00b0 semestre de 2006, p\u00e1ginas 25-52<\/p>\n<p><strong>4-Implementa\u00e7\u00e3o: <\/strong>HILL, M. Implementa\u00e7\u00e3o: uma vis\u00e3o geral. In: SARAVIA, Enrique e FERRAREZI, Elisabete (org.). Pol\u00edticas P\u00fablicas \u2013 Colet\u00e2nea \u2013 Volume 2. Bras\u00edlia: ENAP, 2006.<\/p>\n<p><strong>5- Avalia\u00e7\u00e3o <\/strong>FARIA, C. A. P. A pol\u00edtica da avalia\u00e7\u00e3o de pol\u00edticas p\u00fablicas. RBCS \u2013 Revista Brasileira de Ci\u00eancias Sociais, S\u00e3o Paulo, volume 20, n\u00b059, outubro de 2005, p\u00e1ginas 97-109<\/p>\n","protected":false},"excerpt":{"rendered":"<p>De 25 a 28 de agosto e 2 de setembro de 2014 ,\u00a0das 19h \u00e0s 22h30 Sala S\u00e9rgio Vieira de Melo \u2013 1\u00ba Subsolo \u2013 CMSP. &nbsp; Objetivos:\u00a0 O curso \u00e9 um programa de capacita\u00e7\u00e3o, de curta dura\u00e7\u00e3o (20 horas-aula), que discute o ciclo de pol\u00edticas p\u00fablicas (agenda, formula\u00e7\u00e3o, implementa\u00e7\u00e3o e avalia\u00e7\u00e3o) de maneira aplicada [&hellip;]<\/p>\n","protected":false},"author":127,"featured_media":0,"parent":1334,"menu_order":607,"comment_status":"closed","ping_status":"closed","template":"","meta":{"_acf_changed":false,"footnotes":""},"class_list":["post-2978","page","type-page","status-publish","hentry"],"acf":[],"_links":{"self":[{"href":"https:\/\/homolog.saopaulo.sp.leg.br\/escoladoparlamento\/wp-json\/wp\/v2\/pages\/2978","targetHints":{"allow":["GET"]}}],"collection":[{"href":"https:\/\/homolog.saopaulo.sp.leg.br\/escoladoparlamento\/wp-json\/wp\/v2\/pages"}],"about":[{"href":"https:\/\/homolog.saopaulo.sp.leg.br\/escoladoparlamento\/wp-json\/wp\/v2\/types\/page"}],"author":[{"embeddable":true,"href":"https:\/\/homolog.saopaulo.sp.leg.br\/escoladoparlamento\/wp-json\/wp\/v2\/users\/127"}],"replies":[{"embeddable":true,"href":"https:\/\/homolog.saopaulo.sp.leg.br\/escoladoparlamento\/wp-json\/wp\/v2\/comments?post=2978"}],"version-history":[{"count":4,"href":"https:\/\/homolog.saopaulo.sp.leg.br\/escoladoparlamento\/wp-json\/wp\/v2\/pages\/2978\/revisions"}],"predecessor-version":[{"id":8588,"href":"https:\/\/homolog.saopaulo.sp.leg.br\/escoladoparlamento\/wp-json\/wp\/v2\/pages\/2978\/revisions\/8588"}],"up":[{"embeddable":true,"href":"https:\/\/homolog.saopaulo.sp.leg.br\/escoladoparlamento\/wp-json\/wp\/v2\/pages\/1334"}],"wp:attachment":[{"href":"https:\/\/homolog.saopaulo.sp.leg.br\/escoladoparlamento\/wp-json\/wp\/v2\/media?parent=2978"}],"curies":[{"name":"wp","href":"https:\/\/api.w.org\/{rel}","templated":true}]}}