{"id":2980,"date":"2016-02-18T17:42:53","date_gmt":"2016-02-18T19:42:53","guid":{"rendered":"http:\/\/homolog.saopaulo.sp.leg.br\/escoladoparlamento\/?page_id=2980"},"modified":"2017-07-12T14:40:25","modified_gmt":"2017-07-12T17:40:25","slug":"clube-de-cinema-belas-artes-a-esquina-do-cinema","status":"publish","type":"page","link":"https:\/\/homolog.saopaulo.sp.leg.br\/escoladoparlamento\/cursos\/cursos-anteriores\/cursos-realizados-em-2014\/clube-de-cinema-belas-artes-a-esquina-do-cinema\/","title":{"rendered":"Clube de Cinema \u2013 Belas Artes: a Esquina do Cinema"},"content":{"rendered":"<p><iframe loading=\"lazy\" title=\"Document\u00e1rio sobre o cine belas artes\" width=\"640\" height=\"480\" src=\"https:\/\/www.youtube.com\/embed\/ygioArf2TPo?feature=oembed\" frameborder=\"0\" allow=\"accelerometer; autoplay; clipboard-write; encrypted-media; gyroscope; picture-in-picture; web-share\" referrerpolicy=\"strict-origin-when-cross-origin\" allowfullscreen><\/iframe><\/p>\n<hr \/>\n<p>A Escola do Parlamento da C\u00e2mara Municipal de S\u00e3o Paulo convida para o lan\u00e7amento de seu Clube de Cinema, com a primeira exibi\u00e7\u00e3o p\u00fablica do document\u00e1rio Belas Artes: A esquina do cinema, de Fabio Ornelas.<\/p>\n<p>O filme retrata a hist\u00f3ria do Cine Belas Artes, um dos mais importantes cinemas de rua da hist\u00f3ria de S\u00e3o Paulo, desde a sua inaugura\u00e7\u00e3o ao fechamento, em 2012, assim como a mobiliza\u00e7\u00e3o da sociedade civil em defesa de sua preserva\u00e7\u00e3o.<\/p>\n<p>Dois anos depois, o cinema est\u00e1 prestes a ser reaberto por meio de parceria entre a Prefeitura de S\u00e3o Paulo e a Caixa Econ\u00f4mica Federal.<\/p>\n<p>Ap\u00f3s a sess\u00e3o ser\u00e1 realizado um debate com:<\/p>\n<p>Fabio Ornelas, diretor do document\u00e1rio,<\/p>\n<p>Eliane Manfre, representante do Movimento pelo Belas Artes e<\/p>\n<p>os vereadores Eliseu Gabriel e Nabil Bonduki.<\/p>\n<p>Belas Artes: a esquina do cinema<\/p>\n<p>Document\u00e1rio: 110 minutos<\/p>\n<p>Dire\u00e7\u00e3o: Fabio Ornelas<\/p>\n<p>30 de maio<\/p>\n<p>18 horas<\/p>\n<p>C\u00e2mara Municipal de S\u00e3o Paulo &#8211; Audit\u00f3rio Prestes Maia<\/p>\n","protected":false},"excerpt":{"rendered":"<p>A Escola do Parlamento da C\u00e2mara Municipal de S\u00e3o Paulo convida para o lan\u00e7amento de seu Clube de Cinema, com a primeira exibi\u00e7\u00e3o p\u00fablica do document\u00e1rio Belas Artes: A esquina do cinema, de Fabio Ornelas. O filme retrata a hist\u00f3ria do Cine Belas Artes, um dos mais importantes cinemas de rua da hist\u00f3ria de S\u00e3o [&hellip;]<\/p>\n","protected":false},"author":127,"featured_media":0,"parent":1334,"menu_order":605,"comment_status":"closed","ping_status":"closed","template":"","meta":{"_acf_changed":false,"footnotes":""},"class_list":["post-2980","page","type-page","status-publish","hentry"],"acf":[],"_links":{"self":[{"href":"https:\/\/homolog.saopaulo.sp.leg.br\/escoladoparlamento\/wp-json\/wp\/v2\/pages\/2980","targetHints":{"allow":["GET"]}}],"collection":[{"href":"https:\/\/homolog.saopaulo.sp.leg.br\/escoladoparlamento\/wp-json\/wp\/v2\/pages"}],"about":[{"href":"https:\/\/homolog.saopaulo.sp.leg.br\/escoladoparlamento\/wp-json\/wp\/v2\/types\/page"}],"author":[{"embeddable":true,"href":"https:\/\/homolog.saopaulo.sp.leg.br\/escoladoparlamento\/wp-json\/wp\/v2\/users\/127"}],"replies":[{"embeddable":true,"href":"https:\/\/homolog.saopaulo.sp.leg.br\/escoladoparlamento\/wp-json\/wp\/v2\/comments?post=2980"}],"version-history":[{"count":3,"href":"https:\/\/homolog.saopaulo.sp.leg.br\/escoladoparlamento\/wp-json\/wp\/v2\/pages\/2980\/revisions"}],"predecessor-version":[{"id":7324,"href":"https:\/\/homolog.saopaulo.sp.leg.br\/escoladoparlamento\/wp-json\/wp\/v2\/pages\/2980\/revisions\/7324"}],"up":[{"embeddable":true,"href":"https:\/\/homolog.saopaulo.sp.leg.br\/escoladoparlamento\/wp-json\/wp\/v2\/pages\/1334"}],"wp:attachment":[{"href":"https:\/\/homolog.saopaulo.sp.leg.br\/escoladoparlamento\/wp-json\/wp\/v2\/media?parent=2980"}],"curies":[{"name":"wp","href":"https:\/\/api.w.org\/{rel}","templated":true}]}}