{"id":2982,"date":"2016-02-18T17:43:46","date_gmt":"2016-02-18T19:43:46","guid":{"rendered":"http:\/\/homolog.saopaulo.sp.leg.br\/escoladoparlamento\/?page_id=2982"},"modified":"2018-03-15T20:15:48","modified_gmt":"2018-03-15T23:15:48","slug":"descobrir-sao-paulo-descobrir-se-reporter-2014","status":"publish","type":"page","link":"https:\/\/homolog.saopaulo.sp.leg.br\/escoladoparlamento\/cursos\/cursos-anteriores\/cursos-realizados-em-2014\/descobrir-sao-paulo-descobrir-se-reporter-2014\/","title":{"rendered":"Descobrir S\u00e3o Paulo, Descobrir-se Rep\u00f3rter \u2013 2014"},"content":{"rendered":"<p><strong>Programa\u00e7\u00e3o:<\/strong><\/p>\n<table>\n<tbody>\n<tr>\n<td>Data<\/td>\n<td>Aula<\/td>\n<td>Tema<\/td>\n<td>Participante<\/td>\n<\/tr>\n<tr>\n<td>22\/2\/2014<\/td>\n<td><\/td>\n<td>Encontro de Orienta\u00e7\u00e3o<\/td>\n<td><\/td>\n<\/tr>\n<tr>\n<td>08\/3\/2014<\/td>\n<td>\u00a0Aula Magna<\/td>\n<td>Plano Diretor Estrat\u00e9gico<\/td>\n<td>Vereador Jos\u00e9 Am\u00e9rico<\/td>\n<\/tr>\n<tr>\n<td>15\/3\/2014<\/td>\n<td>1<\/td>\n<td>Sa\u00fade<\/td>\n<td>David Braga Jr<\/td>\n<\/tr>\n<tr>\n<td>22\/3\/2014<\/td>\n<td>2<\/td>\n<td>Mobilidade Urbana<\/td>\n<td>Frederico Bussinger<\/td>\n<\/tr>\n<tr>\n<td>29\/3\/2014<\/td>\n<td>3<\/td>\n<td>Habita\u00e7\u00e3o e Urbanismo<\/td>\n<td>Kazuo Nakano<\/td>\n<\/tr>\n<tr>\n<td>05\/4\/2014<\/td>\n<td>4<\/td>\n<td>Participa\u00e7\u00e3o Cidad\u00e3<\/td>\n<td>Marco Aur\u00e9lio Nogueira<\/td>\n<\/tr>\n<tr>\n<td>12\/4\/2014<\/td>\n<td>5<\/td>\n<td>Seguran\u00e7a P\u00fablica<\/td>\n<td>Bruno Paes Manso<\/td>\n<\/tr>\n<tr>\n<td>26\/4\/2014<\/td>\n<td>6<\/td>\n<td>Inclus\u00e3o de Pessoas com Defici\u00eancia no Mercado de Trabalho Formal<\/td>\n<td>Jos\u00e9 Carlos do Carmo (Kal)<\/td>\n<\/tr>\n<tr>\n<td>10\/5\/2014<\/td>\n<td>7<\/td>\n<td>Grande Reportagem<\/td>\n<td>Manuel Carlos Chaparro<\/td>\n<\/tr>\n<\/tbody>\n<\/table>\n","protected":false},"excerpt":{"rendered":"<p>Programa\u00e7\u00e3o: Data Aula Tema Participante 22\/2\/2014 Encontro de Orienta\u00e7\u00e3o 08\/3\/2014 \u00a0Aula Magna Plano Diretor Estrat\u00e9gico Vereador Jos\u00e9 Am\u00e9rico 15\/3\/2014 1 Sa\u00fade David Braga Jr 22\/3\/2014 2 Mobilidade Urbana Frederico Bussinger 29\/3\/2014 3 Habita\u00e7\u00e3o e Urbanismo Kazuo Nakano 05\/4\/2014 4 Participa\u00e7\u00e3o Cidad\u00e3 Marco Aur\u00e9lio Nogueira 12\/4\/2014 5 Seguran\u00e7a P\u00fablica Bruno Paes Manso 26\/4\/2014 6 Inclus\u00e3o de [&hellip;]<\/p>\n","protected":false},"author":127,"featured_media":0,"parent":1334,"menu_order":603,"comment_status":"closed","ping_status":"closed","template":"","meta":{"_acf_changed":false,"footnotes":""},"class_list":["post-2982","page","type-page","status-publish","hentry"],"acf":[],"_links":{"self":[{"href":"https:\/\/homolog.saopaulo.sp.leg.br\/escoladoparlamento\/wp-json\/wp\/v2\/pages\/2982","targetHints":{"allow":["GET"]}}],"collection":[{"href":"https:\/\/homolog.saopaulo.sp.leg.br\/escoladoparlamento\/wp-json\/wp\/v2\/pages"}],"about":[{"href":"https:\/\/homolog.saopaulo.sp.leg.br\/escoladoparlamento\/wp-json\/wp\/v2\/types\/page"}],"author":[{"embeddable":true,"href":"https:\/\/homolog.saopaulo.sp.leg.br\/escoladoparlamento\/wp-json\/wp\/v2\/users\/127"}],"replies":[{"embeddable":true,"href":"https:\/\/homolog.saopaulo.sp.leg.br\/escoladoparlamento\/wp-json\/wp\/v2\/comments?post=2982"}],"version-history":[{"count":3,"href":"https:\/\/homolog.saopaulo.sp.leg.br\/escoladoparlamento\/wp-json\/wp\/v2\/pages\/2982\/revisions"}],"predecessor-version":[{"id":8834,"href":"https:\/\/homolog.saopaulo.sp.leg.br\/escoladoparlamento\/wp-json\/wp\/v2\/pages\/2982\/revisions\/8834"}],"up":[{"embeddable":true,"href":"https:\/\/homolog.saopaulo.sp.leg.br\/escoladoparlamento\/wp-json\/wp\/v2\/pages\/1334"}],"wp:attachment":[{"href":"https:\/\/homolog.saopaulo.sp.leg.br\/escoladoparlamento\/wp-json\/wp\/v2\/media?parent=2982"}],"curies":[{"name":"wp","href":"https:\/\/api.w.org\/{rel}","templated":true}]}}