{"id":2988,"date":"2016-02-18T17:45:18","date_gmt":"2016-02-18T19:45:18","guid":{"rendered":"http:\/\/homolog.saopaulo.sp.leg.br\/escoladoparlamento\/?page_id=2988"},"modified":"2018-03-15T21:57:24","modified_gmt":"2018-03-16T00:57:24","slug":"educacao-e-cidadania-turma-2","status":"publish","type":"page","link":"https:\/\/homolog.saopaulo.sp.leg.br\/escoladoparlamento\/cursos\/cursos-anteriores\/cursos-realizados-em-2014\/educacao-e-cidadania-turma-2\/","title":{"rendered":"Educa\u00e7\u00e3o e Cidadania, turma 2"},"content":{"rendered":"<p><strong>Objetivos:<\/strong>\u00a0Compreender a import\u00e2ncia do espa\u00e7o escolar como espa\u00e7o de forma\u00e7\u00e3o do cidad\u00e3o participativo bem como a relev\u00e2ncia do papel dos educadores na promo\u00e7\u00e3o do exerc\u00edcio democr\u00e1tico de participa\u00e7\u00e3o.<br \/>\na. Compreender o espa\u00e7o escolar como espa\u00e7o de forma\u00e7\u00e3o do cidad\u00e3o participativo<br \/>\nb. Identificar formas de gest\u00e3o escolar promotoras da participa\u00e7\u00e3o da comunidade no processo de tomada de decis\u00f5es<br \/>\nc. Reconhecer o Conselho de Escola e a Associa\u00e7\u00e3o de Pais e Mestres como espa\u00e7os poss\u00edveis de exerc\u00edcio de cidadania participativa<br \/>\nd. Elaborar atividades interdisciplinares que possibilitem \u00e0 crian\u00e7a, ao jovem e ao adulto diferentes exerc\u00edcios de participa\u00e7\u00e3o no espa\u00e7o escolar<br \/>\ne. Identificar como os exerc\u00edcios de participa\u00e7\u00e3o promovidos no espa\u00e7o escolar podem preparar a compreens\u00e3o da import\u00e2ncia do poder legislativo de crian\u00e7as, jovens e adultos<br \/>\nf. Compreender a import\u00e2ncia do Poder Legislativo para o exerc\u00edcio da Cidadania<\/p>\n<p><strong>P\u00fablico Alvo:<\/strong>\u00a0Educadores da Rede Municipal de Ensino de S\u00e3o Paulo<\/p>\n<p><strong>Carga Hor\u00e1ria:<\/strong>\u00a024h (6 encontros de 4 horas)<\/p>\n<p><strong>Programa\u00e7\u00e3o:<\/strong><\/p>\n<table>\n<tbody>\n<tr>\n<td><strong>Pirituba<\/strong><\/td>\n<td><strong>Ja\u00e7an\u00e3<\/strong><\/td>\n<td><strong>Butant\u00e3<\/strong><\/td>\n<td><strong>Freguesia do \u00d3<\/strong><\/td>\n<td><strong>Tema<\/strong><\/td>\n<td><strong>Docente<\/strong><\/td>\n<\/tr>\n<tr>\n<td>18\/08\/2014<\/td>\n<td>19\/08\/2014<\/td>\n<td>20\/08\/2014<\/td>\n<td>21\/08\/2014<\/td>\n<td>Educa\u00e7\u00e3o para a Cidadania: estamos preparando nossas crian\u00e7as e jovens para serem cidad\u00e3os?<\/td>\n<td>Selma Rocha<\/td>\n<\/tr>\n<tr>\n<td>25\/08\/2014<\/td>\n<td>26\/08\/2014<\/td>\n<td>27\/08\/2014<\/td>\n<td>28\/08\/2014<\/td>\n<td>A gest\u00e3o escolar e a participa\u00e7\u00e3o nos processos de tomada de decis\u00e3o: rela\u00e7\u00f5es de poder na escola<\/td>\n<td>Magali Silvestre<\/td>\n<\/tr>\n<tr>\n<td>01\/09\/2014<\/td>\n<td>02\/09\/2014<\/td>\n<td>03\/09\/2014<\/td>\n<td>04\/09\/2014<\/td>\n<td>O Conselho de Escola, a Associa\u00e7\u00e3o de Pais e Mestres e o Gr\u00eamio Estudantil como espa\u00e7os de exerc\u00edcio de cidadania participativa<\/td>\n<td>\u00e2ngela Antunes e Eliseu Muniz<\/td>\n<\/tr>\n<tr>\n<td>08\/09\/2014<\/td>\n<td>09\/09\/2014<\/td>\n<td>10\/09\/2014<\/td>\n<td>11\/09\/2014<\/td>\n<td>Hist\u00f3ria da C\u00e2mara Municipal e O Processo Legislativo viabilizador da Cidadania<\/td>\n<td>Ubirajara de Faria e Caio Giannini<\/td>\n<\/tr>\n<tr>\n<td>15\/09\/2014<\/td>\n<td>16\/09\/2014<\/td>\n<td>17\/09\/2014<\/td>\n<td>18\/09\/2014<\/td>\n<td>Exerc\u00edcios de Cidadania Participativa e Poder Legislativo de nossa cidade<\/td>\n<td>Alda\u00edza Sposati e Alex Toledo<\/td>\n<\/tr>\n<\/tbody>\n<\/table>\n<p><strong>Avalia\u00e7\u00e3o:<\/strong><\/p>\n<p>a) Os participantes do Curso dever\u00e3o elaborar uma atividade que promova a participa\u00e7\u00e3o cidad\u00e3 no espa\u00e7o escolar, a ser entregue \u00e0 Coordena\u00e7\u00e3o da Escola do Parlamento;<br \/>\nb) Os participantes do Curso dever\u00e3o obter, no m\u00ednimo, 83% de presen\u00e7a nas aulas;<\/p>\n<p><strong>Bibliografia:\u00a0<\/strong><\/p>\n<p>ARELARO, Lisete. O ensino fundamental no Brasil: avan\u00e7os, perplexidades e tend\u00eancias. Educa\u00e7\u00e3o e Sociedade. Campinas, vol. 26, n\u00ba2, p. 1039. Out. 2005. Dispon\u00edvel em &lt;http:\/\/www.cedes.unicamp.br&gt;<br \/>\nBENEVIDES, Maria Vit\u00f3ria. A Cidadania Ativa: referendo, plebiscito e iniciativa popular. S\u00e3o Paulo, Editora \u00c1tica, 1991.<br \/>\nLUCK, Helo\u00edsa &amp; Et alii. A Escola Participativa: o trabalho do Gestor Escolar. S\u00e3o Paulo: Vozes, 10 edi\u00e7\u00e3o.<br \/>\nCISESKI, \u00c2ngela Antunes. Aceita um Conselho? Teoria e pr\u00e1tica da gest\u00e3o participativa na escola p\u00fablica. Disserta\u00e7\u00e3o de Mestrado. S\u00e3o Paulo: FEUSP, 1997.<br \/>\nAGUIAR, R.C.L.; GR\u00c1CIO J. C. Gr\u00eamio Estudantil: construindo novas rela\u00e7\u00f5es na escola. In BASTOS, J. B. Gest\u00e3o Democr\u00e1tica. 3\u00aa edi\u00e7\u00e3o. Rio de Janeiro: 2002, p. 73-82.<\/p>\n","protected":false},"excerpt":{"rendered":"<p>Objetivos:\u00a0Compreender a import\u00e2ncia do espa\u00e7o escolar como espa\u00e7o de forma\u00e7\u00e3o do cidad\u00e3o participativo bem como a relev\u00e2ncia do papel dos educadores na promo\u00e7\u00e3o do exerc\u00edcio democr\u00e1tico de participa\u00e7\u00e3o. a. Compreender o espa\u00e7o escolar como espa\u00e7o de forma\u00e7\u00e3o do cidad\u00e3o participativo b. Identificar formas de gest\u00e3o escolar promotoras da participa\u00e7\u00e3o da comunidade no processo de tomada [&hellip;]<\/p>\n","protected":false},"author":127,"featured_media":0,"parent":1334,"menu_order":601,"comment_status":"closed","ping_status":"closed","template":"","meta":{"_acf_changed":false,"footnotes":""},"class_list":["post-2988","page","type-page","status-publish","hentry"],"acf":[],"_links":{"self":[{"href":"https:\/\/homolog.saopaulo.sp.leg.br\/escoladoparlamento\/wp-json\/wp\/v2\/pages\/2988","targetHints":{"allow":["GET"]}}],"collection":[{"href":"https:\/\/homolog.saopaulo.sp.leg.br\/escoladoparlamento\/wp-json\/wp\/v2\/pages"}],"about":[{"href":"https:\/\/homolog.saopaulo.sp.leg.br\/escoladoparlamento\/wp-json\/wp\/v2\/types\/page"}],"author":[{"embeddable":true,"href":"https:\/\/homolog.saopaulo.sp.leg.br\/escoladoparlamento\/wp-json\/wp\/v2\/users\/127"}],"replies":[{"embeddable":true,"href":"https:\/\/homolog.saopaulo.sp.leg.br\/escoladoparlamento\/wp-json\/wp\/v2\/comments?post=2988"}],"version-history":[{"count":3,"href":"https:\/\/homolog.saopaulo.sp.leg.br\/escoladoparlamento\/wp-json\/wp\/v2\/pages\/2988\/revisions"}],"predecessor-version":[{"id":8853,"href":"https:\/\/homolog.saopaulo.sp.leg.br\/escoladoparlamento\/wp-json\/wp\/v2\/pages\/2988\/revisions\/8853"}],"up":[{"embeddable":true,"href":"https:\/\/homolog.saopaulo.sp.leg.br\/escoladoparlamento\/wp-json\/wp\/v2\/pages\/1334"}],"wp:attachment":[{"href":"https:\/\/homolog.saopaulo.sp.leg.br\/escoladoparlamento\/wp-json\/wp\/v2\/media?parent=2988"}],"curies":[{"name":"wp","href":"https:\/\/api.w.org\/{rel}","templated":true}]}}