{"id":2990,"date":"2016-02-18T17:53:42","date_gmt":"2016-02-18T19:53:42","guid":{"rendered":"http:\/\/homolog.saopaulo.sp.leg.br\/escoladoparlamento\/?page_id=2990"},"modified":"2016-10-14T18:39:31","modified_gmt":"2016-10-14T21:39:31","slug":"formacao-para-gestores-em-orcamento-participativo","status":"publish","type":"page","link":"https:\/\/homolog.saopaulo.sp.leg.br\/escoladoparlamento\/cursos\/cursos-anteriores\/cursos-realizados-em-2014\/formacao-para-gestores-em-orcamento-participativo\/","title":{"rendered":"Forma\u00e7\u00e3o para Gestores em Or\u00e7amento Participativo"},"content":{"rendered":"<p>INSCRI\u00c7\u00d5ES ENCERRADAS &#8211;\u00a0Curso de Forma\u00e7\u00e3o para Gestores em Or\u00e7amento Participativo<\/p>\n<p>Tendo em vista a necessidade de se qualificar e expandir a discuss\u00e3o sobre a teoria e pr\u00e1tica sobre os instrumentos da democracia participativa, a Escola do Parlamento, a Rede Brasileira de Or\u00e7amento Participativo e a F\u00f3rum Paulista de Participa\u00e7\u00e3o Popular promover\u00e3o o Curso de Forma\u00e7\u00e3o para Gestores em Or\u00e7amento Participativo, explorando experi\u00eancias de Or\u00e7amento Participativo (OP). Esta atividade tamb\u00e9m d\u00e1 continuidade e potencializa o Ciclo Tem\u00e1tico: \u201cT\u00f3picos Especiais em Finan\u00e7as P\u00fablicas\u201d, promovido pela Escola do Parlamento desde 2013.<\/p>\n<p><strong>Objetivo: <\/strong>O curso abordar\u00e1 temas fundamentais para a melhoria das metodologias participativas em or\u00e7amento e construir\u00e1 as bases para formata\u00e7\u00e3o de programas de or\u00e7amento participativo em fase inicial.<\/p>\n<p><strong>Quando:<\/strong> 16 e 17 de maio, das 8:30h \u00e0s 18:30h.<\/p>\n<p><strong>Local do Curso:<\/strong> C\u00e2mara Municipal de S\u00e3o Paulo (Viaduto Jacare\u00ed, 100 \u2013 Bela Vista). As atividades ocorrer\u00e3o em diversos audit\u00f3rios. Verificar a programa\u00e7\u00e3o detalhada das atividades para saber o local exato de cada palestra ou oficina.<\/p>\n<p><strong>P\u00fablico-alvo:<\/strong> prioridade ser\u00e1 dada a gestores p\u00fablicos municipais integrantes ou n\u00e3o de munic\u00edpios que participam da Rede Brasileira de Or\u00e7amento Participativo e do F\u00f3rum Paulista de Participa\u00e7\u00e3o Popular. Ter\u00e3o tamb\u00e9m prioridade na aloca\u00e7\u00e3o das vagas ex-alunos do Curso Tend\u00eancias Contempor\u00e2neas na Gest\u00e3o do Or\u00e7amento P\u00fablico realizado pela Escola do Parlamento. Caso ainda existam vagas, demais servidores p\u00fablicos, lideran\u00e7as pol\u00edticas, pesquisadores, membros de organiza\u00e7\u00f5es n\u00e3o governamentais e movimentos sociais e demais interessados no tema poder\u00e3o participar, obedecendo a ordem de inscri\u00e7\u00e3o.<\/p>\n<p><strong>Vagas: 120 vagas <\/strong>(a serem preenchidas de acordo com a prioridade de p\u00fablico-alvo e por ordem de inscri\u00e7\u00e3o)<\/p>\n<p><strong>Per\u00edodo para inscri\u00e7\u00f5es:\u00a0 <\/strong>a partir das 9h do dia 06\/05 at\u00e9 \u00e0s 9h do dia 15\/05. A lista de inscritos ser\u00e1 publicada no site da Escola do Parlamento at\u00e9 \u00e0s 14h do dia 15\/5.<\/p>\n<p><strong>Certifica\u00e7\u00e3o: <\/strong>Os participantes receber\u00e3o certificado de conclus\u00e3o referente ao curso apenas se participarem integralmente nos dois dias de atividades.<\/p>\n<p><strong>Mais informa\u00e7\u00f5es:<\/strong> <a href=\"mailto:escoladoparlamento@saopaulo.sp.leg.br\">escoladoparlamento@saopaulo.sp.leg.br<\/a> Este endere\u00e7o de e-mail est\u00e1 protegido contra spambots. Voc\u00ea deve habilitar o JavaScript para visualiz\u00e1-lo.<\/p>\n<p>Para conferir nossas regras de inscri\u00e7\u00e3o e certifica\u00e7\u00e3o, clique\u00a0<a href=\"http:\/\/homolog.saopaulo.sp.leg.br\/wp-content\/uploads\/dce\/escola_do_parlamento\/REGRAS_PARA_INSCRICAO_E_CERTIFICACAO.pdf\">aqui<\/a>.<\/p>\n<p><strong>Programa\u00e7\u00e3o:<\/strong><\/p>\n<table>\n<tbody>\n<tr>\n<td><strong>AULA<\/strong><\/td>\n<td><strong>DATA<\/strong><\/td>\n<td><strong>TEMA<\/strong><\/td>\n<td><strong>CONTE\u00daDO<\/strong><\/td>\n<td><strong>PROFESSOR(A)<\/strong><\/td>\n<\/tr>\n<tr>\n<td>0<\/td>\n<td>Dia 16\/05 &#8211;<\/p>\n<p>8:30h \u00e0s 9h, Plen\u00e1rio 1\u00ba de Maio, 1\u00ba andar<\/td>\n<td>ABERTURA<\/td>\n<td>Sauda\u00e7\u00e3o aos participantes e orienta\u00e7\u00e3o sobre as atividades do dia<\/td>\n<td>Escola do Parlamento; FPPP, REBOP<\/td>\n<\/tr>\n<tr>\n<td>1 a 4<\/td>\n<td>Dia 16\/05 &#8211; 9h \u00e0s 13h, Plen\u00e1rio 1\u00ba de Maio, 1\u00ba andar<\/td>\n<td>A DEMOCRACIA PARTICIPATIVA E O PLANEJAMENTO DE GOVERNO<\/p>\n<p>&nbsp;<\/td>\n<td>O Direito \u00e0 Cidade: o arcabou\u00e7o legal e as quest\u00f5es pol\u00edticas; Cidade Democr\u00e1tica x Cidade Mercadoria; Democracia participativa no planejamento governamental; Experi\u00eancias gerais do planejamento participativo no Brasil (Conselhos, Confer\u00eancias, Planos Diretores Participativos, etc.).<\/td>\n<td>Rud\u00e1 Ricci<\/td>\n<\/tr>\n<tr>\n<td>5 e 6<\/td>\n<td>Dia 16\/05 &#8211; 14h \u00e0s 16h, Audit\u00f3rio Prestes Maia, 1\u00ba andar<\/td>\n<td>PROCESSO OR\u00c7AMENT\u00c1RIO NO BRASIL<\/p>\n<p>&nbsp;<\/p>\n<p>&nbsp;<\/td>\n<td>Arcabou\u00e7o legal; O ciclo or\u00e7ament\u00e1rio (PPA, LDO e LOA); O processo de planejamento or\u00e7ament\u00e1rio.<\/p>\n<p>&nbsp;<\/td>\n<td>Odilon Guedes<\/td>\n<\/tr>\n<tr>\n<td>7 e 8<\/td>\n<td>Dia 16\/05 &#8211;<\/p>\n<p>16:30 \u00e0s 18:30h, Audit\u00f3rio Prestes Maia, 1\u00ba andar<\/td>\n<td>CONSTRUINDO METODOLOGIAS DO OR\u00c7AMENTO PARTICIPATIVO<\/p>\n<p>&nbsp;<\/p>\n<p>&nbsp;<\/p>\n<p>&nbsp;<\/td>\n<td>Passo a Passo para a implanta\u00e7\u00e3o do Or\u00e7amento Participativo; Din\u00e2mica para a troca de experi\u00eancias em or\u00e7amento participativo.<\/td>\n<td>Eduardo Marques e K\u00e1tia Lima<\/td>\n<\/tr>\n<tr>\n<td>9 e 10<\/td>\n<td>Dia 17\/05 \u2013 8:30h \u00e0s 10:30h, Plen\u00e1rio 1\u00ba de Maio, 1\u00ba andar<\/td>\n<td>O PLANEJAMENTO OR\u00c7AMENT\u00c1RIO PARTICIPATIVO<\/p>\n<p>&nbsp;<\/p>\n<p>&nbsp;<\/td>\n<td>Experi\u00eancias do Planejamento Or\u00e7ament\u00e1rio Participativo (PPAs participativos, Or\u00e7amentos Participativos); Tipologias dos Or\u00e7amentos Participativos no Brasil.<\/p>\n<p>&nbsp;<\/td>\n<td>Ana Cl\u00e1udia Teixeira<\/td>\n<\/tr>\n<tr>\n<td>&nbsp;<\/p>\n<p>11 e 12<\/td>\n<td>Dia 17\/05 &#8211; 11h \u00e0s 13h, Plen\u00e1rio 1\u00ba de Maio, 1\u00ba andar<\/td>\n<td>EXPOSI\u00c7\u00c3O DE ESTUDO SOBRE O OR\u00c7AMENTO PARTICIPATIVO<\/td>\n<td>Os impactos do Or\u00e7amento Participativo sobre as pol\u00edticas p\u00fablicas<\/td>\n<td>Brian Wampler<\/td>\n<\/tr>\n<tr>\n<td>13 e 14<\/td>\n<td>Dia 17\/05 \u2013 s\u00e1bado<\/p>\n<p>14h \u00e0s 16h, v\u00e1rios audit\u00f3rios a serem informados no dia.<\/td>\n<td>OFICINAS E AVALIA\u00c7\u00c3O<\/td>\n<td>&#8211; OP Digital: a experi\u00eancia de Embu;<\/p>\n<p>&#8211; OP Jovem: a experi\u00eancia de Osasco;<\/p>\n<p>&#8211; PPA participativo: as experi\u00eancias de S\u00e3o Bernardo do Campo e Santo Andr\u00e9;<\/p>\n<p>&#8211; Como articular o OP e outros espa\u00e7os de participa\u00e7\u00e3o popular;<\/p>\n<p>&#8211; OP e processos de forma\u00e7\u00e3o para a cidadania: a experi\u00eancia de Guarulhos;<\/p>\n<p>&#8211; Articula\u00e7\u00f5es da sociedade civil na luta pela democratiza\u00e7\u00e3o do Or\u00e7amento P\u00fablico: a experi\u00eancia de S\u00e3o Paulo<\/td>\n<td valign=\"top\" width=\"217\">V\u00e1rios colaboradores<\/td>\n<\/tr>\n<tr>\n<td>15 e 16<\/td>\n<td>Dia 17\/05 &#8211; 16:30h \u00e0s 18:30h, Plen\u00e1rio 1\u00ba de Maio, 1\u00ba andar<\/td>\n<td>OR\u00c7AMENTO PARTICIPATIVO E A MONTAGEM DE UM SISTEMA DE PARTICIPA\u00c7\u00c3O POPULAR.<\/p>\n<p>&nbsp;<\/td>\n<td>&#8211; Adotando o OP e a participa\u00e7\u00e3o como m\u00e9todo de gest\u00e3o.<\/td>\n<td>Daniel Avelino<\/td>\n<\/tr>\n<tr>\n<td>17<\/td>\n<td>Dia 17\/05 &#8211; 18:30h, Plen\u00e1rio 1\u00ba de Maio, 1\u00ba andar<\/td>\n<td>ENCERRAMENTO<\/td>\n<td>&nbsp;<\/td>\n<td>Escola do Parlamento; FPPP, REBOP<\/td>\n<\/tr>\n<\/tbody>\n<\/table>\n<p><strong>Corpo Docente:<\/strong><\/p>\n<p><strong>Ana Cl\u00e1udia Teixeira<\/strong> \u00e9 doutora em Ci\u00eancias Sociais pela Universidade Estadual de Campinas. Possui gradua\u00e7\u00e3o em Ci\u00eancias Sociais (1994) e mestrado em Ci\u00eancia Pol\u00edtica (2000) pela mesma universidade. Foi coordenadora da Equipe de Participa\u00e7\u00e3o Cidad\u00e3 do Instituto P\u00f3lis entre 2003 e 2010, onde desenvolveu atividades de forma\u00e7\u00e3o, pesquisa e assessoria. Fez parte da coordena\u00e7\u00e3o executiva da mesma institui\u00e7\u00e3o entre 2006 e 2008. Interesses atuais de pesquisa: democracia, participa\u00e7\u00e3o nas pol\u00edticas p\u00fablicas e movimentos sociais. \u00c9 pesquisadora do N\u00facleo de Pesquisa em Participa\u00e7\u00e3o, Movimentos Sociais e A\u00e7\u00e3o Coletiva &#8211; NEPAC da Unicamp.<\/p>\n<p><strong>Brian Wampler <\/strong>\u00e9 professor do Departamento de Ci\u00eancia Pol\u00edtica da Boise State University onde ensina desde que obteve seu Ph.D. na Universidade do Texas, Austin em 2001. Dr. Wampler foi agraciado com a Bolsa Fulbright e passou o ano acad\u00eamico 2009-2010 conduzindo pesquisa e ensino na Universidade Federal de Minas Gerais (UFMG) em Belo Horizonte. A principal \u00e1rea de interesse do Dr. Wampler est\u00e1 focada em institui\u00e7\u00f5es participativas em n\u00edvel subnacional no Brasil e Am\u00e9rica Latina.<\/p>\n<p><strong>Daniel Avelino<\/strong> \u00e9 membro do Departamento de Participa\u00e7\u00e3o Social da Secretaria Nacional de Articula\u00e7\u00e3o Social da Presid\u00eancia da Rep\u00fablica.<\/p>\n<p><strong>Eduardo Marques<\/strong> \u00e9 economista, Coordenador da Lideran\u00e7a do Partido dos Trabalhadores (PT) na Assembleia Legislativa do Estado de S\u00e3o Paulo e integrante do F\u00f3rum Paulista de Participa\u00e7\u00e3o Popular.<\/p>\n<p><strong>K\u00e1tia Lima<\/strong> \u00e9 graduada em Gest\u00e3o P\u00fabica, Diretora do Departamento de Or\u00e7amento Participativo da Prefeitura de Guarulhos, Coordenadora da Rede Brasileira de OP no per\u00edodo de mar\u00e7o de 2010 a junho de 2013 e integrante do F\u00f3rum Paulista de Participa\u00e7\u00e3o Popular.<\/p>\n<p><strong>Odilon Guedes <\/strong>\u00e9 membro do Grupo de Trabalho de Or\u00e7amento da Rede Nossa S\u00e3o Paulo. Economista, P\u00f3s Graduado em Economia pela PUC\/SP e Professor Universit\u00e1rio.<\/p>\n<p><strong>Rud\u00e1 Ricci<\/strong> \u00e9 Soci\u00f3logo, Mestre em Ci\u00eancias Pol\u00edticas e Doutor em Ci\u00eancias Sociais. Diretor Geral do Instituto Cultiva e membro do F\u00f3rum Brasil do Or\u00e7amento (www.forumfbo.org.br). Membro do Observat\u00f3rio Internacional da Democracia Participativa.<\/p>\n","protected":false},"excerpt":{"rendered":"<p>INSCRI\u00c7\u00d5ES ENCERRADAS &#8211;\u00a0Curso de Forma\u00e7\u00e3o para Gestores em Or\u00e7amento Participativo Tendo em vista a necessidade de se qualificar e expandir a discuss\u00e3o sobre a teoria e pr\u00e1tica sobre os instrumentos da democracia participativa, a Escola do Parlamento, a Rede Brasileira de Or\u00e7amento Participativo e a F\u00f3rum Paulista de Participa\u00e7\u00e3o Popular promover\u00e3o o Curso de Forma\u00e7\u00e3o [&hellip;]<\/p>\n","protected":false},"author":127,"featured_media":0,"parent":1334,"menu_order":599,"comment_status":"closed","ping_status":"closed","template":"","meta":{"_acf_changed":false,"footnotes":""},"class_list":["post-2990","page","type-page","status-publish","hentry"],"acf":[],"_links":{"self":[{"href":"https:\/\/homolog.saopaulo.sp.leg.br\/escoladoparlamento\/wp-json\/wp\/v2\/pages\/2990","targetHints":{"allow":["GET"]}}],"collection":[{"href":"https:\/\/homolog.saopaulo.sp.leg.br\/escoladoparlamento\/wp-json\/wp\/v2\/pages"}],"about":[{"href":"https:\/\/homolog.saopaulo.sp.leg.br\/escoladoparlamento\/wp-json\/wp\/v2\/types\/page"}],"author":[{"embeddable":true,"href":"https:\/\/homolog.saopaulo.sp.leg.br\/escoladoparlamento\/wp-json\/wp\/v2\/users\/127"}],"replies":[{"embeddable":true,"href":"https:\/\/homolog.saopaulo.sp.leg.br\/escoladoparlamento\/wp-json\/wp\/v2\/comments?post=2990"}],"version-history":[{"count":5,"href":"https:\/\/homolog.saopaulo.sp.leg.br\/escoladoparlamento\/wp-json\/wp\/v2\/pages\/2990\/revisions"}],"predecessor-version":[{"id":5687,"href":"https:\/\/homolog.saopaulo.sp.leg.br\/escoladoparlamento\/wp-json\/wp\/v2\/pages\/2990\/revisions\/5687"}],"up":[{"embeddable":true,"href":"https:\/\/homolog.saopaulo.sp.leg.br\/escoladoparlamento\/wp-json\/wp\/v2\/pages\/1334"}],"wp:attachment":[{"href":"https:\/\/homolog.saopaulo.sp.leg.br\/escoladoparlamento\/wp-json\/wp\/v2\/media?parent=2990"}],"curies":[{"name":"wp","href":"https:\/\/api.w.org\/{rel}","templated":true}]}}