{"id":3004,"date":"2016-02-18T18:38:47","date_gmt":"2016-02-18T20:38:47","guid":{"rendered":"http:\/\/homolog.saopaulo.sp.leg.br\/escoladoparlamento\/?page_id=3004"},"modified":"2016-02-22T16:59:45","modified_gmt":"2016-02-22T19:59:45","slug":"introducao-a-politica-brasileira","status":"publish","type":"page","link":"https:\/\/homolog.saopaulo.sp.leg.br\/escoladoparlamento\/cursos\/cursos-anteriores\/cursos-realizados-em-2014\/introducao-a-politica-brasileira\/","title":{"rendered":"Introdu\u00e7\u00e3o \u00e0 Pol\u00edtica Brasileira"},"content":{"rendered":"<p><strong>Objetivos<\/strong>: Levar os alunos a reflex\u00f5es sobre a cultura pol\u00edtica do pa\u00eds e sobre seus sistemas partid\u00e1rio e eleitoral, al\u00e9m de suscitar o debate sobre os modelos de reforma pol\u00edtica.<\/p>\n<p><strong>Vagas<\/strong>: 50<\/p>\n<p><strong>Inscri\u00e7\u00f5es:<\/strong> Encerradas<\/p>\n<p><strong>M\u00e9todo:<\/strong> Aulas expositivas e debates.<\/p>\n<table width=\"461\">\n<tbody>\n<tr>\n<td><strong>Data<\/strong><\/td>\n<td><strong>Hora<\/strong><\/td>\n<td><strong>Local<\/strong><\/td>\n<td><strong>Palestrante<\/strong><\/td>\n<td><strong>Tema<\/strong><\/td>\n<\/tr>\n<tr>\n<td>12\/mar<\/td>\n<td>18h-22h<\/td>\n<td>\u00a0Sala Oscar Pedroso Horta<\/td>\n<td>\u00a0Prof. Dr. Humberto Dantas<\/td>\n<td>Democracia no Brasil<\/td>\n<\/tr>\n<tr>\n<td>19\/mar<\/td>\n<td>18h-22h<\/td>\n<td>Sala Oscar Pedroso Horta<\/td>\n<td>\u00a0Prof. Dr. Humberto Dantas<\/td>\n<td>Cultura Pol\u00edtica no Brasil<\/td>\n<\/tr>\n<tr>\n<td>26\/mar<\/td>\n<td>18h-22h<\/td>\n<td>\u00a0Sala Oscar Pedroso Horta<\/td>\n<td>\u00a0Prof. Dr. Humberto Dantas<\/td>\n<td>Sistema Eleitoral Brasileiro<\/td>\n<\/tr>\n<tr>\n<td>02\/abr<\/td>\n<td>18h-22h<\/td>\n<td>\u00a0Sala Oscar Pedroso Horta<\/td>\n<td>\u00a0\u00a0Prof. Dr. Humberto Dantas<\/td>\n<td>Sistema Partid\u00e1rio Brasileiro<\/td>\n<\/tr>\n<tr>\n<td>09\/abr<\/td>\n<td>18h-22h<\/td>\n<td>\u00a0Sala Oscar Pedroso Horta<\/td>\n<td>\u00a0\u00a0Prof. Dr. Humberto Dantas<\/td>\n<td>Reforma Pol\u00edtica. Que reforma?<\/td>\n<\/tr>\n<\/tbody>\n<\/table>\n","protected":false},"excerpt":{"rendered":"<p>Objetivos: Levar os alunos a reflex\u00f5es sobre a cultura pol\u00edtica do pa\u00eds e sobre seus sistemas partid\u00e1rio e eleitoral, al\u00e9m de suscitar o debate sobre os modelos de reforma pol\u00edtica. Vagas: 50 Inscri\u00e7\u00f5es: Encerradas M\u00e9todo: Aulas expositivas e debates. Data Hora Local Palestrante Tema 12\/mar 18h-22h \u00a0Sala Oscar Pedroso Horta \u00a0Prof. Dr. Humberto Dantas Democracia [&hellip;]<\/p>\n","protected":false},"author":127,"featured_media":0,"parent":1334,"menu_order":595,"comment_status":"closed","ping_status":"closed","template":"","meta":{"_acf_changed":false,"footnotes":""},"class_list":["post-3004","page","type-page","status-publish","hentry"],"acf":[],"_links":{"self":[{"href":"https:\/\/homolog.saopaulo.sp.leg.br\/escoladoparlamento\/wp-json\/wp\/v2\/pages\/3004","targetHints":{"allow":["GET"]}}],"collection":[{"href":"https:\/\/homolog.saopaulo.sp.leg.br\/escoladoparlamento\/wp-json\/wp\/v2\/pages"}],"about":[{"href":"https:\/\/homolog.saopaulo.sp.leg.br\/escoladoparlamento\/wp-json\/wp\/v2\/types\/page"}],"author":[{"embeddable":true,"href":"https:\/\/homolog.saopaulo.sp.leg.br\/escoladoparlamento\/wp-json\/wp\/v2\/users\/127"}],"replies":[{"embeddable":true,"href":"https:\/\/homolog.saopaulo.sp.leg.br\/escoladoparlamento\/wp-json\/wp\/v2\/comments?post=3004"}],"version-history":[{"count":5,"href":"https:\/\/homolog.saopaulo.sp.leg.br\/escoladoparlamento\/wp-json\/wp\/v2\/pages\/3004\/revisions"}],"predecessor-version":[{"id":3095,"href":"https:\/\/homolog.saopaulo.sp.leg.br\/escoladoparlamento\/wp-json\/wp\/v2\/pages\/3004\/revisions\/3095"}],"up":[{"embeddable":true,"href":"https:\/\/homolog.saopaulo.sp.leg.br\/escoladoparlamento\/wp-json\/wp\/v2\/pages\/1334"}],"wp:attachment":[{"href":"https:\/\/homolog.saopaulo.sp.leg.br\/escoladoparlamento\/wp-json\/wp\/v2\/media?parent=3004"}],"curies":[{"name":"wp","href":"https:\/\/api.w.org\/{rel}","templated":true}]}}