{"id":3016,"date":"2016-02-18T18:53:46","date_gmt":"2016-02-18T20:53:46","guid":{"rendered":"http:\/\/homolog.saopaulo.sp.leg.br\/escoladoparlamento\/?page_id=3016"},"modified":"2016-02-19T13:50:48","modified_gmt":"2016-02-19T15:50:48","slug":"planejamento-e-gestao-governamental","status":"publish","type":"page","link":"https:\/\/homolog.saopaulo.sp.leg.br\/escoladoparlamento\/cursos\/cursos-anteriores\/cursos-realizados-em-2014\/planejamento-e-gestao-governamental\/","title":{"rendered":"Planejamento e Gest\u00e3o Governamental"},"content":{"rendered":"<p><strong>Justificativa:<\/strong> curso na \u00e1rea de gest\u00e3o p\u00fablica inserido no Programa de Capacita\u00e7\u00e3o Profissional da Escola do Parlamento da CMSP.<\/p>\n<p><strong>Objetivo Geral:<\/strong> o curso \u00e9 um programa de capacita\u00e7\u00e3o, de curta dura\u00e7\u00e3o (20 horas-aula), que discute o alinhamento entre a fun\u00e7\u00e3o estrat\u00e9gica de planejamento governamental e o gerenciamento t\u00e1tico de programas, projetos e processos.<\/p>\n<p><strong>Objetivos Espec\u00edficos:<\/strong><\/p>\n<p>a. \u00a0\u00a0\u00a0 Desenvolver o conhecimento dos participantes acerca do papel do Planejamento Estrat\u00e9gico Governamental;<\/p>\n<p>b. \u00a0\u00a0\u00a0 Permitir aos participantes a compreens\u00e3o acerca das fun\u00e7\u00f5es fundamentais do Planejamento e Gest\u00e3o Governamental \u00a0no \u00e2mbito municipal;<\/p>\n<p>c. \u00a0\u00a0\u00a0\u00a0 Propiciar aos participantes a reflex\u00e3o sobre temas pertinentes, obter vis\u00e3o sobre as melhores pr\u00e1ticas de planejamento estrat\u00e9gico e gest\u00e3o em organiza\u00e7\u00f5es p\u00fablicas e saber como utilizar as principais t\u00e9cnicas de avalia\u00e7\u00e3o, desenho e redesenho de processos.<\/p>\n<p><strong>Metodologia:<\/strong> expositiva e vivencial, centrada em prele\u00e7\u00f5es dialogadas, discuss\u00f5es de casos e\/ou din\u00e2micas de grupo.<\/p>\n<p><strong>P\u00fablico Alvo:<\/strong> prioritariamente servidores p\u00fablicos da cidade de S\u00e3o Paulo, alocados em cargos\/fun\u00e7\u00f5es administrativas; servidores p\u00fablicos de mesmo perfil e cidad\u00e3os em geral.<\/p>\n<p><strong>Vagas:<\/strong> 90 (noventa).<\/p>\n<p><strong>Carga Hor\u00e1ria:<\/strong> 20 horas-aula (5 encontros de 4 horas-aula).<\/p>\n<p><strong>Certificado<\/strong>: todos os participantes que atingirem no m\u00ednimo 75% de frequ\u00eancia.<\/p>\n<p><strong>Programa\u00e7\u00e3o:<\/strong><\/p>\n<table>\n<tbody>\n<tr>\n<td><strong>Data<\/strong><\/td>\n<td><strong>Hora<\/strong><\/td>\n<td><strong>Local<\/strong><\/td>\n<td><strong>Tema<\/strong><\/td>\n<td><strong>Palestrante<\/strong><\/td>\n<\/tr>\n<tr>\n<td><strong>20\/10<\/strong><\/td>\n<td>19h-22:30h<\/td>\n<td>Sala S\u00e9rgio Vieira de Mello<\/td>\n<td>Planejamento Governamental: conceitos-chave, diretrizes e metodologias.<\/td>\n<td>Prof. Dr. Fernando Coelho<\/td>\n<\/tr>\n<tr>\n<td><strong>21\/10<\/strong><\/td>\n<td>19h-22:30h<\/td>\n<td>Sala S\u00e9rgio Vieira de Mello<\/td>\n<td>Metodologias de Planejamento Estrat\u00e9gico no Setor P\u00fablico<\/td>\n<td>Prof. Dr. Antonio Olenscki<\/td>\n<\/tr>\n<tr>\n<td><strong>22\/10<\/strong><\/td>\n<td>19h-22:30h<\/td>\n<td>Sala S\u00e9rgio Vieira de Mello<\/td>\n<td>Gest\u00e3o de Processos como Instrumentos de Apoio a Atividades<\/td>\n<td>Prof. Ms. Rafael Prado<\/td>\n<\/tr>\n<tr>\n<td><strong>23\/10<\/strong><\/td>\n<td>19h-22:30h<\/td>\n<td>Sala S\u00e9rgio Vieira de Mello<\/td>\n<td>Gest\u00e3o de Projetos: apoio a elabora\u00e7\u00e3o de programas.<\/td>\n<td>Prof\u00aa. Dr\u00aa. Ursula Peres<\/td>\n<\/tr>\n<tr>\n<td><strong>24\/10<\/strong><\/td>\n<td>19h-22:30h<\/td>\n<td>Sala S\u00e9rgio Vieira de Mello<\/td>\n<td>Workshop: aplica\u00e7\u00e3o dos conhecimentos em atividades vivencial.<\/td>\n<td>Prof. Ms. Rafael Prado<\/p>\n<p>Prof. Ms. Renato Eliseu<\/td>\n<\/tr>\n<\/tbody>\n<\/table>\n","protected":false},"excerpt":{"rendered":"<p>Justificativa: curso na \u00e1rea de gest\u00e3o p\u00fablica inserido no Programa de Capacita\u00e7\u00e3o Profissional da Escola do Parlamento da CMSP. Objetivo Geral: o curso \u00e9 um programa de capacita\u00e7\u00e3o, de curta dura\u00e7\u00e3o (20 horas-aula), que discute o alinhamento entre a fun\u00e7\u00e3o estrat\u00e9gica de planejamento governamental e o gerenciamento t\u00e1tico de programas, projetos e processos. Objetivos Espec\u00edficos: [&hellip;]<\/p>\n","protected":false},"author":127,"featured_media":0,"parent":1334,"menu_order":615,"comment_status":"closed","ping_status":"closed","template":"","meta":{"_acf_changed":false,"footnotes":""},"class_list":["post-3016","page","type-page","status-publish","hentry"],"acf":[],"_links":{"self":[{"href":"https:\/\/homolog.saopaulo.sp.leg.br\/escoladoparlamento\/wp-json\/wp\/v2\/pages\/3016","targetHints":{"allow":["GET"]}}],"collection":[{"href":"https:\/\/homolog.saopaulo.sp.leg.br\/escoladoparlamento\/wp-json\/wp\/v2\/pages"}],"about":[{"href":"https:\/\/homolog.saopaulo.sp.leg.br\/escoladoparlamento\/wp-json\/wp\/v2\/types\/page"}],"author":[{"embeddable":true,"href":"https:\/\/homolog.saopaulo.sp.leg.br\/escoladoparlamento\/wp-json\/wp\/v2\/users\/127"}],"replies":[{"embeddable":true,"href":"https:\/\/homolog.saopaulo.sp.leg.br\/escoladoparlamento\/wp-json\/wp\/v2\/comments?post=3016"}],"version-history":[{"count":3,"href":"https:\/\/homolog.saopaulo.sp.leg.br\/escoladoparlamento\/wp-json\/wp\/v2\/pages\/3016\/revisions"}],"predecessor-version":[{"id":3051,"href":"https:\/\/homolog.saopaulo.sp.leg.br\/escoladoparlamento\/wp-json\/wp\/v2\/pages\/3016\/revisions\/3051"}],"up":[{"embeddable":true,"href":"https:\/\/homolog.saopaulo.sp.leg.br\/escoladoparlamento\/wp-json\/wp\/v2\/pages\/1334"}],"wp:attachment":[{"href":"https:\/\/homolog.saopaulo.sp.leg.br\/escoladoparlamento\/wp-json\/wp\/v2\/media?parent=3016"}],"curies":[{"name":"wp","href":"https:\/\/api.w.org\/{rel}","templated":true}]}}