{"id":3018,"date":"2016-02-18T18:54:44","date_gmt":"2016-02-18T20:54:44","guid":{"rendered":"http:\/\/homolog.saopaulo.sp.leg.br\/escoladoparlamento\/?page_id=3018"},"modified":"2018-03-09T15:42:13","modified_gmt":"2018-03-09T18:42:13","slug":"processo-legislativo-2014","status":"publish","type":"page","link":"https:\/\/homolog.saopaulo.sp.leg.br\/escoladoparlamento\/cursos\/cursos-anteriores\/cursos-realizados-em-2014\/processo-legislativo-2014\/","title":{"rendered":"Processo Legislativo 2014"},"content":{"rendered":"<p><strong>Objetivos:<\/strong> Permitir aos participantes a compreens\u00e3o acerca do funcionamento do Poder Legislativo no \u00e2mbito do Munic\u00edpio de S\u00e3o Paulo; Propiciar aos participantes o conhecimento acerca do processo legislativo, tanto no que diz respeito \u00e0s pr\u00e1ticas regimentais e procedimentais que lhes s\u00e3o constitutivas, quanto, tamb\u00e9m, nos aspectos relativos \u00e0 pr\u00e1tica pol\u00edtica que o caracteriza.<\/p>\n<ol>\n<li>Permitir aos participantes a compreens\u00e3o acerca das fun\u00e7\u00f5es e prerrogativas fundamentais da C\u00e2mara Municipal de S\u00e3o Paulo<\/li>\n<li>Instrumentalizar os participantes quanto \u00e0 identifica\u00e7\u00e3o das estruturas organizacionais envolvidas no processo legislativo;<\/li>\n<li>Propiciar ao participante o conhecimento e identifica\u00e7\u00e3o dos dispositivos e instrumentos legais que fundamentam o processo legislativo;<\/li>\n<li>Desenvolver o conhecimento dos participantes acerca dos elementos, procedimentos e tr\u00e2mites, que constituem o Processo Legislativo;<\/li>\n<li>Favorecer a compreens\u00e3o acerca das fun\u00e7\u00f5es prec\u00edpuas do agente pol\u00edtico;<\/li>\n<li>Favorecer a compreens\u00e3o acerca do agente profissional que presta consultoria e assessoramento no processo legislativo;<\/li>\n<\/ol>\n<p><strong>P\u00fablico Alvo:\u00a0<\/strong>O Curso destina-se a interessados seja na compreens\u00e3o ou no aprofundamento acerca do funcionamento do Processo Legislativo, ou seja: Funcion\u00e1rios da CMSP; Servidores dos Gabinetes de Vereadores da CMSP; Membros de Organiza\u00e7\u00f5es da Sociedade Civil; Vereadores, funcion\u00e1rios e servidores de C\u00e2maras Municipais que comp\u00f5em o Parlamento.<\/p>\n<p><strong>Carga Hor\u00e1ria:<\/strong> 20h<\/p>\n<p>&nbsp;<\/p>\n<p>O Curso ocorrer\u00e1 na sala Oscar Pedroso Horta, no 1\u00b0 subsolo, nas datas abaixo, das 9h \u00e0s 12h, com exce\u00e7\u00e3o do dia 26\/09* das 09h \u00e0s 16h:<\/p>\n<p><strong>Programa\u00e7\u00e3o:<\/strong><\/p>\n<table>\n<tbody>\n<tr>\n<td><strong>Data<\/strong><\/td>\n<td><strong>Tema<\/strong><\/td>\n<td><strong>Palestrante <\/strong><\/td>\n<\/tr>\n<tr>\n<td>22\/09 09h30<\/p>\n<p>22\/09 10h30-12h<\/p>\n<p>&nbsp;<\/td>\n<td><strong>Abertura do Curso <\/strong><\/p>\n<p><strong>\u00a0<\/strong><strong>O Estado Moderno<\/strong><\/p>\n<p>Elementos gerais sobre a constitui\u00e7\u00e3o do Estado moderno; a proposi\u00e7\u00e3o de divis\u00e3o dos Poderes e a constitui\u00e7\u00e3o do Poder Legislativo no Brasil. A rela\u00e7\u00e3o entre Estado e Sociedade.<\/td>\n<td><strong>Presidente Jos\u00e9 Am\u00e9rico<\/strong><\/p>\n<p><strong>Leonardo Barbagallo<\/strong><\/p>\n<p>(Diretor Acad\u00eamico da Escola do Parlamento)<\/td>\n<\/tr>\n<tr>\n<td>23\/09<\/p>\n<p>9h- 12h<\/td>\n<td><strong>\u00a0<\/strong><strong>O Poder Legislativo no Brasil<\/strong><\/p>\n<p>O Poder Legislativo na sociedade brasileira e sua conforma\u00e7\u00e3o nos \u00e2mbitos federal, estadual e municipal \u2013 o Congresso Nacional, as Assembleias Legislativas e as C\u00e2maras Municipais; Fun\u00e7\u00f5es e prerrogativas do Poder Legislativo.<\/td>\n<td><strong>Rosana Schwartz<\/strong><\/p>\n<p>(Historiadora)<\/td>\n<\/tr>\n<tr>\n<td>&nbsp;<\/p>\n<p>&nbsp;<\/p>\n<p>24\/09<\/p>\n<p>09h- 10h30<\/p>\n<p>24\/09<\/p>\n<p>10h30\u2013 12h<\/p>\n<p>&nbsp;<\/td>\n<td><strong>\u00a0<\/strong><strong>C\u00e2mara Municipal de S\u00e3o Paulo: estrutura organizacional e funcionamento <\/strong><\/p>\n<p>Estrutura organizacional: Mesa Diretora; Presid\u00eancia da CMSP; Gabinetes de Vereador; \u00f3rg\u00e3os constitutivos das \u00e1reas parlamentar e administrativa.<\/p>\n<p><strong>O Processo Legislativo<\/strong><\/p>\n<p>O Projeto de Lei: Iniciativa e proposi\u00e7\u00e3o do agente pol\u00edtico sobre as quest\u00f5es e os aspectos relativos \u00e0 constitucionalidade das mat\u00e9rias apresentadas.<\/td>\n<td><strong>Rodrigo Pimentel Pinto Ravena <\/strong>Secret\u00e1rio Geral Administrativo da CMSP<\/p>\n<p><strong>Caio M. de Carvalho Giannini<\/strong><\/p>\n<p>Secret\u00e1rio Geral Administrativo Adjunto da CMSP<\/td>\n<\/tr>\n<tr>\n<td>25\/09<\/p>\n<p>09h- 11h<\/p>\n<p>25\/09<\/p>\n<p>11h\u2013 12h<\/td>\n<td><strong>O Suporte Administrativo<\/strong><\/p>\n<p>Sobre os procedimentos administrativos presentes na consecu\u00e7\u00e3o do processo legislativo.<\/p>\n<p>&nbsp;<\/p>\n<p><strong>C\u00e2mara Municipal de S\u00e3o Paulo: os \u00f3rg\u00e3os de exerc\u00edcio do Poder Legislativo<\/strong><\/p>\n<p>Os \u00f3rg\u00e3os de exerc\u00edcio do Poder: o Plen\u00e1rio, Bancadas e Lideran\u00e7as, Comiss\u00f5es.<\/td>\n<td><strong>Andr\u00e9 Marcon <\/strong><\/p>\n<p>Secretaria das Comiss\u00f5es Permanentes de Processo Legislativo<\/p>\n<p><strong>Karen Lima Vieira<\/strong><\/p>\n<p>Secret\u00e1ria Geral Parlamentar \u2013 SGP<\/p>\n<p><strong>\u00a0<\/strong><\/td>\n<\/tr>\n<tr>\n<td>26\/09<\/p>\n<p>9h- 12h<\/p>\n<p>&nbsp;<\/p>\n<p>14h- 16h<\/td>\n<td><strong>\u00a0<\/strong><strong>Processo e Produ\u00e7\u00e3o Legislativa<\/strong><\/p>\n<p>A lei, seu significado na modernidade e a forma de sua produ\u00e7\u00e3o na CMSP; Agentes pol\u00edticos, servidores p\u00fablicos e popula\u00e7\u00e3o na produ\u00e7\u00e3o legislativa.<\/td>\n<td><strong>\u00a0<\/strong><strong>Consultores T\u00e9cnicos de SGP.52<\/strong><\/p>\n<p><strong>Karen Lima Vieira\u00a0<\/strong>Secret\u00e1ria Geral Parlamentar \u2013 SGP<\/td>\n<\/tr>\n<tr>\n<td>27\/09<\/p>\n<p>9h- 11h<\/p>\n<p>27\/09<\/p>\n<p>11h- 12h<\/td>\n<td><strong>\u00a0<\/strong><strong>O trabalho das Consultorias<\/strong><\/p>\n<p>Projetos de Lei e quest\u00f5es pr\u00f3prias \u00e0 Consultoria de Urbanismo e de Meio-ambiente;\u00a0 Projetos de Lei e quest\u00f5es pr\u00f3prias \u00e0 Consultoria da \u00c1rea Social; Projetos de Lei e quest\u00f5es pr\u00f3prias \u00e0 Consultoria de Administra\u00e7\u00e3o P\u00fablica.<\/p>\n<p><strong>A CTEO<\/strong><\/p>\n<p>Sobre a an\u00e1lise dos fatores e condi\u00e7\u00f5es or\u00e7ament\u00e1rios: apoio \u00e0s fun\u00e7\u00f5es do Poder Legislativo (legislar e fiscalizar); a estrutura or\u00e7ament\u00e1ria municipal e as atividades da CTEO; projetos e processos n\u00e3o diretamente relacionados a or\u00e7amento; coletas de dados e trabalhos de pesquisa.<\/p>\n<p>Sobre as an\u00e1lises de m\u00e9rito: Projetos de Lei e quest\u00f5es pr\u00f3prias \u00e0 Consultoria de Administra\u00e7\u00e3o P\u00fablica.<\/td>\n<td width=\"246\"><strong>Consultores T\u00e9cnicos de SGP.52<\/strong><\/p>\n<p><strong>Gilberto Rodrigues Hashimoto<\/strong><\/p>\n<p>Consultor Geral<\/td>\n<\/tr>\n<\/tbody>\n<\/table>\n<p>&nbsp;<\/p>\n","protected":false},"excerpt":{"rendered":"<p>Objetivos: Permitir aos participantes a compreens\u00e3o acerca do funcionamento do Poder Legislativo no \u00e2mbito do Munic\u00edpio de S\u00e3o Paulo; Propiciar aos participantes o conhecimento acerca do processo legislativo, tanto no que diz respeito \u00e0s pr\u00e1ticas regimentais e procedimentais que lhes s\u00e3o constitutivas, quanto, tamb\u00e9m, nos aspectos relativos \u00e0 pr\u00e1tica pol\u00edtica que o caracteriza. Permitir aos [&hellip;]<\/p>\n","protected":false},"author":127,"featured_media":0,"parent":1334,"menu_order":611,"comment_status":"closed","ping_status":"closed","template":"","meta":{"_acf_changed":false,"footnotes":""},"class_list":["post-3018","page","type-page","status-publish","hentry"],"acf":[],"_links":{"self":[{"href":"https:\/\/homolog.saopaulo.sp.leg.br\/escoladoparlamento\/wp-json\/wp\/v2\/pages\/3018","targetHints":{"allow":["GET"]}}],"collection":[{"href":"https:\/\/homolog.saopaulo.sp.leg.br\/escoladoparlamento\/wp-json\/wp\/v2\/pages"}],"about":[{"href":"https:\/\/homolog.saopaulo.sp.leg.br\/escoladoparlamento\/wp-json\/wp\/v2\/types\/page"}],"author":[{"embeddable":true,"href":"https:\/\/homolog.saopaulo.sp.leg.br\/escoladoparlamento\/wp-json\/wp\/v2\/users\/127"}],"replies":[{"embeddable":true,"href":"https:\/\/homolog.saopaulo.sp.leg.br\/escoladoparlamento\/wp-json\/wp\/v2\/comments?post=3018"}],"version-history":[{"count":3,"href":"https:\/\/homolog.saopaulo.sp.leg.br\/escoladoparlamento\/wp-json\/wp\/v2\/pages\/3018\/revisions"}],"predecessor-version":[{"id":8722,"href":"https:\/\/homolog.saopaulo.sp.leg.br\/escoladoparlamento\/wp-json\/wp\/v2\/pages\/3018\/revisions\/8722"}],"up":[{"embeddable":true,"href":"https:\/\/homolog.saopaulo.sp.leg.br\/escoladoparlamento\/wp-json\/wp\/v2\/pages\/1334"}],"wp:attachment":[{"href":"https:\/\/homolog.saopaulo.sp.leg.br\/escoladoparlamento\/wp-json\/wp\/v2\/media?parent=3018"}],"curies":[{"name":"wp","href":"https:\/\/api.w.org\/{rel}","templated":true}]}}