{"id":3020,"date":"2016-02-18T18:55:47","date_gmt":"2016-02-18T20:55:47","guid":{"rendered":"http:\/\/homolog.saopaulo.sp.leg.br\/escoladoparlamento\/?page_id=3020"},"modified":"2018-03-16T14:20:13","modified_gmt":"2018-03-16T17:20:13","slug":"sao-paulo-de-todos-os-imigrantes-2014","status":"publish","type":"page","link":"https:\/\/homolog.saopaulo.sp.leg.br\/escoladoparlamento\/cursos\/cursos-anteriores\/cursos-realizados-em-2014\/sao-paulo-de-todos-os-imigrantes-2014\/","title":{"rendered":"S\u00e3o Paulo de Todos os Imigrantes &#8211; 2014"},"content":{"rendered":"<p><iframe loading=\"lazy\" title=\"Milton Bellintani fala sobre os imigrantes em S\u00e3o Paulo\" width=\"640\" height=\"480\" src=\"https:\/\/www.youtube.com\/embed\/L9GFTpqxqXQ?feature=oembed\" frameborder=\"0\" allow=\"accelerometer; autoplay; clipboard-write; encrypted-media; gyroscope; picture-in-picture; web-share\" referrerpolicy=\"strict-origin-when-cross-origin\" allowfullscreen><\/iframe><\/p>\n<h2>10\/12\/2014<\/h2>\n<p><strong>Objetivos:\u00a0<\/strong>O presente semin\u00e1rio tem como objetivo geral abordar temas transversais \u00e0 vida do imigrante na cidade de S\u00e3o Paulo, retomar fatos hist\u00f3ricos, visualizar os tipos e mudan\u00e7as dos fluxos imigrat\u00f3rios, discutir mecanismos que visam garantir o acesso de pleno de direitos aos imigrantes, debater pol\u00edticas p\u00fablicas relacionadas tendo como foco principal integra\u00e7\u00e3o social e cultural proporcionada pelo interc\u00e2mbio de experi\u00eancias e vivencias das diferentes comunidades no espa\u00e7o p\u00fablico.<\/p>\n<p>a. Discutir a constru\u00e7\u00e3o conceitos: imigra\u00e7\u00e3o, refugio, divis\u00e3o social do trabalho, tr\u00e1fico de pessoas, trabalho an\u00e1logo \u00e0 escravid\u00e3o.<br \/>\nb. Favorecer a compreens\u00e3o de aspectos migrat\u00f3rios como algo pol\u00edtico e social que implicam na hierarquiza\u00e7\u00e3o, exclus\u00e3o e na viola\u00e7\u00e3o de direitos humanos em fun\u00e7\u00e3o da marca\u00e7\u00e3o de caracter\u00edsticas f\u00edsicas, sociais e \u00e9tnicas;<br \/>\nc. Refletir sobre pol\u00edticas p\u00fablicas voltadas aos imigrantes;<br \/>\nd. Promover a participa\u00e7\u00e3o dos imigrantes na defesa de seus direitos;<br \/>\ne. Abordar temas transversais \u00e0 tem\u00e1tica das migra\u00e7\u00f5es internacionais;<\/p>\n<p><strong>P\u00fablico Alvo:<\/strong> Cidad\u00e3os em Geral<\/p>\n<p><strong>Carga Hor\u00e1ria:<\/strong> 30h<\/p>\n<p>Programa\u00e7\u00e3o:<\/p>\n<p><strong>Mesa 01: Globaliza\u00e7\u00e3o, desigualdade e deslocamentos imigrat\u00f3rios.<\/strong><\/p>\n<p><strong>10h \u2013 13h<\/strong><\/p>\n<p>\u201cDiversidade humana na constru\u00e7\u00e3o de SP<br \/>\nAdriana Capuano de Oliveira<br \/>\nDoutora em Ci\u00eancias Sociais pela Universidade Estadual de Campinas, UNICAMP (2004). Atualmente \u00e9 Professora Adjunto na Universidade Federal do ABC, UFABC. \u00c9 coordenadora do Grupo de Estudos e Pesquisa em Migra\u00e7\u00f5es Internacionais: MIGREPI, e participa como membro do Grupo de Estudos sobre Di\u00e1logos Interculturais, GEDI, ligado ao IEA\/USP (instituto de Estudos Avan\u00e7ados da USP).<br \/>\n\u201cTr\u00e1fico de pessoas no Brasil: marco legal e conceitual\u201d<br \/>\nAntonio Rodrigues de Freitas Jr.<br \/>\nProfessor Associado da Faculdade de Direito Universidade de S\u00e3o Paulo &#8211; Largo de S\u00e3o Francisco (desde 2002) e Procurador Legislativo do Munic\u00edpio de S\u00e3o Paulo (em cujo quadro ingressou por concurso em 1991). Atua na \u00e1rea do Direito, com \u00eanfase em Direito do Trabalho, Administrativo, Direitos Humanos e Solu\u00e7\u00e3o N\u00e3o-Judici\u00e1ria de Conflitos. Foi Secret\u00e1rio Nacional de Justi\u00e7a, do Minist\u00e9rio da Justi\u00e7a (2002). \u00c9 Diretor Executivo da Escola do Parlamento, da C\u00e2mara Municipal de S\u00e3o Paulo.<br \/>\n\u201cCombate ao trabalho an\u00e1logo \u00e0 escravid\u00e3o na Cidade de S\u00e3o Paulo\u201d<br \/>\nRenato Bignami<br \/>\nCoordenador do programa de erradica\u00e7\u00e3o do trabalho escravo do Minist\u00e9rio do Trabalho em S\u00e3o Paulo<br \/>\n\u201cA \u2018Nova\u2019 Lei de Imigra\u00e7\u00e3o: da seguran\u00e7a nacional \u00e0 promo\u00e7\u00e3o de direitos\u201d<br \/>\nDeisy Ventura<br \/>\nInstituto de Rela\u00e7\u00f5es Internacionais da Universidade de S\u00e3o Paulo (IRI-USP) coordena o Grupo de Estudos sobre Internacionaliza\u00e7\u00e3o do Direito e Justi\u00e7a de Transi\u00e7\u00e3o (IDEJUST, conv\u00eanio USP\/Minist\u00e9rio da Justi\u00e7a) e o projeto de extens\u00e3o universit\u00e1ria Cosm\u00f3polis (parceria com a Prefeitura Municipal de S\u00e3o Paulo)<br \/>\n13h \u2013 14h<br \/>\nIntervalo para almo\u00e7o<br \/>\n14h \u2013 17h<br \/>\nMesa 02: Imigrantes na Cidade \u2013 novos fluxos, sistemas de acolhida, pol\u00edticas p\u00fablicas e principais demandas.<br \/>\n\u201cA garantia do direito \u00e0 educa\u00e7\u00e3o escolar de imigrantes em S\u00e3o Paulo\u201d<br \/>\nTatiana Waldmann \u2013 Museu da Imigra\u00e7\u00e3o<br \/>\n\u00c9 doutoranda na \u00e1rea de concentra\u00e7\u00e3o de Direitos Humanos do Programa de P\u00f3s-Gradua\u00e7\u00e3o da Faculdade de Direito da Universidade de S\u00e3o Paulo (FDUSP) e mestre em Direito Humanos pelo mesmo Programa (FDUSP, 2012), onde desenvolveu a disserta\u00e7\u00e3o O acesso \u00e0 educa\u00e7\u00e3o escolar de imigrantes em S\u00e3o Paulo: a trajet\u00f3ria de um direito, aprovada e financiada pela FAPESP<br \/>\n\u201cRefugiados em S\u00e3o Paulo\u201d<br \/>\nMaria Cristina Morelli \u2013 Caritas \/SP<br \/>\nCoordenadora do Centro de Acolhida de Refugiados em S\u00e3o Paulo<br \/>\n\u201cNovos imigrantes na Cidade\u201d<br \/>\nEliza Donda \u2013 Miss\u00e3o Paz<br \/>\n\u00c9 advogada, inscrita na OAB S\u00e3o Paulo. Possui gradua\u00e7\u00e3o em Direito pelo Centro Universit\u00e1rio de Rio Preto (2008), especializa\u00e7\u00e3o em Direito Internacional e Econ\u00f4mico pela Universidade Estadual de Londrina (2011) e em Direitos Humanos pela Universidade de Coimbra (2011). Tem experi\u00eancia na \u00e1rea de Direito, com \u00eanfase em Direito Internacional, Direito Internacional Humanit\u00e1rio, Direitos Humanos, Direito Civil, Penal, Trabalhista e Previdenci\u00e1rio.<br \/>\n\u201cCRAI \u2013 Centro de Refer\u00eancia e Acolhida para imigrantes na cidade de S\u00e3o Paulo\u201d<br \/>\nCleyton Borges \u2013 coordenador do CRAI<br \/>\nO CRAI-SP visa atender as necessidades e demandas espec\u00edficas desta popula\u00e7\u00e3o. \u00c9 uma estrutura que reuni os servi\u00e7os de acolhida, forma\u00e7\u00e3o e orienta\u00e7\u00e3o especializada para os imigrantes em tr\u00e2nsito ou moradores, procurando garantir que dificuldades espec\u00edficas na chegada ao Brasil sejam minimizadas e sua inclus\u00e3o social, facilitada.<br \/>\n19h \u2013 22h<br \/>\nCLUBE DE CINEMA: \u201cNingu\u00e9m sabe onde fica o Haiti\u201d<br \/>\nHenrique Maffei<br \/>\nDiretor do filme<br \/>\n\u201cS\u00e3o Paulo: o Haiti \u00e9 aqui\u201d<br \/>\nJo\u00e3o Paulo Charleaux<br \/>\nJo\u00e3o Paulo Charleaux \u00e9 jornalista. \u00c9 editor da revista eletr\u00f4nica VICE. Ex-coordenador de Comunica\u00e7\u00e3o da Conectas. Por 12 anos coordenou os cursos de informa\u00e7\u00e3o sobre jornalismo em situa\u00e7\u00f5es de conflito armado e outras situa\u00e7\u00f5es de viol\u00eancia realizados em S\u00e3o Paulo pelo Comit\u00ea Internacional da Cruz Vermelha (CICV), a Obor\u00e9 Projetos Especiais, a Abraji e as principais faculdades de jornalismo de S\u00e3o Paulo. Foi porta-voz do CICV para Brasil, Argentina, Chile, Uruguai e Paraguai (2001-2008). Desenvolveu um trabalho persistente de inserir temas do Direito Internacional Humanit\u00e1rio (DIH) no jornalismo brasileiro.<br \/>\n\u201cDeslocamentos Ambientais For\u00e7ados\u201d<br \/>\n\u00c9rika Pires Ramos Procuradora federal da Advocacia-Geral da uni\u00e3o com atua\u00e7\u00e3o no IBAMA em S\u00e3o Paulo. Doutora em Direito Internacional P\u00fablico pela Universidade de S\u00e3o Paulo). Pesquisadora do N\u00facleo de Estudo e Pesquisa sobre Deslocados Ambientais (NEPDA\/UEPB) e do Instituto Brasileiro para o Direito das Mudan\u00e7as Clim\u00e1ticas. Fundadora da RESAMA &#8211; Rede Sul Americana para as Migra\u00e7\u00f5es Ambientais. Climate Leader formada pelo Climate Reality Leadership Corps\/Climate Reality Project. Volunt\u00e1ria na Cruz Vermelha Brasileira (Filial do Estado de S\u00e3o Paulo).<\/p>\n","protected":false},"excerpt":{"rendered":"<p>10\/12\/2014 Objetivos:\u00a0O presente semin\u00e1rio tem como objetivo geral abordar temas transversais \u00e0 vida do imigrante na cidade de S\u00e3o Paulo, retomar fatos hist\u00f3ricos, visualizar os tipos e mudan\u00e7as dos fluxos imigrat\u00f3rios, discutir mecanismos que visam garantir o acesso de pleno de direitos aos imigrantes, debater pol\u00edticas p\u00fablicas relacionadas tendo como foco principal integra\u00e7\u00e3o social e [&hellip;]<\/p>\n","protected":false},"author":127,"featured_media":0,"parent":1334,"menu_order":612,"comment_status":"closed","ping_status":"closed","template":"","meta":{"_acf_changed":false,"footnotes":""},"class_list":["post-3020","page","type-page","status-publish","hentry"],"acf":[],"_links":{"self":[{"href":"https:\/\/homolog.saopaulo.sp.leg.br\/escoladoparlamento\/wp-json\/wp\/v2\/pages\/3020","targetHints":{"allow":["GET"]}}],"collection":[{"href":"https:\/\/homolog.saopaulo.sp.leg.br\/escoladoparlamento\/wp-json\/wp\/v2\/pages"}],"about":[{"href":"https:\/\/homolog.saopaulo.sp.leg.br\/escoladoparlamento\/wp-json\/wp\/v2\/types\/page"}],"author":[{"embeddable":true,"href":"https:\/\/homolog.saopaulo.sp.leg.br\/escoladoparlamento\/wp-json\/wp\/v2\/users\/127"}],"replies":[{"embeddable":true,"href":"https:\/\/homolog.saopaulo.sp.leg.br\/escoladoparlamento\/wp-json\/wp\/v2\/comments?post=3020"}],"version-history":[{"count":5,"href":"https:\/\/homolog.saopaulo.sp.leg.br\/escoladoparlamento\/wp-json\/wp\/v2\/pages\/3020\/revisions"}],"predecessor-version":[{"id":8861,"href":"https:\/\/homolog.saopaulo.sp.leg.br\/escoladoparlamento\/wp-json\/wp\/v2\/pages\/3020\/revisions\/8861"}],"up":[{"embeddable":true,"href":"https:\/\/homolog.saopaulo.sp.leg.br\/escoladoparlamento\/wp-json\/wp\/v2\/pages\/1334"}],"wp:attachment":[{"href":"https:\/\/homolog.saopaulo.sp.leg.br\/escoladoparlamento\/wp-json\/wp\/v2\/media?parent=3020"}],"curies":[{"name":"wp","href":"https:\/\/api.w.org\/{rel}","templated":true}]}}