{"id":3115,"date":"2016-02-22T19:07:06","date_gmt":"2016-02-22T22:07:06","guid":{"rendered":"http:\/\/homolog.saopaulo.sp.leg.br\/escoladoparlamento\/?page_id=3115"},"modified":"2016-02-22T19:07:06","modified_gmt":"2016-02-22T22:07:06","slug":"semana-da-transparencia-orcamentaria","status":"publish","type":"page","link":"https:\/\/homolog.saopaulo.sp.leg.br\/escoladoparlamento\/cursos\/cursos-anteriores\/cursos-realizados-em-2014\/semana-da-transparencia-orcamentaria\/","title":{"rendered":"Semana da Transpar\u00eancia Or\u00e7ament\u00e1ria"},"content":{"rendered":"<p><strong><em>Semin\u00e1rio de Abertura<\/em><\/strong><\/p>\n<p><strong>Data:<\/strong> 25 de novembro<\/p>\n<p><strong>Local:<\/strong> C\u00e2mara Municipal de S\u00e3o Paulo (Viaduto Jacare\u00ed, 100 &#8211; Plen\u00e1rio 1\u00ba de Maio \u2013 Bela Vista)<\/p>\n<p><strong>P\u00fablico-alvo:<\/strong> atores p\u00fablicos, organiza\u00e7\u00f5es da sociedade civil, lideran\u00e7as comunit\u00e1rias e cidad\u00e3os em geral<\/p>\n<p><strong>Custo:<\/strong> Gratuito<\/p>\n<p><strong>Vagas:<\/strong>\u00a0300<\/p>\n<p><strong>Certifica\u00e7\u00e3o:<\/strong> os participantes ser\u00e3o certificados pelos organizadores do Semin\u00e1rio.<\/p>\n<p><strong>Inscri\u00e7\u00f5es:<\/strong> De 18 a 24 de novembro (ou at\u00e9 preenchimento das vagas).<\/p>\n<p><strong>Realiza\u00e7\u00e3o e Organiza\u00e7\u00e3o:<\/strong><\/p>\n<p><img loading=\"lazy\" decoding=\"async\" class=\"aligncenter size-full wp-image-3116\" src=\"http:\/\/homolog.saopaulo.sp.leg.br\/escoladoparlamento\/wp-content\/uploads\/sites\/5\/2016\/02\/transpraencia-orc-LOGOS.jpg\" alt=\"transpraencia-orc-LOGOS\" width=\"620\" height=\"105\" srcset=\"https:\/\/homolog.saopaulo.sp.leg.br\/escoladoparlamento\/wp-content\/uploads\/sites\/5\/2016\/02\/transpraencia-orc-LOGOS.jpg 620w, https:\/\/homolog.saopaulo.sp.leg.br\/escoladoparlamento\/wp-content\/uploads\/sites\/5\/2016\/02\/transpraencia-orc-LOGOS-300x51.jpg 300w\" sizes=\"auto, (max-width: 620px) 100vw, 620px\" \/><\/p>\n<p><strong>Contatos:<\/strong> (11) 3396-4020 ou <a href=\"mailto:escoladoparlamento@saopaulo.sp.leg.br\">escoladoparlamento@saopaulo.sp.leg.br<\/a> Este endere\u00e7o de e-mail est\u00e1 protegido contra spambots. Voc\u00ea deve habilitar o JavaScript para visualiz\u00e1-lo.<\/p>\n<p><strong>Programa\u00e7\u00e3o:<\/strong><\/p>\n<p><strong>Abertura oficial (9:00h \u00e0s 9:30h)<\/strong><\/p>\n<p><strong><em>9:30h \u2013 11:15h: Painel \u201cA import\u00e2ncia da Transpar\u00eancia Or\u00e7ament\u00e1ria e seus impactos\u201d <\/em><\/strong><\/p>\n<p><strong>Carlos Alexandre Nascimento &#8211;<\/strong>\u00a0Diretor Acad\u00eamico da Escola do Parlamento da C\u00e2mara Municipal de S\u00e3o Paulo com a palestra \u201cTranspar\u00eancia Or\u00e7ament\u00e1ria e seus impactos pol\u00edticos, sociais e econ\u00f4micos\u201d.<\/p>\n<p><strong>Paolo de Renzio &#8211;\u00a0<\/strong>Pesquisador Associado S\u00eanior da Open Budget Initiative com a palestra \u201cTranspar\u00eancia Or\u00e7ament\u00e1ria pelo mundo: um panorama do estado geral da transpar\u00eancia a partir da Pesquisa do Or\u00e7amento Aberto\u201d.<\/p>\n<p><strong><em>11:30h \u2013 13:00h: Painel \u201cTranspar\u00eancia Or\u00e7ament\u00e1ria no Brasil: experi\u00eancias governamentais\u201d<\/em><\/strong><strong><em>\u00a0<\/em><\/strong><\/p>\n<p><strong>Mariana Neubern de Souza Almeida<\/strong>\u00a0&#8211; Coordenadora de Planejamento da Secretaria Municipal de Planejamento, Or\u00e7amento e Gest\u00e3o de S\u00e3o Paulo (SEMPLA)<\/p>\n<p><strong>Fernanda Campagnucci<\/strong> &#8211; Assessora Especial da Coordenadoria de Promo\u00e7\u00e3o da Integridade da Controladoria Geral do Munic\u00edpio de S\u00e3o Paulo (CGM)<\/p>\n<p><strong>Leodelma de Marilac F\u00e9lix<\/strong>\u00a0&#8211; Analista de Finan\u00e7as e Controle da Controladoria Geral da Uni\u00e3o (CGU)<\/p>\n<p><strong>13:00h \u2013 14:00h: Almo\u00e7o<\/strong><\/p>\n<p><strong><em>\u00a0<\/em><\/strong><strong><em>14:00h \u2013 15:45h: Copa 2014: como est\u00e1 este jogo? Semin\u00e1rio S\u00e3o Paulo do Projeto Jogos Limpos \u2013 Instituto Ethos<\/em><\/strong><\/p>\n<p><strong>N\u00e1dia Campe\u00e3o<\/strong> \u2013 Vice Prefeita de S\u00e3o Paulo e respons\u00e1vel pelo SPCOPA \u2013 Comit\u00ea Especial para a Copa do Mundo de 2014<\/p>\n<p><strong>Professora Dra. M\u00f4nica de Carvalho<\/strong>\u00a0\u2013 Observat\u00f3rio das Metr\u00f3poles \u2013 N\u00facleo S\u00e3o Paulo \u2013 PUC\/SP<\/p>\n<p><strong>Ang\u00e9lica Rocha<\/strong>\u00a0\u2013 Instituto Ethos \u2013 Coordenadora Nacional do projeto Jogos Limpos<\/p>\n<p><strong>Mario Augusto Porto<\/strong>\u00a0\u2013 Corregedor do Estado de S\u00e3o Paulo \u2013 C\u00e2mara de Transpar\u00eancia \u2013 Comit\u00ea Paulista da Copa do Mundo FIFA 2014<\/p>\n<p><strong><em>16:00h \u2013 18:00h: Painel \u201cTranspar\u00eancia Or\u00e7ament\u00e1ria no Brasil: experi\u00eancias da sociedade civil\u201d<\/em><\/strong><strong><em>\u00a0<\/em><\/strong><\/p>\n<p><strong>Priscilla Brito<\/strong>\u00a0do CFEMEA (Centro Feminista de Estudos e Assessoria) com palestra sobre o Projeto Or\u00e7amento Mulher<\/p>\n<p><strong>Profa. Dra. Gisele S. Craveiro <\/strong>do\u00a0GPoPAI-USP (Grupo de Pesquisa em Pol\u00edticas P\u00fablicas para Acesso \u00e0 Informa\u00e7\u00e3o) e <strong>Cleomar Souza Manhas<\/strong> (Instituto de Estudos Socioecon\u00f4micos \u2013 Inesc) com palestra sobre o Projeto Transpar\u00eancia Or\u00e7ament\u00e1ria e Empoderamento dos Cidad\u00e3os<\/p>\n<p><strong>Prof. Odilon Guedes<\/strong>, membro do Grupo de Trabalho de Or\u00e7amento da Rede Nossa S\u00e3o Paulo. Economista, P\u00f3s Graduado em Economia pela PUC\/SP e Professor Universit\u00e1rio.<\/p>\n","protected":false},"excerpt":{"rendered":"<p>Semin\u00e1rio de Abertura Data: 25 de novembro Local: C\u00e2mara Municipal de S\u00e3o Paulo (Viaduto Jacare\u00ed, 100 &#8211; Plen\u00e1rio 1\u00ba de Maio \u2013 Bela Vista) P\u00fablico-alvo: atores p\u00fablicos, organiza\u00e7\u00f5es da sociedade civil, lideran\u00e7as comunit\u00e1rias e cidad\u00e3os em geral Custo: Gratuito Vagas:\u00a0300 Certifica\u00e7\u00e3o: os participantes ser\u00e3o certificados pelos organizadores do Semin\u00e1rio. Inscri\u00e7\u00f5es: De 18 a 24 de [&hellip;]<\/p>\n","protected":false},"author":127,"featured_media":0,"parent":1334,"menu_order":586,"comment_status":"closed","ping_status":"closed","template":"","meta":{"_acf_changed":false,"footnotes":""},"class_list":["post-3115","page","type-page","status-publish","hentry"],"acf":[],"_links":{"self":[{"href":"https:\/\/homolog.saopaulo.sp.leg.br\/escoladoparlamento\/wp-json\/wp\/v2\/pages\/3115","targetHints":{"allow":["GET"]}}],"collection":[{"href":"https:\/\/homolog.saopaulo.sp.leg.br\/escoladoparlamento\/wp-json\/wp\/v2\/pages"}],"about":[{"href":"https:\/\/homolog.saopaulo.sp.leg.br\/escoladoparlamento\/wp-json\/wp\/v2\/types\/page"}],"author":[{"embeddable":true,"href":"https:\/\/homolog.saopaulo.sp.leg.br\/escoladoparlamento\/wp-json\/wp\/v2\/users\/127"}],"replies":[{"embeddable":true,"href":"https:\/\/homolog.saopaulo.sp.leg.br\/escoladoparlamento\/wp-json\/wp\/v2\/comments?post=3115"}],"version-history":[{"count":1,"href":"https:\/\/homolog.saopaulo.sp.leg.br\/escoladoparlamento\/wp-json\/wp\/v2\/pages\/3115\/revisions"}],"predecessor-version":[{"id":3117,"href":"https:\/\/homolog.saopaulo.sp.leg.br\/escoladoparlamento\/wp-json\/wp\/v2\/pages\/3115\/revisions\/3117"}],"up":[{"embeddable":true,"href":"https:\/\/homolog.saopaulo.sp.leg.br\/escoladoparlamento\/wp-json\/wp\/v2\/pages\/1334"}],"wp:attachment":[{"href":"https:\/\/homolog.saopaulo.sp.leg.br\/escoladoparlamento\/wp-json\/wp\/v2\/media?parent=3115"}],"curies":[{"name":"wp","href":"https:\/\/api.w.org\/{rel}","templated":true}]}}