{"id":3242,"date":"2016-02-29T15:02:31","date_gmt":"2016-02-29T18:02:31","guid":{"rendered":"http:\/\/homolog.saopaulo.sp.leg.br\/escoladoparlamento\/?page_id=3242"},"modified":"2018-08-09T16:49:52","modified_gmt":"2018-08-09T19:49:52","slug":"seminario-marco-regulatorio-para-as-politicas-metropolitanas","status":"publish","type":"page","link":"https:\/\/homolog.saopaulo.sp.leg.br\/escoladoparlamento\/cursos\/cursos-anteriores\/cursos-realizados-em-2011\/seminario-marco-regulatorio-para-as-politicas-metropolitanas\/","title":{"rendered":"Semin\u00e1rio Marco Regulat\u00f3rio para as Pol\u00edticas Metropolitanas"},"content":{"rendered":"<h2>Dia 30\/05\/2011, das 10h \u00e0s 12h45<\/h2>\n<p><strong>Objetivo:<\/strong> Abordar as quest\u00f5es sobre o desenvolvimento das regi\u00f5es metropolitanas no Brasil sob a \u00f3tica jur\u00eddica.<\/p>\n<p><strong>Local: <\/strong>Salas Tiradentes com retransmiss\u00e3o na Sala Lu\u00eds Ten\u00f3rio de Lima.<\/p>\n<p><strong>10:00 \u00e0s 10:30<\/strong> \u2013 Vocativos por um marco regulat\u00f3rio para a Regi\u00e3o Metropolitana de S\u00e3o Paulo: apontamentos introdut\u00f3rios.<\/p>\n<p><strong>Ant\u00f4nio Rodrigues de Freitas Junior:<\/strong> Mestre, Doutor e Livre-Docente pela USP. Professor Associado da Faculdade de Direito da USP, Procurador da CMSP e Diretor da Escola do Parlamento.<\/p>\n<p><strong>10:30 \u00e0s 11:30<\/strong> \u2013 Regi\u00e3o Metropolitana e Regime Constitucional<\/p>\n<p><strong>Pedro Estevam Alves Pinto Serrano:<\/strong> Mestre e Doutor em Direito de Estado pela PUC de S\u00e3o Paulo. Professor de Direito Constitucional e de Fundamentos de Direito P\u00fablico na PUC\/SP, advogado s\u00f3cio da Tojal, Teixeira Ferreira, Serrano e Renault Advogados Associados, e autor, entre outros, do livro \u201cRegi\u00e3o Metropolitana e seu Regime Constitucional\u201d.<\/p>\n<p><strong>11:30 \u00e0s 11:45<\/strong> \u2013 Intervalo.<\/p>\n<p><strong>11:45 \u00e0s 12:45<\/strong> \u2013 Termo de Coopera\u00e7\u00e3o para institui\u00e7\u00e3o do Parlamento Metropolitano da Grande S\u00e3o Paulo. Hist\u00f3rico, aspectos jur\u00eddicos e experi\u00eancias afins. PLC Estadual n\u00ba 06\/2005 e Estatuto da Metr\u00f3pole<\/p>\n<p><strong>Carlos Benedito Vieira Micelli:<\/strong> Bacharel em Direito pelo Centro Universit\u00e1rio de Araraquara, p\u00f3s-graduado em Direito P\u00fablico no Centro Universit\u00e1rio Salesiano e Procurador da CMSP.<\/p>\n<p><strong>Concei\u00e7\u00e3o Faria da Silva:<\/strong> Bacharel em Ci\u00eancias Jur\u00eddicas pela Universidade Paulista, p\u00f3s graduada em Direito P\u00fablico pela Escola Paulista da Magistratura e Procuradora da CMSP<\/p>\n","protected":false},"excerpt":{"rendered":"<p>Dia 30\/05\/2011, das 10h \u00e0s 12h45 Objetivo: Abordar as quest\u00f5es sobre o desenvolvimento das regi\u00f5es metropolitanas no Brasil sob a \u00f3tica jur\u00eddica. Local: Salas Tiradentes com retransmiss\u00e3o na Sala Lu\u00eds Ten\u00f3rio de Lima. 10:00 \u00e0s 10:30 \u2013 Vocativos por um marco regulat\u00f3rio para a Regi\u00e3o Metropolitana de S\u00e3o Paulo: apontamentos introdut\u00f3rios. Ant\u00f4nio Rodrigues de Freitas [&hellip;]<\/p>\n","protected":false},"author":127,"featured_media":0,"parent":2592,"menu_order":560,"comment_status":"closed","ping_status":"closed","template":"","meta":{"_acf_changed":false,"footnotes":""},"class_list":["post-3242","page","type-page","status-publish","hentry"],"acf":[],"_links":{"self":[{"href":"https:\/\/homolog.saopaulo.sp.leg.br\/escoladoparlamento\/wp-json\/wp\/v2\/pages\/3242","targetHints":{"allow":["GET"]}}],"collection":[{"href":"https:\/\/homolog.saopaulo.sp.leg.br\/escoladoparlamento\/wp-json\/wp\/v2\/pages"}],"about":[{"href":"https:\/\/homolog.saopaulo.sp.leg.br\/escoladoparlamento\/wp-json\/wp\/v2\/types\/page"}],"author":[{"embeddable":true,"href":"https:\/\/homolog.saopaulo.sp.leg.br\/escoladoparlamento\/wp-json\/wp\/v2\/users\/127"}],"replies":[{"embeddable":true,"href":"https:\/\/homolog.saopaulo.sp.leg.br\/escoladoparlamento\/wp-json\/wp\/v2\/comments?post=3242"}],"version-history":[{"count":5,"href":"https:\/\/homolog.saopaulo.sp.leg.br\/escoladoparlamento\/wp-json\/wp\/v2\/pages\/3242\/revisions"}],"predecessor-version":[{"id":10233,"href":"https:\/\/homolog.saopaulo.sp.leg.br\/escoladoparlamento\/wp-json\/wp\/v2\/pages\/3242\/revisions\/10233"}],"up":[{"embeddable":true,"href":"https:\/\/homolog.saopaulo.sp.leg.br\/escoladoparlamento\/wp-json\/wp\/v2\/pages\/2592"}],"wp:attachment":[{"href":"https:\/\/homolog.saopaulo.sp.leg.br\/escoladoparlamento\/wp-json\/wp\/v2\/media?parent=3242"}],"curies":[{"name":"wp","href":"https:\/\/api.w.org\/{rel}","templated":true}]}}