{"id":3380,"date":"2016-03-08T16:33:54","date_gmt":"2016-03-08T19:33:54","guid":{"rendered":"http:\/\/homolog.saopaulo.sp.leg.br\/escoladoparlamento\/?page_id=3380"},"modified":"2018-05-11T16:47:47","modified_gmt":"2018-05-11T19:47:47","slug":"direitos-das-pessoas-com-deficiencia","status":"publish","type":"page","link":"https:\/\/homolog.saopaulo.sp.leg.br\/escoladoparlamento\/cursos\/cursos-anteriores\/cursos-realizados-em-2016\/direitos-das-pessoas-com-deficiencia\/","title":{"rendered":"Direitos das Pessoas com Defici\u00eancia"},"content":{"rendered":"<p><strong>Objetivos:<\/strong> Apresentar a Conven\u00e7\u00e3o sobre os Direitos das Pessoas com Defici\u00eancia, desde as origens de seus conceitos nos movimentos sociais at\u00e9 a discuss\u00e3o de sua efetiva\u00e7\u00e3o pelos agentes p\u00fablicos, passando por seu processo de ratifica\u00e7\u00e3o, prop\u00f3sitos, princ\u00edpios gerais e principais t\u00f3picos e artigos. A proposta prev\u00ea a articula\u00e7\u00e3o desses componentes te\u00f3rico-pol\u00edticos com situa\u00e7\u00f5es cotidianas que auxiliem na compreens\u00e3o e na formula\u00e7\u00e3o de propostas de atua\u00e7\u00e3o em pol\u00edticas p\u00fablicas em prol de mudan\u00e7as visando a amplia\u00e7\u00e3o do acesso a direitos e participa\u00e7\u00e3o plena dessa parcela da popula\u00e7\u00e3o, inclusive com a formula\u00e7\u00e3o de leis e normativas para implementa\u00e7\u00e3o dessa Conven\u00e7\u00e3o em \u00e2mbito municipal.<\/p>\n<p><strong>Diretor Respons\u00e1vel:<\/strong> Christy Ganzert Pato<\/p>\n<p><strong>Coordenador:<\/strong> Ant\u00f4nio Carlos Munhoz<\/p>\n<p><strong>P\u00fablico Alvo:<\/strong> Promotores, defensores p\u00fablicos, membros de conselhos de direitos e demais operadores do Direito, gestores e t\u00e9cnicos de pol\u00edticas p\u00fablicas relacionadas aos direitos sociais, lideran\u00e7as comunit\u00e1rias, pessoas que atuem no poder legislativo, estudantes e cidad\u00e3os em geral.<\/p>\n<p><strong>Carga Hor\u00e1ria Total:<\/strong> 21h<\/p>\n<p><strong>Vagas:<\/strong> 60<\/p>\n<h3><strong>Inscri\u00e7\u00f5es:<\/strong> ENCERRADAS.<\/h3>\n<p><strong>Programa\u00e7\u00e3o:<\/strong><\/p>\n<table>\n<tbody>\n<tr>\n<td><strong>Data<\/strong><\/td>\n<td><strong>Hora<\/strong><\/td>\n<td><strong>Local<\/strong><\/td>\n<td><strong>Palestrante<\/strong><\/td>\n<td><strong>Tema<\/strong><\/td>\n<\/tr>\n<tr>\n<td><strong>23\/05<\/strong><\/td>\n<td>19h \u2013 22h<\/td>\n<td><a title=\"Sala S\u00e9rgio Vieira de Mello \u2013 (\u201cSala A\u201d)\" href=\"http:\/\/homolog.saopaulo.sp.leg.br\/transparencia\/auditorios-online\/sala-sergio-vieira-de-mello-sala\/\">Sala S\u00e9rgio Vieira de Mello<\/a><\/td>\n<td>Eugenia Favero (Minist\u00e9rio P\u00fablico Federal); Fernanda Mota (Consultora &#8211;\u00a0CMSP); Sandra Reis (Ex-Presidente do Cons. Mun. da Pessoa com Defici\u00eancia de S\u00e3o Paulo); Tuca Munhoz (Coordenador do Curso); Christy Ganzert Pato (Escola do Parlamento)<\/td>\n<td>\u00a0<em>Semin\u00e1rio de Abertura.<\/em><\/td>\n<\/tr>\n<tr>\n<td><strong>31\/05<\/strong><\/td>\n<td>19h \u2013 22h<\/td>\n<td><a title=\"Sala S\u00e9rgio Vieira de Mello \u2013 (\u201cSala A\u201d)\" href=\"http:\/\/homolog.saopaulo.sp.leg.br\/transparencia\/auditorios-online\/sala-sergio-vieira-de-mello-sala\/\">Sala S\u00e9rgio Vieira de Mello<\/a><\/td>\n<td>Ana Rita de Paula<\/td>\n<td><em>Hist\u00f3ria do movimento pol\u00edtico das pessoas com defici\u00eancia.\u00a0<\/em><\/td>\n<\/tr>\n<tr>\n<td><strong>02\/06<\/strong><\/td>\n<td>19h \u2013 22h<\/td>\n<td><a title=\"Sala S\u00e9rgio Vieira de Mello \u2013 (\u201cSala A\u201d)\" href=\"http:\/\/homolog.saopaulo.sp.leg.br\/transparencia\/auditorios-online\/sala-sergio-vieira-de-mello-sala\/\">Sala S\u00e9rgio Vieira de Mello<\/a><\/td>\n<td>Ester Rizzi<\/td>\n<td>\u00a0<em>O processo de ratifica\u00e7\u00e3o e efetiva\u00e7\u00e3o da Conven\u00e7\u00e3o sobre os Direitos das Pessoas com Defici\u00eancia no Brasil.\u00a0<\/em><\/td>\n<\/tr>\n<tr>\n<td><strong>07\/06<\/strong><\/td>\n<td>19h \u2013 22h<\/td>\n<td><a title=\"Sala S\u00e9rgio Vieira de Mello \u2013 (\u201cSala A\u201d)\" href=\"http:\/\/homolog.saopaulo.sp.leg.br\/transparencia\/auditorios-online\/sala-sergio-vieira-de-mello-sala\/\">Sala S\u00e9rgio Vieira de Mello<\/a><\/td>\n<td>Luiz Henrique de Paula Concei\u00e7\u00e3o<\/td>\n<td>\u00a0<em>Conven\u00e7\u00e3o sobre os Direitos das Pessoas com Defici\u00eancia: prop\u00f3sito, defini\u00e7\u00f5es e princ\u00edpios gerais.\u00a0<\/em><\/td>\n<\/tr>\n<tr>\n<td><strong>09\/06<\/strong><\/td>\n<td>19h \u2013 22h<\/td>\n<td><a title=\"Sala S\u00e9rgio Vieira de Mello \u2013 (\u201cSala A\u201d)\" href=\"http:\/\/homolog.saopaulo.sp.leg.br\/transparencia\/auditorios-online\/sala-sergio-vieira-de-mello-sala\/\">Sala S\u00e9rgio Vieira de Mello<\/a><\/td>\n<td>Nadja Fialho<\/td>\n<td><em>Conceito de acessibilidade: aspectos hist\u00f3ricos e paradigma atual.\u00a0<\/em><\/td>\n<\/tr>\n<tr>\n<td><strong>14\/06<\/strong><\/td>\n<td>19h \u2013 22h<\/td>\n<td><a title=\"Sala S\u00e9rgio Vieira de Mello \u2013 (\u201cSala A\u201d)\" href=\"http:\/\/homolog.saopaulo.sp.leg.br\/transparencia\/auditorios-online\/sala-sergio-vieira-de-mello-sala\/\">Sala S\u00e9rgio Vieira de Mello<\/a><\/td>\n<td>M\u00edrian Ribeiro<\/td>\n<td><em>Sa\u00fade, habilita\u00e7\u00e3o e reabilita\u00e7\u00e3o: a efetiva\u00e7\u00e3o da Rede de Cuidados \u00e0 Pessoa com Defici\u00eancia no \u00e2mbito do Sistema \u00danico de Sa\u00fade.\u00a0<\/em><\/td>\n<\/tr>\n<tr>\n<td><strong>16\/06<\/strong><\/td>\n<td>19h \u2013 22h<\/td>\n<td><a title=\"Sala S\u00e9rgio Vieira de Mello \u2013 (\u201cSala A\u201d)\" href=\"http:\/\/homolog.saopaulo.sp.leg.br\/transparencia\/auditorios-online\/sala-sergio-vieira-de-mello-sala\/\">Sala S\u00e9rgio Vieira de Mello<\/a><\/td>\n<td>Liliane Garcez<\/td>\n<td><em>Educa\u00e7\u00e3o e trabalho: da Conven\u00e7\u00e3o \u00e0 Lei Brasileira de Inclus\u00e3o.\u00a0<\/em><\/td>\n<\/tr>\n<\/tbody>\n<\/table>\n<h6>Programa\u00e7\u00e3o sujeita a altera\u00e7\u00e3o.<\/h6>\n<p><strong>Bibliografia:<\/strong><\/p>\n<p>BRASIL. MS. Portaria 793 de 24 de abril de 2012. Institui a Rede de Cuidados \u00e0 Pessoa com Defici\u00eancia no \u00e2mbito do Sistema \u00danico de Sa\u00fade. Dispon\u00edvel em: <a href=\"http:\/\/bvsms.saude.gov.br\/bvs\/saudelegis\/gm\/2012\/prt0793_24_04_2012.html\">http:\/\/bvsms.saude.gov.br\/bvs\/saudelegis\/gm\/2012\/prt0793_24_04_2012.html<\/a><\/p>\n<p>BRASIL. Secretaria Nacional dos Direitos Humanos. <strong>Hist\u00f3ria do Movimento Pol\u00edtico das Pessoas com Defici\u00eancia no Brasil<\/strong> \/compilado por M\u00e1rio Cl\u00e9ber Martins Lanna J\u00fanior. &#8211; Bras\u00edlia: Secretaria de Direitos Humanos. Secretaria Nacional de Promo\u00e7\u00e3o dos Direitos da Pessoa com Defici\u00eancia, 2010. 443p. : il. 28&#215;24 cm.<\/p>\n<p>GON\u00c7ALVES, AS; GUAR\u00c1, IMFR. Redes de Prote\u00e7\u00e3o Social na Comunidade: por uma nova cultura de articula\u00e7\u00e3o e coopera\u00e7\u00e3o em rede. Cole\u00e7\u00e3o Abrigos em Movimento \u2013 SEDH\/NECA, 2009 \u2013 no prelo. Dispon\u00edvel em: <a href=\"http:\/\/www.neca.org.br\/fumcad2009\/2-enc-reg-01.09.09-texto-redes-isa.pdf\">http:\/\/www.neca.org.br\/fumcad2009\/2-enc-reg-01.09.09-texto-redes-isa.pdf<\/a><\/p>\n<p>MENESES, Muller Isabela, SNPDPCD, Capacita\u00e7\u00e3o em Acessibilidade.\u00a0<a href=\"http:\/\/www.pessoacomdeficiencia.gov.br\/app\/sites\/default\/files\/arquivos\/%5Bfield_generico_imagens-filefield-description%5D_72.pdf\">http:\/\/www.pessoacomdeficiencia.gov.br\/app\/sites\/default\/files\/arquivos\/%5Bfield_generico_imagens-filefield-description%5D_72.pdf <\/a><\/p>\n<p>S\u00c3O PAULO (Estado). Secretaria dos Direitos da Pessoa com Defici\u00eancia. Memorial da Inclus\u00e3o. <strong>30 anos do AIPD: Ano Internacional das Pessoas Deficientes 1981-2011<\/strong>. \/ Secretaria dos Direitos da Pessoa com Defici\u00eancia, Memorial da Inclus\u00e3o. \u2013 S\u00e3o Paulo: Imprensa Oficial do Estado de S\u00e3o Paulo, 2011.412 p. ISBN 978-85-64047-01-3<\/p>\n","protected":false},"excerpt":{"rendered":"<p>Objetivos: Apresentar a Conven\u00e7\u00e3o sobre os Direitos das Pessoas com Defici\u00eancia, desde as origens de seus conceitos nos movimentos sociais at\u00e9 a discuss\u00e3o de sua efetiva\u00e7\u00e3o pelos agentes p\u00fablicos, passando por seu processo de ratifica\u00e7\u00e3o, prop\u00f3sitos, princ\u00edpios gerais e principais t\u00f3picos e artigos. A proposta prev\u00ea a articula\u00e7\u00e3o desses componentes te\u00f3rico-pol\u00edticos com situa\u00e7\u00f5es cotidianas que [&hellip;]<\/p>\n","protected":false},"author":127,"featured_media":0,"parent":3097,"menu_order":559,"comment_status":"closed","ping_status":"closed","template":"","meta":{"_acf_changed":false,"footnotes":""},"class_list":["post-3380","page","type-page","status-publish","hentry"],"acf":[],"_links":{"self":[{"href":"https:\/\/homolog.saopaulo.sp.leg.br\/escoladoparlamento\/wp-json\/wp\/v2\/pages\/3380","targetHints":{"allow":["GET"]}}],"collection":[{"href":"https:\/\/homolog.saopaulo.sp.leg.br\/escoladoparlamento\/wp-json\/wp\/v2\/pages"}],"about":[{"href":"https:\/\/homolog.saopaulo.sp.leg.br\/escoladoparlamento\/wp-json\/wp\/v2\/types\/page"}],"author":[{"embeddable":true,"href":"https:\/\/homolog.saopaulo.sp.leg.br\/escoladoparlamento\/wp-json\/wp\/v2\/users\/127"}],"replies":[{"embeddable":true,"href":"https:\/\/homolog.saopaulo.sp.leg.br\/escoladoparlamento\/wp-json\/wp\/v2\/comments?post=3380"}],"version-history":[{"count":5,"href":"https:\/\/homolog.saopaulo.sp.leg.br\/escoladoparlamento\/wp-json\/wp\/v2\/pages\/3380\/revisions"}],"predecessor-version":[{"id":9519,"href":"https:\/\/homolog.saopaulo.sp.leg.br\/escoladoparlamento\/wp-json\/wp\/v2\/pages\/3380\/revisions\/9519"}],"up":[{"embeddable":true,"href":"https:\/\/homolog.saopaulo.sp.leg.br\/escoladoparlamento\/wp-json\/wp\/v2\/pages\/3097"}],"wp:attachment":[{"href":"https:\/\/homolog.saopaulo.sp.leg.br\/escoladoparlamento\/wp-json\/wp\/v2\/media?parent=3380"}],"curies":[{"name":"wp","href":"https:\/\/api.w.org\/{rel}","templated":true}]}}