{"id":3479,"date":"2016-03-16T13:30:52","date_gmt":"2016-03-16T16:30:52","guid":{"rendered":"http:\/\/homolog.saopaulo.sp.leg.br\/escoladoparlamento\/?page_id=3479"},"modified":"2016-03-16T13:30:52","modified_gmt":"2016-03-16T16:30:52","slug":"programa-de-formacao-de-conselheiros-de-juventude-de-sao-paulo","status":"publish","type":"page","link":"https:\/\/homolog.saopaulo.sp.leg.br\/escoladoparlamento\/cursos\/cursos-anteriores\/cursos-realizados-em-2012\/programa-de-formacao-de-conselheiros-de-juventude-de-sao-paulo\/","title":{"rendered":"Programa de Forma\u00e7\u00e3o de Conselheiros de Juventude de S\u00e3o Paulo"},"content":{"rendered":"<p>A Escola do Parlamento da C\u00e2mara Municipal de S\u00e3o Paulo, em parceria com o Conselho de Juventude de S\u00e3o Paulo e com a Escola de Artes, Ci\u00eancias e Humanidades da Universidade de S\u00e3o Paulo (EACH-USP), promover\u00e1 o <strong>Programa de Forma\u00e7\u00e3o de Conselheiros de Juventude de S\u00e3o Paulo<\/strong>. A iniciativa tem como objetivo organizar e sistematizar conhecimentos e saberes que potencializem a atua\u00e7\u00e3o dos Conselheiros eleitos e convidados junto ao Conselho de Juventude de S\u00e3o Paulo. O Programa de Forma\u00e7\u00e3o est\u00e1 estruturado em quatro m\u00f3dulos, contando com palestras de especialistas em pol\u00edticas p\u00fablicas e assuntos de relev\u00e2ncia para a juventude.<\/p>\n<p><strong>Quando:<\/strong> 01 de Dezembro de 2012, das 9h \u00e0s 17h<\/p>\n<p><strong>Onde:<\/strong> C\u00e2mara Municipal de S\u00e3o Paulo, Plen\u00e1rio 1\u00ba de Maio (Viaduto Jacare\u00ed, 100 \u2013 1\u00ba Andar)<\/p>\n<p><strong>Programa\u00e7\u00e3o:<\/strong><\/p>\n<p><strong>M\u00f3dulo 1: Pol\u00edtica Nacional de Juventude (9h \u00e0s 10:30h)<\/strong><\/p>\n<p>Expositor: Prof. Dr. Fernando Coelho (USP)<\/p>\n<p><strong>M\u00f3dulo 2: Democracia Participativa, Movimentos Sociais e Participa\u00e7\u00e3o Pol\u00edtica (10:45h \u00e0s 12:15h) <\/strong><\/p>\n<p>Expositor: Prof. Dr. Humberto Dantas (INSPER)<\/p>\n<p><strong>Intervalo para almo\u00e7o (12:15h \u00e0s 13:30h)<\/strong><\/p>\n<p><strong>M\u00f3dulo 3: Igualdade e Diversidade (13:30h \u00e0s 15h) <\/strong><\/p>\n<p>Expositor: Prof. Dr. Alessandro Soares da Silva (USP)<\/p>\n<p><strong>M\u00f3dulo 4: Juventude Paulistana: Perspectivas e Pol\u00edticas de\/para\/com Juventude (15:15h \u00e0s 16:45h)<\/strong><\/p>\n<p>Expositor: Prof. Esp. Alexandre Piero (ETEC\/Cepam)<\/p>\n<p>As\u00a0solicita\u00e7\u00f5es de informa\u00e7\u00e3o devem ser encaminhadas ao Conselho Municipal da Juventude, por meio do tel. (11) 3113-9725 (falar com Roberta) ou pelo email <a href=\"mailto:conselhojuventude@prefeitura.sp.gov.br\">conselhojuventude@prefeitura.sp.gov.br<\/a> Este endere\u00e7o de e-mail est\u00e1 protegido contra spambots. Voc\u00ea deve habilitar o JavaScript para visualiz\u00e1-lo.<\/p>\n","protected":false},"excerpt":{"rendered":"<p>A Escola do Parlamento da C\u00e2mara Municipal de S\u00e3o Paulo, em parceria com o Conselho de Juventude de S\u00e3o Paulo e com a Escola de Artes, Ci\u00eancias e Humanidades da Universidade de S\u00e3o Paulo (EACH-USP), promover\u00e1 o Programa de Forma\u00e7\u00e3o de Conselheiros de Juventude de S\u00e3o Paulo. A iniciativa tem como objetivo organizar e sistematizar [&hellip;]<\/p>\n","protected":false},"author":127,"featured_media":0,"parent":1339,"menu_order":553,"comment_status":"closed","ping_status":"closed","template":"","meta":{"_acf_changed":false,"footnotes":""},"class_list":["post-3479","page","type-page","status-publish","hentry"],"acf":[],"_links":{"self":[{"href":"https:\/\/homolog.saopaulo.sp.leg.br\/escoladoparlamento\/wp-json\/wp\/v2\/pages\/3479","targetHints":{"allow":["GET"]}}],"collection":[{"href":"https:\/\/homolog.saopaulo.sp.leg.br\/escoladoparlamento\/wp-json\/wp\/v2\/pages"}],"about":[{"href":"https:\/\/homolog.saopaulo.sp.leg.br\/escoladoparlamento\/wp-json\/wp\/v2\/types\/page"}],"author":[{"embeddable":true,"href":"https:\/\/homolog.saopaulo.sp.leg.br\/escoladoparlamento\/wp-json\/wp\/v2\/users\/127"}],"replies":[{"embeddable":true,"href":"https:\/\/homolog.saopaulo.sp.leg.br\/escoladoparlamento\/wp-json\/wp\/v2\/comments?post=3479"}],"version-history":[{"count":1,"href":"https:\/\/homolog.saopaulo.sp.leg.br\/escoladoparlamento\/wp-json\/wp\/v2\/pages\/3479\/revisions"}],"predecessor-version":[{"id":3480,"href":"https:\/\/homolog.saopaulo.sp.leg.br\/escoladoparlamento\/wp-json\/wp\/v2\/pages\/3479\/revisions\/3480"}],"up":[{"embeddable":true,"href":"https:\/\/homolog.saopaulo.sp.leg.br\/escoladoparlamento\/wp-json\/wp\/v2\/pages\/1339"}],"wp:attachment":[{"href":"https:\/\/homolog.saopaulo.sp.leg.br\/escoladoparlamento\/wp-json\/wp\/v2\/media?parent=3479"}],"curies":[{"name":"wp","href":"https:\/\/api.w.org\/{rel}","templated":true}]}}