{"id":3756,"date":"2016-04-11T17:58:48","date_gmt":"2016-04-11T20:58:48","guid":{"rendered":"http:\/\/homolog.saopaulo.sp.leg.br\/escoladoparlamento\/?page_id=3756"},"modified":"2016-05-23T16:55:25","modified_gmt":"2016-05-23T19:55:25","slug":"marco-regulatorio-das-organizacoes-da-sociedade-civil","status":"publish","type":"page","link":"https:\/\/homolog.saopaulo.sp.leg.br\/escoladoparlamento\/cursos\/cursos-anteriores\/cursos-realizados-em-2016\/marco-regulatorio-das-organizacoes-da-sociedade-civil\/","title":{"rendered":"Marco Regulat\u00f3rio das Organiza\u00e7\u00f5es da Sociedade Civil &#8211; Parceria com a SME\/SP"},"content":{"rendered":"<p><em>Este curso \u00e9 parte das a\u00e7\u00f5es definidas no \u00e2mbito do Termo de Coopera\u00e7\u00e3o T\u00e9cnica n\u00ba 19\/2016, celebrado entre a C\u00e2mara Municipal de S\u00e3o Paulo e a Secretaria Municipal de Educa\u00e7\u00e3o.<\/em><\/p>\n<p><strong>Objetivos:<\/strong> Capacitar dirigentes das Organiza\u00e7\u00f5es da Sociedade Civil no contexto das parcerias entre o poder p\u00fablico e as OSCs;\u00a0 altera\u00e7\u00f5es no cen\u00e1rio das parcerias; orientar quanto ao planejamento administrativo, financeiro e da presta\u00e7\u00e3o de contas a partir\u00a0do Novo Marco Regulat\u00f3rio das Organiza\u00e7\u00f5es da Sociedade Civil.<\/p>\n<p><strong>Diretor Respons\u00e1vel:<\/strong> Christy Ganzert Pato<\/p>\n<p><strong>Coordena\u00e7\u00e3o:<\/strong> Elio Ara\u00fajo da Silva<\/p>\n<p><strong>P\u00fablico Alvo:<\/strong> Dirigentes das Organiza\u00e7\u00f5es da Sociedade Civil que mant\u00eam conv\u00eanio com a SME para atendimento em CEIs e Gestores P\u00fablicos que atuam nas Diret\u00f3rias Regionais de Educa\u00e7\u00e3o.<\/p>\n<p><strong>Carga Hor\u00e1ria:<\/strong> 4h.<\/p>\n<h3><strong>Inscri\u00e7\u00f5es Turma 1: ENCERRADAS<\/strong><\/h3>\n<h3><strong>Inscri\u00e7\u00f5es Turma 2: ENCERRADAS<\/strong><\/h3>\n<p><strong>Programa\u00e7\u00e3o:<\/strong><\/p>\n<table>\n<tbody>\n<tr>\n<td><strong>\u00a0Turma<\/strong><\/td>\n<td><strong>Data<\/strong><\/td>\n<td><strong>Tema<\/strong><\/td>\n<td><strong>Palestrante<\/strong><\/td>\n<\/tr>\n<tr>\n<td style=\"text-align: center\" rowspan=\"2\"><strong>I <\/strong>[<a href=\"http:\/\/camarasp.flashserverbr.com\/21414\">V\u00eddeo<\/a>]<\/td>\n<td style=\"text-align: center\" rowspan=\"2\">\u00a009\/5<br \/>\n14h &#8211; 18h<\/td>\n<td>Agenda do Marco Regulat\u00f3rio das Organiza\u00e7\u00f5es da Sociedade Civil e o universo das OSCs no Brasil. Inova\u00e7\u00f5es da Lei de fomento e de Colabora\u00e7\u00e3o. <a href=\"http:\/\/homolog.saopaulo.sp.leg.br\/escoladoparlamento\/wp-content\/uploads\/sites\/5\/2016\/04\/PPT_Escola_Parlamento_mai_2016.pdf\">[Slides]<\/a><\/td>\n<td>Bianca C. Santos<\/td>\n<\/tr>\n<tr>\n<td>Planejamento de parcerias com OSCs: exig\u00eancias para participa\u00e7\u00e3o em chamamentos p\u00fablicos. Execu\u00e7\u00e3o administrativa, financeira das parcerias e presta\u00e7\u00e3o de contas.\u00a0<a href=\"http:\/\/homolog.saopaulo.sp.leg.br\/escoladoparlamento\/wp-content\/uploads\/sites\/5\/2016\/04\/Apresenta\u00e7\u00e3o-AguinaldoLima-Maio.2016.pdf\">[Slides]<\/a><\/td>\n<td>Aguinaldo Lima<\/td>\n<\/tr>\n<\/tbody>\n<\/table>\n<p>&nbsp;<\/p>\n<table>\n<tbody>\n<tr>\n<td><strong> Turma<\/strong><\/td>\n<td><strong>Data<\/strong><\/td>\n<td><strong>Tema<\/strong><\/td>\n<td><strong>Palestrante<\/strong><\/td>\n<\/tr>\n<tr>\n<td style=\"text-align: center\" rowspan=\"2\"><strong>II<\/strong><\/p>\n<p>[<a href=\"http:\/\/camarasp.flashserverbr.com\/21498\">V\u00eddeo<\/a>]<\/td>\n<td style=\"text-align: center\" rowspan=\"2\">\u00a016\/5<br \/>\n13h-17h<\/td>\n<td>Agenda do Marco Regulat\u00f3rio das Organiza\u00e7\u00f5es da Sociedade Civil e o universo das OSCs no Brasil. Inova\u00e7\u00f5es da Lei de fomento e de Colabora\u00e7\u00e3o.<\/td>\n<td>Bianca C. Santos<\/td>\n<\/tr>\n<tr>\n<td>Planejamento de parcerias com OSCs: exig\u00eancias para participa\u00e7\u00e3o em chamamentos p\u00fablicos. Execu\u00e7\u00e3o administrativa, financeira das parcerias e presta\u00e7\u00e3o de contas.<\/td>\n<td>Aguinaldo Lima<\/td>\n<\/tr>\n<\/tbody>\n<\/table>\n<p><strong>Bibliografia:<\/strong><\/p>\n<p><a href=\"http:\/\/www.planalto.gov.br\/CCIVIL_03\/_Ato2011-2014\/2014\/Lei\/L13019compilado.htm\">Lei n\u00ba 13.019, de 31 de julho de 2014<\/a>.<\/p>\n<p><a href=\"http:\/\/www.planalto.gov.br\/ccivil_03\/_Ato2015-2018\/2015\/Lei\/L13204.htm\">Lei n\u00ba 13.204, de 14 de dezembro de\u00a02015<\/a>.<\/p>\n","protected":false},"excerpt":{"rendered":"<p>Este curso \u00e9 parte das a\u00e7\u00f5es definidas no \u00e2mbito do Termo de Coopera\u00e7\u00e3o T\u00e9cnica n\u00ba 19\/2016, celebrado entre a C\u00e2mara Municipal de S\u00e3o Paulo e a Secretaria Municipal de Educa\u00e7\u00e3o. Objetivos: Capacitar dirigentes das Organiza\u00e7\u00f5es da Sociedade Civil no contexto das parcerias entre o poder p\u00fablico e as OSCs;\u00a0 altera\u00e7\u00f5es no cen\u00e1rio das parcerias; orientar [&hellip;]<\/p>\n","protected":false},"author":127,"featured_media":0,"parent":3097,"menu_order":543,"comment_status":"closed","ping_status":"closed","template":"","meta":{"_acf_changed":false,"footnotes":""},"class_list":["post-3756","page","type-page","status-publish","hentry"],"acf":[],"_links":{"self":[{"href":"https:\/\/homolog.saopaulo.sp.leg.br\/escoladoparlamento\/wp-json\/wp\/v2\/pages\/3756","targetHints":{"allow":["GET"]}}],"collection":[{"href":"https:\/\/homolog.saopaulo.sp.leg.br\/escoladoparlamento\/wp-json\/wp\/v2\/pages"}],"about":[{"href":"https:\/\/homolog.saopaulo.sp.leg.br\/escoladoparlamento\/wp-json\/wp\/v2\/types\/page"}],"author":[{"embeddable":true,"href":"https:\/\/homolog.saopaulo.sp.leg.br\/escoladoparlamento\/wp-json\/wp\/v2\/users\/127"}],"replies":[{"embeddable":true,"href":"https:\/\/homolog.saopaulo.sp.leg.br\/escoladoparlamento\/wp-json\/wp\/v2\/comments?post=3756"}],"version-history":[{"count":5,"href":"https:\/\/homolog.saopaulo.sp.leg.br\/escoladoparlamento\/wp-json\/wp\/v2\/pages\/3756\/revisions"}],"predecessor-version":[{"id":4087,"href":"https:\/\/homolog.saopaulo.sp.leg.br\/escoladoparlamento\/wp-json\/wp\/v2\/pages\/3756\/revisions\/4087"}],"up":[{"embeddable":true,"href":"https:\/\/homolog.saopaulo.sp.leg.br\/escoladoparlamento\/wp-json\/wp\/v2\/pages\/3097"}],"wp:attachment":[{"href":"https:\/\/homolog.saopaulo.sp.leg.br\/escoladoparlamento\/wp-json\/wp\/v2\/media?parent=3756"}],"curies":[{"name":"wp","href":"https:\/\/api.w.org\/{rel}","templated":true}]}}