{"id":3781,"date":"2016-04-14T18:47:38","date_gmt":"2016-04-14T21:47:38","guid":{"rendered":"http:\/\/homolog.saopaulo.sp.leg.br\/escoladoparlamento\/?page_id=3781"},"modified":"2018-05-11T16:39:16","modified_gmt":"2018-05-11T19:39:16","slug":"direito-eleitoral-eleicoes-2016","status":"publish","type":"page","link":"https:\/\/homolog.saopaulo.sp.leg.br\/escoladoparlamento\/cursos\/cursos-anteriores\/cursos-realizados-em-2016\/direito-eleitoral-eleicoes-2016\/","title":{"rendered":"Direito Eleitoral &#8211; Elei\u00e7\u00f5es 2016"},"content":{"rendered":"<p><iframe loading=\"lazy\" title=\"Escola do Parlamento d\u00e1 in\u00edcio a curso sobre processo eleitoral\" width=\"640\" height=\"480\" src=\"https:\/\/www.youtube.com\/embed\/5ZAZOE4T6RA?feature=oembed\" frameborder=\"0\" allow=\"accelerometer; autoplay; clipboard-write; encrypted-media; gyroscope; picture-in-picture; web-share\" referrerpolicy=\"strict-origin-when-cross-origin\" allowfullscreen><\/iframe><\/p>\n<p><iframe loading=\"lazy\" title=\"Escola do Parlamento tem aula sobre mudan\u00e7as no processo eleitoral\" width=\"640\" height=\"480\" src=\"https:\/\/www.youtube.com\/embed\/ge9Kwek00DM?feature=oembed\" frameborder=\"0\" allow=\"accelerometer; autoplay; clipboard-write; encrypted-media; gyroscope; picture-in-picture; web-share\" referrerpolicy=\"strict-origin-when-cross-origin\" allowfullscreen><\/iframe><\/p>\n<p><iframe loading=\"lazy\" title=\"Curso da Escola do Parlamento discute Lei da Ficha Limpa\" width=\"640\" height=\"480\" src=\"https:\/\/www.youtube.com\/embed\/kN8piM5i-no?feature=oembed\" frameborder=\"0\" allow=\"accelerometer; autoplay; clipboard-write; encrypted-media; gyroscope; picture-in-picture; web-share\" referrerpolicy=\"strict-origin-when-cross-origin\" allowfullscreen><\/iframe><\/p>\n<p><iframe loading=\"lazy\" title=\"Aula debate novas regras para financiamento de campanhas eleitorais\" width=\"640\" height=\"480\" src=\"https:\/\/www.youtube.com\/embed\/cd0lsrYiEvM?feature=oembed\" frameborder=\"0\" allow=\"accelerometer; autoplay; clipboard-write; encrypted-media; gyroscope; picture-in-picture; web-share\" referrerpolicy=\"strict-origin-when-cross-origin\" allowfullscreen><\/iframe><\/p>\n<p><iframe loading=\"lazy\" title=\"Escola do Parlamento promove aula sobre direito pol\u00edtico\" width=\"640\" height=\"480\" src=\"https:\/\/www.youtube.com\/embed\/awDSX8wiH1c?feature=oembed\" frameborder=\"0\" allow=\"accelerometer; autoplay; clipboard-write; encrypted-media; gyroscope; picture-in-picture; web-share\" referrerpolicy=\"strict-origin-when-cross-origin\" allowfullscreen><\/iframe><\/p>\n<hr \/>\n<figure id=\"attachment_3903\" aria-describedby=\"caption-attachment-3903\" style=\"width: 300px\" class=\"wp-caption alignright\"><a href=\"http:\/\/homolog.saopaulo.sp.leg.br\/escoladoparlamento\/wp-content\/uploads\/sites\/5\/2016\/04\/Logo_Sindilex-3.jpg\"><img loading=\"lazy\" decoding=\"async\" class=\"wp-image-3903 size-medium\" src=\"http:\/\/homolog.saopaulo.sp.leg.br\/escoladoparlamento\/wp-content\/uploads\/sites\/5\/2016\/04\/Logo_Sindilex-3-300x212.jpg\" alt=\"Sindicato dos Servidores da C\u00e2mara Municipal e do Tribunal de Contas do Munic\u00edpio de S\u00e3o Paulo\" width=\"300\" height=\"212\" srcset=\"https:\/\/homolog.saopaulo.sp.leg.br\/escoladoparlamento\/wp-content\/uploads\/sites\/5\/2016\/04\/Logo_Sindilex-3-300x212.jpg 300w, https:\/\/homolog.saopaulo.sp.leg.br\/escoladoparlamento\/wp-content\/uploads\/sites\/5\/2016\/04\/Logo_Sindilex-3-768x544.jpg 768w, https:\/\/homolog.saopaulo.sp.leg.br\/escoladoparlamento\/wp-content\/uploads\/sites\/5\/2016\/04\/Logo_Sindilex-3.jpg 842w\" sizes=\"auto, (max-width: 300px) 100vw, 300px\" \/><\/a><figcaption id=\"caption-attachment-3903\" class=\"wp-caption-text\">Este curso \u00e9 uma parceria com o Sindicato dos Servidores da C\u00e2mara Municipal e do Tribunal de Contas do Munic\u00edpio de S\u00e3o Paulo<\/figcaption><\/figure>\n<p><strong>Objetivos:<\/strong>\u00a0Apresentar e discutir as disposi\u00e7\u00f5es normativas aplic\u00e1veis ao pleito de 2016, onde ocorrer\u00e3o as elei\u00e7\u00f5es para Prefeito e Vereador, oferecendo conhecimentos que visem compreender o Direito Eleitoral e o Processo Eleitoral com base nos Princ\u00edpios Constitucionais, bem como as principais diretrizes e os v\u00e1rios aspectos do Processo Eleitoral. Capacitar gestores e servidores p\u00fablicos ligados \u00e0 administra\u00e7\u00e3o municipal para o exerc\u00edcio de suas fun\u00e7\u00f5es no que se relaciona ao direito p\u00fablico em geral e direito eleitoral.<\/p>\n<p><strong>Diretor Respons\u00e1vel:<\/strong> Carolina Cutrupi Ferreira<\/p>\n<p><strong>Coordena\u00e7\u00e3o:<\/strong> Camilo Onoda Lu\u00eds Caldas e Altair da Silva Maiochi<\/p>\n<p><strong>P\u00fablico Alvo:<\/strong> Vereadores, assessores, representantes de partidos pol\u00edticos, entidades, advogados, pr\u00e9-candidatos, gestores p\u00fablicos, servidores p\u00fablicos; estudantes de direito, ci\u00eancias sociais e cursos de humanas, membros da sociedade civil em geral e cidad\u00e3os interessados no tema.<\/p>\n<p><strong>Vagas:<\/strong> 350<\/p>\n<p><strong>Carga Hor\u00e1ria:<\/strong> 36h<\/p>\n<p><strong>Local:<\/strong> <a title=\"Sal\u00e3o Nobre Presidente Jo\u00e3o Brasil Vita\" href=\"http:\/\/homolog.saopaulo.sp.leg.br\/transparencia\/auditorios-online\/salao-nobre-presidente-joao-brasil-vita\/\">Sal\u00e3o Nobre Presidente Jo\u00e3o Brasil Vita,<\/a>\u00a0Pal\u00e1cio Anchieta, sede da C\u00e2mara Municipal de S\u00e3o Paulo, 8\u00ba andar.<\/p>\n<p>&nbsp;<\/p>\n<p><strong>Programa\u00e7\u00e3o:<\/strong><\/p>\n<table>\n<tbody>\n<tr>\n<td><strong>AULA DE ABERTURA: 10\/05: 09h30 &#8211; 12h30<\/strong><\/td>\n<\/tr>\n<tr>\n<td>Presidente da CMSP vereador Ant\u00f4nio Donato<br \/>\nDiretor Presidente da Escola do Parlamento Christy Ganzert Gomes Pato<br \/>\nDiretora Executiva da EP Carolina Cutrupi Ferreira<br \/>\nDiretor Presidente do Sindilex Marcos Alcyr Brito De Oliveira<br \/>\nPresidente do TRE-SP M\u00e1rio Devienne Ferraz<br \/>\nProcurador Regional Eleitoral de S\u00e3o Paulo Andr\u00e9 De Carvalho Ramos<br \/>\nJuiz da 1\u00aa Zona Eleitoral da Bela Vista Sidney Da Silva Braga<br \/>\nJu\u00edza da 6\u00aa Zona Eleitoral da Vila Mariana T\u00e2nia Mara Ahualli<br \/>\nPromotor Da 1\u00aa Zona Eleitoral de S\u00e3o Paulo Jos\u00e9 Carlos Mascari Bonilha<br \/>\nPresidente da OAB SP Marcos da Costa<br \/>\nPresidente da Comiss\u00e3o de Direito Eleitoral da OAB SP Dr. Alberto Rollo<\/td>\n<\/tr>\n<\/tbody>\n<\/table>\n<table>\n<tbody>\n<tr>\n<td><strong>Data<\/strong><\/td>\n<td><strong>Hora<\/strong><\/td>\n<td><strong>Professor<\/strong><\/td>\n<td><strong>Tema da aula<\/strong><\/td>\n<\/tr>\n<tr>\n<td><strong>AULA MAGNA<\/strong><\/p>\n<p><strong>17\/05\/2016<\/strong><\/td>\n<td>09h30 &#8211; 12h30<\/td>\n<td>Professor Dr. Alysson Leandro Mascaro<\/td>\n<td>Direitos Pol\u00edticos, Estado e Forma Pol\u00edtica.<\/td>\n<\/tr>\n<tr>\n<td><strong>AULA 1<\/strong><\/p>\n<p><strong>19\/05\/2016<\/strong><\/td>\n<td>09h30 &#8211; 12h30<\/td>\n<td>Professor Ms. Renato Ribeiro de Almeida<\/td>\n<td>Registro de Candidatura, Inelegibilidades (aplica\u00e7\u00e3o da Lei da Ficha Limpa) e A\u00e7\u00e3o de Impugna\u00e7\u00e3o ao Registro de Candidatura; Representa\u00e7\u00e3o por descumprimento ao art. 41-A da Lei 9.504\/97 (\u201ccompra de votos\u201d). [<a href=\"http:\/\/homolog.saopaulo.sp.leg.br\/escoladoparlamento\/wp-content\/uploads\/sites\/5\/2016\/04\/AULA-1-Prof.-Renato-Ribeiro-de-Almeida-DIREITO-ELEITORAL.pdf\">Slides<\/a>]<\/td>\n<\/tr>\n<tr>\n<td><strong>AULA 2<\/strong><br \/>\n<strong>30\/05\/2016<\/strong><\/td>\n<td>09h30 &#8211; 12h30<\/td>\n<td>Professor Esp. Dr. Alberto Luis Mendon\u00e7a Rollo<\/td>\n<td>Direito Constitucional. Direito Eleitoral. Teoria geral do Direito Eleitoral. Campanha Eleitoral. [<a href=\"http:\/\/homolog.saopaulo.sp.leg.br\/escoladoparlamento\/wp-content\/uploads\/sites\/5\/2016\/04\/AULA-2-Alberto-Lu\u00eds-Mendon\u00e7a-Rollo-DIREITO-ELEITORAL.pdf\">Slides<\/a>]<\/td>\n<\/tr>\n<tr>\n<td><strong>AULA 3<\/strong><br \/>\n<strong>02\/06\/2016<\/strong><\/td>\n<td>09h30 &#8211; 12h30<\/td>\n<td>Professor Dr. Camilo Onoda Caldas<br \/>\nProfessor Ms. Renato Ribeiro de Almeida<\/td>\n<td>Estado, institui\u00e7\u00f5es e Poder Econ\u00f4mico. Abuso de Poder Pol\u00edtico e Abuso de Poder Econ\u00f4mico. A\u00e7\u00e3o de Investiga\u00e7\u00e3o Judicial por Abuso de Poder (AIJE). [<a href=\"http:\/\/homolog.saopaulo.sp.leg.br\/escoladoparlamento\/wp-content\/uploads\/sites\/5\/2016\/04\/AULA-3-Prof.-Camilo-Onoda-Caldas-Direito-Eleitoral.pdf\">Slides<\/a>]<\/td>\n<\/tr>\n<tr>\n<td><strong>AULA 4<\/strong><br \/>\n<strong>03\/06\/2016<\/strong><\/td>\n<td>09h30 &#8211; 12h30<\/td>\n<td>Professor Ms. Renato Ribeiro de Almeida<\/td>\n<td>Condutas vedadas aos agentes p\u00fablicos em ano eleitoral. Representa\u00e7\u00e3o por conduta vedada aos agentes p\u00fablicos. [<a href=\"http:\/\/homolog.saopaulo.sp.leg.br\/escoladoparlamento\/wp-content\/uploads\/sites\/5\/2016\/04\/AULA-4-Prof.-Renato-Ribeiro-de-Almeida-Escola-do-Parlamento.pdf\">Slides<\/a>]<\/td>\n<\/tr>\n<tr>\n<td><strong>AULA 5<\/strong><br \/>\n<strong>06\/06\/2016<\/strong><\/td>\n<td>09h30 &#8211; 12h30<\/td>\n<td>Professor Ms. Renato Ribeiro de Almeida<\/td>\n<td>Direito Eleitoral e suas rela\u00e7\u00f5es com os Tribunais de Contas, Justi\u00e7a Estadual e Justi\u00e7a Federal. Aplicabilidade das san\u00e7\u00f5es jur\u00eddicas em Direito Eleitoral. [<a href=\"http:\/\/homolog.saopaulo.sp.leg.br\/escoladoparlamento\/wp-content\/uploads\/sites\/5\/2016\/04\/AULA-5-Prof.-Renato-Ribeiro-de-Almeida-ESCOLA-DO-PARLAMENTO.pdf\">Slides<\/a>]<\/td>\n<\/tr>\n<tr>\n<td><strong>AULA 6<\/strong><br \/>\n<strong>10\/06\/2016<\/strong><\/td>\n<td>09h30 &#8211; 12h30<\/td>\n<td>Promotor da 1\u00aa Zona Eleitoral da Capital:\u00a0Jos\u00e9 Carlos Mascari Bonilha<\/td>\n<td>Minist\u00e9rio P\u00fablico Eleitoral.<\/td>\n<\/tr>\n<tr>\n<td><strong>AULA 7<\/strong><br \/>\n<strong>14\/06\/2016<\/strong><\/td>\n<td>09h30 &#8211; 12h30<\/td>\n<td>Prof. Ms. Matheus Herren Falivene de Sousa (Prof. Direito Penal); Prof. Ms. Renato Ribeiro de Almeida (Prof. Direito Eleitoral)<\/td>\n<td>Propaganda Eleitoral na imprensa e nas redes sociais. Representa\u00e7\u00e3o por propaganda irregular. [<a href=\"http:\/\/homolog.saopaulo.sp.leg.br\/escoladoparlamento\/wp-content\/uploads\/sites\/5\/2016\/04\/AULA-7-Prof.-Matheus-Herren-Falivene-de-Sousa-DIREITO-ELEITORAL.pdf\">Slides<\/a>]<\/td>\n<\/tr>\n<tr>\n<td><strong>AULA 8<\/strong><br \/>\n<strong>20\/06\/2016<\/strong><\/td>\n<td>09h30 &#8211; 12h30<\/td>\n<td>Professor Esp. Marcelo Augusto Melo Rosa de Sousa<\/td>\n<td>Reformas Eleitorais de 2013\/ 2015.\u00a0Resolu\u00e7\u00f5es 2015\/2016. [<a href=\"http:\/\/homolog.saopaulo.sp.leg.br\/escoladoparlamento\/wp-content\/uploads\/sites\/5\/2016\/04\/AULA-8-Marcelo-Augusto-Melo-Rosa-de-Sousa-ESCOLA-DO-PARLAMENTO.pdf\">Slides<\/a>]<\/td>\n<\/tr>\n<tr>\n<td><strong>AULA 9<\/strong><br \/>\n<strong>21\/06\/2016<\/strong><\/td>\n<td>09h30 &#8211; 12h30<\/td>\n<td>Prof. Ms. Alexandre Jorge Carneiro da Cunha Filho \u2013 Juiz da Fazenda P\u00fablica<\/td>\n<td>Financiamento Privado de Campanha e a veda\u00e7\u00e3o de doa\u00e7\u00f5es por pessoas jur\u00eddicas.\u00a0Financiamento P\u00fablico de Campanhas Eleitorais por meio do Fundo Partid\u00e1rio. [<a href=\"http:\/\/homolog.saopaulo.sp.leg.br\/escoladoparlamento\/wp-content\/uploads\/sites\/5\/2016\/04\/AULA-9-Alexandre-Jorge-Carneiro-da-Cunha-Filho-ESCOLA-DO-PARLAMENTO.pdf\">Slides<\/a>]<\/td>\n<\/tr>\n<tr>\n<td><strong>AULA 10<\/strong><br \/>\n<strong>28\/06\/2016<\/strong><\/td>\n<td>09h30 &#8211; 12h30<\/td>\n<td>Frederyk Chopin Arantes \u00a0(Coordenador da Coordenadoria de Contas Eleitorais e Partid\u00e1rias)\u00a0e Michel Bertoni Soares (Chefe da Se\u00e7\u00e3o de Contas Eleitorais)<\/td>\n<td>Arrecada\u00e7\u00e3o. \u00a0Presta\u00e7\u00e3o de Contas (SPCE). [<a href=\"http:\/\/homolog.saopaulo.sp.leg.br\/escoladoparlamento\/wp-content\/uploads\/sites\/5\/2016\/04\/AULA-10-ESCOLA-DO-PARLAMENTO.pdf\">Slides<\/a>]<\/td>\n<\/tr>\n<tr>\n<td><strong>ENCERRAMENTO<\/strong><br \/>\n<strong>30\/06\/2016<\/strong><\/td>\n<td>09h30 &#8211; 12h30<\/td>\n<td>Professor Ms. Jo\u00e3o Antonio da Silva Filho<\/td>\n<td>Pol\u00edtica e Poder no Brasil.<\/td>\n<\/tr>\n<\/tbody>\n<\/table>\n<p>&nbsp;<\/p>\n","protected":false},"excerpt":{"rendered":"<p>Objetivos:\u00a0Apresentar e discutir as disposi\u00e7\u00f5es normativas aplic\u00e1veis ao pleito de 2016, onde ocorrer\u00e3o as elei\u00e7\u00f5es para Prefeito e Vereador, oferecendo conhecimentos que visem compreender o Direito Eleitoral e o Processo Eleitoral com base nos Princ\u00edpios Constitucionais, bem como as principais diretrizes e os v\u00e1rios aspectos do Processo Eleitoral. Capacitar gestores e servidores p\u00fablicos ligados \u00e0 [&hellip;]<\/p>\n","protected":false},"author":127,"featured_media":0,"parent":3097,"menu_order":541,"comment_status":"closed","ping_status":"closed","template":"","meta":{"_acf_changed":false,"footnotes":""},"class_list":["post-3781","page","type-page","status-publish","hentry"],"acf":[],"_links":{"self":[{"href":"https:\/\/homolog.saopaulo.sp.leg.br\/escoladoparlamento\/wp-json\/wp\/v2\/pages\/3781","targetHints":{"allow":["GET"]}}],"collection":[{"href":"https:\/\/homolog.saopaulo.sp.leg.br\/escoladoparlamento\/wp-json\/wp\/v2\/pages"}],"about":[{"href":"https:\/\/homolog.saopaulo.sp.leg.br\/escoladoparlamento\/wp-json\/wp\/v2\/types\/page"}],"author":[{"embeddable":true,"href":"https:\/\/homolog.saopaulo.sp.leg.br\/escoladoparlamento\/wp-json\/wp\/v2\/users\/127"}],"replies":[{"embeddable":true,"href":"https:\/\/homolog.saopaulo.sp.leg.br\/escoladoparlamento\/wp-json\/wp\/v2\/comments?post=3781"}],"version-history":[{"count":5,"href":"https:\/\/homolog.saopaulo.sp.leg.br\/escoladoparlamento\/wp-json\/wp\/v2\/pages\/3781\/revisions"}],"predecessor-version":[{"id":9501,"href":"https:\/\/homolog.saopaulo.sp.leg.br\/escoladoparlamento\/wp-json\/wp\/v2\/pages\/3781\/revisions\/9501"}],"up":[{"embeddable":true,"href":"https:\/\/homolog.saopaulo.sp.leg.br\/escoladoparlamento\/wp-json\/wp\/v2\/pages\/3097"}],"wp:attachment":[{"href":"https:\/\/homolog.saopaulo.sp.leg.br\/escoladoparlamento\/wp-json\/wp\/v2\/media?parent=3781"}],"curies":[{"name":"wp","href":"https:\/\/api.w.org\/{rel}","templated":true}]}}