{"id":38,"date":"2015-05-11T20:45:22","date_gmt":"2015-05-11T20:45:22","guid":{"rendered":"http:\/\/toborino.net\/escola-parlamento\/?page_id=38"},"modified":"2015-06-16T20:46:18","modified_gmt":"2015-06-16T20:46:18","slug":"a-escola","status":"publish","type":"page","link":"https:\/\/homolog.saopaulo.sp.leg.br\/escoladoparlamento\/a-escola\/","title":{"rendered":"A Escola"},"content":{"rendered":"<p style=\"text-align: justify\">A Escola do Parlamento da C\u00e2mara Municipal de S\u00e3o Paulo, institui\u00e7\u00e3o sem fins lucrativos, foi criada em 2011 com o objetivo de promover a Educa\u00e7\u00e3o para a Cidadania.<\/p>\n<p style=\"text-align: justify\">A Escola promove cursos, palestras, debates e outras atividades destinadas \u00e0 forma\u00e7\u00e3o do cidad\u00e3o, lideran\u00e7as comunit\u00e1rias e pol\u00edticas, bem como incentiva a participa\u00e7\u00e3o e a interven\u00e7\u00e3o junto ao Poder P\u00fablico.<\/p>\n<p style=\"text-align: justify\">Tamb\u00e9m desenvolve o Programa de P\u00f3s-Gradua\u00e7\u00e3o &#8220;Legislativo e Democracia no Brasil&#8221;, em n\u00edvel de especializa\u00e7\u00e3o, para a forma\u00e7\u00e3o de profissionais para as organiza\u00e7\u00f5es estatais ou da sociedade civil.<\/p>\n<p style=\"text-align: justify\">Em coopera\u00e7\u00e3o com outras institui\u00e7\u00f5es de ensino, estimula\u00a0a pesquisa acad\u00eamica voltada \u00e0 atua\u00e7\u00e3o do Poder Legislativo e busca de solu\u00e7\u00f5es para os problemas da cidade.<\/p>\n<p style=\"text-align: justify\">Todas as atividades da Escola s\u00e3o gratuitas e abertas \u00e0 popula\u00e7\u00e3o.<\/p>\n<p style=\"text-align: justify\">Acompanhe nosso calend\u00e1rio e participe.<\/p>\n<p style=\"text-align: justify\">Cidadania se conquista a partir do conhecimento.<\/p>\n","protected":false},"excerpt":{"rendered":"<p>A Escola do Parlamento da C\u00e2mara Municipal de S\u00e3o Paulo, institui\u00e7\u00e3o sem fins lucrativos, foi criada em 2011 com o objetivo de promover a Educa\u00e7\u00e3o para a Cidadania. A Escola promove cursos, palestras, debates e outras atividades destinadas \u00e0 forma\u00e7\u00e3o do cidad\u00e3o, lideran\u00e7as comunit\u00e1rias e pol\u00edticas, bem como incentiva a participa\u00e7\u00e3o e a interven\u00e7\u00e3o junto [&hellip;]<\/p>\n","protected":false},"author":19,"featured_media":0,"parent":0,"menu_order":672,"comment_status":"open","ping_status":"open","template":"","meta":{"_acf_changed":false,"footnotes":""},"class_list":["post-38","page","type-page","status-publish","hentry"],"acf":[],"_links":{"self":[{"href":"https:\/\/homolog.saopaulo.sp.leg.br\/escoladoparlamento\/wp-json\/wp\/v2\/pages\/38","targetHints":{"allow":["GET"]}}],"collection":[{"href":"https:\/\/homolog.saopaulo.sp.leg.br\/escoladoparlamento\/wp-json\/wp\/v2\/pages"}],"about":[{"href":"https:\/\/homolog.saopaulo.sp.leg.br\/escoladoparlamento\/wp-json\/wp\/v2\/types\/page"}],"author":[{"embeddable":true,"href":"https:\/\/homolog.saopaulo.sp.leg.br\/escoladoparlamento\/wp-json\/wp\/v2\/users\/19"}],"replies":[{"embeddable":true,"href":"https:\/\/homolog.saopaulo.sp.leg.br\/escoladoparlamento\/wp-json\/wp\/v2\/comments?post=38"}],"version-history":[{"count":5,"href":"https:\/\/homolog.saopaulo.sp.leg.br\/escoladoparlamento\/wp-json\/wp\/v2\/pages\/38\/revisions"}],"predecessor-version":[{"id":493,"href":"https:\/\/homolog.saopaulo.sp.leg.br\/escoladoparlamento\/wp-json\/wp\/v2\/pages\/38\/revisions\/493"}],"wp:attachment":[{"href":"https:\/\/homolog.saopaulo.sp.leg.br\/escoladoparlamento\/wp-json\/wp\/v2\/media?parent=38"}],"curies":[{"name":"wp","href":"https:\/\/api.w.org\/{rel}","templated":true}]}}