{"id":390,"date":"2015-06-11T21:30:30","date_gmt":"2015-06-11T21:30:30","guid":{"rendered":"http:\/\/homolog.saopaulo.sp.leg.br\/escoladoparlamento\/?page_id=390"},"modified":"2017-07-12T14:39:32","modified_gmt":"2017-07-12T17:39:32","slug":"ciclo-de-debates-reforma-politica","status":"publish","type":"page","link":"https:\/\/homolog.saopaulo.sp.leg.br\/escoladoparlamento\/cursos\/cursos-anteriores\/cursos-realizados-em-2015\/ciclo-de-debates-reforma-politica\/","title":{"rendered":"Ciclo de Debates \u2013 Reforma Pol\u00edtica"},"content":{"rendered":"<p><img loading=\"lazy\" decoding=\"async\" class=\"wp-image-1019 size-full aligncenter\" src=\"http:\/\/homolog.saopaulo.sp.leg.br\/escoladoparlamento\/wp-content\/uploads\/sites\/5\/2015\/05\/20150615_carrossel_10.jpg\" alt=\"20150615_carrossel_10\" width=\"780\" height=\"330\" srcset=\"https:\/\/homolog.saopaulo.sp.leg.br\/escoladoparlamento\/wp-content\/uploads\/sites\/5\/2015\/05\/20150615_carrossel_10.jpg 780w, https:\/\/homolog.saopaulo.sp.leg.br\/escoladoparlamento\/wp-content\/uploads\/sites\/5\/2015\/05\/20150615_carrossel_10-300x127.jpg 300w\" sizes=\"auto, (max-width: 780px) 100vw, 780px\" \/><\/p>\n<p><iframe loading=\"lazy\" title=\"Ciclo de debates discute a reforma pol\u00edtica\" width=\"640\" height=\"480\" src=\"https:\/\/www.youtube.com\/embed\/dRoAtFbb-C0?feature=oembed\" frameborder=\"0\" allow=\"accelerometer; autoplay; clipboard-write; encrypted-media; gyroscope; picture-in-picture; web-share\" referrerpolicy=\"strict-origin-when-cross-origin\" allowfullscreen><\/iframe><\/p>\n<p><iframe loading=\"lazy\" title=\"Professor C\u00edcero Ara\u00fajo fala sobre os dilemas da democracia representativa\" width=\"640\" height=\"480\" src=\"https:\/\/www.youtube.com\/embed\/F6qmqRy1_fw?feature=oembed\" frameborder=\"0\" allow=\"accelerometer; autoplay; clipboard-write; encrypted-media; gyroscope; picture-in-picture; web-share\" referrerpolicy=\"strict-origin-when-cross-origin\" allowfullscreen><\/iframe><\/p>\n<p><iframe loading=\"lazy\" title=\"Crise na representa\u00e7\u00e3o pol\u00edtica em debate na Escola do Parlamento\" width=\"640\" height=\"480\" src=\"https:\/\/www.youtube.com\/embed\/IiFzLrojIjQ?feature=oembed\" frameborder=\"0\" allow=\"accelerometer; autoplay; clipboard-write; encrypted-media; gyroscope; picture-in-picture; web-share\" referrerpolicy=\"strict-origin-when-cross-origin\" allowfullscreen><\/iframe><\/p>\n<p><iframe loading=\"lazy\" title=\"Ciclo de debates discute a reforma pol\u00edtica\" width=\"640\" height=\"480\" src=\"https:\/\/www.youtube.com\/embed\/mkUeiZQTVLI?feature=oembed\" frameborder=\"0\" allow=\"accelerometer; autoplay; clipboard-write; encrypted-media; gyroscope; picture-in-picture; web-share\" referrerpolicy=\"strict-origin-when-cross-origin\" allowfullscreen><\/iframe><\/p>\n<p><iframe loading=\"lazy\" title=\"Ciclo de Debates discute novo sistema eleitoral\" width=\"640\" height=\"480\" src=\"https:\/\/www.youtube.com\/embed\/oFKBpRIU1-M?feature=oembed\" frameborder=\"0\" allow=\"accelerometer; autoplay; clipboard-write; encrypted-media; gyroscope; picture-in-picture; web-share\" referrerpolicy=\"strict-origin-when-cross-origin\" allowfullscreen><\/iframe><\/p>\n<p><iframe loading=\"lazy\" title=\"Financiamento de campanhas \u00e9 tema de ciclo de debates\" width=\"640\" height=\"480\" src=\"https:\/\/www.youtube.com\/embed\/6CKv5fO14fg?feature=oembed\" frameborder=\"0\" allow=\"accelerometer; autoplay; clipboard-write; encrypted-media; gyroscope; picture-in-picture; web-share\" referrerpolicy=\"strict-origin-when-cross-origin\" allowfullscreen><\/iframe><\/p>\n<p><iframe loading=\"lazy\" title=\"Cientista pol\u00edtico Paulo Martins Jr. fala sobre organiza\u00e7\u00e3o partid\u00e1ria\" width=\"640\" height=\"480\" src=\"https:\/\/www.youtube.com\/embed\/KJcIk58Adlg?feature=oembed\" frameborder=\"0\" allow=\"accelerometer; autoplay; clipboard-write; encrypted-media; gyroscope; picture-in-picture; web-share\" referrerpolicy=\"strict-origin-when-cross-origin\" allowfullscreen><\/iframe><\/p>\n<p><iframe loading=\"lazy\" title=\"Ciclo de Debates da Escola do Parlamento discute organiza\u00e7\u00e3o partid\u00e1ria\" width=\"640\" height=\"480\" src=\"https:\/\/www.youtube.com\/embed\/zE69u_OxHuE?feature=oembed\" frameborder=\"0\" allow=\"accelerometer; autoplay; clipboard-write; encrypted-media; gyroscope; picture-in-picture; web-share\" referrerpolicy=\"strict-origin-when-cross-origin\" allowfullscreen><\/iframe><\/p>\n<p><iframe loading=\"lazy\" title=\"Fim da reelei\u00e7\u00e3o \u00e9 tema de debate na Escola do Parlamento\" width=\"640\" height=\"480\" src=\"https:\/\/www.youtube.com\/embed\/PtuuF3QzeCA?feature=oembed\" frameborder=\"0\" allow=\"accelerometer; autoplay; clipboard-write; encrypted-media; gyroscope; picture-in-picture; web-share\" referrerpolicy=\"strict-origin-when-cross-origin\" allowfullscreen><\/iframe><\/p>\n<p><iframe loading=\"lazy\" title=\"Escola do Parlamento discute modelos eleitorais europeus\" width=\"640\" height=\"480\" src=\"https:\/\/www.youtube.com\/embed\/A1vVrHyfbC8?feature=oembed\" frameborder=\"0\" allow=\"accelerometer; autoplay; clipboard-write; encrypted-media; gyroscope; picture-in-picture; web-share\" referrerpolicy=\"strict-origin-when-cross-origin\" allowfullscreen><\/iframe><\/p>\n<p><iframe loading=\"lazy\" title=\"Sistemas eleitorais na Am\u00e9rica Latina s\u00e3o debatidos na Escola do Parlamento\" width=\"640\" height=\"480\" src=\"https:\/\/www.youtube.com\/embed\/aC_QzBmTeXk?feature=oembed\" frameborder=\"0\" allow=\"accelerometer; autoplay; clipboard-write; encrypted-media; gyroscope; picture-in-picture; web-share\" referrerpolicy=\"strict-origin-when-cross-origin\" allowfullscreen><\/iframe><\/p>\n<p><iframe loading=\"lazy\" title=\"Ciclo de debates discute judicializa\u00e7\u00e3o da pol\u00edtica\" width=\"640\" height=\"480\" src=\"https:\/\/www.youtube.com\/embed\/1UR8UggvAiw?feature=oembed\" frameborder=\"0\" allow=\"accelerometer; autoplay; clipboard-write; encrypted-media; gyroscope; picture-in-picture; web-share\" referrerpolicy=\"strict-origin-when-cross-origin\" allowfullscreen><\/iframe><\/p>\n<p><iframe loading=\"lazy\" title=\"Escola do Parlamento discute mecanismos de participa\u00e7\u00e3o na pol\u00edtica\" width=\"640\" height=\"480\" src=\"https:\/\/www.youtube.com\/embed\/I7frPC6Cycg?feature=oembed\" frameborder=\"0\" allow=\"accelerometer; autoplay; clipboard-write; encrypted-media; gyroscope; picture-in-picture; web-share\" referrerpolicy=\"strict-origin-when-cross-origin\" allowfullscreen><\/iframe><\/p>\n<p><iframe loading=\"lazy\" title=\"Ciclo de Debates da Escola do Parlamento discute Sistemas Eleitorais\" width=\"640\" height=\"480\" src=\"https:\/\/www.youtube.com\/embed\/nDHyHcOtkWU?feature=oembed\" frameborder=\"0\" allow=\"accelerometer; autoplay; clipboard-write; encrypted-media; gyroscope; picture-in-picture; web-share\" referrerpolicy=\"strict-origin-when-cross-origin\" allowfullscreen><\/iframe><\/p>\n<p><iframe loading=\"lazy\" title=\"Professor Jairo Nicolau fala sobre a crise na representa\u00e7\u00e3o pol\u00edtica\" width=\"640\" height=\"480\" src=\"https:\/\/www.youtube.com\/embed\/nMlbQfk5-SY?feature=oembed\" frameborder=\"0\" allow=\"accelerometer; autoplay; clipboard-write; encrypted-media; gyroscope; picture-in-picture; web-share\" referrerpolicy=\"strict-origin-when-cross-origin\" allowfullscreen><\/iframe><\/p>\n<hr \/>\n<p><strong>Diretores Respons\u00e1veis:<\/strong> Lara Mesquita e Tatiana B. Ribeiral<\/p>\n<p><strong>Objetivos:<\/strong> Estimular a discuss\u00e3o p\u00fablica de assuntos fundamentais para a rela\u00e7\u00e3o entre o legislativo e a sociedade paulistana. Os eventos s\u00e3o abertos a popula\u00e7\u00e3o e t\u00eam\u00a0a participa\u00e7\u00e3o de especialistas, pesquisadores, vereadores, deputados federais e senadores.<\/p>\n<p><strong>Programa\u00e7\u00e3o:<\/strong><\/p>\n<table>\n<tbody>\n<tr>\n<td><strong>Data<\/strong><\/td>\n<td><strong>Tema<\/strong><\/td>\n<td><strong>Palestrantes<\/strong><\/td>\n<\/tr>\n<tr>\n<td><strong>4\/5<\/strong><\/td>\n<td>Abertura: Reformas Pol\u00edticas Caminhos e Possibilidades [<a href=\"http:\/\/camarasp.flashserverbr.com\/17468\">V\u00eddeo<\/a>]<\/td>\n<td>Donato (Presidente da Mesa Diretora da CMSP),Fernando Limongi (USP) e Jos\u00e9 Roberto de Toledo (Estad\u00e3o)<\/td>\n<\/tr>\n<tr>\n<td><strong>8\/5<\/strong><\/td>\n<td>Representa\u00e7\u00e3o pol\u00edtica em perspectiva anal\u00edtica: dilemas da Democracia Representativa [<a href=\"http:\/\/camarasp.flashserverbr.com\/17523\">V\u00eddeo<\/a>]<\/td>\n<td>C\u00edcero Ara\u00fajo (USP) e Paulo Frange (PTB\/SP)<\/td>\n<\/tr>\n<tr>\n<td><strong>11\/5<\/strong><\/td>\n<td>Organiza\u00e7\u00e3o partid\u00e1ria [<a href=\"http:\/\/camarasp.flashserverbr.com\/17535\">V\u00eddeo<\/a>]<\/td>\n<td>Jos\u00e9 Paulo Martins Jr. (UNIRIO) e Fernando Guarnieri (IESP\/UERJ)<\/td>\n<\/tr>\n<tr>\n<td><strong>15\/5<\/strong><\/td>\n<td>Quest\u00f5es de g\u00eanero e ra\u00e7a na Representa\u00e7\u00e3o Pol\u00edtica [<a href=\"http:\/\/camarasp.flashserverbr.com\/17629\">V\u00eddeo<\/a>]<\/td>\n<td>Maria Aparecida Abreu (UFRJ), Nat\u00e1lia Salgado Bueno (YALE), Juliana Cardoso (PT)\u00a0<a href=\"http:\/\/homolog.saopaulo.sp.leg.br\/escoladoparlamento\/wp-content\/uploads\/sites\/5\/2015\/06\/apresentacao_15052015.pdf\">Apresenta\u00e7\u00e3o Nat\u00e1lia S. Bueno<\/a><\/td>\n<\/tr>\n<tr>\n<td><strong>18\/5<\/strong><\/td>\n<td>Desenho do Sistema eleitoral: distrital, distrit\u00e3o e proporcional [<a href=\"http:\/\/camarasp.flashserverbr.com\/17655\">V\u00eddeo<\/a>]<\/td>\n<td>Glauco Peres da Silva (USP), George Avelino Filho (FGV) e Alexandre Rollo (Especialista em Direito Eleitoral)<\/td>\n<\/tr>\n<tr>\n<td><strong>22\/5<\/strong><\/td>\n<td>Propostas em discuss\u00e3o: Projetos de Lei de iniciativa Parlamentar e de iniciativa da Sociedade civil [<a href=\"http:\/\/camarasp.flashserverbr.com\/17746\">V\u00eddeo<\/a>]<\/td>\n<td>M\u00e1rcio Rabat (C\u00e2mara dos Deputados),\u00a0Luciano Caparroz Pereira dos Santos (OAB)<\/td>\n<\/tr>\n<tr>\n<td><strong>29\/5<\/strong><\/td>\n<td>Financiamento de campanhas [<a href=\"http:\/\/camarasp.flashserverbr.com\/17828\">V\u00eddeo<\/a>]<\/td>\n<td>Bruno Speck (USP), Carlos Zarattini (PT\/SP), Marcus Pestana (PSDB\/MG), Milton Leite* (DEM\/CMSP)<\/td>\n<\/tr>\n<tr>\n<td><strong>01\/6<\/strong><\/td>\n<td>Reforma Pol\u00edtica e Sistemas Eleitorais na Europa: o caso da Alemanha e o da It\u00e1lia [<a href=\"http:\/\/camarasp.flashserverbr.com\/17852\">V\u00eddeo<\/a>]<\/td>\n<td>Fabio Porta (deputado Italiano) e Christian MATTH\u00c4US (Funda\u00e7\u00e3o Konrad Adenauer)<\/td>\n<\/tr>\n<tr>\n<td><strong>08\/6<\/strong><\/td>\n<td>Fim da reelei\u00e7\u00e3o e unifica\u00e7\u00e3o dos Mandatos:\u00a0consequ\u00eancias para os pleitos municipais [<a href=\"http:\/\/camarasp.flashserverbr.com\/17890\">V\u00eddeo<\/a>]<\/td>\n<td>Valmir Prascidelli (PT\/SP), Ricardo Young (PPS\/SP) e Daniel Bramatti (Estad\u00e3o)<\/td>\n<\/tr>\n<tr>\n<td><strong>12\/6<\/strong><\/td>\n<td>Judicializa\u00e7\u00e3o da pol\u00edtica [<a href=\"http:\/\/camarasp.flashserverbr.com\/17951\">V\u00eddeo<\/a>]<\/td>\n<td>Vitor Marchetti (UFABC), Luciana Gross Cunha (FGV) e Frederico Almeida (UNICAMP)<\/td>\n<\/tr>\n<tr>\n<td><strong>22\/6<\/strong><\/td>\n<td>Reforma Pol\u00edtica e Sistemas Eleitorais na Am\u00e9rica Latina [<a href=\"http:\/\/camarasp.flashserverbr.com\/18071\">V\u00eddeo<\/a>]<\/td>\n<td>Carlos Ranulfo (UFMG) e Oswaldo Amaral (UNICAMP)<\/td>\n<\/tr>\n<tr>\n<td><strong>26\/6<\/strong><\/td>\n<td>Mecanismos de Participa\u00e7\u00e3o Cidad\u00e3 [<a href=\"http:\/\/camarasp.flashserverbr.com\/18156\">V\u00eddeo<\/a>]<\/td>\n<td>Chico Whitaker (Comiss\u00e3o Brasileira Justi\u00e7a e Paz), Humberto Dantas (INSPER) e Paulo Fiorilo (PT\/CMSP)<\/td>\n<\/tr>\n<tr>\n<td><strong>29\/6<\/strong><\/td>\n<td>Encerramento: Sistemas Eleitorais em Perspectiva Comparada [<a href=\"http:\/\/camarasp.flashserverbr.com\/18188\">V\u00eddeo<\/a>]<\/td>\n<td>Jairo Nicolau (UFRJ), Maria Cristina Fernandes (VALOR) e Andrea Matarazzo (PSDB\/SP)<\/td>\n<\/tr>\n<\/tbody>\n<\/table>\n<p class=\"page-title\"><a href=\"http:\/\/homolog.saopaulo.sp.leg.br\/escoladoparlamento\/cursos\/cursos-anteriores\/cursos-realizados-em-2016\/lancamento-da-revista-parlamento-e-sociedade-dossie-reforma-politica-seminario-conjuntura-politica-brasileira\/\">SEMIN\u00c1RIO CONJUNTURA POL\u00cdTICA BRASILEIRA E LAN\u00c7AMENTO DA REVISTA PARLAMENTO E SOCIEDADE: DOSSI\u00ca REFORMA POL\u00cdTICA<\/a><\/p>\n","protected":false},"excerpt":{"rendered":"<p>Diretores Respons\u00e1veis: Lara Mesquita e Tatiana B. Ribeiral Objetivos: Estimular a discuss\u00e3o p\u00fablica de assuntos fundamentais para a rela\u00e7\u00e3o entre o legislativo e a sociedade paulistana. Os eventos s\u00e3o abertos a popula\u00e7\u00e3o e t\u00eam\u00a0a participa\u00e7\u00e3o de especialistas, pesquisadores, vereadores, deputados federais e senadores. Programa\u00e7\u00e3o: Data Tema Palestrantes 4\/5 Abertura: Reformas Pol\u00edticas Caminhos e Possibilidades [V\u00eddeo] [&hellip;]<\/p>\n","protected":false},"author":19,"featured_media":0,"parent":1331,"menu_order":664,"comment_status":"open","ping_status":"open","template":"","meta":{"_acf_changed":false,"footnotes":""},"class_list":["post-390","page","type-page","status-publish","hentry"],"acf":[],"_links":{"self":[{"href":"https:\/\/homolog.saopaulo.sp.leg.br\/escoladoparlamento\/wp-json\/wp\/v2\/pages\/390","targetHints":{"allow":["GET"]}}],"collection":[{"href":"https:\/\/homolog.saopaulo.sp.leg.br\/escoladoparlamento\/wp-json\/wp\/v2\/pages"}],"about":[{"href":"https:\/\/homolog.saopaulo.sp.leg.br\/escoladoparlamento\/wp-json\/wp\/v2\/types\/page"}],"author":[{"embeddable":true,"href":"https:\/\/homolog.saopaulo.sp.leg.br\/escoladoparlamento\/wp-json\/wp\/v2\/users\/19"}],"replies":[{"embeddable":true,"href":"https:\/\/homolog.saopaulo.sp.leg.br\/escoladoparlamento\/wp-json\/wp\/v2\/comments?post=390"}],"version-history":[{"count":5,"href":"https:\/\/homolog.saopaulo.sp.leg.br\/escoladoparlamento\/wp-json\/wp\/v2\/pages\/390\/revisions"}],"predecessor-version":[{"id":9467,"href":"https:\/\/homolog.saopaulo.sp.leg.br\/escoladoparlamento\/wp-json\/wp\/v2\/pages\/390\/revisions\/9467"}],"up":[{"embeddable":true,"href":"https:\/\/homolog.saopaulo.sp.leg.br\/escoladoparlamento\/wp-json\/wp\/v2\/pages\/1331"}],"wp:attachment":[{"href":"https:\/\/homolog.saopaulo.sp.leg.br\/escoladoparlamento\/wp-json\/wp\/v2\/media?parent=390"}],"curies":[{"name":"wp","href":"https:\/\/api.w.org\/{rel}","templated":true}]}}