{"id":391,"date":"2015-06-11T21:32:27","date_gmt":"2015-06-11T21:32:27","guid":{"rendered":"http:\/\/homolog.saopaulo.sp.leg.br\/escoladoparlamento\/?page_id=391"},"modified":"2018-05-11T14:49:31","modified_gmt":"2018-05-11T17:49:31","slug":"educacao-financeira-para-a-cidadania","status":"publish","type":"page","link":"https:\/\/homolog.saopaulo.sp.leg.br\/escoladoparlamento\/cursos\/cursos-anteriores\/cursos-realizados-em-2015\/educacao-financeira-para-a-cidadania\/","title":{"rendered":"Educa\u00e7\u00e3o Financeira para a Cidadania"},"content":{"rendered":"<p style=\"color: #000000;text-indent: 0px;letter-spacing: normal\">O objetivo deste curso \u00e9 apresentar e discutir ferramentas e estrat\u00e9gias para o planejamento financeiro familiar, considerando a conjuntura econ\u00f4mica do pa\u00eds.<\/p>\n<p style=\"color: #000000;text-indent: 0px;letter-spacing: normal\"><strong>P\u00fablico alvo:<\/strong> Servidores P\u00fablicos e Cidad\u00e3os em geral<\/p>\n<p style=\"color: #000000;text-indent: 0px;letter-spacing: normal\"><strong>Docente respons\u00e1vel:<\/strong> Prof. Dr. Jos\u00e9 Nicolau Pompeo<\/p>\n<p style=\"color: #000000;text-indent: 0px;letter-spacing: normal\"><strong>Diretor Respons\u00e1vel:<\/strong> Emerson R. Ara\u00fajo de Carvalho<\/p>\n<p style=\"color: #000000;text-indent: 0px;letter-spacing: normal\"><strong>Quando:<\/strong> 17, 18 e 19 de junho de 2015, das 10h \u00e0s 13h<\/p>\n<p style=\"color: #000000;text-indent: 0px;letter-spacing: normal\"><strong>Carga Hor\u00e1ria:<\/strong> 9h &#8211; com certifica\u00e7\u00e3o para presen\u00e7a maior que 75%<\/p>\n<p style=\"color: #000000;text-indent: 0px;letter-spacing: normal\"><strong>Local:<\/strong> C\u00e2mara Municipal de S\u00e3o Paulo \u2013 Sala Oscar Pedroso Horta<\/p>\n<p style=\"color: #000000;text-indent: 0px;letter-spacing: normal\"><span style=\"color: #000000\"><strong>Inscri\u00e7\u00f5es:<\/strong> de 11\/06\/2015 a 16\/06\/2015 (encerradas)<\/span><\/p>\n<p style=\"color: #000000;text-indent: 0px;letter-spacing: normal\">\n","protected":false},"excerpt":{"rendered":"<p>O objetivo deste curso \u00e9 apresentar e discutir ferramentas e estrat\u00e9gias para o planejamento financeiro familiar, considerando a conjuntura econ\u00f4mica do pa\u00eds. P\u00fablico alvo: Servidores P\u00fablicos e Cidad\u00e3os em geral Docente respons\u00e1vel: Prof. Dr. Jos\u00e9 Nicolau Pompeo Diretor Respons\u00e1vel: Emerson R. Ara\u00fajo de Carvalho Quando: 17, 18 e 19 de junho de 2015, das 10h [&hellip;]<\/p>\n","protected":false},"author":19,"featured_media":0,"parent":1331,"menu_order":669,"comment_status":"open","ping_status":"open","template":"","meta":{"_acf_changed":false,"footnotes":""},"class_list":["post-391","page","type-page","status-publish","hentry"],"acf":[],"_links":{"self":[{"href":"https:\/\/homolog.saopaulo.sp.leg.br\/escoladoparlamento\/wp-json\/wp\/v2\/pages\/391","targetHints":{"allow":["GET"]}}],"collection":[{"href":"https:\/\/homolog.saopaulo.sp.leg.br\/escoladoparlamento\/wp-json\/wp\/v2\/pages"}],"about":[{"href":"https:\/\/homolog.saopaulo.sp.leg.br\/escoladoparlamento\/wp-json\/wp\/v2\/types\/page"}],"author":[{"embeddable":true,"href":"https:\/\/homolog.saopaulo.sp.leg.br\/escoladoparlamento\/wp-json\/wp\/v2\/users\/19"}],"replies":[{"embeddable":true,"href":"https:\/\/homolog.saopaulo.sp.leg.br\/escoladoparlamento\/wp-json\/wp\/v2\/comments?post=391"}],"version-history":[{"count":5,"href":"https:\/\/homolog.saopaulo.sp.leg.br\/escoladoparlamento\/wp-json\/wp\/v2\/pages\/391\/revisions"}],"predecessor-version":[{"id":9442,"href":"https:\/\/homolog.saopaulo.sp.leg.br\/escoladoparlamento\/wp-json\/wp\/v2\/pages\/391\/revisions\/9442"}],"up":[{"embeddable":true,"href":"https:\/\/homolog.saopaulo.sp.leg.br\/escoladoparlamento\/wp-json\/wp\/v2\/pages\/1331"}],"wp:attachment":[{"href":"https:\/\/homolog.saopaulo.sp.leg.br\/escoladoparlamento\/wp-json\/wp\/v2\/media?parent=391"}],"curies":[{"name":"wp","href":"https:\/\/api.w.org\/{rel}","templated":true}]}}