{"id":392,"date":"2015-06-11T21:34:50","date_gmt":"2015-06-11T21:34:50","guid":{"rendered":"http:\/\/homolog.saopaulo.sp.leg.br\/escoladoparlamento\/?page_id=392"},"modified":"2017-06-30T17:00:55","modified_gmt":"2017-06-30T20:00:55","slug":"poder-esfera-publica-e-sociedade-civil","status":"publish","type":"page","link":"https:\/\/homolog.saopaulo.sp.leg.br\/escoladoparlamento\/cursos\/cursos-anteriores\/cursos-realizados-em-2015\/poder-esfera-publica-e-sociedade-civil\/","title":{"rendered":"Poder, Esfera P\u00fablica e Sociedade Civil"},"content":{"rendered":"<p><strong>Objetivos:<\/strong> O objetivo deste curso \u00e9 apresentar e discutir conceitos e fundamentos para a an\u00e1lise dos processos de disputa e conforma\u00e7\u00e3o do poder pol\u00edtico na esfera p\u00fablica, considerando as rela\u00e7\u00f5es entre o Estado e a Sociedade Civil.<\/p>\n<p><strong>Diretor Respons\u00e1vel:<\/strong> Christy Gazert Pato<\/p>\n<p><strong>Coordena\u00e7\u00e3o:<\/strong>\u00a0Raphael Cezar da Silva Neves<\/p>\n<p><strong>P\u00fablico Alvo:<\/strong> Servidores P\u00fablicos e Cidad\u00e3os em geral.<\/p>\n<p><strong>Vagas Oferecidas: <\/strong>50 (cinquenta)<\/p>\n<p><strong>Carga Hor\u00e1ria:<\/strong> 21h &#8211; com certifica\u00e7\u00e3o para presen\u00e7a maior que 75%<\/p>\n<p><b>Programa\u00e7\u00e3o:<\/b><\/p>\n<table>\n<tbody>\n<tr>\n<td><strong>Data<\/strong><\/td>\n<td><strong>Hora<\/strong><\/td>\n<td><strong>Local<\/strong><\/td>\n<td><strong>Tema<\/strong><\/td>\n<td><strong>Docente<\/strong><\/td>\n<\/tr>\n<tr>\n<td><strong>18\/jun<\/strong><\/td>\n<td>19h \u2013 22h<\/td>\n<td>Sala Oscar Pedroso Horta<\/td>\n<td><em>As Faces do Poder<\/em><\/td>\n<td><a href=\"http:\/\/lattes.cnpq.br\/7419650154335676\">Raphael Cezar da Silva Neves<\/a><\/td>\n<\/tr>\n<tr>\n<td><strong>23\/jun<\/strong><\/td>\n<td>19h \u2013 22h<\/td>\n<td>Sala Tiradentes<\/td>\n<td><em>Esfera P\u00fablica e Legitimidade<\/em><\/td>\n<td>Raphael Cezar da Silva Neves<\/td>\n<\/tr>\n<tr>\n<td><strong>25\/jun<\/strong><\/td>\n<td>19h \u2013 22h<\/td>\n<td>Sala Oscar Pedroso Horta<\/td>\n<td><em>Para Al\u00e9m do Mercado e do Estado: a sociedade civil.<\/em><\/td>\n<td>Raphael Cezar da Silva Neves<\/td>\n<\/tr>\n<tr>\n<td><strong>30\/jun<\/strong><\/td>\n<td>19h \u2013 22h<\/td>\n<td>Sala Luiz Ten\u00f3rio de Lima<\/td>\n<td><em>Usos e abusos da esfera p\u00fablica: redes, m\u00eddias e novas formas de participa\u00e7\u00e3o<\/em><\/td>\n<td>Raphael Cezar da Silva Neves<\/td>\n<\/tr>\n<tr>\n<td><strong>01\/jul<\/strong><\/td>\n<td>19h \u2013 22h<\/td>\n<td>Sala Oscar Pedroso Horta<\/td>\n<td><em>Teoria dos movimentos sociais<\/em><\/td>\n<td><a href=\"http:\/\/lattes.cnpq.br\/8160588602612946\">M\u00e1rcio Jos\u00e9 de Macedo<\/a><\/td>\n<\/tr>\n<tr>\n<td><strong>02\/jul<\/strong><\/td>\n<td>19h \u2013 22h<\/td>\n<td>Sala Oscar Pedroso Horta<\/td>\n<td><em>Lutas por reconhecimento<\/em><\/td>\n<td>M\u00e1rcio Jos\u00e9 de Macedo<\/td>\n<\/tr>\n<tr>\n<td><strong>07\/jul<\/strong><\/td>\n<td>19h \u2013 22h<\/td>\n<td>Sala S\u00e9rgio Vieira de Melo<\/td>\n<td><em>Minorias e representa\u00e7\u00e3o no Parlamento<\/em><\/td>\n<td>M\u00e1rcio Jos\u00e9 de Macedo<\/td>\n<\/tr>\n<\/tbody>\n<\/table>\n","protected":false},"excerpt":{"rendered":"<p>Objetivos: O objetivo deste curso \u00e9 apresentar e discutir conceitos e fundamentos para a an\u00e1lise dos processos de disputa e conforma\u00e7\u00e3o do poder pol\u00edtico na esfera p\u00fablica, considerando as rela\u00e7\u00f5es entre o Estado e a Sociedade Civil. Diretor Respons\u00e1vel: Christy Gazert Pato Coordena\u00e7\u00e3o:\u00a0Raphael Cezar da Silva Neves P\u00fablico Alvo: Servidores P\u00fablicos e Cidad\u00e3os em geral. [&hellip;]<\/p>\n","protected":false},"author":19,"featured_media":0,"parent":1331,"menu_order":665,"comment_status":"open","ping_status":"open","template":"","meta":{"_acf_changed":false,"footnotes":""},"class_list":["post-392","page","type-page","status-publish","hentry"],"acf":[],"_links":{"self":[{"href":"https:\/\/homolog.saopaulo.sp.leg.br\/escoladoparlamento\/wp-json\/wp\/v2\/pages\/392","targetHints":{"allow":["GET"]}}],"collection":[{"href":"https:\/\/homolog.saopaulo.sp.leg.br\/escoladoparlamento\/wp-json\/wp\/v2\/pages"}],"about":[{"href":"https:\/\/homolog.saopaulo.sp.leg.br\/escoladoparlamento\/wp-json\/wp\/v2\/types\/page"}],"author":[{"embeddable":true,"href":"https:\/\/homolog.saopaulo.sp.leg.br\/escoladoparlamento\/wp-json\/wp\/v2\/users\/19"}],"replies":[{"embeddable":true,"href":"https:\/\/homolog.saopaulo.sp.leg.br\/escoladoparlamento\/wp-json\/wp\/v2\/comments?post=392"}],"version-history":[{"count":5,"href":"https:\/\/homolog.saopaulo.sp.leg.br\/escoladoparlamento\/wp-json\/wp\/v2\/pages\/392\/revisions"}],"predecessor-version":[{"id":7081,"href":"https:\/\/homolog.saopaulo.sp.leg.br\/escoladoparlamento\/wp-json\/wp\/v2\/pages\/392\/revisions\/7081"}],"up":[{"embeddable":true,"href":"https:\/\/homolog.saopaulo.sp.leg.br\/escoladoparlamento\/wp-json\/wp\/v2\/pages\/1331"}],"wp:attachment":[{"href":"https:\/\/homolog.saopaulo.sp.leg.br\/escoladoparlamento\/wp-json\/wp\/v2\/media?parent=392"}],"curies":[{"name":"wp","href":"https:\/\/api.w.org\/{rel}","templated":true}]}}