{"id":393,"date":"2015-06-11T21:35:50","date_gmt":"2015-06-11T21:35:50","guid":{"rendered":"http:\/\/homolog.saopaulo.sp.leg.br\/escoladoparlamento\/?page_id=393"},"modified":"2017-07-10T19:21:48","modified_gmt":"2017-07-10T22:21:48","slug":"politicas-publicas-da-agenda-a-avaliacao-modulo-i","status":"publish","type":"page","link":"https:\/\/homolog.saopaulo.sp.leg.br\/escoladoparlamento\/cursos\/cursos-anteriores\/cursos-realizados-em-2015\/politicas-publicas-da-agenda-a-avaliacao-modulo-i\/","title":{"rendered":"Pol\u00edticas P\u00fablicas: da Agenda \u00e0 Avalia\u00e7\u00e3o &#8211; M\u00f3dulo I"},"content":{"rendered":"<p><iframe loading=\"lazy\" title=\"Gabriella Lotta fala sobre curso de pol\u00edticas p\u00fablicas da Escola do Parlamento\" width=\"640\" height=\"480\" src=\"https:\/\/www.youtube.com\/embed\/CQupSGn75Bo?feature=oembed\" frameborder=\"0\" allow=\"accelerometer; autoplay; clipboard-write; encrypted-media; gyroscope; picture-in-picture; web-share\" referrerpolicy=\"strict-origin-when-cross-origin\" allowfullscreen><\/iframe><\/p>\n<p style=\"text-align: left\"><strong>Objetivos:<\/strong> Apresentar e discutir a abordagem metodol\u00f3gica do\u00a0<em>Ciclo de Pol\u00edticas P\u00fablicas\u00a0<\/em>e sua contextualiza\u00e7\u00e3o \u00e0 realidade brasileira em suas diferentes fases (agenda, formula\u00e7\u00e3o, implementa\u00e7\u00e3o e avalia\u00e7\u00e3o).<\/p>\n<p><strong>P\u00fablico alvo:\u00a0<\/strong>Servidores P\u00fablicos e Cidad\u00e3os em geral.<\/p>\n<p><strong>Docente Respons\u00e1vel:\u00a0<\/strong>Prof. Dra. Gabriela Spanghero Lotta<\/p>\n<p><strong>Diretor Respons\u00e1vel: <\/strong>Profa. Ms. Lara Mesquita<\/p>\n<p><strong>Carga Hor\u00e1ria:<\/strong>\u00a024h\u00a0&#8211; com certifica\u00e7\u00e3o para presen\u00e7a maior que 75%<\/p>\n<p><strong>Local:<\/strong>\u00a0C\u00e2mara Municipal de S\u00e3o Paulo<\/p>\n<table width=\"823\">\n<tbody>\n<tr>\n<td width=\"75\">Data<\/td>\n<td width=\"75\">Hora<\/td>\n<td width=\"75\">Local<\/td>\n<td width=\"534\">Tema<\/td>\n<td width=\"64\">Docente<\/td>\n<\/tr>\n<tr>\n<td>23\/06\/2015<\/td>\n<td>9h-12h<\/td>\n<td><a href=\"http:\/\/www.sindilex.org.br\/\">SINDILEX<\/a><\/td>\n<td><em>Conceito e Tipologia de Pol\u00edticas P\u00fablicas \/ Modelo do Ciclo de Pol\u00edticas<\/em><\/td>\n<td>Profa. Dra. Vanessa Elias de Oliveira<\/td>\n<\/tr>\n<tr>\n<td>24\/06\/2015<\/td>\n<td>9h-12h<\/td>\n<td><a href=\"http:\/\/www.sindilex.org.br\/\">SINDILEX<\/a><\/td>\n<td><em>Fase da Agenda: Modelo dos M\u00faltiplos Fluxos e Modelo do Equil\u00edbrio Interrompido<\/em><\/td>\n<td>Prof. Dr. Marcos Vinicius\u00a0P\u00f3<\/td>\n<\/tr>\n<tr>\n<td>25\/06\/2015<\/td>\n<td>9h-12h<\/td>\n<td><a href=\"http:\/\/www.sindilex.org.br\/\">SINDILEX<\/a><\/td>\n<td><em>Fase da Formula\u00e7\u00e3o: Incrementalismo, suas cr\u00edticas e propostas alternativas<\/em><\/td>\n<td>Prof. Dr. Vitor Marchetti<\/td>\n<\/tr>\n<tr>\n<td>30\/06\/2015<\/td>\n<td>9h-12h<\/td>\n<td><a href=\"http:\/\/homolog.saopaulo.sp.leg.br\/transparencia\/auditorios-online\/sala-oscar-pedroso-horta-sala-b\/\">Sala Oscar Pedroso Horta<\/a><\/td>\n<td><em>Atores e Institui\u00e7\u00f5es<\/em><\/td>\n<td>Prof. Dr. Eduardo C\u00e9sar Le\u00e3o Marques<\/td>\n<\/tr>\n<tr>\n<td>01\/07\/2015<\/td>\n<td>9h-12h<\/td>\n<td><a href=\"http:\/\/homolog.saopaulo.sp.leg.br\/transparencia\/auditorios-online\/sala-oscar-pedroso-horta-sala-b\/\">Sala Oscar Pedroso Horta<\/a><\/td>\n<td><em>Fase da Implementa\u00e7\u00e3o: Bottom Up e Top Down<\/em><\/td>\n<td>Profa. Dra. Gabriela Spanghero Lotta<\/td>\n<\/tr>\n<tr>\n<td>07\/07\/2015<\/td>\n<td>9h-12h<\/td>\n<td><a href=\"http:\/\/homolog.saopaulo.sp.leg.br\/transparencia\/auditorios-online\/sala-oscar-pedroso-horta-sala-b\/\">Sala Oscar Pedroso Horta<\/a><\/td>\n<td><em>Fase da Avalia\u00e7\u00e3o de Pol\u00edticas: Tipos de Avalia\u00e7\u00e3o, Papel e Usos da Avalia\u00e7\u00e3o<\/em><\/td>\n<td>Profa. Dra. Renata Mirandola Bichir<\/td>\n<\/tr>\n<tr>\n<td>08\/07\/2015<\/td>\n<td>9h-12h<\/td>\n<td><a href=\"http:\/\/homolog.saopaulo.sp.leg.br\/transparencia\/auditorios-online\/sala-oscar-pedroso-horta-sala-b\/\">Sala Oscar Pedroso Horta<\/a><\/td>\n<td><em>Novos Arranjos Institucionais de Pol\u00edticas P\u00fablicas<\/em><\/td>\n<td>Prof. Dr. Roberto Rocha Coelho\u00a0Pires<\/td>\n<\/tr>\n<\/tbody>\n<\/table>\n<p><strong>Aulas\u00a0Gravadas:<\/strong> Acesse a <a href=\"http:\/\/homolog.saopaulo.sp.leg.br\/sala-de-imprensa\/multimidia\/galeria-de-videos\/\">Galeria de V\u00eddeos<\/a> e busque por &#8220;<em>Pol\u00edticas P\u00fablicas: da Agenda \u00e0 Avalia\u00e7\u00e3o<\/em>&#8220;<\/p>\n","protected":false},"excerpt":{"rendered":"<p>Objetivos: Apresentar e discutir a abordagem metodol\u00f3gica do\u00a0Ciclo de Pol\u00edticas P\u00fablicas\u00a0e sua contextualiza\u00e7\u00e3o \u00e0 realidade brasileira em suas diferentes fases (agenda, formula\u00e7\u00e3o, implementa\u00e7\u00e3o e avalia\u00e7\u00e3o). P\u00fablico alvo:\u00a0Servidores P\u00fablicos e Cidad\u00e3os em geral. Docente Respons\u00e1vel:\u00a0Prof. Dra. Gabriela Spanghero Lotta Diretor Respons\u00e1vel: Profa. Ms. Lara Mesquita Carga Hor\u00e1ria:\u00a024h\u00a0&#8211; com certifica\u00e7\u00e3o para presen\u00e7a maior que 75% Local:\u00a0C\u00e2mara Municipal [&hellip;]<\/p>\n","protected":false},"author":19,"featured_media":0,"parent":1331,"menu_order":667,"comment_status":"open","ping_status":"open","template":"","meta":{"_acf_changed":false,"footnotes":""},"class_list":["post-393","page","type-page","status-publish","hentry"],"acf":[],"_links":{"self":[{"href":"https:\/\/homolog.saopaulo.sp.leg.br\/escoladoparlamento\/wp-json\/wp\/v2\/pages\/393","targetHints":{"allow":["GET"]}}],"collection":[{"href":"https:\/\/homolog.saopaulo.sp.leg.br\/escoladoparlamento\/wp-json\/wp\/v2\/pages"}],"about":[{"href":"https:\/\/homolog.saopaulo.sp.leg.br\/escoladoparlamento\/wp-json\/wp\/v2\/types\/page"}],"author":[{"embeddable":true,"href":"https:\/\/homolog.saopaulo.sp.leg.br\/escoladoparlamento\/wp-json\/wp\/v2\/users\/19"}],"replies":[{"embeddable":true,"href":"https:\/\/homolog.saopaulo.sp.leg.br\/escoladoparlamento\/wp-json\/wp\/v2\/comments?post=393"}],"version-history":[{"count":5,"href":"https:\/\/homolog.saopaulo.sp.leg.br\/escoladoparlamento\/wp-json\/wp\/v2\/pages\/393\/revisions"}],"predecessor-version":[{"id":7197,"href":"https:\/\/homolog.saopaulo.sp.leg.br\/escoladoparlamento\/wp-json\/wp\/v2\/pages\/393\/revisions\/7197"}],"up":[{"embeddable":true,"href":"https:\/\/homolog.saopaulo.sp.leg.br\/escoladoparlamento\/wp-json\/wp\/v2\/pages\/1331"}],"wp:attachment":[{"href":"https:\/\/homolog.saopaulo.sp.leg.br\/escoladoparlamento\/wp-json\/wp\/v2\/media?parent=393"}],"curies":[{"name":"wp","href":"https:\/\/api.w.org\/{rel}","templated":true}]}}