{"id":3962,"date":"2016-05-10T19:19:13","date_gmt":"2016-05-10T22:19:13","guid":{"rendered":"http:\/\/homolog.saopaulo.sp.leg.br\/escoladoparlamento\/?page_id=3962"},"modified":"2016-06-20T16:25:37","modified_gmt":"2016-06-20T19:25:37","slug":"ciclo-de-debates-sp-2030","status":"publish","type":"page","link":"https:\/\/homolog.saopaulo.sp.leg.br\/escoladoparlamento\/cursos\/cursos-anteriores\/cursos-realizados-em-2016\/ciclo-de-debates-sp-2030\/","title":{"rendered":"Ciclo de Debates SP 2030 \u2013 4\u00ba Encontro: SP Cidade Sustent\u00e1vel"},"content":{"rendered":"<p><strong>Objetivos:<\/strong> Debater as quest\u00f5es e desafios da Cidade de S\u00e3o Paulo para os pr\u00f3ximos 15 anos, dialogando com especialistas e com a sociedade civil a respeito dos caminhos que precisamos trilhar em \u00e1reas como: mobilidade urbana, cultura esporte e lazer, meio ambiente e sustentabilidade, entre outras.<\/p>\n<p><strong>Diretor Respons\u00e1vel:<\/strong> Christy Ganzert Pato<\/p>\n<p><strong>Coordena\u00e7\u00e3o:<\/strong> Lara Mesquita<\/p>\n<p><strong>P\u00fablico Alvo:<\/strong> Sociedade Civil Organizada, mun\u00edcipes e servidores p\u00fablicos.<\/p>\n<h3><strong>Inscri\u00e7\u00f5es<\/strong>: <a href=\"http:\/\/goo.gl\/forms\/Df9xMXm5IvosU2282\">INSCREVA-SE AQUI<\/a>!<\/h3>\n<p><strong>Carga Hor\u00e1ria Total:<\/strong> 5 encontros de 3h = 15h<\/p>\n<p><strong>Data e Hor\u00e1rio:<\/strong> 20\/06, das 14:30h \u00e0s 18h<\/p>\n<p><strong>Local:<\/strong> <a title=\"Plen\u00e1rio 1\u00ba de Maio\" href=\"http:\/\/homolog.saopaulo.sp.leg.br\/transparencia\/auditorios-online\/plenario-1o-de-maio\/\">Plen\u00e1rio 1\u00ba de Maio<\/a><\/p>\n<p><strong>TEMA 4: SUSTENTABILIDADE<\/strong><\/p>\n<p>O quarto dos cinco semin\u00e1rios abordar\u00e1 a quest\u00e3o do desenvolvimento sustent\u00e1vel. O objetivo \u00e9 refletir sobre as condi\u00e7\u00f5es ambientais e sociais da cidade hoje e como a SP pode continuar crescendo e se desenvolvendo de forma sustent\u00e1vel. Quais pol\u00edticas p\u00fablicas podem ser adotadas para que SP seja uma cidade mais sustent\u00e1vel. Quais a\u00e7\u00f5es o poder p\u00fablico precisa tomar para que em 2030 SP seja uma cidade melhor para se viver?<\/p>\n<p><strong>Expositores:\u00a0<\/strong>Luciana Travassos (UFABC); Am\u00e9rico Sampaio (Rede Nossa SP); Fernanda Meirelles (FGV\/DireitoSP); Ver. Ricardo Young (CMSP\/REDE).<\/p>\n","protected":false},"excerpt":{"rendered":"<p>Objetivos: Debater as quest\u00f5es e desafios da Cidade de S\u00e3o Paulo para os pr\u00f3ximos 15 anos, dialogando com especialistas e com a sociedade civil a respeito dos caminhos que precisamos trilhar em \u00e1reas como: mobilidade urbana, cultura esporte e lazer, meio ambiente e sustentabilidade, entre outras. Diretor Respons\u00e1vel: Christy Ganzert Pato Coordena\u00e7\u00e3o: Lara Mesquita P\u00fablico [&hellip;]<\/p>\n","protected":false},"author":127,"featured_media":0,"parent":3097,"menu_order":704,"comment_status":"closed","ping_status":"closed","template":"","meta":{"_acf_changed":false,"footnotes":""},"class_list":["post-3962","page","type-page","status-publish","hentry"],"acf":[],"_links":{"self":[{"href":"https:\/\/homolog.saopaulo.sp.leg.br\/escoladoparlamento\/wp-json\/wp\/v2\/pages\/3962","targetHints":{"allow":["GET"]}}],"collection":[{"href":"https:\/\/homolog.saopaulo.sp.leg.br\/escoladoparlamento\/wp-json\/wp\/v2\/pages"}],"about":[{"href":"https:\/\/homolog.saopaulo.sp.leg.br\/escoladoparlamento\/wp-json\/wp\/v2\/types\/page"}],"author":[{"embeddable":true,"href":"https:\/\/homolog.saopaulo.sp.leg.br\/escoladoparlamento\/wp-json\/wp\/v2\/users\/127"}],"replies":[{"embeddable":true,"href":"https:\/\/homolog.saopaulo.sp.leg.br\/escoladoparlamento\/wp-json\/wp\/v2\/comments?post=3962"}],"version-history":[{"count":5,"href":"https:\/\/homolog.saopaulo.sp.leg.br\/escoladoparlamento\/wp-json\/wp\/v2\/pages\/3962\/revisions"}],"predecessor-version":[{"id":4296,"href":"https:\/\/homolog.saopaulo.sp.leg.br\/escoladoparlamento\/wp-json\/wp\/v2\/pages\/3962\/revisions\/4296"}],"up":[{"embeddable":true,"href":"https:\/\/homolog.saopaulo.sp.leg.br\/escoladoparlamento\/wp-json\/wp\/v2\/pages\/3097"}],"wp:attachment":[{"href":"https:\/\/homolog.saopaulo.sp.leg.br\/escoladoparlamento\/wp-json\/wp\/v2\/media?parent=3962"}],"curies":[{"name":"wp","href":"https:\/\/api.w.org\/{rel}","templated":true}]}}