{"id":4343,"date":"2016-06-16T18:58:29","date_gmt":"2016-06-16T21:58:29","guid":{"rendered":"http:\/\/homolog.saopaulo.sp.leg.br\/escoladoparlamento\/?page_id=4343"},"modified":"2018-05-11T16:41:43","modified_gmt":"2018-05-11T19:41:43","slug":"participacao-politica-das-mulheres-em-espacos-de-poder-e-decisao","status":"publish","type":"page","link":"https:\/\/homolog.saopaulo.sp.leg.br\/escoladoparlamento\/cursos\/cursos-anteriores\/cursos-realizados-em-2016\/participacao-politica-das-mulheres-em-espacos-de-poder-e-decisao\/","title":{"rendered":"Participa\u00e7\u00e3o Pol\u00edtica das Mulheres em Espa\u00e7os de Poder e Decis\u00e3o"},"content":{"rendered":"<p><iframe loading=\"lazy\" title=\"Participa\u00e7\u00e3o feminina na pol\u00edtica \u00e9 tema de debate na CMSP\" width=\"640\" height=\"480\" src=\"https:\/\/www.youtube.com\/embed\/btEXAncwDBg?feature=oembed\" frameborder=\"0\" allow=\"accelerometer; autoplay; clipboard-write; encrypted-media; gyroscope; picture-in-picture; web-share\" referrerpolicy=\"strict-origin-when-cross-origin\" allowfullscreen><\/iframe><\/p>\n<hr \/>\n<p><strong>Objetivos:<\/strong>\u00a0Dar continuidade ao curso de Direito Eleitoral, no sentido de\u00a0tentar responder a questionamentos levantados no que toca\u00a0\u00e0 representa\u00e7\u00e3o feminina em espa\u00e7os de poder e decis\u00e3o. Diante do diagn\u00f3stico de que apenas 5 dos atuais 55 vereadores do Munic\u00edpio s\u00e3o mulheres (10% dos deputados federais e 14% dos senadores, muito abaixo da m\u00e9dia mundial), torna-se fundamental, em ano de elei\u00e7\u00f5es municipais,\u00a0colocar em debate\u00a0as poss\u00edveis raz\u00f5es para essa sub-representa\u00e7\u00e3o feminina e\u00a0a sua rela\u00e7\u00e3o com os atuais mecanismos de participa\u00e7\u00e3o pol\u00edtica.<\/p>\n<p><strong>Diretor Respons\u00e1vel:<\/strong> <span style=\"font-size: medium\">Carolina Cutrupi Ferreira e Lara Mesquita<\/span><\/p>\n<p><strong>Coordena\u00e7\u00e3o:<\/strong> <span style=\"font-size: medium\">Carolina Cutrupi Ferreira<\/span><\/p>\n<p><strong>Vagas:<\/strong> 180<\/p>\n<p><strong>Carga Hor\u00e1ria:<\/strong> 3h<\/p>\n<h3><strong><span style=\"font-size: medium\">Inscri\u00e7\u00f5es<\/span><\/strong><span style=\"font-size: medium\"><strong>: <\/strong>Encerradas.<\/span><\/h3>\n<table>\n<tbody>\n<tr>\n<td><strong>Datas<\/strong><\/td>\n<td><strong>Hora<\/strong><\/td>\n<td><strong>Local<\/strong><\/td>\n<td><strong>Tema<\/strong><\/td>\n<td><strong>Palestrante<\/strong><\/td>\n<\/tr>\n<tr>\n<td><strong>28\/06<\/strong><\/td>\n<td>19h-22h<\/td>\n<td><a title=\"Audit\u00f3rio Prestes Maia\" href=\"http:\/\/homolog.saopaulo.sp.leg.br\/transparencia\/auditorios-online\/auditorio-prestes-maia\/\">Audit\u00f3rio Prestes Maia (Plenarinho)<\/a><\/td>\n<td><em>Participa\u00e7\u00e3o pol\u00edticas das mulheres em espa\u00e7os de decis\u00e3o.<\/em><\/p>\n<p>&nbsp;<\/td>\n<td>Marina Zanata Gazarolli (Rede Feminista de Juristas)\u00a0[<a href=\"http:\/\/homolog.saopaulo.sp.leg.br\/escoladoparlamento\/wp-content\/uploads\/sites\/5\/2016\/06\/MULHERES-EM-ESPA\u00c7O-DE-PODER-E-DECIS\u00c3O-PADR\u00c3O-ESCOLA.Marina-Ganzarolli.pdf\">Slides<\/a>]<\/p>\n<p>Maria Abreu (UFRJ) [<a href=\"http:\/\/homolog.saopaulo.sp.leg.br\/escoladoparlamento\/wp-content\/uploads\/sites\/5\/2016\/06\/CMSP-Mulheres-em-espa\u00e7os-de-poder-e-decis\u00e3o-Maria-Abreu.pdf\">Slides<\/a>]<\/p>\n<p>Andrea Rascovski Ickowicz (Supervisora do Setor Judicial da Procuradoria da CMSP)<\/p>\n<p>N\u00e1dia Campe\u00e3o (Vice-Prefeita e Secret\u00e1ria Municipal de Educa\u00e7\u00e3o)* aguardando confirma\u00e7\u00e3o<\/td>\n<\/tr>\n<\/tbody>\n<\/table>\n","protected":false},"excerpt":{"rendered":"<p>Objetivos:\u00a0Dar continuidade ao curso de Direito Eleitoral, no sentido de\u00a0tentar responder a questionamentos levantados no que toca\u00a0\u00e0 representa\u00e7\u00e3o feminina em espa\u00e7os de poder e decis\u00e3o. Diante do diagn\u00f3stico de que apenas 5 dos atuais 55 vereadores do Munic\u00edpio s\u00e3o mulheres (10% dos deputados federais e 14% dos senadores, muito abaixo da m\u00e9dia mundial), torna-se fundamental, [&hellip;]<\/p>\n","protected":false},"author":127,"featured_media":0,"parent":3097,"menu_order":707,"comment_status":"closed","ping_status":"closed","template":"","meta":{"_acf_changed":false,"footnotes":""},"class_list":["post-4343","page","type-page","status-publish","hentry"],"acf":[],"_links":{"self":[{"href":"https:\/\/homolog.saopaulo.sp.leg.br\/escoladoparlamento\/wp-json\/wp\/v2\/pages\/4343","targetHints":{"allow":["GET"]}}],"collection":[{"href":"https:\/\/homolog.saopaulo.sp.leg.br\/escoladoparlamento\/wp-json\/wp\/v2\/pages"}],"about":[{"href":"https:\/\/homolog.saopaulo.sp.leg.br\/escoladoparlamento\/wp-json\/wp\/v2\/types\/page"}],"author":[{"embeddable":true,"href":"https:\/\/homolog.saopaulo.sp.leg.br\/escoladoparlamento\/wp-json\/wp\/v2\/users\/127"}],"replies":[{"embeddable":true,"href":"https:\/\/homolog.saopaulo.sp.leg.br\/escoladoparlamento\/wp-json\/wp\/v2\/comments?post=4343"}],"version-history":[{"count":5,"href":"https:\/\/homolog.saopaulo.sp.leg.br\/escoladoparlamento\/wp-json\/wp\/v2\/pages\/4343\/revisions"}],"predecessor-version":[{"id":9508,"href":"https:\/\/homolog.saopaulo.sp.leg.br\/escoladoparlamento\/wp-json\/wp\/v2\/pages\/4343\/revisions\/9508"}],"up":[{"embeddable":true,"href":"https:\/\/homolog.saopaulo.sp.leg.br\/escoladoparlamento\/wp-json\/wp\/v2\/pages\/3097"}],"wp:attachment":[{"href":"https:\/\/homolog.saopaulo.sp.leg.br\/escoladoparlamento\/wp-json\/wp\/v2\/media?parent=4343"}],"curies":[{"name":"wp","href":"https:\/\/api.w.org\/{rel}","templated":true}]}}