{"id":4550,"date":"2016-06-29T17:17:34","date_gmt":"2016-06-29T20:17:34","guid":{"rendered":"http:\/\/homolog.saopaulo.sp.leg.br\/escoladoparlamento\/?page_id=4550"},"modified":"2018-05-11T16:40:37","modified_gmt":"2018-05-11T19:40:37","slug":"4550-2","status":"publish","type":"page","link":"https:\/\/homolog.saopaulo.sp.leg.br\/escoladoparlamento\/cursos\/cursos-anteriores\/cursos-realizados-em-2016\/4550-2\/","title":{"rendered":"Rep\u00f3rter do Futuro: Lan\u00e7amento dos \u201cCadernos de Jornalismo\u201d e Divulga\u00e7\u00e3o do 9\u00ba M\u00f3dulo do Curso"},"content":{"rendered":"<p><strong>Objetivos:<\/strong> Aproximar estudantes de Jornalismo das grandes quest\u00f5es que desafiam o crescimento de uma cidade como S\u00e3o Paulo, vistas sob a \u00f3tica dos gestores p\u00fablicos ligados ao poder executivo ou legislativo, estudiosos e especialistas, mas tamb\u00e9m vivenciadas nas visitas aos bairros \u2013 momento em que os jovens s\u00e3o estimulados a traduzir a complexidade da cidade e o cotidiano do seu povo em entrevistas e reportagens de campo.<\/p>\n<p><strong>Diretor Respons\u00e1vel:<\/strong> Christy Ganzert Pato<br \/>\n<strong>Coordena\u00e7\u00e3o:<\/strong> Sergio Gomes e Ana Luisa Zaniboni Gomes<\/p>\n<p><strong>P\u00fablico Alvo:<\/strong> Servidores P\u00fablicos, Conselheiros, membros da sociedade civil organizada, estudantes de gradua\u00e7\u00e3o em jornalismo e mun\u00edcipes em geral interessados no tema.<\/p>\n<p><strong>Carga Hor\u00e1ria:<\/strong> 3h<\/p>\n<p><strong>Vagas:<\/strong> 180 &#8211; <a title=\"Audit\u00f3rio Prestes Maia\" href=\"http:\/\/homolog.saopaulo.sp.leg.br\/transparencia\/auditorios-online\/auditorio-prestes-maia\/\">Audit\u00f3rio Prestes Maia (Plenarinho)<\/a><\/p>\n<p><strong>Inscri\u00e7\u00f5es:<\/strong> N\u00e3o haver\u00e1.<\/p>\n<p><strong>Programa\u00e7\u00e3o:<\/strong><\/p>\n<table>\n<tbody>\n<tr>\n<td><strong>Data<\/strong><\/td>\n<td><strong>Hora<\/strong><\/td>\n<td><strong>Palestrante<\/strong><\/td>\n<td><strong>Tema<\/strong><\/td>\n<\/tr>\n<tr>\n<td><strong>30\/06<\/strong><\/td>\n<td>\u00a019h &#8211; 22h<\/td>\n<td>\n<ul>\n<li>Antonio Donato (Presidente CMSP) \u2013 a confirmar<\/li>\n<li>Police Neto (vereador CMSP) \u2013 a confirmar<\/li>\n<li>Jos\u00e9 Am\u00e9rico (Secret\u00e1rio da Secretaria Municipal de Rela\u00e7\u00f5es Governamentais) \u2013 a confirmar<\/li>\n<li>Christy Ganzert Pato (Diretor-Presidente da Escola do Parlamento)<\/li>\n<li>S\u00e9rgio Gomes (Obor\u00e9 Projetos Especiais)<\/li>\n<li>Manuel Carlos da Concei\u00e7\u00e3o Chaparro (jornalista)<\/li>\n<li>Wagner Belmonte (Diretor da TV C\u00e2mara S\u00e3o Paulo)<\/li>\n<li>Everaldo Gouv\u00eaia (Chefe da Assessoria de Imprensa da CMSP)<\/li>\n<li>Antonio L\u00facio Rodrigues de Assiz (Diretoria de Comunica\u00e7\u00e3o Externa da CMSP)<\/li>\n<li>Fl\u00e1vio Munhoz (Portal CMSP)<\/li>\n<li>S\u00edlvia Bellintani (psic\u00f3loga)<\/li>\n<li>Laerte Coutinho (cartunista)<\/li>\n<li>Aud\u00e1lio Dantas (jornalista)<\/li>\n<\/ul>\n<\/td>\n<td>Lan\u00e7amento dos \u201cCadernos de Jornalismo\u201d do Rep\u00f3rter do Futuro e\u00a0 Divulga\u00e7\u00e3o do processo seletivo do 9\u00ba M\u00f3dulo \u201cDescobrir S\u00e3o Paulo, descobrir-se rep\u00f3rter\u201d<\/p>\n<p>&nbsp;<\/td>\n<\/tr>\n<\/tbody>\n<\/table>\n","protected":false},"excerpt":{"rendered":"<p>Objetivos: Aproximar estudantes de Jornalismo das grandes quest\u00f5es que desafiam o crescimento de uma cidade como S\u00e3o Paulo, vistas sob a \u00f3tica dos gestores p\u00fablicos ligados ao poder executivo ou legislativo, estudiosos e especialistas, mas tamb\u00e9m vivenciadas nas visitas aos bairros \u2013 momento em que os jovens s\u00e3o estimulados a traduzir a complexidade da cidade [&hellip;]<\/p>\n","protected":false},"author":127,"featured_media":0,"parent":3097,"menu_order":533,"comment_status":"closed","ping_status":"closed","template":"","meta":{"_acf_changed":false,"footnotes":""},"class_list":["post-4550","page","type-page","status-publish","hentry"],"acf":[],"_links":{"self":[{"href":"https:\/\/homolog.saopaulo.sp.leg.br\/escoladoparlamento\/wp-json\/wp\/v2\/pages\/4550","targetHints":{"allow":["GET"]}}],"collection":[{"href":"https:\/\/homolog.saopaulo.sp.leg.br\/escoladoparlamento\/wp-json\/wp\/v2\/pages"}],"about":[{"href":"https:\/\/homolog.saopaulo.sp.leg.br\/escoladoparlamento\/wp-json\/wp\/v2\/types\/page"}],"author":[{"embeddable":true,"href":"https:\/\/homolog.saopaulo.sp.leg.br\/escoladoparlamento\/wp-json\/wp\/v2\/users\/127"}],"replies":[{"embeddable":true,"href":"https:\/\/homolog.saopaulo.sp.leg.br\/escoladoparlamento\/wp-json\/wp\/v2\/comments?post=4550"}],"version-history":[{"count":5,"href":"https:\/\/homolog.saopaulo.sp.leg.br\/escoladoparlamento\/wp-json\/wp\/v2\/pages\/4550\/revisions"}],"predecessor-version":[{"id":9505,"href":"https:\/\/homolog.saopaulo.sp.leg.br\/escoladoparlamento\/wp-json\/wp\/v2\/pages\/4550\/revisions\/9505"}],"up":[{"embeddable":true,"href":"https:\/\/homolog.saopaulo.sp.leg.br\/escoladoparlamento\/wp-json\/wp\/v2\/pages\/3097"}],"wp:attachment":[{"href":"https:\/\/homolog.saopaulo.sp.leg.br\/escoladoparlamento\/wp-json\/wp\/v2\/media?parent=4550"}],"curies":[{"name":"wp","href":"https:\/\/api.w.org\/{rel}","templated":true}]}}