{"id":4704,"date":"2016-07-06T17:10:38","date_gmt":"2016-07-06T20:10:38","guid":{"rendered":"http:\/\/homolog.saopaulo.sp.leg.br\/escoladoparlamento\/?page_id=4704"},"modified":"2018-05-11T16:48:55","modified_gmt":"2018-05-11T19:48:55","slug":"eleicoes-municipais-novas-regras","status":"publish","type":"page","link":"https:\/\/homolog.saopaulo.sp.leg.br\/escoladoparlamento\/cursos\/cursos-anteriores\/cursos-realizados-em-2016\/eleicoes-municipais-novas-regras\/","title":{"rendered":"ELEI\u00c7\u00d5ES MUNICIPAIS: NOVAS REGRAS"},"content":{"rendered":"<p><iframe loading=\"lazy\" title=\"Escola do Parlamento debate novas regras para elei\u00e7\u00f5es\" width=\"640\" height=\"480\" src=\"https:\/\/www.youtube.com\/embed\/NXuv0dby-Lc?start=2&#038;feature=oembed\" frameborder=\"0\" allow=\"accelerometer; autoplay; clipboard-write; encrypted-media; gyroscope; picture-in-picture; web-share\" referrerpolicy=\"strict-origin-when-cross-origin\" allowfullscreen><\/iframe><\/p>\n<hr \/>\n<p align=\"justify\"><strong>Objetivo:<\/strong> Capacitar gestores e servidores p\u00fablicos ligados \u00e0 administra\u00e7\u00e3o municipal para o exerc\u00edcio de suas fun\u00e7\u00f5es no que se relaciona ao direito p\u00fablico em geral e direito eleitoral.<\/p>\n<p>Os aspectos legais t\u00eam ocupado cada vez mais espa\u00e7o nas disputas eleitorais. Durante o per\u00edodo das elei\u00e7\u00f5es muito se t\u00eam utilizado da Justi\u00e7a Eleitoral. Assim, o conhecimento das leis e sua aplica\u00e7\u00e3o s\u00e3o essenciais para o sucesso de qualquer campanha pol\u00edtica. Iniciar o \u201cElei\u00e7\u00f5es Municipais: novas regras\u201d para compreender os v\u00e1rios aspectos pol\u00eamicos das elei\u00e7\u00f5es, apresentando de forma pr\u00e1tica e principalmente levando o conhecimento dos diversos conceitos ao p\u00fablico atuante nas elei\u00e7\u00f5es municipais de 2016.<\/p>\n<p><strong>Diretor Respons\u00e1vel:\u00a0<\/strong>Christy Ganzert Pato<\/p>\n<p><strong>Coordenadora do Curso:<\/strong>\u00a0Karina Kufa<\/p>\n<p><strong>P\u00fablico Alvo:<\/strong>\u00a0Vereadores, Assessores, Representantes de Partidos Pol\u00edticos, Entidades, Advogados, Pr\u00e9-Candidatos, Gestores P\u00fablicos, Servidores P\u00fablicos; Estudantes de Direito, Ci\u00eancias Sociais e Cursos de humanas, Membros da Sociedade Civil em geral e Cidad\u00e3os interessados no tema.<\/p>\n<p><strong>Local:<\/strong> Sal\u00e3o Nobre<\/p>\n<p><strong>Vagas:<\/strong>\u00a0350 (trezentos e cinquenta)<\/p>\n<p><strong>Inscri\u00e7\u00f5es:<\/strong> O semin\u00e1rio n\u00e3o requer inscri\u00e7\u00e3o pr\u00e9via<\/p>\n<p><strong>Carga Hor\u00e1ria:<\/strong>\u00a02 encontros de 8hs<\/p>\n<p><strong>Programa\u00e7\u00e3o:<\/strong><\/p>\n<table>\n<tbody>\n<tr>\n<td><strong>Data\/Hora<\/strong><\/td>\n<td><strong>Tema da aula<\/strong><\/td>\n<td><strong>Professor<\/strong><\/td>\n<\/tr>\n<tr>\n<td><strong>11\/07<\/strong><br \/>\n10h \u2013 11h<\/td>\n<td>O processo eleitoral sob a \u00f3tica do novo CPC e da CF.<\/td>\n<td>Desembargador Dr. Ant\u00f4nio Carlos Mathias Coltro<\/td>\n<\/tr>\n<tr>\n<td><strong>11\/07<br \/>\n<\/strong>11h-12h<\/td>\n<td>Partidos pol\u00edticos: fidelidade partid\u00e1ria, novas regras para cria\u00e7\u00e3o de agremia\u00e7\u00f5es<\/td>\n<td>Ministro Admar Gonzaga Neto<\/td>\n<\/tr>\n<tr>\n<td><strong>11\/07<\/strong><br \/>\n14h \u2013 15h<\/td>\n<td>Lei da Ficha Limpa<\/td>\n<td>Dra. Karina Kufa<\/td>\n<\/tr>\n<tr>\n<td><strong>11\/07<\/strong><br \/>\n15h \u2013 16h<\/td>\n<td>Financiamento de Campanha<\/td>\n<td>Dr. Marlon Reis<\/p>\n<p>Dr. Ricardo Penteado<\/p>\n<p>Presidente de mesa: Dra. Cristiane Britto<\/td>\n<\/tr>\n<tr>\n<td><strong>11\/07<br \/>\n<\/strong>16h \u2013 17h<\/td>\n<td>Crimes eleitorais<\/td>\n<td>Dr. Luiz Carlos Gon\u00e7alves<\/td>\n<\/tr>\n<tr>\n<td><strong>12\/07<\/strong><br \/>\n10h-11h<\/td>\n<td>Propaganda partid\u00e1ria, intrapartid\u00e1ria e eleitoral. Propaganda antecipada. Permiss\u00f5es e veda\u00e7\u00f5es em campanha eleitoral<\/td>\n<td>Dr. Amilton Augusto Kufa<\/p>\n<p>Presidente de mesa: Larissa Campos\u00a0Machado<\/td>\n<\/tr>\n<tr>\n<td><strong>12\/07<\/strong><br \/>\n11h \u2013 12h<\/td>\n<td>Propaganda Eleitoral na r\u00e1dio e TV<\/td>\n<td>Dr. Marcos Vargas<\/td>\n<\/tr>\n<tr>\n<td><strong>12\/07<\/strong><br \/>\n14h \u2013 15h<\/td>\n<td>Abuso\u00a0do\u00a0poder pol\u00edtico e econ\u00f4mico. Condutas vedadas. Capta\u00e7\u00e3o il\u00edcita de sufr\u00e1gio<\/td>\n<td>Dr. Frederico Alvim<\/p>\n<p>Dra. Marilda Silveira<\/td>\n<\/tr>\n<tr>\n<td><strong>12\/07<\/strong><br \/>\n15h \u2013 16h<\/td>\n<td>Presta\u00e7\u00e3o de contas de candidato<\/td>\n<td>Dra. Rita Gon\u00e7alves<\/p>\n<p>Presidente de mesa: Dra. Kristiani Lopes<\/td>\n<\/tr>\n<tr>\n<td><strong>12\/07<\/strong><br \/>\n16h \u2013 \u00a017h<\/td>\n<td>Participa\u00e7\u00e3o politica feminina<\/td>\n<td>Dra. Gabriela Rollemberg<\/p>\n<p>Presidente de mesa: Dra. Marina Ganzarolli<\/td>\n<\/tr>\n<\/tbody>\n<\/table>\n","protected":false},"excerpt":{"rendered":"<p>Objetivo: Capacitar gestores e servidores p\u00fablicos ligados \u00e0 administra\u00e7\u00e3o municipal para o exerc\u00edcio de suas fun\u00e7\u00f5es no que se relaciona ao direito p\u00fablico em geral e direito eleitoral. Os aspectos legais t\u00eam ocupado cada vez mais espa\u00e7o nas disputas eleitorais. Durante o per\u00edodo das elei\u00e7\u00f5es muito se t\u00eam utilizado da Justi\u00e7a Eleitoral. Assim, o conhecimento [&hellip;]<\/p>\n","protected":false},"author":183,"featured_media":0,"parent":3097,"menu_order":530,"comment_status":"closed","ping_status":"closed","template":"","meta":{"_acf_changed":false,"footnotes":""},"class_list":["post-4704","page","type-page","status-publish","hentry"],"acf":[],"_links":{"self":[{"href":"https:\/\/homolog.saopaulo.sp.leg.br\/escoladoparlamento\/wp-json\/wp\/v2\/pages\/4704","targetHints":{"allow":["GET"]}}],"collection":[{"href":"https:\/\/homolog.saopaulo.sp.leg.br\/escoladoparlamento\/wp-json\/wp\/v2\/pages"}],"about":[{"href":"https:\/\/homolog.saopaulo.sp.leg.br\/escoladoparlamento\/wp-json\/wp\/v2\/types\/page"}],"author":[{"embeddable":true,"href":"https:\/\/homolog.saopaulo.sp.leg.br\/escoladoparlamento\/wp-json\/wp\/v2\/users\/183"}],"replies":[{"embeddable":true,"href":"https:\/\/homolog.saopaulo.sp.leg.br\/escoladoparlamento\/wp-json\/wp\/v2\/comments?post=4704"}],"version-history":[{"count":5,"href":"https:\/\/homolog.saopaulo.sp.leg.br\/escoladoparlamento\/wp-json\/wp\/v2\/pages\/4704\/revisions"}],"predecessor-version":[{"id":9524,"href":"https:\/\/homolog.saopaulo.sp.leg.br\/escoladoparlamento\/wp-json\/wp\/v2\/pages\/4704\/revisions\/9524"}],"up":[{"embeddable":true,"href":"https:\/\/homolog.saopaulo.sp.leg.br\/escoladoparlamento\/wp-json\/wp\/v2\/pages\/3097"}],"wp:attachment":[{"href":"https:\/\/homolog.saopaulo.sp.leg.br\/escoladoparlamento\/wp-json\/wp\/v2\/media?parent=4704"}],"curies":[{"name":"wp","href":"https:\/\/api.w.org\/{rel}","templated":true}]}}