{"id":4850,"date":"2016-07-22T13:08:14","date_gmt":"2016-07-22T16:08:14","guid":{"rendered":"http:\/\/homolog.saopaulo.sp.leg.br\/escoladoparlamento\/?page_id=4850"},"modified":"2018-05-11T16:43:02","modified_gmt":"2018-05-11T19:43:02","slug":"judicializacao-da-politica-e-das-politicas-publicas-no-brasil","status":"publish","type":"page","link":"https:\/\/homolog.saopaulo.sp.leg.br\/escoladoparlamento\/cursos\/cursos-anteriores\/cursos-realizados-em-2016\/judicializacao-da-politica-e-das-politicas-publicas-no-brasil\/","title":{"rendered":"Judicializa\u00e7\u00e3o das Pol\u00edticas P\u00fablicas no Brasil"},"content":{"rendered":"<p><iframe loading=\"lazy\" title=\"CMSP promove curso sobre judicializa\u00e7\u00e3o de pol\u00edticas p\u00fablicas\" width=\"640\" height=\"480\" src=\"https:\/\/www.youtube.com\/embed\/MC5xzTddXXo?feature=oembed\" frameborder=\"0\" allow=\"accelerometer; autoplay; clipboard-write; encrypted-media; gyroscope; picture-in-picture; web-share\" referrerpolicy=\"strict-origin-when-cross-origin\" allowfullscreen><\/iframe><\/p>\n<p><iframe loading=\"lazy\" title=\"Escola do Parlamento discute judicializa\u00e7\u00e3o na educa\u00e7\u00e3o\" width=\"640\" height=\"480\" src=\"https:\/\/www.youtube.com\/embed\/HproekiskzA?feature=oembed\" frameborder=\"0\" allow=\"accelerometer; autoplay; clipboard-write; encrypted-media; gyroscope; picture-in-picture; web-share\" referrerpolicy=\"strict-origin-when-cross-origin\" allowfullscreen><\/iframe><\/p>\n<hr \/>\n<p><strong>Objetivos:<\/strong> <span style=\"font-size: medium\">O curso \u00e9 um programa de capacita\u00e7\u00e3o, de curta dura\u00e7\u00e3o, que se prop\u00f5e a apresentar aos participantes a organiza\u00e7\u00e3o e atua\u00e7\u00e3o do sistema de justi\u00e7a brasileiro e como os processos de judicializa\u00e7\u00e3o da pol\u00edtica e das pol\u00edticas p\u00fablicas afetam a provis\u00e3o de servi\u00e7os p\u00fablicos, com foco nas pol\u00edticas de sa\u00fade, educa\u00e7\u00e3o, pol\u00edtica urbana e de saneamento. <\/span><\/p>\n<p><strong>Diretor Respons\u00e1vel:<\/strong> Lara Mesquita<\/p>\n<p><strong>Coordena\u00e7\u00e3o: <\/strong><span style=\"font-size: medium\">Vanessa Elias de Oliveira<\/span><\/p>\n<p><span style=\"font-size: medium\"><strong>P\u00fablico Alvo:<\/strong> S<\/span><span style=\"font-size: medium\">ervidores p\u00fablicos, estudantes e cidad\u00e3os em geral.<\/span><\/p>\n<p><strong>Carga Hor\u00e1ria:<\/strong> 21h.<\/p>\n<p><strong>Inscri\u00e7\u00f5es:<\/strong>\u00a0Encerradas.<\/p>\n<p><strong>Programa\u00e7\u00e3o:<\/strong><\/p>\n<table>\n<tbody>\n<tr>\n<td><strong>Data<\/strong><\/td>\n<td><strong>Hora<\/strong><\/td>\n<td><strong>Local<\/strong><\/td>\n<td><strong>Palestrante<\/strong><\/td>\n<td><strong>Tema<\/strong><\/td>\n<\/tr>\n<tr>\n<td><strong>15\/08<\/strong><\/td>\n<td>19h-22h<\/td>\n<td><a title=\"Sala S\u00e9rgio Vieira de Mello \u2013 (\u201cSala A\u201d)\" href=\"http:\/\/homolog.saopaulo.sp.leg.br\/transparencia\/auditorios-online\/sala-sergio-vieira-de-mello-sala\/\">Sala S\u00e9rgio Vieira de Mello<\/a><\/td>\n<td><a href=\"http:\/\/lattes.cnpq.br\/1787816411379906\">Vitor Marchetti<\/a><\/td>\n<td><em>Judicializa\u00e7\u00e3o da Pol\u00edtica e das Pol\u00edticas P\u00fablicas no Brasil\u00a0<\/em><\/td>\n<\/tr>\n<tr>\n<td><strong>19\/08<\/strong><\/td>\n<td>19h-22h<\/td>\n<td><a title=\"Sala S\u00e9rgio Vieira de Mello \u2013 (\u201cSala A\u201d)\" href=\"http:\/\/homolog.saopaulo.sp.leg.br\/transparencia\/auditorios-online\/sala-sergio-vieira-de-mello-sala\/\">Sala S\u00e9rgio Vieira de Mello<\/a><\/td>\n<td><a href=\"http:\/\/lattes.cnpq.br\/6438633094553520\">Rogerio B. Arantes<\/a><\/td>\n<td><em>Constitucionaliza\u00e7\u00e3o de pol\u00edticas p\u00fablicas no Brasil\u00a0<\/em><\/td>\n<\/tr>\n<tr>\n<td><strong>22\/08<\/strong><\/td>\n<td>19h-22h<\/td>\n<td><a title=\"Sala S\u00e9rgio Vieira de Mello \u2013 (\u201cSala A\u201d)\" href=\"http:\/\/homolog.saopaulo.sp.leg.br\/transparencia\/auditorios-online\/sala-sergio-vieira-de-mello-sala\/\">Sala S\u00e9rgio Vieira de Mello<\/a><\/td>\n<td><a href=\"http:\/\/lattes.cnpq.br\/5773087591738981\">Conrado Mendes Hubner<\/a><\/td>\n<td><em>O STF e o controle de constitucionalidade das leis\u00a0<\/em><\/td>\n<\/tr>\n<tr>\n<td><strong>26\/08<\/strong><\/td>\n<td>19h-22h<\/td>\n<td><a title=\"Audit\u00f3rio Prestes Maia\" href=\"http:\/\/homolog.saopaulo.sp.leg.br\/transparencia\/auditorios-online\/auditorio-prestes-maia\/\">Audit\u00f3rio Prestes Maia (Plenarinho)<\/a><\/td>\n<td>Rog\u00e9rio B. Arantes<\/td>\n<td><em>Minist\u00e9rio P\u00fablico, pol\u00edtica e pol\u00edticas p\u00fablicas\u00a0<\/em><\/td>\n<\/tr>\n<tr>\n<td><strong>29\/08<\/strong><\/td>\n<td>19h-22h<\/td>\n<td><a title=\"Sala S\u00e9rgio Vieira de Mello \u2013 (\u201cSala A\u201d)\" href=\"http:\/\/homolog.saopaulo.sp.leg.br\/transparencia\/auditorios-online\/sala-sergio-vieira-de-mello-sala\/\">Sala S\u00e9rgio Vieira de Mello<\/a><\/td>\n<td><a href=\"http:\/\/lattes.cnpq.br\/4500064778115550\">Vanessa Elias de Oliveira<\/a><\/td>\n<td><em>Judicializa\u00e7\u00e3o da sa\u00fade<\/em><\/td>\n<\/tr>\n<tr>\n<td><strong>02\/09<\/strong><\/td>\n<td>19h-22h<\/td>\n<td><a title=\"Sala S\u00e9rgio Vieira de Mello \u2013 (\u201cSala A\u201d)\" href=\"http:\/\/homolog.saopaulo.sp.leg.br\/transparencia\/auditorios-online\/sala-sergio-vieira-de-mello-sala\/\">Sala S\u00e9rgio Vieira de Mello<\/a><\/td>\n<td><a href=\"http:\/\/lattes.cnpq.br\/3115986167354250\">Salom\u00e3o Ximenes<\/a><\/td>\n<td><em>Judicializa\u00e7\u00e3o da educa\u00e7\u00e3o\u00a0<\/em><\/td>\n<\/tr>\n<tr>\n<td><strong>05\/09<\/strong><\/td>\n<td>19h-22h<\/td>\n<td><a title=\"Sala S\u00e9rgio Vieira de Mello \u2013 (\u201cSala A\u201d)\" href=\"http:\/\/homolog.saopaulo.sp.leg.br\/transparencia\/auditorios-online\/sala-sergio-vieira-de-mello-sala\/\">Sala S\u00e9rgio Vieira de Mello<\/a><\/td>\n<td><a href=\"http:\/\/lattes.cnpq.br\/1983350478445300\">Marcelo Aversa<\/a><\/td>\n<td><em>Judicializa\u00e7\u00e3o do saneamento\u00a0<\/em><\/td>\n<\/tr>\n<\/tbody>\n<\/table>\n<p><strong>Bibliografia:<\/strong><\/p>\n<p>ARANTES, Rog\u00e9rio Bastos. <strong>Judici\u00e1rio e Pol\u00edtica no Brasil<\/strong>. S\u00e3o Paulo: Idesp\/Sumar\u00e9, Educ, 1997.<\/p>\n<p>ARANTES, Rog\u00e9rio Bastos. <strong>Minist\u00e9rio P\u00fablico e Pol\u00edtica no Brasil<\/strong>. S\u00e3o Paulo: Idesp\/Sumar\u00e9, Educ, 2002. <a href=\"http:\/\/homolog.saopaulo.sp.leg.br\/escoladoparlamento\/wp-content\/uploads\/sites\/5\/2016\/07\/Arantes-2002.-Minist\u00e9rio-P\u00fablico-e-Pol\u00edtica-no-Brasil.pdf\">Trecho a ser discutido<\/a>. Obra completa dispon\u00edvel em &lt;<a href=\"http:\/\/www.fflch.usp.br\/dcp\/assets\/docs\/Rogerio\/Ministerio_Publico_e_Politica_no_Brasil-final-jpg.pdf\">http:\/\/www.fflch.usp.br\/dcp\/assets\/docs\/Rogerio\/Ministerio_Publico_e_Politica_no_Brasil-final-jpg.pdf<\/a>&gt;<\/p>\n<p>ARANTES, Rog\u00e9rio Bastos\u00a0e COUTO, Cl\u00e1udio Gon\u00e7alves. <strong>Constitui\u00e7\u00e3o, Governo e Democracia no Brasil<\/strong>. Revista Brasileira de Ci\u00eancia Pol\u00edtica, Vol. 21 n\u00ba. 61 junho\/2006. Dispon\u00edvel em &lt;<a href=\"http:\/\/www.scielo.br\/pdf\/rbcsoc\/v21n61\/a03v2161.pdf\">http:\/\/www.scielo.br\/pdf\/rbcsoc\/v21n61\/a03v2161.pdf<\/a>&gt;<\/p>\n<p>ARANTES, Rog\u00e9rio Bastos\u00a0e COUTO, Cl\u00e1udio Gon\u00e7alves. <strong><a href=\"http:\/\/homolog.saopaulo.sp.leg.br\/escoladoparlamento\/wp-content\/uploads\/sites\/5\/2016\/07\/Arantes-e-Couto-2008-A-Constitui\u00e7\u00e3o-sem-Fim.pdf\">A Constitui\u00e7\u00e3o sem Fim<\/a><\/strong>. In Vinte Anos de Constitui\u00e7\u00e3o. DINIZ, Simone e PRA\u00c7A, S\u00e9rgio (orgs.). S\u00e3o Paulo, Paulus, pgs. 31-60.<\/p>\n<p>KERCHE, Fabio. <strong>Autonomia e Discricionariedade do Minist\u00e9rio P\u00fablico no Brasil<\/strong>. Revista de Ci\u00eancias Sociais, Rio de Janeiro, Vol. 50, n.2, 2007, pp. 259 a 279. Dispon\u00edvel em &lt;<a href=\"http:\/\/www.scielo.br\/pdf\/dados\/v50n2\/a02v50n2.pdf\">http:\/\/www.scielo.br\/pdf\/dados\/v50n2\/a02v50n2.pdf<\/a>&gt;.<\/p>\n<p>VIANNA, Luiz Werneck, BURGOS, Marcelo Baumann and SALLES, Paula Martins, <strong>Dezessete anos de judicializa\u00e7\u00e3o da pol\u00edtica<\/strong>. Tempo social, 2007, vol.19, no.2, p.39-85.<\/p>\n<p>SANTOS, Boaventura de S. et al. <strong>Os tribunais nas sociedades contempor\u00e2neas<\/strong>. Revista Brasileira de Ci\u00eancias Sociais, n.30, p.29-62, fev. 1996.<\/p>\n<p>TAYLOR, Matthew. <strong>O Judici\u00e1rio e as Pol\u00edticas P\u00fablicas no Brasil<\/strong>. Revista Brasileira de Ci\u00eancias Sociais, vol.50, n.2, 2007.<\/p>\n<p><span style=\"font-size: medium\">\u00a0<\/span><\/p>\n","protected":false},"excerpt":{"rendered":"<p>Objetivos: O curso \u00e9 um programa de capacita\u00e7\u00e3o, de curta dura\u00e7\u00e3o, que se prop\u00f5e a apresentar aos participantes a organiza\u00e7\u00e3o e atua\u00e7\u00e3o do sistema de justi\u00e7a brasileiro e como os processos de judicializa\u00e7\u00e3o da pol\u00edtica e das pol\u00edticas p\u00fablicas afetam a provis\u00e3o de servi\u00e7os p\u00fablicos, com foco nas pol\u00edticas de sa\u00fade, educa\u00e7\u00e3o, pol\u00edtica urbana e [&hellip;]<\/p>\n","protected":false},"author":127,"featured_media":0,"parent":3097,"menu_order":527,"comment_status":"closed","ping_status":"closed","template":"","meta":{"_acf_changed":false,"footnotes":""},"class_list":["post-4850","page","type-page","status-publish","hentry"],"acf":[],"_links":{"self":[{"href":"https:\/\/homolog.saopaulo.sp.leg.br\/escoladoparlamento\/wp-json\/wp\/v2\/pages\/4850","targetHints":{"allow":["GET"]}}],"collection":[{"href":"https:\/\/homolog.saopaulo.sp.leg.br\/escoladoparlamento\/wp-json\/wp\/v2\/pages"}],"about":[{"href":"https:\/\/homolog.saopaulo.sp.leg.br\/escoladoparlamento\/wp-json\/wp\/v2\/types\/page"}],"author":[{"embeddable":true,"href":"https:\/\/homolog.saopaulo.sp.leg.br\/escoladoparlamento\/wp-json\/wp\/v2\/users\/127"}],"replies":[{"embeddable":true,"href":"https:\/\/homolog.saopaulo.sp.leg.br\/escoladoparlamento\/wp-json\/wp\/v2\/comments?post=4850"}],"version-history":[{"count":5,"href":"https:\/\/homolog.saopaulo.sp.leg.br\/escoladoparlamento\/wp-json\/wp\/v2\/pages\/4850\/revisions"}],"predecessor-version":[{"id":9513,"href":"https:\/\/homolog.saopaulo.sp.leg.br\/escoladoparlamento\/wp-json\/wp\/v2\/pages\/4850\/revisions\/9513"}],"up":[{"embeddable":true,"href":"https:\/\/homolog.saopaulo.sp.leg.br\/escoladoparlamento\/wp-json\/wp\/v2\/pages\/3097"}],"wp:attachment":[{"href":"https:\/\/homolog.saopaulo.sp.leg.br\/escoladoparlamento\/wp-json\/wp\/v2\/media?parent=4850"}],"curies":[{"name":"wp","href":"https:\/\/api.w.org\/{rel}","templated":true}]}}