{"id":4989,"date":"2016-08-04T17:08:21","date_gmt":"2016-08-04T20:08:21","guid":{"rendered":"http:\/\/homolog.saopaulo.sp.leg.br\/escoladoparlamento\/?page_id=4989"},"modified":"2018-03-16T14:02:07","modified_gmt":"2018-03-16T17:02:07","slug":"desafios-do-mundo-do-trabalho-a-representacao-de-empregados-na-gestao-de-empresas","status":"publish","type":"page","link":"https:\/\/homolog.saopaulo.sp.leg.br\/escoladoparlamento\/cursos\/cursos-anteriores\/cursos-realizados-em-2016\/desafios-do-mundo-do-trabalho-a-representacao-de-empregados-na-gestao-de-empresas\/","title":{"rendered":"Desafios do Mundo do Trabalho: a representa\u00e7\u00e3o de empregados na gest\u00e3o de empresas"},"content":{"rendered":"<h2>18\/8, das 9h \u00e0s 17h<\/h2>\n<p><strong>Objetivos:<\/strong> 1. Aprofundar a reflex\u00e3o sobre a import\u00e2ncia e o papel das representa\u00e7\u00e3o dos empregados nos \u00f3rg\u00e3os de gest\u00e3o da empresa no mundo contempor\u00e2neo, a partir de um resgate hist\u00f3rico e das experi\u00eancias tidas, em especial daquelas ocorridas no \u00e2mbito do Munic\u00edpio de S\u00e3o Paulo e relativas \u00e0s empresas estatais; 2. Aprimoramento da Lei Municipal n\u00ba 10.731\/89;<\/p>\n<p><span style=\"font-size: medium\"><strong>Diretor Respons\u00e1vel:<\/strong> Ant\u00f4nio Rodrigues de Freitas Jr. <\/span><\/p>\n<p><strong>Vagas:<\/strong> 180<\/p>\n<p><strong>Local:<\/strong> <a title=\"Audit\u00f3rio Prestes Maia\" href=\"http:\/\/homolog.saopaulo.sp.leg.br\/transparencia\/auditorios-online\/auditorio-prestes-maia\/\">Audit\u00f3rio Prestes Maia<\/a> (Plenarinho)<\/p>\n<h3><strong>Inscri\u00e7\u00f5es:<\/strong>\u00a0Encerradas. <a href=\"http:\/\/homolog.saopaulo.sp.leg.br\/escoladoparlamento\/wp-content\/uploads\/sites\/5\/2016\/08\/LISTA-DE-NOMES-CONVOCADOS.pdf\"><strong>LISTA DE NOMES CONVOCADOS<\/strong><\/a><\/h3>\n<p><strong>Programa\u00e7\u00e3o:<\/strong><\/p>\n<table>\n<tbody>\n<tr>\n<td><strong>Hora<\/strong><\/td>\n<td><strong>Tema<\/strong><\/td>\n<td><strong>Palestrante<\/strong><\/td>\n<\/tr>\n<tr>\n<td><strong>9h<\/strong><\/td>\n<td>Abertura<\/td>\n<td><em>Jos\u00e9 Daniel Monteiro Moreira, Christy Ganzert Pato\u00a0e Ant\u00f4nio Rodrigues de Freitas Jr.<\/em><\/td>\n<\/tr>\n<tr>\n<td><strong>9:30h<\/strong><\/td>\n<td>Mesa I: A representa\u00e7\u00e3o de empregados na gest\u00e3o das empresas: evolu\u00e7\u00e3o hist\u00f3rica, jur\u00eddica e sociol\u00f3gica -nacional e internacionalmente.<\/td>\n<td><em>Paula Marcelino e Guilherme G. Feliciano<\/em><\/td>\n<\/tr>\n<tr>\n<td><strong>11h<\/strong><\/td>\n<td>Mesa II: Um balan\u00e7o das experi\u00eancias de representa\u00e7\u00e3o em S\u00e3o Paulo<\/td>\n<td><em>Ant\u00f4nio Augusto de O. Campos, Greg\u00f3rio Po\u00e7o e Manoel Pac\u00edfico de S. F\u00e9lix<\/em><\/td>\n<\/tr>\n<tr>\n<td><strong>14h<\/strong><\/td>\n<td>Mesa III: Caracter\u00edsticas e problemas das representa\u00e7\u00f5es \u2013 natureza jur\u00eddica, atribui\u00e7\u00f5es, direitos e deveres.<\/td>\n<td><em>Marcelo Vieira Von Adamek e Rodrigo Garcia Schwarz<\/em><\/td>\n<\/tr>\n<tr>\n<td><strong>16h<\/strong><\/td>\n<td>Mesa IV e Encerramento: Propostas para a supera\u00e7\u00e3o dos desafios vivenciados pelas empresas; Palavra aberta e proposi\u00e7\u00f5es<\/td>\n<td><em>Jos\u00e9 Daniel Monteiro Moreira, Ant\u00f4nio Rodrigues de Freitas Jr.<\/em><\/td>\n<\/tr>\n<\/tbody>\n<\/table>\n<p><strong>Bibliografia:<\/strong><\/p>\n<p><a href=\"https:\/\/www.planalto.gov.br\/ccivil_03\/Constituicao\/ConstituicaoCompilado.htm\">Constitui\u00e7\u00e3o da Rep\u00fablica Federativa do Brasil de 1988<\/a><\/p>\n<p><a href=\"http:\/\/www.prefeitura.sp.gov.br\/cidade\/secretarias\/upload\/educacao\/cme\/LOM.pdf\">Lei Org\u00e2nica do Munic\u00edpio de S\u00e3o Paulo<\/a>,<\/p>\n<p><a href=\"https:\/\/www.planalto.gov.br\/ccivil_03\/_ato2015-2018\/2016\/lei\/l13303.htm\">Estatuto das Estatais<\/a>\u00a0(Lei 1303\/2016)<\/p>\n<p><a href=\"http:\/\/homolog.saopaulo.sp.leg.br\/iah\/fulltext\/leis\/L10731.pdf\">Lei Municipal n\u00ba 10.731 de 06\/06\/1989<\/a>.<\/p>\n","protected":false},"excerpt":{"rendered":"<p>18\/8, das 9h \u00e0s 17h Objetivos: 1. Aprofundar a reflex\u00e3o sobre a import\u00e2ncia e o papel das representa\u00e7\u00e3o dos empregados nos \u00f3rg\u00e3os de gest\u00e3o da empresa no mundo contempor\u00e2neo, a partir de um resgate hist\u00f3rico e das experi\u00eancias tidas, em especial daquelas ocorridas no \u00e2mbito do Munic\u00edpio de S\u00e3o Paulo e relativas \u00e0s empresas estatais; [&hellip;]<\/p>\n","protected":false},"author":127,"featured_media":0,"parent":3097,"menu_order":521,"comment_status":"closed","ping_status":"closed","template":"","meta":{"_acf_changed":false,"footnotes":""},"class_list":["post-4989","page","type-page","status-publish","hentry"],"acf":[],"_links":{"self":[{"href":"https:\/\/homolog.saopaulo.sp.leg.br\/escoladoparlamento\/wp-json\/wp\/v2\/pages\/4989","targetHints":{"allow":["GET"]}}],"collection":[{"href":"https:\/\/homolog.saopaulo.sp.leg.br\/escoladoparlamento\/wp-json\/wp\/v2\/pages"}],"about":[{"href":"https:\/\/homolog.saopaulo.sp.leg.br\/escoladoparlamento\/wp-json\/wp\/v2\/types\/page"}],"author":[{"embeddable":true,"href":"https:\/\/homolog.saopaulo.sp.leg.br\/escoladoparlamento\/wp-json\/wp\/v2\/users\/127"}],"replies":[{"embeddable":true,"href":"https:\/\/homolog.saopaulo.sp.leg.br\/escoladoparlamento\/wp-json\/wp\/v2\/comments?post=4989"}],"version-history":[{"count":5,"href":"https:\/\/homolog.saopaulo.sp.leg.br\/escoladoparlamento\/wp-json\/wp\/v2\/pages\/4989\/revisions"}],"predecessor-version":[{"id":8857,"href":"https:\/\/homolog.saopaulo.sp.leg.br\/escoladoparlamento\/wp-json\/wp\/v2\/pages\/4989\/revisions\/8857"}],"up":[{"embeddable":true,"href":"https:\/\/homolog.saopaulo.sp.leg.br\/escoladoparlamento\/wp-json\/wp\/v2\/pages\/3097"}],"wp:attachment":[{"href":"https:\/\/homolog.saopaulo.sp.leg.br\/escoladoparlamento\/wp-json\/wp\/v2\/media?parent=4989"}],"curies":[{"name":"wp","href":"https:\/\/api.w.org\/{rel}","templated":true}]}}