{"id":5103,"date":"2016-08-15T16:43:07","date_gmt":"2016-08-15T19:43:07","guid":{"rendered":"http:\/\/homolog.saopaulo.sp.leg.br\/escoladoparlamento\/?page_id=5103"},"modified":"2018-05-11T16:43:35","modified_gmt":"2018-05-11T19:43:35","slug":"introducao-ao-direito-constitucional-segunda-edicao","status":"publish","type":"page","link":"https:\/\/homolog.saopaulo.sp.leg.br\/escoladoparlamento\/cursos\/cursos-anteriores\/cursos-realizados-em-2016\/introducao-ao-direito-constitucional-segunda-edicao\/","title":{"rendered":"Introdu\u00e7\u00e3o ao Direito Constitucional &#8211; Segunda Edi\u00e7\u00e3o"},"content":{"rendered":"<p align=\"justify\">Dado ao sucesso da primeira edi\u00e7\u00e3o, a Escola do Parlamento junto ao Centro de Estudos Jur\u00eddicos (CEJUR) da Procuradoria Geral do Munic\u00edpio de S\u00e3o Paulo, abrem inscri\u00e7\u00f5es para uma segunda edi\u00e7\u00e3o do curso Introdu\u00e7\u00e3o ao Direito Constitucional.<\/p>\n<p align=\"justify\"><strong>Objetivos:<\/strong> Ensinar conceitos b\u00e1sicos sobre a organiza\u00e7\u00e3o do Estado brasileiro, o sistema eleitoral e a fun\u00e7\u00e3o dos Poderes Executivo, Legislativo e Judici\u00e1rio. Apresentar aos cidad\u00e3os n\u00e3o familiarizados com a linguagem jur\u00eddica o que s\u00e3o temas constitucionais, diferenciando legisla\u00e7\u00e3o constitucional de legisla\u00e7\u00e3o infraconstitucional e abordando temas centrais tratados pela constitui\u00e7\u00e3o brasileira.<\/p>\n<p><strong>Diretor Respons\u00e1vel:<\/strong> Lara Mesquita Ramos<\/p>\n<p><strong>Coordenador:<\/strong> Tatiana Seferjan (CEJUR)<\/p>\n<p align=\"justify\"><strong>Justificativa:<\/strong> Curso inserido no Eixo Estado, Institui\u00e7\u00f5es e Democracia e Participa\u00e7\u00e3o Social da Escola do Parlamento, que pretende traduzir aos cidad\u00e3os comuns, n\u00e3o familiarizados com a linguagem jur\u00eddica, alguns temas abordados pela constitui\u00e7\u00e3o brasileira.<\/p>\n<p><strong>P\u00fablico Alvo:<\/strong>\u00a0<em>Os alunos que se matricularam na primeira edi\u00e7\u00e3o do curso n\u00e3o poder\u00e3o se inscrever.<\/em><\/p>\n<p>Servidores P\u00fablicos, Conselheiros, membros da sociedade civil organizada, estudantes e mun\u00edcipes em geral interessados no tema.<\/p>\n<p><strong>Vagas:<\/strong>\u00a075<\/p>\n<p><strong>Carga Hor\u00e1ria:<\/strong> 21h<\/p>\n<p><strong>Inscri\u00e7\u00f5es:<\/strong> Encerradas. Veja a <a href=\"http:\/\/homolog.saopaulo.sp.leg.br\/escoladoparlamento\/wp-content\/uploads\/sites\/5\/2016\/08\/LISTA-DE-NOMES-CONVOCADOS-constitucional-2a-ed.pdf\">lista dos convocados<\/a>.<\/p>\n<p><strong>Programa\u00e7\u00e3o:\u00a0<\/strong><\/p>\n<table>\n<tbody>\n<tr>\n<td><strong>Data<\/strong><\/td>\n<td><strong>Hora<\/strong><\/td>\n<td><strong>Local<\/strong><\/td>\n<td><strong>Palestrante<\/strong><\/td>\n<td><strong>Tema<\/strong><\/td>\n<\/tr>\n<tr>\n<td><strong>12\/9<\/strong><\/td>\n<td>19h-22h<\/td>\n<td><a title=\"Sala S\u00e9rgio Vieira de Mello \u2013 (\u201cSala A\u201d)\" href=\"http:\/\/homolog.saopaulo.sp.leg.br\/transparencia\/auditorios-online\/sala-sergio-vieira-de-mello-sala\/\">Sala S\u00e9rgio Vieira de Mello<\/a><\/td>\n<td><a href=\"http:\/\/lattes.cnpq.br\/8854433925191390\">Tatiana Robles Seferjan<\/a><\/td>\n<td><em>Organiza\u00e7\u00e3o do Estado e Constitui\u00e7\u00e3o\u00a0<\/em><\/td>\n<\/tr>\n<tr>\n<td><strong>14\/9<\/strong><\/td>\n<td>19h-22h<\/td>\n<td><a title=\"Sala S\u00e9rgio Vieira de Mello \u2013 (\u201cSala A\u201d)\" href=\"http:\/\/homolog.saopaulo.sp.leg.br\/transparencia\/auditorios-online\/sala-sergio-vieira-de-mello-sala\/\">Sala S\u00e9rgio Vieira de Mello<\/a><\/td>\n<td><a href=\"http:\/\/lattes.cnpq.br\/2693530095349572\">Waltirene dos Santos Tavares Costa<\/a><\/td>\n<td><em>Poder Executivo e Poder Legislativo\u00a0<\/em><\/td>\n<\/tr>\n<tr>\n<td><strong>19\/9<\/strong><\/td>\n<td>19h-22h<\/td>\n<td><a title=\"Plen\u00e1rio 1\u00ba de Maio\" href=\"http:\/\/homolog.saopaulo.sp.leg.br\/transparencia\/auditorios-online\/plenario-1o-de-maio\/\">Plen\u00e1rio 1\u00ba de Maio<\/a><\/td>\n<td><a href=\"http:\/\/lattes.cnpq.br\/9203929250452644\">Luciana Russo<\/a><\/td>\n<td><em>Constitui\u00e7\u00e3o Federal de 1988 (CF\/88)\u00a0<\/em><\/td>\n<\/tr>\n<tr>\n<td><strong>21\/9<\/strong><\/td>\n<td>19h-22h<\/td>\n<td><a title=\"Sala S\u00e9rgio Vieira de Mello \u2013 (\u201cSala A\u201d)\" href=\"http:\/\/homolog.saopaulo.sp.leg.br\/transparencia\/auditorios-online\/sala-sergio-vieira-de-mello-sala\/\">Sala S\u00e9rgio Vieira de Mello<\/a><\/td>\n<td>Tatiana Robles Seferjan<\/td>\n<td><em>Impeachment<\/em><\/td>\n<\/tr>\n<tr>\n<td><strong>26\/9<\/strong><\/td>\n<td>19h-22h<\/td>\n<td><a title=\"Sala S\u00e9rgio Vieira de Mello \u2013 (\u201cSala A\u201d)\" href=\"http:\/\/homolog.saopaulo.sp.leg.br\/transparencia\/auditorios-online\/sala-sergio-vieira-de-mello-sala\/\">Sala S\u00e9rgio Vieira de Mello<\/a><\/td>\n<td><a href=\"http:\/\/lattes.cnpq.br\/5265590933558476\">Alexandre Carneiro Cunha<\/a><\/td>\n<td><em>Poder Judici\u00e1rio\u00a0<\/em><\/td>\n<\/tr>\n<tr>\n<td><strong>28\/9<\/strong><\/td>\n<td>19h-22h<\/td>\n<td><a title=\"Sala S\u00e9rgio Vieira de Mello \u2013 (\u201cSala A\u201d)\" href=\"http:\/\/homolog.saopaulo.sp.leg.br\/transparencia\/auditorios-online\/sala-sergio-vieira-de-mello-sala\/\">Sala S\u00e9rgio Vieira de Mello<\/a><\/td>\n<td><a href=\"http:\/\/lattes.cnpq.br\/0284654510791752\">Reinaldo Roberto Ghesso<\/a><\/td>\n<td><em>Fun\u00e7\u00f5es essenciais \u00e0 justi\u00e7a\u00a0<\/em><\/td>\n<\/tr>\n<tr>\n<td><strong>05\/10<\/strong><\/td>\n<td>19h-22h<\/td>\n<td><a title=\"Sala S\u00e9rgio Vieira de Mello \u2013 (\u201cSala A\u201d)\" href=\"http:\/\/homolog.saopaulo.sp.leg.br\/transparencia\/auditorios-online\/sala-sergio-vieira-de-mello-sala\/\">Sala S\u00e9rgio Vieira de Mello<\/a><\/td>\n<td>Tatiana Robles Seferjan<\/td>\n<td><em>Direitos fundamentais\u00a0<\/em><\/td>\n<\/tr>\n<\/tbody>\n<\/table>\n<p><strong>Corpo Docente:<\/strong><\/p>\n<p>Tatiana Seferjan<\/p>\n","protected":false},"excerpt":{"rendered":"<p>Dado ao sucesso da primeira edi\u00e7\u00e3o, a Escola do Parlamento junto ao Centro de Estudos Jur\u00eddicos (CEJUR) da Procuradoria Geral do Munic\u00edpio de S\u00e3o Paulo, abrem inscri\u00e7\u00f5es para uma segunda edi\u00e7\u00e3o do curso Introdu\u00e7\u00e3o ao Direito Constitucional. Objetivos: Ensinar conceitos b\u00e1sicos sobre a organiza\u00e7\u00e3o do Estado brasileiro, o sistema eleitoral e a fun\u00e7\u00e3o dos Poderes [&hellip;]<\/p>\n","protected":false},"author":183,"featured_media":0,"parent":3097,"menu_order":519,"comment_status":"closed","ping_status":"closed","template":"","meta":{"_acf_changed":false,"footnotes":""},"class_list":["post-5103","page","type-page","status-publish","hentry"],"acf":[],"_links":{"self":[{"href":"https:\/\/homolog.saopaulo.sp.leg.br\/escoladoparlamento\/wp-json\/wp\/v2\/pages\/5103","targetHints":{"allow":["GET"]}}],"collection":[{"href":"https:\/\/homolog.saopaulo.sp.leg.br\/escoladoparlamento\/wp-json\/wp\/v2\/pages"}],"about":[{"href":"https:\/\/homolog.saopaulo.sp.leg.br\/escoladoparlamento\/wp-json\/wp\/v2\/types\/page"}],"author":[{"embeddable":true,"href":"https:\/\/homolog.saopaulo.sp.leg.br\/escoladoparlamento\/wp-json\/wp\/v2\/users\/183"}],"replies":[{"embeddable":true,"href":"https:\/\/homolog.saopaulo.sp.leg.br\/escoladoparlamento\/wp-json\/wp\/v2\/comments?post=5103"}],"version-history":[{"count":5,"href":"https:\/\/homolog.saopaulo.sp.leg.br\/escoladoparlamento\/wp-json\/wp\/v2\/pages\/5103\/revisions"}],"predecessor-version":[{"id":9514,"href":"https:\/\/homolog.saopaulo.sp.leg.br\/escoladoparlamento\/wp-json\/wp\/v2\/pages\/5103\/revisions\/9514"}],"up":[{"embeddable":true,"href":"https:\/\/homolog.saopaulo.sp.leg.br\/escoladoparlamento\/wp-json\/wp\/v2\/pages\/3097"}],"wp:attachment":[{"href":"https:\/\/homolog.saopaulo.sp.leg.br\/escoladoparlamento\/wp-json\/wp\/v2\/media?parent=5103"}],"curies":[{"name":"wp","href":"https:\/\/api.w.org\/{rel}","templated":true}]}}