{"id":511,"date":"2015-06-17T18:16:20","date_gmt":"2015-06-17T18:16:20","guid":{"rendered":"http:\/\/homolog.saopaulo.sp.leg.br\/escoladoparlamento\/?page_id=511"},"modified":"2017-07-11T10:15:08","modified_gmt":"2017-07-11T13:15:08","slug":"curso-politicas-publicas-para-a-populacao-em-situacao-de-rua-modulo-i","status":"publish","type":"page","link":"https:\/\/homolog.saopaulo.sp.leg.br\/escoladoparlamento\/cursos\/cursos-anteriores\/cursos-realizados-em-2015\/curso-politicas-publicas-para-a-populacao-em-situacao-de-rua-modulo-i\/","title":{"rendered":"Curso \u201cPol\u00edticas P\u00fablicas para a Popula\u00e7\u00e3o em Situa\u00e7\u00e3o de Rua &#8211; M\u00f3dulo I\u201d"},"content":{"rendered":"<p><a href=\"http:\/\/homolog.saopaulo.sp.leg.br\/escoladoparlamento\/wp-content\/uploads\/sites\/5\/2015\/06\/popula\u00e7\u00e3o-rua.jpg\"><img loading=\"lazy\" decoding=\"async\" class=\"alignnone wp-image-1014 size-full aligncenter\" src=\"http:\/\/homolog.saopaulo.sp.leg.br\/escoladoparlamento\/wp-content\/uploads\/sites\/5\/2015\/06\/popula\u00e7\u00e3o-rua.jpg\" alt=\"popula\u00e7\u00e3o rua\" width=\"780\" height=\"330\" srcset=\"https:\/\/homolog.saopaulo.sp.leg.br\/escoladoparlamento\/wp-content\/uploads\/sites\/5\/2015\/06\/popula\u00e7\u00e3o-rua.jpg 780w, https:\/\/homolog.saopaulo.sp.leg.br\/escoladoparlamento\/wp-content\/uploads\/sites\/5\/2015\/06\/popula\u00e7\u00e3o-rua-300x127.jpg 300w\" sizes=\"auto, (max-width: 780px) 100vw, 780px\" \/><\/a><\/p>\n<p><iframe loading=\"lazy\" title=\"Escola do Parlamento encerra cursos pol\u00edticos\" width=\"640\" height=\"480\" src=\"https:\/\/www.youtube.com\/embed\/z4psowhZEUM?feature=oembed\" frameborder=\"0\" allow=\"accelerometer; autoplay; clipboard-write; encrypted-media; gyroscope; picture-in-picture; web-share\" referrerpolicy=\"strict-origin-when-cross-origin\" allowfullscreen><\/iframe><\/p>\n<hr \/>\n<p><strong>Objetivo:<\/strong> apresentar e discutir as diretrizes, fundamentos e estrat\u00e9gias poss\u00edveis para a constru\u00e7\u00e3o e implementa\u00e7\u00e3o das pol\u00edticas p\u00fablicas voltadas \u00e0 popula\u00e7\u00e3o em situa\u00e7\u00e3o de rua, no \u00e2mbito municipal, considerando as disposi\u00e7\u00f5es do Decreto Federal n\u00ba 7053\/2009, que institui a Pol\u00edtica Nacional para a Popula\u00e7\u00e3o em Situa\u00e7\u00e3o de Rua.<\/p>\n<p><strong>Diretor Respons\u00e1vel:<\/strong> <a href=\"http:\/\/homolog.saopaulo.sp.leg.br\/escoladoparlamento\/a-escola\/quem-somos\/\">Christy Ganzert Pato<\/a><\/p>\n<p><strong>Coordena\u00e7\u00e3o:<\/strong>\u00a0Damares Pereira Vicente<\/p>\n<p><strong>P\u00fablico alvo:\u00a0<\/strong>Servidores p\u00fablicos e cidad\u00e3os em geral.<\/p>\n<p><strong>Carga Hor\u00e1ria:<\/strong>\u00a015h<\/p>\n<p><b>Programa\u00e7\u00e3o:<\/b><\/p>\n<table>\n<tbody>\n<tr>\n<td><strong>Data<\/strong><\/td>\n<td><strong>Hora<\/strong><\/td>\n<td><strong>Local<\/strong><\/td>\n<td><strong>Tema<\/strong><\/td>\n<td><strong>Palestrante<\/strong><\/td>\n<\/tr>\n<tr>\n<td><strong>30\/jun<\/strong><\/td>\n<td>19h-22h<\/td>\n<td>Audit\u00f3rio Prestes Maia<\/td>\n<td><em>Determina\u00e7\u00f5es s\u00f3ciohist\u00f3ricas e popula\u00e7\u00e3o em situa\u00e7\u00e3o de rua<\/em><\/td>\n<td><a href=\"http:\/\/lattes.cnpq.br\/4201229965248592\">Damares Pereira Vicente<\/a><\/td>\n<\/tr>\n<tr>\n<td><strong>02\/jul<\/strong><\/td>\n<td>19h-22h<\/td>\n<td>Audit\u00f3rio Prestes Maia<\/td>\n<td><em>Politica Nacional \u2013 verticalidade federativa<\/em><\/td>\n<td><a href=\"http:\/\/lattes.cnpq.br\/5151159706227711\">Joana Maria G. F. Duarte<\/a><\/td>\n<\/tr>\n<tr>\n<td><strong>07\/jul<\/strong><\/td>\n<td>19h-22h<\/td>\n<td>Audit\u00f3rio Prestes Maia<\/td>\n<td><em>Intersetorialidade e Interdisciplinaridade nas Pol\u00edticas Sociais<\/em><\/td>\n<td>Damares Pereira Vicente<\/td>\n<\/tr>\n<tr>\n<td><strong>14\/jul<\/strong><\/td>\n<td>19h-22h<\/td>\n<td>Audit\u00f3rio Prestes Maia<\/td>\n<td><em>Politica Nacional e Comit\u00ea Intersetorial<\/em><\/td>\n<td>Joana Maria G. F. Duarte<\/td>\n<\/tr>\n<tr>\n<td><strong>16\/jul<\/strong>&lt;\/td%3<\/td>\n<\/tr>\n<\/tbody>\n<\/table>\n","protected":false},"excerpt":{"rendered":"<p>Objetivo: apresentar e discutir as diretrizes, fundamentos e estrat\u00e9gias poss\u00edveis para a constru\u00e7\u00e3o e implementa\u00e7\u00e3o das pol\u00edticas p\u00fablicas voltadas \u00e0 popula\u00e7\u00e3o em situa\u00e7\u00e3o de rua, no \u00e2mbito municipal, considerando as disposi\u00e7\u00f5es do Decreto Federal n\u00ba 7053\/2009, que institui a Pol\u00edtica Nacional para a Popula\u00e7\u00e3o em Situa\u00e7\u00e3o de Rua. Diretor Respons\u00e1vel: Christy Ganzert Pato Coordena\u00e7\u00e3o:\u00a0Damares Pereira [&hellip;]<\/p>\n","protected":false},"author":127,"featured_media":0,"parent":1331,"menu_order":666,"comment_status":"closed","ping_status":"closed","template":"","meta":{"_acf_changed":false,"footnotes":""},"class_list":["post-511","page","type-page","status-publish","hentry"],"acf":[],"_links":{"self":[{"href":"https:\/\/homolog.saopaulo.sp.leg.br\/escoladoparlamento\/wp-json\/wp\/v2\/pages\/511","targetHints":{"allow":["GET"]}}],"collection":[{"href":"https:\/\/homolog.saopaulo.sp.leg.br\/escoladoparlamento\/wp-json\/wp\/v2\/pages"}],"about":[{"href":"https:\/\/homolog.saopaulo.sp.leg.br\/escoladoparlamento\/wp-json\/wp\/v2\/types\/page"}],"author":[{"embeddable":true,"href":"https:\/\/homolog.saopaulo.sp.leg.br\/escoladoparlamento\/wp-json\/wp\/v2\/users\/127"}],"replies":[{"embeddable":true,"href":"https:\/\/homolog.saopaulo.sp.leg.br\/escoladoparlamento\/wp-json\/wp\/v2\/comments?post=511"}],"version-history":[{"count":5,"href":"https:\/\/homolog.saopaulo.sp.leg.br\/escoladoparlamento\/wp-json\/wp\/v2\/pages\/511\/revisions"}],"predecessor-version":[{"id":7206,"href":"https:\/\/homolog.saopaulo.sp.leg.br\/escoladoparlamento\/wp-json\/wp\/v2\/pages\/511\/revisions\/7206"}],"up":[{"embeddable":true,"href":"https:\/\/homolog.saopaulo.sp.leg.br\/escoladoparlamento\/wp-json\/wp\/v2\/pages\/1331"}],"wp:attachment":[{"href":"https:\/\/homolog.saopaulo.sp.leg.br\/escoladoparlamento\/wp-json\/wp\/v2\/media?parent=511"}],"curies":[{"name":"wp","href":"https:\/\/api.w.org\/{rel}","templated":true}]}}