{"id":5638,"date":"2016-10-10T19:52:14","date_gmt":"2016-10-10T22:52:14","guid":{"rendered":"http:\/\/homolog.saopaulo.sp.leg.br\/escoladoparlamento\/?page_id=5638"},"modified":"2017-07-12T14:42:23","modified_gmt":"2017-07-12T17:42:23","slug":"ciclo-de-debates-sobre-saude-mental-2","status":"publish","type":"page","link":"https:\/\/homolog.saopaulo.sp.leg.br\/escoladoparlamento\/cursos\/cursos-anteriores\/cursos-realizados-em-2016\/ciclo-de-debates-sobre-saude-mental-2\/","title":{"rendered":"Ciclo de Debates sobre Sa\u00fade Mental"},"content":{"rendered":"<p><iframe loading=\"lazy\" title=\"Curso em parceria com a Escola do Parlamento debate sa\u00fade mental\" width=\"640\" height=\"480\" src=\"https:\/\/www.youtube.com\/embed\/JEFOehpYSKc?feature=oembed\" frameborder=\"0\" allow=\"accelerometer; autoplay; clipboard-write; encrypted-media; gyroscope; picture-in-picture; web-share\" referrerpolicy=\"strict-origin-when-cross-origin\" allowfullscreen><\/iframe><\/p>\n<p><iframe loading=\"lazy\" title=\"Pesquisa aponta queda no consumo de drogas na Cracol\u00e2ndia\" width=\"640\" height=\"480\" src=\"https:\/\/www.youtube.com\/embed\/0JVPSrVpqz0?feature=oembed\" frameborder=\"0\" allow=\"accelerometer; autoplay; clipboard-write; encrypted-media; gyroscope; picture-in-picture; web-share\" referrerpolicy=\"strict-origin-when-cross-origin\" allowfullscreen><\/iframe><\/p>\n<hr \/>\n<figure id=\"attachment_5679\" aria-describedby=\"caption-attachment-5679\" style=\"width: 300px\" class=\"wp-caption alignright\"><a href=\"http:\/\/homolog.saopaulo.sp.leg.br\/escoladoparlamento\/wp-content\/uploads\/sites\/5\/2016\/10\/EDEPE-2012-ALTA-RESOLU\u00c7\u00c3O.jpg\"><img loading=\"lazy\" decoding=\"async\" class=\"wp-image-5679 size-medium\" src=\"http:\/\/homolog.saopaulo.sp.leg.br\/escoladoparlamento\/wp-content\/uploads\/sites\/5\/2016\/10\/EDEPE-2012-ALTA-RESOLU\u00c7\u00c3O-300x88.jpg\" alt=\"edepe-2012-alta-resolucao\" width=\"300\" height=\"88\" srcset=\"https:\/\/homolog.saopaulo.sp.leg.br\/escoladoparlamento\/wp-content\/uploads\/sites\/5\/2016\/10\/EDEPE-2012-ALTA-RESOLU\u00c7\u00c3O-300x88.jpg 300w, https:\/\/homolog.saopaulo.sp.leg.br\/escoladoparlamento\/wp-content\/uploads\/sites\/5\/2016\/10\/EDEPE-2012-ALTA-RESOLU\u00c7\u00c3O-768x226.jpg 768w, https:\/\/homolog.saopaulo.sp.leg.br\/escoladoparlamento\/wp-content\/uploads\/sites\/5\/2016\/10\/EDEPE-2012-ALTA-RESOLU\u00c7\u00c3O-1024x302.jpg 1024w\" sizes=\"auto, (max-width: 300px) 100vw, 300px\" \/><\/a><figcaption id=\"caption-attachment-5679\" class=\"wp-caption-text\">Este evento \u00e9 uma parceria com a Escola da Defensoria P\u00fablica do Estado<\/figcaption><\/figure>\n<p><strong>Objetivos:<\/strong> Aproximar cidad\u00e3os das principais quest\u00f5es relacionadas \u00e0 sa\u00fade mental e sobre os principais aspectos da Lei n\u00ba 10.216\/2001.<\/p>\n<p><strong>Diretor Respons\u00e1vel:<\/strong> <span style=\"font-size: medium\">Carolina Cutrupi Ferreira<\/span><\/p>\n<p><strong>Coordena\u00e7\u00e3o:<\/strong> Rafael Folador Strano<\/p>\n<p><strong>P\u00fablico Alvo:<\/strong> Conselheiros, servidores p\u00fablicos municipais, estudantes e popula\u00e7\u00e3o em geral.<\/p>\n<p><strong>Carga Hor\u00e1ria:<\/strong> 15h<\/p>\n<p><strong>Inscri\u00e7\u00f5es:<\/strong> Encerradas. <a href=\"http:\/\/homolog.saopaulo.sp.leg.br\/escoladoparlamento\/wp-content\/uploads\/sites\/5\/2016\/10\/Lista-Final-de-Inscritos-Sa\u00fade-Mental.pdf\">Lista Final de Inscritos<\/a>.<\/p>\n<p><strong>Programa\u00e7\u00e3o:<\/strong><\/p>\n<table>\n<tbody>\n<tr>\n<td><strong>Data e Hora<\/strong><\/td>\n<td><strong>Local<\/strong><\/td>\n<td><strong>Tema da palestra<\/strong><\/td>\n<td><strong>Palestrante<\/strong><\/td>\n<\/tr>\n<tr>\n<td><strong>10\/11<\/strong><\/p>\n<p>19h-22h<\/td>\n<td><a title=\"Audit\u00f3rio Prestes Maia\" href=\"http:\/\/homolog.saopaulo.sp.leg.br\/transparencia\/auditorios-online\/auditorio-prestes-maia\/\">Audit\u00f3rio Prestes Maia (Plenarinho)<\/a><\/td>\n<td>Loucura e Uso de Drogas: a interna\u00e7\u00e3o compuls\u00f3ria \u00e9 a solu\u00e7\u00e3o? A atua\u00e7\u00e3o da Defensoria P\u00fablica do Estado de S\u00e3o Paulo e dos servi\u00e7os de Sa\u00fade e Assist\u00eancia Social para uma nova perspectiva nas pol\u00edticas p\u00fablicas<\/td>\n<td>Teresa Endo (Assessora T\u00e9cnica de Sa\u00fade Mental do Munic\u00edpio e Professora da PUC)<\/p>\n<p>Ant\u00f4nio S\u00e9rgio Gon\u00e7alves (Supervisor\u00a0do CAPS Ad-S\u00e9)<\/p>\n<p>Paula Cavalcante (Psic\u00f3loga da Assessoria T\u00e9cnica Psicossocial da Defensoria P\u00fablica)<\/p>\n<p>Dartiu Xavier (Diretor do PROAD-Unifesp)<\/td>\n<\/tr>\n<tr>\n<td><strong>17\/11<\/strong><\/p>\n<p>19h-22h<\/td>\n<td><a title=\"Audit\u00f3rio Prestes Maia\" href=\"http:\/\/homolog.saopaulo.sp.leg.br\/transparencia\/auditorios-online\/auditorio-prestes-maia\/\">Audit\u00f3rio Prestes Maia<\/a><\/td>\n<td>Experi\u00eancias na regi\u00e3o da \u201cCracol\u00e2ndia\u201d: De Bra\u00e7os Abertos e Casa Rodante<\/td>\n<td>Lumena Furtado (Coordenadora do Programa De Bra\u00e7os Abertos)<\/p>\n<p>Myres Cavalcanti<\/p>\n<p>Cristiano Viana (Projeto Casa Rodante)<\/td>\n<\/tr>\n<tr>\n<td><strong>24\/11<\/strong><\/p>\n<p>19h-22h<\/td>\n<td><a title=\"Audit\u00f3rio Prestes Maia\" href=\"http:\/\/homolog.saopaulo.sp.leg.br\/transparencia\/auditorios-online\/auditorio-prestes-maia\/\">Audit\u00f3rio Prestes Maia<\/a><\/td>\n<td>Descriminaliza\u00e7\u00e3o do uso de drogas: a atua\u00e7\u00e3o da Defensoria P\u00fablica do Estado de S\u00e3o Paulo e as experi\u00eancias internacionais<\/td>\n<td>Defensor P\u00fablico &#8211; Rafael Muneratti<\/p>\n<p>Rubens C F Adorno (Presidente da ABRAMD &#8211; Associa\u00e7\u00e3o Brasileira Multidisciplinar de Estudos sobre Drogas)<\/p>\n<p>Guilherme Paiva (SMDHC)<\/p>\n<p>Maur\u00edcio Fiore (Coordenador de \u00e1rea cient\u00edfica da Plataforma Brasileira de Pol\u00edticas de Drogas)<\/td>\n<\/tr>\n<tr>\n<td><strong>01\/12<\/strong><\/p>\n<p>19h-22h<\/td>\n<td><a title=\"Audit\u00f3rio Prestes Maia\" href=\"http:\/\/homolog.saopaulo.sp.leg.br\/transparencia\/auditorios-online\/auditorio-prestes-maia\/\">Audit\u00f3rio Prestes Maia<\/a><\/td>\n<td>Medidas de seguran\u00e7a e os hospitais de cust\u00f3dia e tratamento psiqui\u00e1trico<\/td>\n<td>Bruno Shimizu (Defensor P\u00fablico de S\u00e3o Paulo)<\/p>\n<p>Fernanda Emy Matsuda<\/td>\n<\/tr>\n<tr>\n<td><strong>08\/12<\/strong><\/p>\n<p>19h-22h<\/td>\n<td><a title=\"Audit\u00f3rio Prestes Maia\" href=\"http:\/\/homolog.saopaulo.sp.leg.br\/transparencia\/auditorios-online\/auditorio-prestes-maia\/\">Audit\u00f3rio Prestes Maia<\/a><\/td>\n<td>15 anos da Lei n\u00ba 10.216\/2001 \u2013 balan\u00e7o e perspectivas<\/td>\n<td>Paulo Delgado (ex-deputado e autor do projeto de Lei 10.2016\/2001)<\/p>\n<p>Roberto Tykanori (professor Unifesp)<\/td>\n<\/tr>\n<\/tbody>\n<\/table>\n<p><strong>Palestrantes:<\/strong><\/p>\n<p><strong>Teresa Cristina Endo:<\/strong> Possui gradua\u00e7\u00e3o em Psicologia pela Pontif\u00edcia Universidade Cat\u00f3lica de S\u00e3o Paulo (1987), mestrado em Psicologia (Psicologia Social) pela Pontif\u00edcia Universidade Cat\u00f3lica de S\u00e3o Paulo (1997) e doutorado em Psicologia (psicologia cl\u00ednica) pela Pontif\u00edcia Universidade Cat\u00f3lica (2013). Psic\u00f3loga cl\u00ednica, Assistente T\u00e9cnica da \u00c1rea de Sa\u00fade Mental, \u00c1lcool e Drogas da Secretaria Municipal de Sa\u00fade SP, professor convidado da Universidade da Amaz\u00f4nia e da Para\u00edba, professora do curso de gradua\u00e7\u00e3o de Psicologia da PUC-SP, professora do curso de Teoria Psicanal\u00edtica do COGEAE (PUC-SP), professora no curso de Psicossociologia da Juventude da FESPSP, atuando principalmente nos seguintes temas: sa\u00fade mental, \u00e1lcool e outras drogas na rede p\u00fablica de sa\u00fade, psican\u00e1lise, psicodiagn\u00f3stico e psicologia cl\u00ednica.\u00a0(<a href=\"http:\/\/lattes.cnpq.br\/6002806313419269\">CV Lattes<\/a>)<\/p>\n<p><strong>Ant\u00f4nio S\u00e9rgio Gon\u00e7alves:<\/strong>\u00a0Possui gradua\u00e7\u00e3o em Educa\u00e7\u00e3o F\u00edsica &#8211; Licenciatura pela Universidade de Mogi das Cruzes (1987); forma\u00e7\u00e3o em Psican\u00e1lise pelo Instituto Sedes Sapientiae (2000), especializa\u00e7\u00e3o em Farmacodepend\u00eancias pela Universidade Federal de S\u00e3o Paulo &#8211; UNIFESP (2002). Mestrado em Educa\u00e7\u00e3o no Programa de P\u00f3s-Gradua\u00e7\u00e3o da Faculdade de Educa\u00e7\u00e3o da Universidade de S\u00e3o Paulo (2010), linha de pesquisa: psicologia e educa\u00e7\u00e3o. \u00c9 psicanalista, atuando principalmente nos seguintes temas: psican\u00e1lise, farmacodepend\u00eancia, educa\u00e7\u00e3o, crian\u00e7a e adolescente, la\u00e7o social, forma\u00e7\u00e3o de agentes sociais, educadores e profissionais da sa\u00fade. (<a href=\"http:\/\/lattes.cnpq.br\/7057323820208874\">CV Lattes<\/a>)<\/p>\n<p><strong>Paula Rosana Cavalcante:<\/strong> Psic\u00f3loga da Defensoria P\u00fablica do Estado de S\u00e3o Paulo, atualmente na Assessoria T\u00e9cnica Psicossocial da Defensoria P\u00fablica-Geral. Graduada em Psicologia pela Universidade de S\u00e3o Paulo (USP), Mestre e Doutoranda em Psicologia Social tamb\u00e9m pela USP. Especialista em Psicologia Jur\u00eddica pelo Conselho Federal de Psicologia e Membro do N\u00facleo de Justi\u00e7a do Conselho Regional de Psicologia (CRP-SP), gest\u00e3o 2013-2016. (<a href=\"http:\/\/lattes.cnpq.br\/9181979894482063\">CV Lattes<\/a>)<\/p>\n<p><strong>Dartiu Xavier da Silveira:<\/strong> Graduado em Medicina pela Universidade Federal de S\u00e3o Paulo (1978), possui mestrado (1991) e doutorado (1997) em Psiquiatria pela Universidade Federal de S\u00e3o Paulo. Atualmente \u00e9 professor livre-docente da Universidade Federal de S\u00e3o Paulo, consultor do Minist\u00e9rio da Sa\u00fade, professor-orientador do grupo Cochrane do Brasil. Foi membro da American Psychiatry Association, da International Association for Analytical Psychology, al\u00e9m de pesquisador-colaborador da University of California (UCLA). Foi presidente da Sociedade Brasileira de Psicologia Anal\u00edtica e da Associa\u00e7\u00e3o Brasileira Multidisciplinar de Estudos sobre \u00c1lcool e Drogas (ABRAMD). Tem experi\u00eancia na \u00e1rea de Medicina, com \u00eanfase em Psiquiatria, Psicologia e Neuroci\u00eancias, atuando principalmente nos seguintes temas: depend\u00eancia de \u00e1lcool e drogas (incluindo redu\u00e7\u00e3o de danos); transtornos do controle dos impulsos; comorbidades psiqui\u00e1tricas; psicometria (envolvendo adapta\u00e7\u00e3o e valida\u00e7\u00e3o de instrumentos diagn\u00f3sticos); psicologia anal\u00edtica; neuropsiquiatria; neurobiologia, revis\u00e3o sistem\u00e1tica e metan\u00e1lise. (<a href=\"http:\/\/lattes.cnpq.br\/0876669702022083\">CV Lattes<\/a>)<\/p>\n<p><strong>Lumena Almeida Castro Furtado:<\/strong> Possui mestrado em Sa\u00fade P\u00fablica pela Faculdade de Sa\u00fade P\u00fablica da USP (1995). Atualmente esta cedida a Faculdade de Sa\u00fade P\u00fablica da USP e cursa o doutorado no Programa de P\u00f3s-Gradua\u00e7\u00e3o em Cl\u00ednica M\u00e9dica da Faculdade de Medicina da UFRJ . Tem experi\u00eancia na \u00e1rea de Sa\u00fade Coletiva, com \u00eanfase em Sa\u00fade P\u00fablica.\u00a0(<a href=\"http:\/\/lattes.cnpq.br\/3418180766317317\">CV Lattes<\/a>)<\/p>\n<p><strong>Rafael Ramia Muneratti:<\/strong> Graduado em DIREITO pela Universidade de S\u00e3o Paulo &#8211; USP (1995). Especialista em CI\u00caNCIA POL\u00cdTICA pela Universidade de Bras\u00edlia &#8211; UnB &#8211; DF (2009). Mestre em DIREITO DAS RELA\u00c7\u00d5ES INTERNACIONAIS pelo UniCeub-DF (2013). Foi Procurador do Estado de S\u00e3o Paulo (1998-2006) &#8211; PROCURADORIA-GERAL DO ESTADO DE S\u00c3O PAULO. Atualmente \u00e9 Defensor P\u00fablico do Estado de S\u00e3o Paulo (2006 &#8211; ) com atua\u00e7\u00e3o perante o Superior Tribunal de Justi\u00e7a (STJ) e Supremo Tribunal Federal (STF) &#8211; DEFENSORIA P\u00daBLICA DO ESTADO DE S\u00c3O PAULO. Tem experi\u00eancia na \u00e1rea de Direito, com \u00eanfase em Direito P\u00fablico: Direito Penal, Processual Penal, Execu\u00e7\u00e3o Penal, Direito Constitucional, Teoria Geral do Estado e Direito Internacional P\u00fablico. Tem experi\u00eancia na \u00e1rea de Ci\u00eancia Pol\u00edtica.\u00a0(<a href=\"http:\/\/lattes.cnpq.br\/9607392603840559\">CV Lattes<\/a>)<\/p>\n<p><strong>Rubens de Camargo Ferreira Adorno:<\/strong> Professor Associado III na Universidade de S\u00e3o Paulo, possui gradua\u00e7\u00e3o em Ci\u00eancias Sociais pela Universidade Estadual de Campinas (1977), Especializa\u00e7\u00e3o em Sa\u00fade P\u00fablica pela Faculdade de Sa\u00fade P\u00fablica da USP, Mestrado em Sa\u00fade P\u00fablica pela Universidade de S\u00e3o Paulo (1992) Doutorado em Sa\u00fade P\u00fablica pela Universidade de S\u00e3o Paulo (1992), aprovado como Professor Livre Docente em 1997. Vem atuando nas seguintes linha de pesquisa: Sa\u00fade P\u00fablica, Ci\u00eancias Sociais e Sociedade Contempor\u00e2nea; que procura trazer a contribui\u00e7\u00e3o da Pesquisa Social, notadamente da Antropologia e de uma Antropologia Cr\u00edtica da Sa\u00fade, buscando construir um tratamento te\u00f3rico para as vulnerabilidades contempor\u00e2neas; que possam se expressar a partir dos contextos e das subjetividades que se constituem no capitalismo tardio e articulam os contextos globais, nacionais e locais. Tem como campo de pesquisa as mudan\u00e7as que ocorrem na vida das popula\u00e7\u00f5es a partir de seus contextos e dos recortes classe social, ra\u00e7a-etnia, gera\u00e7\u00e3o, g\u00eanero e sexualidades e curso de vida, assim como as quest\u00f5es que envolvem as biopol\u00edticas e biolegitimidades e pol\u00edticas da vida a partir dos territ\u00f3rios de exclus\u00e3o e as popula\u00e7\u00f5es em situa\u00e7\u00e3o de rua. Nos \u00faltimos anos vem desenvolvendo projetos de pesquisa na linha tem\u00e1tica:\u00a0Exclus\u00e3o social e tecnologias de cidadania em sociedades contempor\u00e2neas: a quest\u00e3o das drogas e sociedade, que procura interpretar as interfaces entre as pol\u00edticas p\u00fablicas e as chamadas margens da sociedade, tendo especificamente o tema das drogas il\u00edcitas e entre elas o crack, como uma quest\u00e3o central. (<a href=\"http:\/\/lattes.cnpq.br\/7427719296567082\">CV Lattes<\/a>)<\/p>\n<p><strong>Luiz Guilherme Mendes de Paiva:<\/strong> Possui gradua\u00e7\u00e3o em Direito pela Universidade de S\u00e3o Paulo (2002). \u00c9 mestre e doutor em Direito Penal pela Universidade de S\u00e3o Paulo (2006 e 2015). Atualmente \u00e9 chefe de Gabinete da Secretaria Municipal de Direitos Humanos e Cidadania da Prefeitura de S\u00e3o Paulo. Foi Secret\u00e1rio Nacional de Pol\u00edticas sobre Drogas do Minist\u00e9rio da Justi\u00e7a. Foi Conselheiro Titular do Conselho Nacional de Pol\u00edtica Criminal e Penitenci\u00e1ria (CNPCP) e assessor de Ministro do Supremo Tribunal Federal. Foi Acad\u00eamico Visitante no Centro de Criminologia da Universidade de Oxford. Tem experi\u00eancia na \u00e1rea de Direito, com \u00eanfase em Direito Penal, atuando principalmente nos seguintes temas: pol\u00edtica criminal e opini\u00e3o p\u00fablica, Direito Penal, criminologia e pol\u00edticas p\u00fablicas. Organizou e ministrou cursos e programas de inicia\u00e7\u00e3o cient\u00edfica na \u00e1rea de ci\u00eancias criminais, estatuto da crian\u00e7a e do adolescente e teoria do Estado.\u00a0(<a href=\"http:\/\/lattes.cnpq.br\/8756751000459777\">CV Lattes<\/a>)<\/p>\n<p><strong>Maur\u00edcio Fiore:<\/strong> Bacharel em Ci\u00eancias Sociais, mestre em Antropologia Social pela Universidade de S\u00e3o Paulo (USP) e doutor em Ci\u00eancias Sociais pela Universidade Estadual de Campinas (Unicamp). \u00c9 pesquisador e diretor administrativo do Centro Brasileiro de An\u00e1lise e Planejamento (Cebrap), coordenador cient\u00edfico da Plataforma Brasileira de Pol\u00edtica de Drogas e membro-fundador do N\u00facleo de Estudos Interdisciplinares sobre Psicoativos (Neip) e da Associa\u00e7\u00e3o Brasileira de Estudos Sociais sobre o Uso de Psicoativos (Abesup). Seu principal campo de atua\u00e7\u00e3o acad\u00eamica \u00e9 o dos estudos sobre drogas psicoativas, sob diversos de seus aspectos (socioculturais, m\u00e9dicos, pol\u00edticos, entre outros). Tamb\u00e9m atuou em pesquisas e produziu trabalhos sobre uso do tempo livre e pr\u00e1ticas culturais, sociabilidade urbana, viol\u00eancia e educa\u00e7\u00e3o.<span class=\"texto\">\u00a0<\/span>(<a href=\"http:\/\/lattes.cnpq.br\/8445532414052924\">CV Lattes<\/a>)<\/p>\n<p><strong>Bruno Shimizu:<\/strong> Mestre e Doutor em Direito Penal e Criminologia pela Universidade de S\u00e3o Paulo. Graduado em Direito, com habilita\u00e7\u00e3o em Direito Penal e Criminologia, pela Universidade de S\u00e3o Paulo. Defensor P\u00fablico do Estado de S\u00e3o Paulo. Coordenador Auxiliar do N\u00facleo Especializado de Situa\u00e7\u00e3o Carcer\u00e1ria da Defensoria P\u00fablica do Estado de S\u00e3o Paulo.\u00a0(<a href=\"http:\/\/lattes.cnpq.br\/9148279862910228\">CV Lattes<\/a>)<\/p>\n<p><strong>Fernanda Emy Matsuda:<\/strong> \u00c9 doutora (2016) e mestre (2010) pelo Programa de P\u00f3s-Gradua\u00e7\u00e3o em Sociologia da Faculdade de Filosofia, Letras e Ci\u00eancias Humanas da Universidade de S\u00e3o Paulo. Possui gradua\u00e7\u00e3o em Direito pela Universidade de S\u00e3o Paulo (2002) e gradua\u00e7\u00e3o em Ci\u00eancias Sociais pela Universidade de S\u00e3o Paulo (2012). \u00c9 consultora do Instituto Patr\u00edcia Galv\u00e3o M\u00eddia e Direitos. Na Escola de Direito de S\u00e3o Paulo da Funda\u00e7\u00e3o Get\u00falio Vargas, foi pesquisadora do N\u00facleo de Estudos sobre o Crime e a Pena e do Centro de Pesquisa Jur\u00eddica Aplicada. No Instituto Brasileiro de Ci\u00eancias Criminais, integrou a Comiss\u00e3o de Monografias (2009-2010) e coordenou o Grupo de Trabalho sobre o Sistema Prisional (2013-2014) e o N\u00facleo de Pesquisas (2011-2012). Foi consultora em projetos de pesquisa da Conectas Direitos Humanos, da Uni\u00e3o de Mulheres de S\u00e3o Paulo, do Centro de Estudios en Seguridad Ciudadana &#8211; Universidad de Chile e do Departamento Penitenci\u00e1rio Nacional do Minist\u00e9rio da Justi\u00e7a. Foi pesquisadora do Instituto Terra Trabalho e Cidadania (ITTC), do Instituto Latino Americano das Na\u00e7\u00f5es Unidas para Preven\u00e7\u00e3o do Delito e Tratamento do Delinquente (ILANUD\/Brasil) e do N\u00facleo de Estudos da Viol\u00eancia da Universidade de S\u00e3o Paulo. Seus temas de interesse e atua\u00e7\u00e3o s\u00e3o pol\u00edticas p\u00fablicas, educa\u00e7\u00e3o popular em direitos, viol\u00eancia baseada no g\u00eanero, sa\u00fade mental, sistema de justi\u00e7a criminal e puni\u00e7\u00e3o.\u00a0(<a href=\"http:\/\/lattes.cnpq.br\/4513663619970521\">CV Lattes<\/a>)<\/p>\n<p><strong>Paulo Gabriel Godinho Delgado: <\/strong>Soci\u00f3logo pela UFJF com P\u00f3s-Gradua\u00e7\u00e3o em Ci\u00eancia Pol\u00edtica pela UFMG; Professor licenciado da Universidade Federal de Juiz de Fora \u2013 UFJF; Consultor Independente de Empresas e Institui\u00e7\u00f5es nas \u00c1reas de Pol\u00edtica, Educa\u00e7\u00e3o, Trabalho, Legisla\u00e7\u00e3o; Articulista regular do Jornal O Globo desde 2007; Colunista semanal dos jornais Correio Braziliense e Estado de Minas. (<a href=\"http:\/\/www.paulodelgado.com.br\/\">Site<\/a>)<\/p>\n<p>&nbsp;<\/p>\n<p><strong>Paulo Duarte de Carvalho Amarante:<\/strong> Possui gradua\u00e7\u00e3o em Medicina pela Escola de Medicina da Santa Casa de Miseric\u00f3rdia (1976), Especializa\u00e7\u00e3o em Psiquiatria pelo Instituto de Psiquiatria da UFRJ (1978). Mestrado em Medicina Social pelo Instituto de Medicina Social da UERJ (1982) e doutorado em Sa\u00fade P\u00fablica pela Funda\u00e7\u00e3o Oswaldo Cruz (1994), quando fez est\u00e1gio de doutoramento em Trieste\/It\u00e1lia (Centro Studi i Riserche per la Salute Mental, 1992)) e P\u00f3s doutorado na AUSL Imola\/It\u00e1lia em 1996. . Tem t\u00edtulo de especialista em Psiquiatria pela Associa\u00e7\u00e3o Brasileira de Psiquiatria (ABP). Fundador do primeiro Curso B\u00e1sico de Acompanhamento Domiciliar em Sa\u00fade Mental (Fiocruz) e da primeira Resid\u00eancia Multiprofissional em Sa\u00fade Mental (conv\u00eanio IPP\/MS com ENSP\/Fiocruz). Atualmente \u00e9 Professor e Pesquisador Titular do Departamento de Direitos Humanos, Sa\u00fade e Diversidade Cultural da Escola Nacional de Sa\u00fade P\u00fablica Sergio Arouca da Funda\u00e7\u00e3o Oswaldo Cruz. \u00c9 l\u00edder do Grupo de Pesquisas &#8220;Laborat\u00f3rio de Estudos e Pesquisas em Sa\u00fade Mental e Aten\u00e7\u00e3o Psicossocial&#8221;; (LAPS) do CNPq. \u00c9 professor do Programa de Mestrado Profissional em Sa\u00fade Mental da Universidade Federal de Santa Catarina e tem participado como professor convidado em universidades nacionais e estrangeiras. \u00c9 coordenador do Curso de Aten\u00e7\u00e3o \u00e0 Crise do Adulto da Redesampa do Munic\u00edpio de S\u00e3o Paulo. Foi coordenador do Projeto Loucos pela Diversidade, conv\u00eanio entre o Minist\u00e9rio da Cultura e o Minist\u00e9rio da Sa\u00fade. Sua atua\u00e7\u00e3o acad\u00eamica e pol\u00edtica \u00e9 voltada para os seguintes temas: reforma psiqui\u00e1trica, sa\u00fade mental, epistemologia; filosofia da ci\u00eancia, pol\u00edticas p\u00fablicas e pol\u00edticas de sa\u00fade. \u00c9 Coordenador do GT de Sa\u00fade Mental e Vice-Presidente da Associa\u00e7\u00e3o Brasileira de Sa\u00fade Coletiva (ABRASCO) e ex-Presidente da Associa\u00e7\u00e3o Brasileira de Sa\u00fade Mental (ABRASME) para a qual foi eleito Presidente Honoris causa em 06 de junho de 2015. \u00c9 Doutor Honoris causa da Universidade Popular de Madres de Plaza de Mayo (Argentina). \u00e9 Membro do Conselho Consultivo da Plataforma Brasileira de Pol\u00edtica de Drogas. Vice presidente da Associa\u00e7\u00e3o Brasileira de Sa\u00fade Coletiva (ABRASCO). \u00c9 autor dos livros &#8220;Loucos pela vida: a trajet\u00f3ria da reforma psiqui\u00e1trica no Brasil&#8221;; &#8220;O Homem e a Serpente &#8211; Outras hist\u00f3rias para a loucura e a psiquiatria&#8221;; &#8220;Sa\u00fade Mental e Aten\u00e7\u00e3o Psicossocial&#8221;; &#8220;Teoria e Cr\u00edtica em Sa\u00fade Mental &#8211; Textos selecionados&#8221;; e outros. Membro do F\u00f3rum Permanente de Direito e Sa\u00fade da Escola da Magistratura do Estado do Rio de Janeiro (EMERJ). Membro do Comit\u00ea Executivo Brasileiro da International School Franca &amp; Franco Basaglia (OMS\/Centro de Studi e Richerce per la Salute Menta\/Trieste\/It\u00e1lia). Membro do Conselho Consultivo da Plataforma Brasileira de Pol\u00edtica de Drogas. Ex-Editor Cient\u00edfico da Revista Sa\u00fade em Debate e Diretor de Pol\u00edtica Editorial do Centro Brasileiro de Estudos de Sa\u00fade &#8211; Cebes. Coordenador da Cole\u00e7\u00e3o Loucura &amp; Civiliza\u00e7\u00e3o da Editora Fiocruz. Desde junho de 2016 \u00e9 Membro do Comit\u00ea de Participa\u00e7\u00e3o da Copersamm (Conferenza Permanente per la Salute Mentale nel Mondo). Professor Regular do Doctorado en Salud Mental Comunitaria\/Universidad Nacional de Lanus (Argentina). (<a href=\"http:\/\/lattes.cnpq.br\/5548618710308950\">CV Lattes<\/a>)<\/p>\n<p><strong><a>Roberto<\/a> Tykanori Kynoshita:<\/strong>\u00a0Possui gradua\u00e7\u00e3o em Medicina pela Universidade de S\u00e3o Paulo (1983) e doutorado em Sa\u00fade Coletiva pela Universidade Estadual de Campinas (2001). Atualmente \u00e9 m\u00e9dico da Prefeitura Municipal de Santos e professor adjunto da Universidade Federal de S\u00e3o Paulo. Tem experi\u00eancia na \u00e1rea de Medicina, com \u00eanfase em Sa\u00fade Mental, atuando principalmente nos seguintes temas: reforma psiqui\u00e1trica, assistencia psiqui\u00e1trica, sa\u00fade mental, cidadania e pol\u00edticas de sa\u00fade mental. Nos ultimos 5 anos coordenou a politica de sa\u00fade mental e de \u00e1lcool e drogas do Minist\u00e9rio da Sa\u00fade. participou da delega\u00e7\u00e3o brasileira nas Comision of Narcotics and Drugs CND em Viena em 2011, 2012, 2013 e 2015. Rerpresentou o Minist\u00e9rio da Sa\u00fade em reuni\u00f5es na WHO, PAHO, UNODC, e NIMH \/US.\u00a0(<a href=\"http:\/\/lattes.cnpq.br\/6843487372064578\">CV Lattes<\/a>)<\/p>\n<p>&nbsp;<\/p>\n","protected":false},"excerpt":{"rendered":"<p>Objetivos: Aproximar cidad\u00e3os das principais quest\u00f5es relacionadas \u00e0 sa\u00fade mental e sobre os principais aspectos da Lei n\u00ba 10.216\/2001. Diretor Respons\u00e1vel: Carolina Cutrupi Ferreira Coordena\u00e7\u00e3o: Rafael Folador Strano P\u00fablico Alvo: Conselheiros, servidores p\u00fablicos municipais, estudantes e popula\u00e7\u00e3o em geral. Carga Hor\u00e1ria: 15h Inscri\u00e7\u00f5es: Encerradas. Lista Final de Inscritos. Programa\u00e7\u00e3o: Data e Hora Local Tema da [&hellip;]<\/p>\n","protected":false},"author":127,"featured_media":0,"parent":3097,"menu_order":507,"comment_status":"closed","ping_status":"closed","template":"","meta":{"_acf_changed":false,"footnotes":""},"class_list":["post-5638","page","type-page","status-publish","hentry"],"acf":[],"_links":{"self":[{"href":"https:\/\/homolog.saopaulo.sp.leg.br\/escoladoparlamento\/wp-json\/wp\/v2\/pages\/5638","targetHints":{"allow":["GET"]}}],"collection":[{"href":"https:\/\/homolog.saopaulo.sp.leg.br\/escoladoparlamento\/wp-json\/wp\/v2\/pages"}],"about":[{"href":"https:\/\/homolog.saopaulo.sp.leg.br\/escoladoparlamento\/wp-json\/wp\/v2\/types\/page"}],"author":[{"embeddable":true,"href":"https:\/\/homolog.saopaulo.sp.leg.br\/escoladoparlamento\/wp-json\/wp\/v2\/users\/127"}],"replies":[{"embeddable":true,"href":"https:\/\/homolog.saopaulo.sp.leg.br\/escoladoparlamento\/wp-json\/wp\/v2\/comments?post=5638"}],"version-history":[{"count":5,"href":"https:\/\/homolog.saopaulo.sp.leg.br\/escoladoparlamento\/wp-json\/wp\/v2\/pages\/5638\/revisions"}],"predecessor-version":[{"id":7326,"href":"https:\/\/homolog.saopaulo.sp.leg.br\/escoladoparlamento\/wp-json\/wp\/v2\/pages\/5638\/revisions\/7326"}],"up":[{"embeddable":true,"href":"https:\/\/homolog.saopaulo.sp.leg.br\/escoladoparlamento\/wp-json\/wp\/v2\/pages\/3097"}],"wp:attachment":[{"href":"https:\/\/homolog.saopaulo.sp.leg.br\/escoladoparlamento\/wp-json\/wp\/v2\/media?parent=5638"}],"curies":[{"name":"wp","href":"https:\/\/api.w.org\/{rel}","templated":true}]}}