{"id":6562,"date":"2017-03-14T17:21:36","date_gmt":"2017-03-14T20:21:36","guid":{"rendered":"http:\/\/homolog.saopaulo.sp.leg.br\/escoladoparlamento\/?page_id=6562"},"modified":"2017-03-14T17:28:19","modified_gmt":"2017-03-14T20:28:19","slug":"terceirizacao-nas-relacoes-de-trabalho-seminario","status":"publish","type":"page","link":"https:\/\/homolog.saopaulo.sp.leg.br\/escoladoparlamento\/cursos\/cursos-anteriores\/cursos-realizados-em-2011\/terceirizacao-nas-relacoes-de-trabalho-seminario\/","title":{"rendered":"Terceiriza\u00e7\u00e3o nas Rela\u00e7\u00f5es de Trabalho (Semin\u00e1rio)"},"content":{"rendered":"<p><strong>Quando:<\/strong> Dia 25 de outubro, ter\u00e7a-feira.<\/p>\n<p><strong>Onde:\u00a0<\/strong>Sala S\u00e9rgio Vieira de Mello<\/p>\n<p><strong>Vagas:<\/strong> 90<\/p>\n<p><strong>Inscri\u00e7\u00f5es:<\/strong> At\u00e9\u00a024 de outubro<\/p>\n<p><strong>Programa\u00e7\u00e3o:<\/strong><\/p>\n<table>\n<tbody>\n<tr>\n<td><strong>Hor\u00e1rio<\/strong><\/td>\n<td><strong>Tema<\/strong><\/td>\n<td><strong>\u00a0Palestrante<\/strong><\/td>\n<\/tr>\n<tr>\n<td>19h \u00e0s 19h30<\/td>\n<td>Abertura<\/td>\n<td>Vereador Cl\u00e1udio Prado e Centrais Sindicais<\/td>\n<\/tr>\n<tr>\n<td>19h30 \u00e0s 20h<\/td>\n<td>A regulamenta\u00e7\u00e3o da terceiriza\u00e7\u00e3o pelo Tribunal Superior do Trabalho \u2013 TST<\/td>\n<td>Jorge Cavalcanti Boucinhas Filho<\/p>\n<p><small>Advogado e Professor Universit\u00e1rio. Mestre e doutorando em Direito do Trabalho pela Universidade de S\u00e3o Paulo. Membro Pesquisador do Instituto Cesarino J\u00fanior.<\/small><\/td>\n<\/tr>\n<tr>\n<td>20h \u00e0s 20h40<\/td>\n<td>A terceiriza\u00e7\u00e3o e o enfraquecimento das rela\u00e7\u00f5es sindicais<\/td>\n<td>C\u00e9sar Augusto de Mello<\/p>\n<p><small>Advogado da For\u00e7a Sindical e Professor Universit\u00e1rio. <\/small><\/td>\n<\/tr>\n<tr>\n<td>20h40 \u00e0s 21h<\/td>\n<td>Coffee Break<\/td>\n<td><\/td>\n<\/tr>\n<tr>\n<td>21h \u00e0s 21h40<\/td>\n<td>A terceiriza\u00e7\u00e3o enquanto mecanismo de gest\u00e3o empresarial<\/td>\n<td>Jos\u00e9 Pastore<\/p>\n<p><small>Soci\u00f3logo e Professor Titular da Faculdade de Economia e Administra\u00e7\u00e3o da USP. Doutor Honoris Causa em Ci\u00eancia e Ph. D. em sociologia pela University of Wisconsin (EUA). <\/small><\/td>\n<\/tr>\n<tr>\n<td>A partir das 21h40<\/td>\n<td>Debates<\/td>\n<td>Mediadores: Antonio Rodrigues de Freitas Junior<\/p>\n<p><small>Livre-Docente pela USP e Professor Associado da Faculdade de Direito da mesma, Procurador da CMSP e Diretor da Escola do Parlamento<\/small><\/p>\n<p>Jorge Cavalcanti Boucinhas Filho.<\/td>\n<\/tr>\n<\/tbody>\n<\/table>\n","protected":false},"excerpt":{"rendered":"<p>Quando: Dia 25 de outubro, ter\u00e7a-feira. Onde:\u00a0Sala S\u00e9rgio Vieira de Mello Vagas: 90 Inscri\u00e7\u00f5es: At\u00e9\u00a024 de outubro Programa\u00e7\u00e3o: Hor\u00e1rio Tema \u00a0Palestrante 19h \u00e0s 19h30 Abertura Vereador Cl\u00e1udio Prado e Centrais Sindicais 19h30 \u00e0s 20h A regulamenta\u00e7\u00e3o da terceiriza\u00e7\u00e3o pelo Tribunal Superior do Trabalho \u2013 TST Jorge Cavalcanti Boucinhas Filho Advogado e Professor Universit\u00e1rio. Mestre e [&hellip;]<\/p>\n","protected":false},"author":127,"featured_media":0,"parent":2592,"menu_order":490,"comment_status":"closed","ping_status":"closed","template":"","meta":{"_acf_changed":false,"footnotes":""},"class_list":["post-6562","page","type-page","status-publish","hentry"],"acf":[],"_links":{"self":[{"href":"https:\/\/homolog.saopaulo.sp.leg.br\/escoladoparlamento\/wp-json\/wp\/v2\/pages\/6562","targetHints":{"allow":["GET"]}}],"collection":[{"href":"https:\/\/homolog.saopaulo.sp.leg.br\/escoladoparlamento\/wp-json\/wp\/v2\/pages"}],"about":[{"href":"https:\/\/homolog.saopaulo.sp.leg.br\/escoladoparlamento\/wp-json\/wp\/v2\/types\/page"}],"author":[{"embeddable":true,"href":"https:\/\/homolog.saopaulo.sp.leg.br\/escoladoparlamento\/wp-json\/wp\/v2\/users\/127"}],"replies":[{"embeddable":true,"href":"https:\/\/homolog.saopaulo.sp.leg.br\/escoladoparlamento\/wp-json\/wp\/v2\/comments?post=6562"}],"version-history":[{"count":3,"href":"https:\/\/homolog.saopaulo.sp.leg.br\/escoladoparlamento\/wp-json\/wp\/v2\/pages\/6562\/revisions"}],"predecessor-version":[{"id":6567,"href":"https:\/\/homolog.saopaulo.sp.leg.br\/escoladoparlamento\/wp-json\/wp\/v2\/pages\/6562\/revisions\/6567"}],"up":[{"embeddable":true,"href":"https:\/\/homolog.saopaulo.sp.leg.br\/escoladoparlamento\/wp-json\/wp\/v2\/pages\/2592"}],"wp:attachment":[{"href":"https:\/\/homolog.saopaulo.sp.leg.br\/escoladoparlamento\/wp-json\/wp\/v2\/media?parent=6562"}],"curies":[{"name":"wp","href":"https:\/\/api.w.org\/{rel}","templated":true}]}}