{"id":7090,"date":"2017-08-16T16:38:25","date_gmt":"2017-08-16T19:38:25","guid":{"rendered":"http:\/\/homolog.saopaulo.sp.leg.br\/escoladoparlamento\/?page_id=7090"},"modified":"2017-08-16T16:38:25","modified_gmt":"2017-08-16T19:38:25","slug":"praticas-de-apropriacao-e-producao-do-espaco-em-sao-paulo-a-concessao-de-terras-municipais-atraves-das-cartas-de-datas-1850-1890","status":"publish","type":"page","link":"https:\/\/homolog.saopaulo.sp.leg.br\/escoladoparlamento\/projetos\/arquitetura-e-urbanismo\/praticas-de-apropriacao-e-producao-do-espaco-em-sao-paulo-a-concessao-de-terras-municipais-atraves-das-cartas-de-datas-1850-1890\/","title":{"rendered":"Pr\u00e1ticas de apropria\u00e7\u00e3o e produ\u00e7\u00e3o do espa\u00e7o em S\u00e3o Paulo: a concess\u00e3o de terras municipais atrav\u00e9s das cartas de datas (1850-1890)"},"content":{"rendered":"<ul>\n<li><strong>T\u00edtulo<\/strong>:\u00a0Pr\u00e1ticas de apropria\u00e7\u00e3o e produ\u00e7\u00e3o do espa\u00e7o em S\u00e3o Paulo: a concess\u00e3o de terras municipais atrav\u00e9s das cartas de datas (1850-1890)<\/li>\n<li><strong>Autora<\/strong>:\u00a0Elisangela Maria da Silva<\/li>\n<li><strong>Orientadora<\/strong>:\u00a0Beatriz Piccolotto Siqueira Bueno<\/li>\n<li><strong>Institui\u00e7\u00e3o<\/strong>: USP (Mestrado)<\/li>\n<li><strong>Disciplina<\/strong>: Arquitetura e Urbanismo<\/li>\n<li><strong>Link<\/strong>: <a href=\"http:\/\/www.teses.usp.br\/teses\/disponiveis\/16\/16133\/tde-25072012-153053\/publico\/dissertacao_elisangela_original.pdf\">Tese Completa<\/a>\n<p align=\"justify\">As Cartas de Datas de Terra s\u00e3o documentos fundamentais para o estudo da hist\u00f3ria da estrutura fundi\u00e1ria da cidade de S\u00e3o Paulo. Heran\u00e7a do per\u00edodo colonial persistente durante quase todo o s\u00e9culo XIX, trata-se do meio de solicita\u00e7\u00e3o \u00e0 C\u00e2mara de um lote de terreno no rossio &#8211; patrim\u00f4nio municipal. A presente pesquisa tem por objetivo desvendar os mecanismos te\u00f3ricos e pr\u00e1ticos atrav\u00e9s dos quais esses lotes foram concedidos ap\u00f3s a lei n\u00ba 601 de 1850, a Lei de Terras. Para tanto, analisamos quarenta anos de pr\u00e1ticas camar\u00e1rias na tentativa de quantificar e qualificar os requerentes, espacializar as \u00e1reas de maior incid\u00eancia das concess\u00f5es, buscando verificar um poss\u00edvel padr\u00e3o na distribui\u00e7\u00e3o dos lotes. A pesquisa acompanha todo o processo de transforma\u00e7\u00e3o da terra em ativo financeiro em substitui\u00e7\u00e3o ao escravo, cobrindo o per\u00edodo de 1850 a 1890, balizas cronol\u00f3gicas correspondentes respectivamente \u00e0 Lei de Terras e ao Registro Torrens. O Registro Torrens estabeleceu novos procedimentos para o cadastramento de terras, viabilizando dessa forma a cria\u00e7\u00e3o de uma base hipotec\u00e1ria s\u00f3lida. Com a consolida\u00e7\u00e3o do cr\u00e9dito, a terra tornou-se ativo financeiro. Tr\u00eas anos ap\u00f3s a cria\u00e7\u00e3o desse cadastro, as concess\u00f5es de datas de terra foram extintas, sinalizando o final de um processo de dom\u00ednio \u00fatil ou relativo da terra (concess\u00e3o) ao dom\u00ednio pleno (propriedade privada).<\/p>\n<p>&nbsp;<\/li>\n<\/ul>\n","protected":false},"excerpt":{"rendered":"<p>T\u00edtulo:\u00a0Pr\u00e1ticas de apropria\u00e7\u00e3o e produ\u00e7\u00e3o do espa\u00e7o em S\u00e3o Paulo: a concess\u00e3o de terras municipais atrav\u00e9s das cartas de datas (1850-1890) Autora:\u00a0Elisangela Maria da Silva Orientadora:\u00a0Beatriz Piccolotto Siqueira Bueno Institui\u00e7\u00e3o: USP (Mestrado) Disciplina: Arquitetura e Urbanismo Link: Tese Completa As Cartas de Datas de Terra s\u00e3o documentos fundamentais para o estudo da hist\u00f3ria da estrutura [&hellip;]<\/p>\n","protected":false},"author":183,"featured_media":0,"parent":7371,"menu_order":472,"comment_status":"closed","ping_status":"closed","template":"","meta":{"_acf_changed":false,"footnotes":""},"class_list":["post-7090","page","type-page","status-publish","hentry"],"acf":[],"_links":{"self":[{"href":"https:\/\/homolog.saopaulo.sp.leg.br\/escoladoparlamento\/wp-json\/wp\/v2\/pages\/7090","targetHints":{"allow":["GET"]}}],"collection":[{"href":"https:\/\/homolog.saopaulo.sp.leg.br\/escoladoparlamento\/wp-json\/wp\/v2\/pages"}],"about":[{"href":"https:\/\/homolog.saopaulo.sp.leg.br\/escoladoparlamento\/wp-json\/wp\/v2\/types\/page"}],"author":[{"embeddable":true,"href":"https:\/\/homolog.saopaulo.sp.leg.br\/escoladoparlamento\/wp-json\/wp\/v2\/users\/183"}],"replies":[{"embeddable":true,"href":"https:\/\/homolog.saopaulo.sp.leg.br\/escoladoparlamento\/wp-json\/wp\/v2\/comments?post=7090"}],"version-history":[{"count":3,"href":"https:\/\/homolog.saopaulo.sp.leg.br\/escoladoparlamento\/wp-json\/wp\/v2\/pages\/7090\/revisions"}],"predecessor-version":[{"id":7520,"href":"https:\/\/homolog.saopaulo.sp.leg.br\/escoladoparlamento\/wp-json\/wp\/v2\/pages\/7090\/revisions\/7520"}],"up":[{"embeddable":true,"href":"https:\/\/homolog.saopaulo.sp.leg.br\/escoladoparlamento\/wp-json\/wp\/v2\/pages\/7371"}],"wp:attachment":[{"href":"https:\/\/homolog.saopaulo.sp.leg.br\/escoladoparlamento\/wp-json\/wp\/v2\/media?parent=7090"}],"curies":[{"name":"wp","href":"https:\/\/api.w.org\/{rel}","templated":true}]}}