{"id":7095,"date":"2017-08-16T16:38:11","date_gmt":"2017-08-16T19:38:11","guid":{"rendered":"http:\/\/homolog.saopaulo.sp.leg.br\/escoladoparlamento\/?page_id=7095"},"modified":"2017-08-16T16:38:11","modified_gmt":"2017-08-16T19:38:11","slug":"a-carreira-politica-na-camara-municipal-de-sao-paulo-cmsp","status":"publish","type":"page","link":"https:\/\/homolog.saopaulo.sp.leg.br\/escoladoparlamento\/projetos\/ciencia-politica\/a-carreira-politica-na-camara-municipal-de-sao-paulo-cmsp\/","title":{"rendered":"A Carreira Pol\u00edtica na C\u00e2mara Municipal de S\u00e3o Paulo (CMSP)"},"content":{"rendered":"<ul>\n<li><strong>T\u00edtulo<\/strong>: A Carreira Pol\u00edtica na C\u00e2mara Municipal de S\u00e3o Paulo (CMSP)<\/li>\n<li><strong>Autor<\/strong>:\u00a0Rui Tavares Maluf<\/li>\n<li><strong>Orientador<\/strong>:\u00a0Gildo Marcal Bezerra Brand\u00e3o<\/li>\n<li><strong>Institui\u00e7\u00e3o<\/strong>: USP (Doutorado)<\/li>\n<li><strong>Disciplina<\/strong>: Ci\u00eancia Pol\u00edtica<\/li>\n<li><strong>Link<\/strong>: <a href=\"http:\/\/www.teses.usp.br\/teses\/disponiveis\/8\/8131\/tde-28052007-150534\/publico\/TESE_RUI_TAVARES_MALUF.pdf\">Tese Completa<\/a>\n<p align=\"justify\">A pesquisa que d\u00e1 lugar a presente tese de doutorado tem como seu objeto de estudo a carreira pol\u00edtica dos vereadores paulistanos eleitos para seis legislaturas que compreendendo o per\u00edodo que vai da elei\u00e7\u00e3o de 1982 at\u00e9 a de 2004. A hip\u00f3tese principal \u00e9 de que a C\u00e2mara Municipal de S\u00e3o Paulo (CMSP), a maior do pa\u00eds em Magnitude (55), caracteriza-se como sendo um incentivo pol\u00edtico para a vida pol\u00edtica daqueles que em sua maioria procuram progredir em dire\u00e7\u00e3o a outros cargos p\u00fablicos, mas precisam do capital pol\u00edtico necess\u00e1rio para tornar tal empreendimento vi\u00e1vel. Tal incentivo, embora n\u00e3o seja uma exclusividade da c\u00e2mara paulistana, encontra-se nas poucas edilidades de maior Magnitude. Paradoxalmente, esta mesma institui\u00e7\u00e3o, que tem o cond\u00e3o de recrutar os candidatos que ir\u00e3o assumir diferentes postos na administra\u00e7\u00e3o p\u00fablica brasileira, depara-se com enorme dificuldade para estimular uma carreira que se fa\u00e7a no pr\u00f3prio munic\u00edpio, o qual lida com significativo or\u00e7amento p\u00fablico, elevado quadro de funcion\u00e1rios, conta com importantes empresas p\u00fablicas e privadas, gera muitas riquezas para o pr\u00f3prio Brasil, atrai recursos humanos de diferentes quadrantes do Brasil e do mundo, entre tantos outros fatos de grande relev\u00e2ncia.<\/p>\n<p>&nbsp;<\/li>\n<\/ul>\n","protected":false},"excerpt":{"rendered":"<p>T\u00edtulo: A Carreira Pol\u00edtica na C\u00e2mara Municipal de S\u00e3o Paulo (CMSP) Autor:\u00a0Rui Tavares Maluf Orientador:\u00a0Gildo Marcal Bezerra Brand\u00e3o Institui\u00e7\u00e3o: USP (Doutorado) Disciplina: Ci\u00eancia Pol\u00edtica Link: Tese Completa A pesquisa que d\u00e1 lugar a presente tese de doutorado tem como seu objeto de estudo a carreira pol\u00edtica dos vereadores paulistanos eleitos para seis legislaturas que compreendendo [&hellip;]<\/p>\n","protected":false},"author":183,"featured_media":0,"parent":7373,"menu_order":465,"comment_status":"closed","ping_status":"closed","template":"","meta":{"_acf_changed":false,"footnotes":""},"class_list":["post-7095","page","type-page","status-publish","hentry"],"acf":[],"_links":{"self":[{"href":"https:\/\/homolog.saopaulo.sp.leg.br\/escoladoparlamento\/wp-json\/wp\/v2\/pages\/7095","targetHints":{"allow":["GET"]}}],"collection":[{"href":"https:\/\/homolog.saopaulo.sp.leg.br\/escoladoparlamento\/wp-json\/wp\/v2\/pages"}],"about":[{"href":"https:\/\/homolog.saopaulo.sp.leg.br\/escoladoparlamento\/wp-json\/wp\/v2\/types\/page"}],"author":[{"embeddable":true,"href":"https:\/\/homolog.saopaulo.sp.leg.br\/escoladoparlamento\/wp-json\/wp\/v2\/users\/183"}],"replies":[{"embeddable":true,"href":"https:\/\/homolog.saopaulo.sp.leg.br\/escoladoparlamento\/wp-json\/wp\/v2\/comments?post=7095"}],"version-history":[{"count":2,"href":"https:\/\/homolog.saopaulo.sp.leg.br\/escoladoparlamento\/wp-json\/wp\/v2\/pages\/7095\/revisions"}],"predecessor-version":[{"id":7128,"href":"https:\/\/homolog.saopaulo.sp.leg.br\/escoladoparlamento\/wp-json\/wp\/v2\/pages\/7095\/revisions\/7128"}],"up":[{"embeddable":true,"href":"https:\/\/homolog.saopaulo.sp.leg.br\/escoladoparlamento\/wp-json\/wp\/v2\/pages\/7373"}],"wp:attachment":[{"href":"https:\/\/homolog.saopaulo.sp.leg.br\/escoladoparlamento\/wp-json\/wp\/v2\/media?parent=7095"}],"curies":[{"name":"wp","href":"https:\/\/api.w.org\/{rel}","templated":true}]}}