{"id":7103,"date":"2017-08-16T16:38:04","date_gmt":"2017-08-16T19:38:04","guid":{"rendered":"http:\/\/homolog.saopaulo.sp.leg.br\/escoladoparlamento\/?page_id=7103"},"modified":"2017-08-16T16:38:04","modified_gmt":"2017-08-16T19:38:04","slug":"o-processo-legislativo-na-camara-municipal-de-sao-paulo-e-a-constituicao-federal-de-1988","status":"publish","type":"page","link":"https:\/\/homolog.saopaulo.sp.leg.br\/escoladoparlamento\/projetos\/direito\/o-processo-legislativo-na-camara-municipal-de-sao-paulo-e-a-constituicao-federal-de-1988\/","title":{"rendered":"O Processo Legislativo na C\u00e2mara Municipal de S\u00e3o Paulo e a Constitui\u00e7\u00e3o Federal de 1988"},"content":{"rendered":"<ul>\n<li><strong>T\u00edtulo<\/strong>: O Processo Legislativo na C\u00e2mara Municipal de S\u00e3o Paulo e a Constitui\u00e7\u00e3o Federal de 1988<\/li>\n<li><strong>Autora<\/strong>:\u00a0Luciana Andrea Accorsi\u00a0Berardi<\/li>\n<li><strong>Orientadora<\/strong>:\u00a0Maria Garcia<\/li>\n<li><strong>Institui\u00e7\u00e3o<\/strong>: PUC-SP (Mestrado)<\/li>\n<li><strong>Disciplina<\/strong>: Direito<\/li>\n<li><strong>Link<\/strong>: <a href=\"https:\/\/sapientia.pucsp.br\/bitstream\/handle\/6963\/1\/Dissertacao%20Luciana%20Andrea%20Accorsi%20Berardi.pdf\">Tese Completa<\/a>\n<p align=\"justify\">Este estudo tem o objetivo de propor uma an\u00e1lise cr\u00edtica ao Processo Legislativo do Munic\u00edpio de S\u00e3o Paulo em face da Constitui\u00e7\u00e3o Federal de 1988, cuja no\u00e7\u00e3o, regime, princ\u00edpios, formas e execu\u00e7\u00e3o remontam aos prim\u00f3rdios da civiliza\u00e7\u00e3o brasileira, sob os ausp\u00edcios paralelos da doutrina cl\u00e1ssica positivista. A partir dessa coloca\u00e7\u00e3o, para a devida an\u00e1lise da mat\u00e9ria, o estudo em primeiro lugar, procura examinar a forma\u00e7\u00e3o e evolu\u00e7\u00e3o dos conceitos cl\u00e1ssicos dos institutos do poder, opini\u00e3o p\u00fablica, soberania, democracia, representa\u00e7\u00e3o e por fim, participa\u00e7\u00e3o . Num segundo momento, aborda os fatores que provocaram a rediscuss\u00e3o das fun\u00e7\u00f5es e os pap\u00e9is do Estado, a fragmenta\u00e7\u00e3o interna da Federa\u00e7\u00e3o brasileira atrav\u00e9s da distribui\u00e7\u00e3o de compet\u00eancias distintas aos entes federativos, como uma das medidas propulsoras ao desenvolvimento local e, o incentivo \u00e0s tomadas de decis\u00f5es, n\u00e3o apenas ao Estado, mas tamb\u00e9m \u00e0 sociedade civil, relativa a medidas e diretrizes de peculiar interesse p\u00fablico. Finalmente, faz-se uma breve abordagem da ascens\u00e3o do mito da representa\u00e7\u00e3o e da participa\u00e7\u00e3o popular e a sua decad\u00eancia, at\u00e9 chegar \u00e0 postura constitucional de como ambos se apresentam diante da Constitui\u00e7\u00e3o Federal de 1988 e da Lei Org\u00e2nica do Munic\u00edpio de S\u00e3o Paulo. Por derradeiro, ap\u00f3s r\u00e1pida incurs\u00e3o sobre o conceito e an\u00e1lise do processo legislativo municipal, sob o enfoque jur\u00eddico, faz-se uma reflex\u00e3o sobre seu procedimento e forma\u00e7\u00e3o, decorrente do exerc\u00edcio da fun\u00e7\u00e3o legislativa, obedecendo sempre aos princ\u00edpios estabelecidos pelo Estado brasileiro: democr\u00e1tico de direito, republicano e federativo, da mesma forma que os especificamente estabelecidos pelo texto constitucional.<\/p>\n<p>&nbsp;<\/li>\n<\/ul>\n","protected":false},"excerpt":{"rendered":"<p>T\u00edtulo: O Processo Legislativo na C\u00e2mara Municipal de S\u00e3o Paulo e a Constitui\u00e7\u00e3o Federal de 1988 Autora:\u00a0Luciana Andrea Accorsi\u00a0Berardi Orientadora:\u00a0Maria Garcia Institui\u00e7\u00e3o: PUC-SP (Mestrado) Disciplina: Direito Link: Tese Completa Este estudo tem o objetivo de propor uma an\u00e1lise cr\u00edtica ao Processo Legislativo do Munic\u00edpio de S\u00e3o Paulo em face da Constitui\u00e7\u00e3o Federal de 1988, cuja [&hellip;]<\/p>\n","protected":false},"author":183,"featured_media":0,"parent":7377,"menu_order":464,"comment_status":"closed","ping_status":"closed","template":"","meta":{"_acf_changed":false,"footnotes":""},"class_list":["post-7103","page","type-page","status-publish","hentry"],"acf":[],"_links":{"self":[{"href":"https:\/\/homolog.saopaulo.sp.leg.br\/escoladoparlamento\/wp-json\/wp\/v2\/pages\/7103","targetHints":{"allow":["GET"]}}],"collection":[{"href":"https:\/\/homolog.saopaulo.sp.leg.br\/escoladoparlamento\/wp-json\/wp\/v2\/pages"}],"about":[{"href":"https:\/\/homolog.saopaulo.sp.leg.br\/escoladoparlamento\/wp-json\/wp\/v2\/types\/page"}],"author":[{"embeddable":true,"href":"https:\/\/homolog.saopaulo.sp.leg.br\/escoladoparlamento\/wp-json\/wp\/v2\/users\/183"}],"replies":[{"embeddable":true,"href":"https:\/\/homolog.saopaulo.sp.leg.br\/escoladoparlamento\/wp-json\/wp\/v2\/comments?post=7103"}],"version-history":[{"count":2,"href":"https:\/\/homolog.saopaulo.sp.leg.br\/escoladoparlamento\/wp-json\/wp\/v2\/pages\/7103\/revisions"}],"predecessor-version":[{"id":7518,"href":"https:\/\/homolog.saopaulo.sp.leg.br\/escoladoparlamento\/wp-json\/wp\/v2\/pages\/7103\/revisions\/7518"}],"up":[{"embeddable":true,"href":"https:\/\/homolog.saopaulo.sp.leg.br\/escoladoparlamento\/wp-json\/wp\/v2\/pages\/7377"}],"wp:attachment":[{"href":"https:\/\/homolog.saopaulo.sp.leg.br\/escoladoparlamento\/wp-json\/wp\/v2\/media?parent=7103"}],"curies":[{"name":"wp","href":"https:\/\/api.w.org\/{rel}","templated":true}]}}