{"id":7131,"date":"2017-08-16T16:37:03","date_gmt":"2017-08-16T19:37:03","guid":{"rendered":"http:\/\/homolog.saopaulo.sp.leg.br\/escoladoparlamento\/?page_id=7131"},"modified":"2017-08-16T16:37:10","modified_gmt":"2017-08-16T19:37:10","slug":"os-projetos-de-lei-municipal-sobre-violencia-da-cidade-de-sao-paulo-1991-a-2003-uma-caracterizacao-comportamental","status":"publish","type":"page","link":"https:\/\/homolog.saopaulo.sp.leg.br\/escoladoparlamento\/projetos\/psicologia\/os-projetos-de-lei-municipal-sobre-violencia-da-cidade-de-sao-paulo-1991-a-2003-uma-caracterizacao-comportamental\/","title":{"rendered":"Os projetos de lei municipal sobre viol\u00eancia da cidade de S\u00e3o Paulo (1991 a 2003): uma caracteriza\u00e7\u00e3o comportamental"},"content":{"rendered":"<ul>\n<li><strong>T\u00edtulo<\/strong>: Os projetos de lei municipal sobre viol\u00eancia da cidade de S\u00e3o Paulo (1991 a 2003): uma caracteriza\u00e7\u00e3o comportamental<\/li>\n<li><strong>Autor<\/strong>:\u00a0L\u00edvia Maria Demarchi Santos de Macedo<\/li>\n<li><strong>Orientadora<\/strong>:\u00a0Maria Am\u00e1lia\u00a0Andery<\/li>\n<li><strong>Institui\u00e7\u00e3o<\/strong>: PUC-SP (Mestrado)<\/li>\n<li><strong>Disciplina<\/strong>: Psicologia<\/li>\n<li><strong>Link<\/strong>: <a href=\"https:\/\/sapientia.pucsp.br\/bitstream\/handle\/16809\/1\/Livia%20Maria%20Demarchi%20Santos%20de%20Macedo.pdf\">Tese Completa<\/a>\n<p align=\"justify\">A cidade de S\u00e3o Paulo \u00e9 conhecida, dentre outras caracter\u00edsticas marcantes, como a 3a. maior e uma das mais violentas cidades do mundo. A partir da concep\u00e7\u00e3o do fen\u00f4meno de &#8220;viol\u00eancia&#8221;para o behaviorismo radical, da discuss\u00e3o iniciada por Skinner sobre ag\u00eancia governamental, das leis como um instrumento de controle social e literatura relacionada, realizou-se uma descri\u00e7\u00e3o dos projetos de lei produzidos de 1991 a 2003 por legisladores da C\u00e2mara Municipal de S\u00e3o Paulo quanto a quatro aspectos diferentes: institucional, a viol\u00eancia a ser evitada, as propostas de a\u00e7\u00e3o e os resultados esperados. O principal material utilizado foram os projetos de lei (reda\u00e7\u00e3o da lei e justificativa) e os respectivos relat\u00f3rios de andamento emitidos pelo banco de dados da CMSP. Foram localizados 73 projetos de lei indexados com a palavra-chave &#8220;viol\u00eancia&#8221;,dos quais 67 (sele\u00e7\u00e3o I)foram descritos segundo todos os aspectos listados acima. Outros 87 (sele\u00e7\u00e3o li) projetos indexados com a palavra-chave &#8220;seguran\u00e7a&#8221; foram discutidos apenas em seus aspectos &#8220;institucionais&#8221;. Os resultados mostraram haver um baixo n\u00famero de projetos assim indexados, em rela\u00e7\u00e3o ao total da CMSP, dos quais apenas 15,6% dos selecionados foram aprovados. H\u00e1 tamb\u00e9m um elevado n\u00famero de autores de um projeto e um reduzido n\u00famero de autores com produ\u00e7\u00e3o mais sistem\u00e1tica no per\u00edodo. Em rela\u00e7\u00e3o \u00e0 participa\u00e7\u00e3o dos partidos pol\u00edticos na proposi\u00e7\u00e3o destes projetos os resultados indicam bastante varia\u00e7\u00e3o. &#8220;Crimes e infra\u00e7\u00f5es&#8221; e a viol\u00eancia ocorrida em &#8220;Circunst\u00e2ncias especiais&#8221; foram os problemas em viol\u00eancia mais mencionados. Cerca de 1\/3 dos projetos n\u00e3o especifica os participantes da viol\u00eancia e quase a metade n\u00e3o descreve o local da viol\u00eancia. A maioria das a\u00e7\u00f5es para lidar com a viol\u00eancia caracteriza-se por atendimentos a p\u00fablicos j\u00e1 vitimizados ou por promover &#8220;informa\u00e7\u00e3o&#8221; (incluindo &#8220;datas comemorativas&#8221;) \u00e0 popula\u00e7\u00e3o. Os respons\u00e1veis pelas a\u00e7\u00f5es s\u00e3o em sua maioria agentes governamentais e\/ou (em parceria) iniciativa privada. Metade dos projetos n\u00e3o especifica conseq\u00fc\u00eancia para o (n\u00e3o) cumprimento da lei e apenas dois projetos especificaram benef\u00edcios para o seu cumprimento. Mesmo assim, mais da metade dos projetos descreve como resultado final esperado: &#8220;redu\u00e7\u00e3o de criminalidade&#8221; ou &#8220;informa\u00e7\u00e3o&#8221;. Considera\u00e7\u00f5es orientadas por pressupostos da ci\u00eancia do comportamento sobre poss\u00edveis implica\u00e7\u00f5es sociais de projetos muito gen\u00e9ricos na defini\u00e7\u00e3o do problema e a\u00e7\u00f5es de enfrentamento foram discutidas<\/p>\n<p>&nbsp;<\/li>\n<\/ul>\n","protected":false},"excerpt":{"rendered":"<p>T\u00edtulo: Os projetos de lei municipal sobre viol\u00eancia da cidade de S\u00e3o Paulo (1991 a 2003): uma caracteriza\u00e7\u00e3o comportamental Autor:\u00a0L\u00edvia Maria Demarchi Santos de Macedo Orientadora:\u00a0Maria Am\u00e1lia\u00a0Andery Institui\u00e7\u00e3o: PUC-SP (Mestrado) Disciplina: Psicologia Link: Tese Completa A cidade de S\u00e3o Paulo \u00e9 conhecida, dentre outras caracter\u00edsticas marcantes, como a 3a. maior e uma das mais violentas [&hellip;]<\/p>\n","protected":false},"author":183,"featured_media":0,"parent":7381,"menu_order":460,"comment_status":"closed","ping_status":"closed","template":"","meta":{"_acf_changed":false,"footnotes":""},"class_list":["post-7131","page","type-page","status-publish","hentry"],"acf":[],"_links":{"self":[{"href":"https:\/\/homolog.saopaulo.sp.leg.br\/escoladoparlamento\/wp-json\/wp\/v2\/pages\/7131","targetHints":{"allow":["GET"]}}],"collection":[{"href":"https:\/\/homolog.saopaulo.sp.leg.br\/escoladoparlamento\/wp-json\/wp\/v2\/pages"}],"about":[{"href":"https:\/\/homolog.saopaulo.sp.leg.br\/escoladoparlamento\/wp-json\/wp\/v2\/types\/page"}],"author":[{"embeddable":true,"href":"https:\/\/homolog.saopaulo.sp.leg.br\/escoladoparlamento\/wp-json\/wp\/v2\/users\/183"}],"replies":[{"embeddable":true,"href":"https:\/\/homolog.saopaulo.sp.leg.br\/escoladoparlamento\/wp-json\/wp\/v2\/comments?post=7131"}],"version-history":[{"count":1,"href":"https:\/\/homolog.saopaulo.sp.leg.br\/escoladoparlamento\/wp-json\/wp\/v2\/pages\/7131\/revisions"}],"predecessor-version":[{"id":7132,"href":"https:\/\/homolog.saopaulo.sp.leg.br\/escoladoparlamento\/wp-json\/wp\/v2\/pages\/7131\/revisions\/7132"}],"up":[{"embeddable":true,"href":"https:\/\/homolog.saopaulo.sp.leg.br\/escoladoparlamento\/wp-json\/wp\/v2\/pages\/7381"}],"wp:attachment":[{"href":"https:\/\/homolog.saopaulo.sp.leg.br\/escoladoparlamento\/wp-json\/wp\/v2\/media?parent=7131"}],"curies":[{"name":"wp","href":"https:\/\/api.w.org\/{rel}","templated":true}]}}