{"id":7135,"date":"2017-08-16T16:36:56","date_gmt":"2017-08-16T19:36:56","guid":{"rendered":"http:\/\/homolog.saopaulo.sp.leg.br\/escoladoparlamento\/?page_id=7135"},"modified":"2017-08-16T16:36:56","modified_gmt":"2017-08-16T19:36:56","slug":"a-organizacao-do-trabalho-de-taquigrafos-parlamentares-um-estudo-sobre-o-desenvolvimento-de-lerdort-lesoes-por-esforcos-repetitivosdisturbios-osteomusculares-relacionados-ao-trabalho","status":"publish","type":"page","link":"https:\/\/homolog.saopaulo.sp.leg.br\/escoladoparlamento\/projetos\/saude-publica\/a-organizacao-do-trabalho-de-taquigrafos-parlamentares-um-estudo-sobre-o-desenvolvimento-de-lerdort-lesoes-por-esforcos-repetitivosdisturbios-osteomusculares-relacionados-ao-trabalho\/","title":{"rendered":"A organiza\u00e7\u00e3o do trabalho de taqu\u00edgrafos parlamentares: um estudo sobre o desenvolvimento de LER\/DORT (Les\u00f5es por esfor\u00e7os repetitivos\/Dist\u00farbios osteomusculares Relacionados ao Trabalho)"},"content":{"rendered":"<ul>\n<li><strong>T\u00edtulo<\/strong>: A organiza\u00e7\u00e3o do trabalho de taqu\u00edgrafos parlamentares: um estudo sobre o desenvolvimento de LER\/DORT (Les\u00f5es por esfor\u00e7os repetitivos\/Dist\u00farbios osteomusculares Relacionados ao Trabalho)<\/li>\n<li><strong>Autora<\/strong>:\u00a0Jenny Izumi\u00a0Kose<\/li>\n<li><strong>Orientadora<\/strong>:\u00a0Ana Isabel Bruzzi Bezerra\u00a0Paraguay<\/li>\n<li><strong>Institui\u00e7\u00e3o<\/strong>: USP (Mestrado)<\/li>\n<li><strong>Disciplina<\/strong>: Sa\u00fade P\u00fablica<\/li>\n<li><strong>Link<\/strong>: <a href=\"http:\/\/www.teses.usp.br\/teses\/disponiveis\/6\/6134\/tde-30012007-194810\/publico\/bancoteses.pdf\">Tese Completa<\/a>\n<p align=\"justify\">Analisar a organiza\u00e7\u00e3o do trabalho no desenvolvimento das Les\u00f5es por Esfor\u00e7os Repetitivos\/ Dist\u00farbios Osteomusculares Relacionados ao Trabalho &#8211; LER\/DORT, em taqu\u00edgrafos de ambos os sexos, de duas Casas Parlamentares na regi\u00e3o metropolitana de S\u00e3o Paulo. M\u00e9todo: estudo qualitativo; os instrumentos de coleta utilizados foram: entrevista individual, observa\u00e7\u00e3o do trabalho e question\u00e1rio de sa\u00fade e trabalho, composto de quest\u00f5es de identifica\u00e7\u00e3o, estilo de vida, dados ocupacionais e de morbidade e o Question\u00e1rio N\u00f3rdico de Sintomas Osteomusculares. Resultados: Identificaram-se fatores biomec\u00e2nicos como prov\u00e1veis causas de LER\/DORT, tais como: manuten\u00e7\u00e3o de postura est\u00e1tica e movimentos repetitivos de digita\u00e7\u00e3o \/ manuseio de gravador; e aspectos da organiza\u00e7\u00e3o do trabalho, como por exemplo: divis\u00e3o de tarefas por ciclos de tempo, pessoal reduzido, hor\u00e1rios e pausas irregulares. Os taqu\u00edgrafos relataram: exig\u00eancias f\u00edsica, cognitiva, sensorial e psicol\u00f3gica do treinamento\/ trabalho, press\u00e3o temporal, receio de errar, sobrecarga de trabalho nos per\u00edodos de pico e desgaste motivado pela disponibilidade integral de hor\u00e1rios. Os trabalhadores identificaram como causas de LER\/DORT: as dimens\u00f5es temporal, ambiental, e da a\u00e7\u00e3o do trabalho, bem como aspectos individuais e condi\u00e7\u00f5es fora do trabalho. Conclus\u00f5es: (a) A taquigrafia parlamentar caracteriza-se pela fragmenta\u00e7\u00e3o das tarefas, ritmo imposto e prazos r\u00edgidos, semelhante a uma linha de montagem; (b) aspectos da organiza\u00e7\u00e3o do trabalho podem influenciar a sobrecarga biomec\u00e2nica e o aumento no tempo de exposi\u00e7\u00e3o ao risco para LER\/DORT entre taqu\u00edgrafos; (c) para serem eficazes, medidas preventivas devem considerar os aspectos biomec\u00e2nicos, bem como as caracter\u00edsticas da organiza\u00e7\u00e3o do trabalho e a participa\u00e7\u00e3o dos trabalhadores.<\/p>\n<p>&nbsp;<\/li>\n<\/ul>\n","protected":false},"excerpt":{"rendered":"<p>T\u00edtulo: A organiza\u00e7\u00e3o do trabalho de taqu\u00edgrafos parlamentares: um estudo sobre o desenvolvimento de LER\/DORT (Les\u00f5es por esfor\u00e7os repetitivos\/Dist\u00farbios osteomusculares Relacionados ao Trabalho) Autora:\u00a0Jenny Izumi\u00a0Kose Orientadora:\u00a0Ana Isabel Bruzzi Bezerra\u00a0Paraguay Institui\u00e7\u00e3o: USP (Mestrado) Disciplina: Sa\u00fade P\u00fablica Link: Tese Completa Analisar a organiza\u00e7\u00e3o do trabalho no desenvolvimento das Les\u00f5es por Esfor\u00e7os Repetitivos\/ Dist\u00farbios Osteomusculares Relacionados ao Trabalho [&hellip;]<\/p>\n","protected":false},"author":183,"featured_media":0,"parent":7383,"menu_order":459,"comment_status":"closed","ping_status":"closed","template":"","meta":{"_acf_changed":false,"footnotes":""},"class_list":["post-7135","page","type-page","status-publish","hentry"],"acf":[],"_links":{"self":[{"href":"https:\/\/homolog.saopaulo.sp.leg.br\/escoladoparlamento\/wp-json\/wp\/v2\/pages\/7135","targetHints":{"allow":["GET"]}}],"collection":[{"href":"https:\/\/homolog.saopaulo.sp.leg.br\/escoladoparlamento\/wp-json\/wp\/v2\/pages"}],"about":[{"href":"https:\/\/homolog.saopaulo.sp.leg.br\/escoladoparlamento\/wp-json\/wp\/v2\/types\/page"}],"author":[{"embeddable":true,"href":"https:\/\/homolog.saopaulo.sp.leg.br\/escoladoparlamento\/wp-json\/wp\/v2\/users\/183"}],"replies":[{"embeddable":true,"href":"https:\/\/homolog.saopaulo.sp.leg.br\/escoladoparlamento\/wp-json\/wp\/v2\/comments?post=7135"}],"version-history":[{"count":1,"href":"https:\/\/homolog.saopaulo.sp.leg.br\/escoladoparlamento\/wp-json\/wp\/v2\/pages\/7135\/revisions"}],"predecessor-version":[{"id":7136,"href":"https:\/\/homolog.saopaulo.sp.leg.br\/escoladoparlamento\/wp-json\/wp\/v2\/pages\/7135\/revisions\/7136"}],"up":[{"embeddable":true,"href":"https:\/\/homolog.saopaulo.sp.leg.br\/escoladoparlamento\/wp-json\/wp\/v2\/pages\/7383"}],"wp:attachment":[{"href":"https:\/\/homolog.saopaulo.sp.leg.br\/escoladoparlamento\/wp-json\/wp\/v2\/media?parent=7135"}],"curies":[{"name":"wp","href":"https:\/\/api.w.org\/{rel}","templated":true}]}}