{"id":7139,"date":"2017-08-16T16:36:47","date_gmt":"2017-08-16T19:36:47","guid":{"rendered":"http:\/\/homolog.saopaulo.sp.leg.br\/escoladoparlamento\/?page_id=7139"},"modified":"2017-08-16T16:36:47","modified_gmt":"2017-08-16T19:36:47","slug":"o-processo-politico-da-reforma-administrativa-o-caso-da-gestao-petista-em-sao-paulo-1989-1992","status":"publish","type":"page","link":"https:\/\/homolog.saopaulo.sp.leg.br\/escoladoparlamento\/projetos\/administracao-publica\/o-processo-politico-da-reforma-administrativa-o-caso-da-gestao-petista-em-sao-paulo-1989-1992\/","title":{"rendered":"O processo pol\u00edtico da reforma administrativa: o caso da gest\u00e3o petista em S\u00e3o Paulo (1989-1992)"},"content":{"rendered":"<ul>\n<li><strong>T\u00edtulo<\/strong>: O processo pol\u00edtico da reforma administrativa: o caso da gest\u00e3o petista em S\u00e3o Paulo (1989-1992)<\/li>\n<li><strong>Autora<\/strong>:\u00a0Maysa Miguita\u00a0Paulino<\/li>\n<li><strong>Orientadora<\/strong>:\u00a0Maria Rita Garcia\u00a0Loureiro<\/li>\n<li><strong>Institui\u00e7\u00e3o<\/strong>: FGV (Mestrado)<\/li>\n<li><strong>Disciplina<\/strong>: Administra\u00e7\u00e3o P\u00fablica<\/li>\n<li><strong>Link<\/strong>: <a href=\"http:\/\/bibliotecadigital.fgv.br\/dspace\/bitstream\/handle\/10438\/5199\/1199700111.pdf?sequence=1&amp;isAllowed=y\">Tese Completa<\/a>\n<p align=\"justify\">Trata do processo pol\u00edtico da Reforma Administrativa na gest\u00e3o petista em S\u00e3o Paulo, (1989-1992), analisando, tanto o processo de formula\u00e7\u00e3o da proposta, como os motivos que impediram a sua aprova\u00e7\u00e3o pela C\u00e2mara dos vereadores. O partido governante, constituido por principios contradit\u00f3rios e ambiguos, atrav\u00e9s do Executivo, elabora uma proposta de Reforma Administrativa, sem conseguir conciliar os diferentes interesses envolvidos no processo de formula\u00e7\u00e3o da proposta. A mesma dificuldade \u00e9 verificada no processo de tramita\u00e7\u00e3o do Projeto de lei na C\u00e3mara Municipal. Considera-se nesse estudo a dificuldade dos governantes petistas em lidar com o processo de negocia\u00e7\u00e3o pol\u00edtica e o padr\u00e3o de funcionamento do Legislativo na aprova\u00e7\u00e3o dos projetos de interesse do Executivo, como fatores determinantes do fracasso na aprova\u00e7\u00e3o do Projeto de Lei de Reforma Administrativa na C\u00e3mara Municipal de S\u00e3o Paulo.<\/p>\n<p>&nbsp;<\/li>\n<\/ul>\n","protected":false},"excerpt":{"rendered":"<p>T\u00edtulo: O processo pol\u00edtico da reforma administrativa: o caso da gest\u00e3o petista em S\u00e3o Paulo (1989-1992) Autora:\u00a0Maysa Miguita\u00a0Paulino Orientadora:\u00a0Maria Rita Garcia\u00a0Loureiro Institui\u00e7\u00e3o: FGV (Mestrado) Disciplina: Administra\u00e7\u00e3o P\u00fablica Link: Tese Completa Trata do processo pol\u00edtico da Reforma Administrativa na gest\u00e3o petista em S\u00e3o Paulo, (1989-1992), analisando, tanto o processo de formula\u00e7\u00e3o da proposta, como os motivos [&hellip;]<\/p>\n","protected":false},"author":183,"featured_media":0,"parent":7369,"menu_order":457,"comment_status":"closed","ping_status":"closed","template":"","meta":{"_acf_changed":false,"footnotes":""},"class_list":["post-7139","page","type-page","status-publish","hentry"],"acf":[],"_links":{"self":[{"href":"https:\/\/homolog.saopaulo.sp.leg.br\/escoladoparlamento\/wp-json\/wp\/v2\/pages\/7139","targetHints":{"allow":["GET"]}}],"collection":[{"href":"https:\/\/homolog.saopaulo.sp.leg.br\/escoladoparlamento\/wp-json\/wp\/v2\/pages"}],"about":[{"href":"https:\/\/homolog.saopaulo.sp.leg.br\/escoladoparlamento\/wp-json\/wp\/v2\/types\/page"}],"author":[{"embeddable":true,"href":"https:\/\/homolog.saopaulo.sp.leg.br\/escoladoparlamento\/wp-json\/wp\/v2\/users\/183"}],"replies":[{"embeddable":true,"href":"https:\/\/homolog.saopaulo.sp.leg.br\/escoladoparlamento\/wp-json\/wp\/v2\/comments?post=7139"}],"version-history":[{"count":1,"href":"https:\/\/homolog.saopaulo.sp.leg.br\/escoladoparlamento\/wp-json\/wp\/v2\/pages\/7139\/revisions"}],"predecessor-version":[{"id":7140,"href":"https:\/\/homolog.saopaulo.sp.leg.br\/escoladoparlamento\/wp-json\/wp\/v2\/pages\/7139\/revisions\/7140"}],"up":[{"embeddable":true,"href":"https:\/\/homolog.saopaulo.sp.leg.br\/escoladoparlamento\/wp-json\/wp\/v2\/pages\/7369"}],"wp:attachment":[{"href":"https:\/\/homolog.saopaulo.sp.leg.br\/escoladoparlamento\/wp-json\/wp\/v2\/media?parent=7139"}],"curies":[{"name":"wp","href":"https:\/\/api.w.org\/{rel}","templated":true}]}}