{"id":7141,"date":"2017-08-16T16:36:38","date_gmt":"2017-08-16T19:36:38","guid":{"rendered":"http:\/\/homolog.saopaulo.sp.leg.br\/escoladoparlamento\/?page_id=7141"},"modified":"2017-08-16T16:36:38","modified_gmt":"2017-08-16T19:36:38","slug":"transparencia-governamental-e-accountability-uma-analise-comparativa-da-evolucao-dos-portais-de-informacoes-publicas-no-municipio-de-sao-paulo","status":"publish","type":"page","link":"https:\/\/homolog.saopaulo.sp.leg.br\/escoladoparlamento\/projetos\/ciencia-politica\/transparencia-governamental-e-accountability-uma-analise-comparativa-da-evolucao-dos-portais-de-informacoes-publicas-no-municipio-de-sao-paulo\/","title":{"rendered":"Transpar\u00eancia governamental e\u00a0accountability: uma an\u00e1lise comparativa da evolu\u00e7\u00e3o dos portais de informa\u00e7\u00f5es p\u00fablicas no munic\u00edpio de S\u00e3o Paulo"},"content":{"rendered":"<ul>\n<li><strong>T\u00edtulo<\/strong>: Transpar\u00eancia governamental e\u00a0accountability: uma an\u00e1lise comparativa da evolu\u00e7\u00e3o dos portais de informa\u00e7\u00f5es p\u00fablicas no munic\u00edpio de S\u00e3o Paulo<\/li>\n<li><strong>Autor<\/strong>: Rodrigo Burgarelli<\/li>\n<li><strong>Orientadora<\/strong>:\u00a0Jose Alvaro\u00a0Moises<\/li>\n<li><strong>Institui\u00e7\u00e3o<\/strong>: USP (Mestrado)<\/li>\n<li><strong>Disciplina<\/strong>: Ci\u00eancia Pol\u00edtica<\/li>\n<li><strong>Link<\/strong>: <a href=\"http:\/\/www.teses.usp.br\/teses\/disponiveis\/8\/8131\/tde-11052016-124922\/publico\/2015_RodrigoBurgarelli_VOrig.pdf\">Tese Completa<\/a>\n<p align=\"justify\">Impulsionados por mudan\u00e7as na legisla\u00e7\u00e3o e pelo contexto de favorecimento de medidas de publicidade, v\u00e1rios \u00f3rg\u00e3os governamentais v\u00eam ampliando o leque de informa\u00e7\u00f5es divulgadas nos seus portais de transpar\u00eancia. Entretanto, esse movimento n\u00e3o \u00e9 uniforme certos \u00f3rg\u00e3os t\u00eam tend\u00eancia maior de serem mais transparentes que outros. Este trabalho sugere a montagem de um modelo de avalia\u00e7\u00e3o desses portais em rela\u00e7\u00e3o \u00e0 variedade, qualidade e acessibilidade das informa\u00e7\u00f5es p\u00fablicas cuja divulga\u00e7\u00e3o \u00e9 exigida por lei e aplica-\u00ado nos sites da Prefeitura de S\u00e3o Paulo, da C\u00e2mara Municipal e do Tribunal de Contas do Munic\u00edpio. Foi verificada uma diferen\u00e7a significa na avalia\u00e7\u00e3o dos portais entre 2008 e 2013, tamb\u00e9m desigual de acordo com o \u00f3rg\u00e3o. Entrevistas com funcion\u00e1rios dos tr\u00eas \u00f3rg\u00e3os indicam que fatores institucionais espec\u00edficos como a accountability vertical, a receptividade em rela\u00e7\u00e3o ao escrut\u00ednio p\u00fablico e a fiscaliza\u00e7\u00e3o por \u00f3rg\u00e3os de controle s\u00e3o essenciais para entender a diferen\u00e7a nos est\u00edmulos para se ampliar a transpar\u00eancia governamental.<\/p>\n<p>&nbsp;<\/li>\n<\/ul>\n","protected":false},"excerpt":{"rendered":"<p>T\u00edtulo: Transpar\u00eancia governamental e\u00a0accountability: uma an\u00e1lise comparativa da evolu\u00e7\u00e3o dos portais de informa\u00e7\u00f5es p\u00fablicas no munic\u00edpio de S\u00e3o Paulo Autor: Rodrigo Burgarelli Orientadora:\u00a0Jose Alvaro\u00a0Moises Institui\u00e7\u00e3o: USP (Mestrado) Disciplina: Ci\u00eancia Pol\u00edtica Link: Tese Completa Impulsionados por mudan\u00e7as na legisla\u00e7\u00e3o e pelo contexto de favorecimento de medidas de publicidade, v\u00e1rios \u00f3rg\u00e3os governamentais v\u00eam ampliando o leque de [&hellip;]<\/p>\n","protected":false},"author":183,"featured_media":0,"parent":7373,"menu_order":455,"comment_status":"closed","ping_status":"closed","template":"","meta":{"_acf_changed":false,"footnotes":""},"class_list":["post-7141","page","type-page","status-publish","hentry"],"acf":[],"_links":{"self":[{"href":"https:\/\/homolog.saopaulo.sp.leg.br\/escoladoparlamento\/wp-json\/wp\/v2\/pages\/7141","targetHints":{"allow":["GET"]}}],"collection":[{"href":"https:\/\/homolog.saopaulo.sp.leg.br\/escoladoparlamento\/wp-json\/wp\/v2\/pages"}],"about":[{"href":"https:\/\/homolog.saopaulo.sp.leg.br\/escoladoparlamento\/wp-json\/wp\/v2\/types\/page"}],"author":[{"embeddable":true,"href":"https:\/\/homolog.saopaulo.sp.leg.br\/escoladoparlamento\/wp-json\/wp\/v2\/users\/183"}],"replies":[{"embeddable":true,"href":"https:\/\/homolog.saopaulo.sp.leg.br\/escoladoparlamento\/wp-json\/wp\/v2\/comments?post=7141"}],"version-history":[{"count":1,"href":"https:\/\/homolog.saopaulo.sp.leg.br\/escoladoparlamento\/wp-json\/wp\/v2\/pages\/7141\/revisions"}],"predecessor-version":[{"id":7142,"href":"https:\/\/homolog.saopaulo.sp.leg.br\/escoladoparlamento\/wp-json\/wp\/v2\/pages\/7141\/revisions\/7142"}],"up":[{"embeddable":true,"href":"https:\/\/homolog.saopaulo.sp.leg.br\/escoladoparlamento\/wp-json\/wp\/v2\/pages\/7373"}],"wp:attachment":[{"href":"https:\/\/homolog.saopaulo.sp.leg.br\/escoladoparlamento\/wp-json\/wp\/v2\/media?parent=7141"}],"curies":[{"name":"wp","href":"https:\/\/api.w.org\/{rel}","templated":true}]}}