{"id":7143,"date":"2017-08-16T16:36:08","date_gmt":"2017-08-16T19:36:08","guid":{"rendered":"http:\/\/homolog.saopaulo.sp.leg.br\/escoladoparlamento\/?page_id=7143"},"modified":"2017-08-16T16:36:08","modified_gmt":"2017-08-16T19:36:08","slug":"executivo-e-legislativo-na-esfera-local-o-caso-do-municipio-de-sao-paulo","status":"publish","type":"page","link":"https:\/\/homolog.saopaulo.sp.leg.br\/escoladoparlamento\/projetos\/ciencia-politica\/executivo-e-legislativo-na-esfera-local-o-caso-do-municipio-de-sao-paulo\/","title":{"rendered":"Executivo e Legislativo na esfera local: o caso do munic\u00edpio de S\u00e3o Paulo"},"content":{"rendered":"<ul>\n<li><strong>T\u00edtulo<\/strong>: Executivo e Legislativo na esfera local: o caso do munic\u00edpio de S\u00e3o Paulo<\/li>\n<li><strong>Autor<\/strong>:\u00a0Bruno Caetano\u00a0Raimundo<\/li>\n<li><strong>Orientador<\/strong>:\u00a0Leandro\u00a0Piquet<\/li>\n<li><strong>Institui\u00e7\u00e3o<\/strong>: USP (Mestrado)<\/li>\n<li><strong>Disciplina<\/strong>: Ci\u00eancia Pol\u00edtica<\/li>\n<li><strong>Link<\/strong>:\n<p align=\"justify\">O estudo consiste no exame das rela\u00e7\u00f5es entre executivo e legislativo no \u00e2mbito local. O objetivo principal \u00e9 identificar os princ\u00edpios e os elementos que estruturam a forma\u00e7\u00e3o de maiorias nos parlamentos locais e a defini\u00e7\u00e3o da agenda legislativa. Assim, para o estudo deste ponto, deve-se tamb\u00e9m atentar para outras quest\u00f5es que envolvem o trabalho parlamentar, como o comportamento dos partidos, os instrumentos legais e os marcos jur\u00eddico e constitucional que d\u00e3o o contorno das rela\u00e7\u00f5es executivo-legislativo e determinam o desempenho e os resultados das atividades desenvolvidas nas c\u00e2maras municipais.<\/p>\n<p>&nbsp;<\/li>\n<\/ul>\n","protected":false},"excerpt":{"rendered":"<p>T\u00edtulo: Executivo e Legislativo na esfera local: o caso do munic\u00edpio de S\u00e3o Paulo Autor:\u00a0Bruno Caetano\u00a0Raimundo Orientador:\u00a0Leandro\u00a0Piquet Institui\u00e7\u00e3o: USP (Mestrado) Disciplina: Ci\u00eancia Pol\u00edtica Link: O estudo consiste no exame das rela\u00e7\u00f5es entre executivo e legislativo no \u00e2mbito local. O objetivo principal \u00e9 identificar os princ\u00edpios e os elementos que estruturam a forma\u00e7\u00e3o de maiorias nos [&hellip;]<\/p>\n","protected":false},"author":183,"featured_media":0,"parent":7373,"menu_order":454,"comment_status":"closed","ping_status":"closed","template":"","meta":{"_acf_changed":false,"footnotes":""},"class_list":["post-7143","page","type-page","status-publish","hentry"],"acf":[],"_links":{"self":[{"href":"https:\/\/homolog.saopaulo.sp.leg.br\/escoladoparlamento\/wp-json\/wp\/v2\/pages\/7143","targetHints":{"allow":["GET"]}}],"collection":[{"href":"https:\/\/homolog.saopaulo.sp.leg.br\/escoladoparlamento\/wp-json\/wp\/v2\/pages"}],"about":[{"href":"https:\/\/homolog.saopaulo.sp.leg.br\/escoladoparlamento\/wp-json\/wp\/v2\/types\/page"}],"author":[{"embeddable":true,"href":"https:\/\/homolog.saopaulo.sp.leg.br\/escoladoparlamento\/wp-json\/wp\/v2\/users\/183"}],"replies":[{"embeddable":true,"href":"https:\/\/homolog.saopaulo.sp.leg.br\/escoladoparlamento\/wp-json\/wp\/v2\/comments?post=7143"}],"version-history":[{"count":1,"href":"https:\/\/homolog.saopaulo.sp.leg.br\/escoladoparlamento\/wp-json\/wp\/v2\/pages\/7143\/revisions"}],"predecessor-version":[{"id":7144,"href":"https:\/\/homolog.saopaulo.sp.leg.br\/escoladoparlamento\/wp-json\/wp\/v2\/pages\/7143\/revisions\/7144"}],"up":[{"embeddable":true,"href":"https:\/\/homolog.saopaulo.sp.leg.br\/escoladoparlamento\/wp-json\/wp\/v2\/pages\/7373"}],"wp:attachment":[{"href":"https:\/\/homolog.saopaulo.sp.leg.br\/escoladoparlamento\/wp-json\/wp\/v2\/media?parent=7143"}],"curies":[{"name":"wp","href":"https:\/\/api.w.org\/{rel}","templated":true}]}}