{"id":7145,"date":"2017-08-16T16:35:57","date_gmt":"2017-08-16T19:35:57","guid":{"rendered":"http:\/\/homolog.saopaulo.sp.leg.br\/escoladoparlamento\/?page_id=7145"},"modified":"2017-08-16T16:35:57","modified_gmt":"2017-08-16T19:35:57","slug":"agenda-setting-e-agenda-institucional-um-estudo-da-campanha-eleitoral-de-2004-na-cidade-de-sao-paulo","status":"publish","type":"page","link":"https:\/\/homolog.saopaulo.sp.leg.br\/escoladoparlamento\/projetos\/ciencias-sociais\/agenda-setting-e-agenda-institucional-um-estudo-da-campanha-eleitoral-de-2004-na-cidade-de-sao-paulo\/","title":{"rendered":"Agenda-setting e agenda institucional: um estudo da campanha eleitoral de 2004 na cidade de S\u00e3o Paulo"},"content":{"rendered":"<ul>\n<li><strong>T\u00edtulo<\/strong>: Agenda-setting e agenda institucional: um estudo da campanha eleitoral de 2004 na cidade de S\u00e3o Paulo<\/li>\n<li><strong>Autora<\/strong>:\u00a0Andrea\u00a0Reis<\/li>\n<li><strong>Orientadora<\/strong>:\u00a0Vera Lucia Michalany\u00a0Chaia<\/li>\n<li><strong>Institui\u00e7\u00e3o<\/strong>: PUC-SP (Doutorado)<\/li>\n<li><strong>Disciplina<\/strong>: Ci\u00eancias Sociais<\/li>\n<li><strong>Link<\/strong>: <a href=\"https:\/\/sapientia.pucsp.br\/bitstream\/handle\/3913\/1\/Andrea%20Reis.pdf\">Tese Completa<\/a>\n<p align=\"justify\">A campanha eleitoral para a prefeitura de S\u00e3o Paulo, em 2004, teve import\u00e2ncia hist\u00f3rica, pois foi a primeira, depois da redemocratiza\u00e7\u00e3o, com um candidato \u00e0 reelei\u00e7\u00e3o. Sabendo-se do grande poder pol\u00edtico e econ\u00f4mico que o munic\u00edpio de S\u00e3o Paulo possui, apresenta-se a seguinte quest\u00e3o: quando a constru\u00e7\u00e3o de um cen\u00e1rio de representa\u00e7\u00e3o da pol\u00edtica (CR-P) juntamente com a ret\u00f3rica da continuidade, discurso muito freq\u00fcente durante uma campanha de reelei\u00e7\u00e3o, garantem um triunfo eleitoral? A disputa eleitoral de 2004 permitiu que a tradicional rivalidade entre o petismo e o malufismo das d\u00e9cadas passadas fosse substitu\u00edda pelo embate entre o PT e o PSDB. A disputa, que antes era personalista e agora est\u00e1 partidarizada, poderia ser a conseq\u00fc\u00eancia de uma maior conscientiza\u00e7\u00e3o pol\u00edtica do eleitorado paulistano? Para entendermos a derrota de uma administra\u00e7\u00e3o que estava sendo bem avaliada no final de sua gest\u00e3o, percebemos que dever\u00edamos analisar, al\u00e9m do CR-P, o comportamento eleitoral do paulistano, qual era a agenda interpessoal do eleitorado em 2004, a agendasetting da m\u00eddia televisiva durante o ano eleitoral e tamb\u00e9m a agenda institucional dos dois principais candidatos, para verificarmos o que justificaria a derrota de Marta Suplicy. A m\u00eddia pode alertar e informar o eleitor sobre a viabilidade dos candidatos e tamb\u00e9m veicular mensagens que influenciem a opini\u00e3o p\u00fablica durante a campanha. Os meios de comunica\u00e7\u00e3o fornecem perspectivas, modelam as imagens dos candidatos, assim como do partido, ajudam a promover os temas de campanha e diferem a atmosfera espec\u00edfica e a \u00e1rea de relev\u00e2ncia e de atividade de cada competi\u00e7\u00e3o eleitoral. A constru\u00e7\u00e3o do CR-P ser\u00e1 acompanhada at\u00e9 o final oficial da campanha eleitoral de 2004. Ser\u00e3o verificados quais foram os elementos constitutivos preponderantes na agenda institucional e na agenda da m\u00eddia.<\/p>\n<p>&nbsp;<\/li>\n<\/ul>\n","protected":false},"excerpt":{"rendered":"<p>T\u00edtulo: Agenda-setting e agenda institucional: um estudo da campanha eleitoral de 2004 na cidade de S\u00e3o Paulo Autora:\u00a0Andrea\u00a0Reis Orientadora:\u00a0Vera Lucia Michalany\u00a0Chaia Institui\u00e7\u00e3o: PUC-SP (Doutorado) Disciplina: Ci\u00eancias Sociais Link: Tese Completa A campanha eleitoral para a prefeitura de S\u00e3o Paulo, em 2004, teve import\u00e2ncia hist\u00f3rica, pois foi a primeira, depois da redemocratiza\u00e7\u00e3o, com um candidato \u00e0 [&hellip;]<\/p>\n","protected":false},"author":183,"featured_media":0,"parent":7375,"menu_order":453,"comment_status":"closed","ping_status":"closed","template":"","meta":{"_acf_changed":false,"footnotes":""},"class_list":["post-7145","page","type-page","status-publish","hentry"],"acf":[],"_links":{"self":[{"href":"https:\/\/homolog.saopaulo.sp.leg.br\/escoladoparlamento\/wp-json\/wp\/v2\/pages\/7145","targetHints":{"allow":["GET"]}}],"collection":[{"href":"https:\/\/homolog.saopaulo.sp.leg.br\/escoladoparlamento\/wp-json\/wp\/v2\/pages"}],"about":[{"href":"https:\/\/homolog.saopaulo.sp.leg.br\/escoladoparlamento\/wp-json\/wp\/v2\/types\/page"}],"author":[{"embeddable":true,"href":"https:\/\/homolog.saopaulo.sp.leg.br\/escoladoparlamento\/wp-json\/wp\/v2\/users\/183"}],"replies":[{"embeddable":true,"href":"https:\/\/homolog.saopaulo.sp.leg.br\/escoladoparlamento\/wp-json\/wp\/v2\/comments?post=7145"}],"version-history":[{"count":1,"href":"https:\/\/homolog.saopaulo.sp.leg.br\/escoladoparlamento\/wp-json\/wp\/v2\/pages\/7145\/revisions"}],"predecessor-version":[{"id":7146,"href":"https:\/\/homolog.saopaulo.sp.leg.br\/escoladoparlamento\/wp-json\/wp\/v2\/pages\/7145\/revisions\/7146"}],"up":[{"embeddable":true,"href":"https:\/\/homolog.saopaulo.sp.leg.br\/escoladoparlamento\/wp-json\/wp\/v2\/pages\/7375"}],"wp:attachment":[{"href":"https:\/\/homolog.saopaulo.sp.leg.br\/escoladoparlamento\/wp-json\/wp\/v2\/media?parent=7145"}],"curies":[{"name":"wp","href":"https:\/\/api.w.org\/{rel}","templated":true}]}}