{"id":7147,"date":"2017-08-16T16:35:45","date_gmt":"2017-08-16T19:35:45","guid":{"rendered":"http:\/\/homolog.saopaulo.sp.leg.br\/escoladoparlamento\/?page_id=7147"},"modified":"2017-08-16T16:35:45","modified_gmt":"2017-08-16T19:35:45","slug":"administracao-colonial-e-poder-a-governanca-da-cidade-de-sao-paulo-1765-1802","status":"publish","type":"page","link":"https:\/\/homolog.saopaulo.sp.leg.br\/escoladoparlamento\/projetos\/historia\/administracao-colonial-e-poder-a-governanca-da-cidade-de-sao-paulo-1765-1802\/","title":{"rendered":"Administra\u00e7\u00e3o colonial e poder: a governan\u00e7a da cidade de S\u00e3o Paulo (1765-1802)"},"content":{"rendered":"<ul>\n<li><strong>T\u00edtulo<\/strong>: Administra\u00e7\u00e3o colonial e poder: a governan\u00e7a da cidade de S\u00e3o Paulo (1765-1802)<\/li>\n<li><strong>Autor<\/strong>:\u00a0Leandro Calbente\u00a0C\u00e2mara<\/li>\n<li><strong>Orientadora<\/strong>:\u00a0Eni de Mesquita\u00a0Samara<\/li>\n<li><strong>Institui\u00e7\u00e3o<\/strong>: USP (Mestrado)<\/li>\n<li><strong>Disciplina<\/strong>: Hist\u00f3ria<\/li>\n<li><strong>Link<\/strong>: <a href=\"http:\/\/www.teses.usp.br\/teses\/disponiveis\/8\/8137\/tde-12012009-\">Tese Completa<\/a>\n<p align=\"justify\">O objetivo da minha disserta\u00e7\u00e3o \u00e9 estudar a governan\u00e7a da cidade de S\u00e3o Paulo entre 1765 e 1802. Isso significa que me deterei no estudo das pr\u00e1ticas e dispositivos de poder que tornavam fact\u00edvel o exerc\u00edcio do mando sobre as popula\u00e7\u00f5es locais. Para tanto, circunscreverei minha an\u00e1lise em torno da institui\u00e7\u00e3o que detinha as prerrogativas dessa a\u00e7\u00e3o: a C\u00e2mara Municipal de S\u00e3o Paulo. O recorte da minha pesquisa, a capitania de S\u00e3o Paulo na segunda metade do s\u00e9culo, permite observar tal problem\u00e1tica em um contexto de franca transforma\u00e7\u00e3o, resultado das pol\u00edticas reformistas adotadas pelo Imp\u00e9rio portugu\u00eas nesse contexto. Assim, poderei identificar como essa din\u00e2mica mais geral provocou uma importante inflex\u00e3o na forma como o governo da cidade era conduzido.<\/p>\n<p>&nbsp;<\/li>\n<\/ul>\n","protected":false},"excerpt":{"rendered":"<p>T\u00edtulo: Administra\u00e7\u00e3o colonial e poder: a governan\u00e7a da cidade de S\u00e3o Paulo (1765-1802) Autor:\u00a0Leandro Calbente\u00a0C\u00e2mara Orientadora:\u00a0Eni de Mesquita\u00a0Samara Institui\u00e7\u00e3o: USP (Mestrado) Disciplina: Hist\u00f3ria Link: Tese Completa O objetivo da minha disserta\u00e7\u00e3o \u00e9 estudar a governan\u00e7a da cidade de S\u00e3o Paulo entre 1765 e 1802. Isso significa que me deterei no estudo das pr\u00e1ticas e dispositivos [&hellip;]<\/p>\n","protected":false},"author":183,"featured_media":0,"parent":7379,"menu_order":452,"comment_status":"closed","ping_status":"closed","template":"","meta":{"_acf_changed":false,"footnotes":""},"class_list":["post-7147","page","type-page","status-publish","hentry"],"acf":[],"_links":{"self":[{"href":"https:\/\/homolog.saopaulo.sp.leg.br\/escoladoparlamento\/wp-json\/wp\/v2\/pages\/7147","targetHints":{"allow":["GET"]}}],"collection":[{"href":"https:\/\/homolog.saopaulo.sp.leg.br\/escoladoparlamento\/wp-json\/wp\/v2\/pages"}],"about":[{"href":"https:\/\/homolog.saopaulo.sp.leg.br\/escoladoparlamento\/wp-json\/wp\/v2\/types\/page"}],"author":[{"embeddable":true,"href":"https:\/\/homolog.saopaulo.sp.leg.br\/escoladoparlamento\/wp-json\/wp\/v2\/users\/183"}],"replies":[{"embeddable":true,"href":"https:\/\/homolog.saopaulo.sp.leg.br\/escoladoparlamento\/wp-json\/wp\/v2\/comments?post=7147"}],"version-history":[{"count":1,"href":"https:\/\/homolog.saopaulo.sp.leg.br\/escoladoparlamento\/wp-json\/wp\/v2\/pages\/7147\/revisions"}],"predecessor-version":[{"id":7148,"href":"https:\/\/homolog.saopaulo.sp.leg.br\/escoladoparlamento\/wp-json\/wp\/v2\/pages\/7147\/revisions\/7148"}],"up":[{"embeddable":true,"href":"https:\/\/homolog.saopaulo.sp.leg.br\/escoladoparlamento\/wp-json\/wp\/v2\/pages\/7379"}],"wp:attachment":[{"href":"https:\/\/homolog.saopaulo.sp.leg.br\/escoladoparlamento\/wp-json\/wp\/v2\/media?parent=7147"}],"curies":[{"name":"wp","href":"https:\/\/api.w.org\/{rel}","templated":true}]}}