{"id":7149,"date":"2017-08-14T14:11:30","date_gmt":"2017-08-14T17:11:30","guid":{"rendered":"http:\/\/homolog.saopaulo.sp.leg.br\/escoladoparlamento\/?page_id=7149"},"modified":"2017-08-14T14:11:30","modified_gmt":"2017-08-14T17:11:30","slug":"a-camara-municipal-da-vila-de-sao-paulo-e-a-escravidao-indigena-no-seculo-xvii-1629-1696","status":"publish","type":"page","link":"https:\/\/homolog.saopaulo.sp.leg.br\/escoladoparlamento\/projetos\/historia\/a-camara-municipal-da-vila-de-sao-paulo-e-a-escravidao-indigena-no-seculo-xvii-1629-1696\/","title":{"rendered":"A C\u00e2mara Municipal da Vila de S\u00e3o Paulo e a escravid\u00e3o ind\u00edgena no s\u00e9culo XVII (1629-1696)"},"content":{"rendered":"<ul>\n<li><strong>T\u00edtulo<\/strong>: A C\u00e2mara Municipal da Vila de S\u00e3o Paulo e a escravid\u00e3o ind\u00edgena no seculo XVII (1629-1696)<\/li>\n<li><strong>Autora<\/strong>:\u00a0Ludmila Gomide\u00a0Freitas<\/li>\n<li><strong>Orientadora<\/strong>:\u00a0Leiza Mezan\u00a0Algranti<\/li>\n<li><strong>Institui\u00e7\u00e3o<\/strong>: UNICAMP (Mestrado)<\/li>\n<li><strong>Disciplina<\/strong>: Hist\u00f3ria<\/li>\n<li><strong>Link<\/strong>: <a href=\"https:\/\/sapientia.pucsp.br\/bitstream\/handle\/12877\/1\/Karla%20Aparecida%20Maestrini.pdf\">Tese Completa<\/a>\n<p align=\"justify\">O presente trabalho tem como proposta entender a atua\u00e7\u00e3o da C\u00e2mara Municipal da vila de S\u00e3o Paulo na condu\u00e7\u00e3o dos problemas advindos da escravid\u00e3o dos \u00edndios no s\u00e9culo XVII (1628-1696). A escravid\u00e3o ind\u00edgena foi um dos pontos de maior tens\u00e3o durante o per\u00edodo colonial e envolveu todos os setores da sociedade: jesu\u00edtas, moradores, \u00edndios, autoridades r\u00e9gias na Col\u00f4nia e a Coroa. Buscamos entender de que maneira o poder municipal desenvolveu mecanismos para afirmar os interesses locais, sobretudo os da elite, sem, contudo, abalar os la\u00e7os de vassalagem com o Reino. A luta dos colonos de S\u00e3o Paulo pelo direito de explorar o trabalho ind\u00edgena, levada \u00e0 frente pela C\u00e2mara, demandou um esfor\u00e7o pol\u00edtico para garantir estruturas legais m\u00ednimas que fundamentassem a escravid\u00e3o<\/p>\n<p>&nbsp;<\/li>\n<\/ul>\n","protected":false},"excerpt":{"rendered":"<p>T\u00edtulo: A C\u00e2mara Municipal da Vila de S\u00e3o Paulo e a escravid\u00e3o ind\u00edgena no seculo XVII (1629-1696) Autora:\u00a0Ludmila Gomide\u00a0Freitas Orientadora:\u00a0Leiza Mezan\u00a0Algranti Institui\u00e7\u00e3o: UNICAMP (Mestrado) Disciplina: Hist\u00f3ria Link: Tese Completa O presente trabalho tem como proposta entender a atua\u00e7\u00e3o da C\u00e2mara Municipal da vila de S\u00e3o Paulo na condu\u00e7\u00e3o dos problemas advindos da escravid\u00e3o dos \u00edndios [&hellip;]<\/p>\n","protected":false},"author":183,"featured_media":0,"parent":7379,"menu_order":451,"comment_status":"closed","ping_status":"closed","template":"","meta":{"_acf_changed":false,"footnotes":""},"class_list":["post-7149","page","type-page","status-publish","hentry"],"acf":[],"_links":{"self":[{"href":"https:\/\/homolog.saopaulo.sp.leg.br\/escoladoparlamento\/wp-json\/wp\/v2\/pages\/7149","targetHints":{"allow":["GET"]}}],"collection":[{"href":"https:\/\/homolog.saopaulo.sp.leg.br\/escoladoparlamento\/wp-json\/wp\/v2\/pages"}],"about":[{"href":"https:\/\/homolog.saopaulo.sp.leg.br\/escoladoparlamento\/wp-json\/wp\/v2\/types\/page"}],"author":[{"embeddable":true,"href":"https:\/\/homolog.saopaulo.sp.leg.br\/escoladoparlamento\/wp-json\/wp\/v2\/users\/183"}],"replies":[{"embeddable":true,"href":"https:\/\/homolog.saopaulo.sp.leg.br\/escoladoparlamento\/wp-json\/wp\/v2\/comments?post=7149"}],"version-history":[{"count":1,"href":"https:\/\/homolog.saopaulo.sp.leg.br\/escoladoparlamento\/wp-json\/wp\/v2\/pages\/7149\/revisions"}],"predecessor-version":[{"id":7150,"href":"https:\/\/homolog.saopaulo.sp.leg.br\/escoladoparlamento\/wp-json\/wp\/v2\/pages\/7149\/revisions\/7150"}],"up":[{"embeddable":true,"href":"https:\/\/homolog.saopaulo.sp.leg.br\/escoladoparlamento\/wp-json\/wp\/v2\/pages\/7379"}],"wp:attachment":[{"href":"https:\/\/homolog.saopaulo.sp.leg.br\/escoladoparlamento\/wp-json\/wp\/v2\/media?parent=7149"}],"curies":[{"name":"wp","href":"https:\/\/api.w.org\/{rel}","templated":true}]}}