{"id":732,"date":"2015-06-24T14:52:04","date_gmt":"2015-06-24T17:52:04","guid":{"rendered":"http:\/\/homolog.saopaulo.sp.leg.br\/escoladoparlamento\/?page_id=732"},"modified":"2016-02-15T14:19:56","modified_gmt":"2016-02-15T16:19:56","slug":"cidadania-e-politica-formacao-de-liderancas-locais-2","status":"publish","type":"page","link":"https:\/\/homolog.saopaulo.sp.leg.br\/escoladoparlamento\/cursos\/cursos-anteriores\/cursos-realizados-em-2015\/cidadania-e-politica-formacao-de-liderancas-locais-2\/","title":{"rendered":"Cidadania e Pol\u00edtica: forma\u00e7\u00e3o de lideran\u00e7as locais"},"content":{"rendered":"<p>O curso vai apresentar o papel do Poder Legislativo na democracia, explicar o sistema proporcional que elege representantes e debater os mecanismos de participa\u00e7\u00e3o popular.<\/p>\n<p><strong>P\u00fablico alvo:\u00a0<\/strong>Lideran\u00e7as locais e cidad\u00e3os em geral.<\/p>\n<p><strong>Docentes Respons\u00e1vel:\u00a0<\/strong>Prof. Dr.\u00a0Humberto Dantas<\/p>\n<p><strong>Diretor Respons\u00e1vel:<\/strong> Tatiana B. Ribeiral<\/p>\n<p><strong>Programa\u00e7\u00e3o:<\/strong><\/p>\n<table>\n<tbody>\n<tr>\n<td><strong>Data<\/strong><\/td>\n<td><strong>Hora<\/strong><\/td>\n<td><strong>T\u00edtulo<\/strong><\/td>\n<td><strong>Docente<\/strong><\/td>\n<\/tr>\n<tr>\n<td><strong>16\/06\/2015<\/strong><\/td>\n<td>19:30h \u2013 21:30h<\/td>\n<td><em>Democracia e o papel do Parlamento Municipal<\/em><\/td>\n<td>Humberto Dantas<\/td>\n<\/tr>\n<tr>\n<td><strong>17\/06\/2015<\/strong><\/td>\n<td>19:30h \u2013 21:30h<\/td>\n<td><em>Como elegemos um vereador? Introdu\u00e7\u00e3o ao sistema proporcional<\/em><\/td>\n<td>Lara Mesquita<\/td>\n<\/tr>\n<tr>\n<td><strong>18\/06\/2015<\/strong><\/td>\n<td>19:30h \u2013 21:30h<\/td>\n<td><em>Mecanismos de participa\u00e7\u00e3o e as pol\u00edticas p\u00fablicas no munic\u00edpio<\/em><\/td>\n<td>Tatiana B. Ribeiral<\/td>\n<\/tr>\n<\/tbody>\n<\/table>\n<p><strong>Carga Hor\u00e1ria:<\/strong>\u00a06h \u00a0&#8211; com certifica\u00e7\u00e3o para presen\u00e7a maior que 75%<\/p>\n<p><strong>Local:<\/strong>\u00a0F\u00e1brica de Cultura V. N. Cachoeirinha \u2013 O. S. Poiesis Organiza\u00e7\u00e3o<br \/>\nSocial de Cultura \u2013 Secretaria de Cultura do Estado<br \/>\nRua Franklin do Amaral, 1575 \u2013 S\u00e3o Paulo \u2013 SP<\/p>\n<p><strong>Inscri\u00e7\u00f5es:<\/strong>\u00a0de 12\/06\/2015 a 15\/06\/2015 (encerradas)<\/p>\n<p><strong>Aulas\u00a0Gravadas:<\/strong> As aulas s\u00f3 s\u00e3o gravadas quando ocorrem nas depend\u00eancias da C\u00e2mara Municipal de S\u00e3o Paulo.<\/p>\n","protected":false},"excerpt":{"rendered":"<p>O curso vai apresentar o papel do Poder Legislativo na democracia, explicar o sistema proporcional que elege representantes e debater os mecanismos de participa\u00e7\u00e3o popular. P\u00fablico alvo:\u00a0Lideran\u00e7as locais e cidad\u00e3os em geral. Docentes Respons\u00e1vel:\u00a0Prof. Dr.\u00a0Humberto Dantas Diretor Respons\u00e1vel: Tatiana B. Ribeiral Programa\u00e7\u00e3o: Data Hora T\u00edtulo Docente 16\/06\/2015 19:30h \u2013 21:30h Democracia e o papel do [&hellip;]<\/p>\n","protected":false},"author":79,"featured_media":0,"parent":1331,"menu_order":670,"comment_status":"open","ping_status":"closed","template":"","meta":{"_acf_changed":false,"footnotes":""},"class_list":["post-732","page","type-page","status-publish","hentry"],"acf":[],"_links":{"self":[{"href":"https:\/\/homolog.saopaulo.sp.leg.br\/escoladoparlamento\/wp-json\/wp\/v2\/pages\/732","targetHints":{"allow":["GET"]}}],"collection":[{"href":"https:\/\/homolog.saopaulo.sp.leg.br\/escoladoparlamento\/wp-json\/wp\/v2\/pages"}],"about":[{"href":"https:\/\/homolog.saopaulo.sp.leg.br\/escoladoparlamento\/wp-json\/wp\/v2\/types\/page"}],"author":[{"embeddable":true,"href":"https:\/\/homolog.saopaulo.sp.leg.br\/escoladoparlamento\/wp-json\/wp\/v2\/users\/79"}],"replies":[{"embeddable":true,"href":"https:\/\/homolog.saopaulo.sp.leg.br\/escoladoparlamento\/wp-json\/wp\/v2\/comments?post=732"}],"version-history":[{"count":5,"href":"https:\/\/homolog.saopaulo.sp.leg.br\/escoladoparlamento\/wp-json\/wp\/v2\/pages\/732\/revisions"}],"predecessor-version":[{"id":2918,"href":"https:\/\/homolog.saopaulo.sp.leg.br\/escoladoparlamento\/wp-json\/wp\/v2\/pages\/732\/revisions\/2918"}],"up":[{"embeddable":true,"href":"https:\/\/homolog.saopaulo.sp.leg.br\/escoladoparlamento\/wp-json\/wp\/v2\/pages\/1331"}],"wp:attachment":[{"href":"https:\/\/homolog.saopaulo.sp.leg.br\/escoladoparlamento\/wp-json\/wp\/v2\/media?parent=732"}],"curies":[{"name":"wp","href":"https:\/\/api.w.org\/{rel}","templated":true}]}}