{"id":736,"date":"2015-06-24T14:58:41","date_gmt":"2015-06-24T17:58:41","guid":{"rendered":"http:\/\/homolog.saopaulo.sp.leg.br\/escoladoparlamento\/?page_id=736"},"modified":"2017-07-11T17:37:43","modified_gmt":"2017-07-11T20:37:43","slug":"curso-politica-urbana-e-direito-urbanistico","status":"publish","type":"page","link":"https:\/\/homolog.saopaulo.sp.leg.br\/escoladoparlamento\/cursos\/cursos-anteriores\/cursos-realizados-em-2015\/curso-politica-urbana-e-direito-urbanistico\/","title":{"rendered":"Curso Pol\u00edtica Urbana e Direito Urban\u00edstico &#8211; M\u00f3dulo I"},"content":{"rendered":"<p><iframe loading=\"lazy\" title=\"C\u00e2mara promove curso voltado para os desafios do planejamento urbano\" width=\"640\" height=\"480\" src=\"https:\/\/www.youtube.com\/embed\/0_DO3J4a1eo?feature=oembed\" frameborder=\"0\" allow=\"accelerometer; autoplay; clipboard-write; encrypted-media; gyroscope; picture-in-picture; web-share\" referrerpolicy=\"strict-origin-when-cross-origin\" allowfullscreen><\/iframe><\/p>\n<p>Ap\u00f3s um processo intenso de discuss\u00e3o e di\u00e1logo na Cidade de S\u00e3o Paulo, em 31 de julho de 2014, foi sancionada a Lei Municipal n. 16.050\/14 que aprovou a Pol\u00edtica de Desenvolvimento Urbano e o Plano Diretor Estrat\u00e9gico do Munic\u00edpio.<\/p>\n<p>Para que os dispositivos previstos nesta lei tornem-se, efetivamente, mecanismos de regula\u00e7\u00e3o e promo\u00e7\u00e3o do desenvolvimento urbano de S\u00e3o Paulo, faz-se necess\u00e1ria a constru\u00e7\u00e3o de outros instrumentos jur\u00eddicos complementares por parte do Poder Legislativo e\/ou do Poder Executivo; bem como a tomada de decis\u00f5es no campo das pol\u00edticas p\u00fablicas, por diferentes atores do Poder Executivo.<\/p>\n<p>Na perspectiva de garantir a democratiza\u00e7\u00e3o e o aprofundamento do debate p\u00fablico sobre essas importantes tem\u00e1ticas, a Escola do Parlamento da C\u00e2mara Municipal de S\u00e3o Paulo, em parceria com o SINDILEX \u2013 Sindicato dos Servidores da C\u00e2mara Municipal e do Tribunal de Contas do Munic\u00edpio de S\u00e3o Paulo realizam o primeiro m\u00f3dulo do Curso \u201cPol\u00edtica Urbana e Direito Urban\u00edstico\u201d.<\/p>\n<p>Este primeiro m\u00f3dulo ser\u00e1 composto por 07 (sete) palestras, conduzidas por especialistas nas tem\u00e1ticas do Direito Urban\u00edstico e da Gest\u00e3o de Pol\u00edticas de Desenvolvimento Urbano com \u00eanfase em uma abordagem integrada do campo do Direito e das Ci\u00eancias Sociais.<\/p>\n<p><strong>P\u00fablico alvo:<\/strong> Servidores P\u00fablicos e Cidad\u00e3os em geral.<\/p>\n<p><strong>Docentes respons\u00e1vel: <\/strong>Prof. Dr. Camilo Onoda Luiz Caldas<\/p>\n<p><strong>Diretor Respons\u00e1vel:<\/strong> Lara Mesquita<\/p>\n<p><strong>Per\u00edodo de Realiza\u00e7\u00e3o do Curso: <\/strong>15 de maio de 2015 a 29 de junho de 2015.<\/p>\n<p><strong>Vagas oferecidas: <\/strong>50 (cinquenta)<\/p>\n<p><strong>Carga hor\u00e1ria: <\/strong>21h\u00a0&#8211; com certifica\u00e7\u00e3o para presen\u00e7a maior que 75%<\/p>\n<h4>Parceria:\u00a0SINDILEX &#8211; Sindicato dos Servidores da C\u00e2mara Municipal de S\u00e3o Paulo e do Tribunal de Contas do Municipal de S\u00e3o Paulo<\/h4>\n<p>&nbsp;<\/p>\n","protected":false},"excerpt":{"rendered":"<p>Ap\u00f3s um processo intenso de discuss\u00e3o e di\u00e1logo na Cidade de S\u00e3o Paulo, em 31 de julho de 2014, foi sancionada a Lei Municipal n. 16.050\/14 que aprovou a Pol\u00edtica de Desenvolvimento Urbano e o Plano Diretor Estrat\u00e9gico do Munic\u00edpio. Para que os dispositivos previstos nesta lei tornem-se, efetivamente, mecanismos de regula\u00e7\u00e3o e promo\u00e7\u00e3o do [&hellip;]<\/p>\n","protected":false},"author":79,"featured_media":0,"parent":1331,"menu_order":668,"comment_status":"open","ping_status":"closed","template":"","meta":{"_acf_changed":false,"footnotes":""},"class_list":["post-736","page","type-page","status-publish","hentry"],"acf":[],"_links":{"self":[{"href":"https:\/\/homolog.saopaulo.sp.leg.br\/escoladoparlamento\/wp-json\/wp\/v2\/pages\/736","targetHints":{"allow":["GET"]}}],"collection":[{"href":"https:\/\/homolog.saopaulo.sp.leg.br\/escoladoparlamento\/wp-json\/wp\/v2\/pages"}],"about":[{"href":"https:\/\/homolog.saopaulo.sp.leg.br\/escoladoparlamento\/wp-json\/wp\/v2\/types\/page"}],"author":[{"embeddable":true,"href":"https:\/\/homolog.saopaulo.sp.leg.br\/escoladoparlamento\/wp-json\/wp\/v2\/users\/79"}],"replies":[{"embeddable":true,"href":"https:\/\/homolog.saopaulo.sp.leg.br\/escoladoparlamento\/wp-json\/wp\/v2\/comments?post=736"}],"version-history":[{"count":5,"href":"https:\/\/homolog.saopaulo.sp.leg.br\/escoladoparlamento\/wp-json\/wp\/v2\/pages\/736\/revisions"}],"predecessor-version":[{"id":7296,"href":"https:\/\/homolog.saopaulo.sp.leg.br\/escoladoparlamento\/wp-json\/wp\/v2\/pages\/736\/revisions\/7296"}],"up":[{"embeddable":true,"href":"https:\/\/homolog.saopaulo.sp.leg.br\/escoladoparlamento\/wp-json\/wp\/v2\/pages\/1331"}],"wp:attachment":[{"href":"https:\/\/homolog.saopaulo.sp.leg.br\/escoladoparlamento\/wp-json\/wp\/v2\/media?parent=736"}],"curies":[{"name":"wp","href":"https:\/\/api.w.org\/{rel}","templated":true}]}}