{"id":7874,"date":"2017-09-26T15:53:17","date_gmt":"2017-09-26T18:53:17","guid":{"rendered":"http:\/\/homolog.saopaulo.sp.leg.br\/escoladoparlamento\/?page_id=7874"},"modified":"2017-10-03T16:11:11","modified_gmt":"2017-10-03T19:11:11","slug":"escola-do-parlamento-escola-de-politica","status":"publish","type":"page","link":"https:\/\/homolog.saopaulo.sp.leg.br\/escoladoparlamento\/publicacoes\/escola-do-parlamento-escola-de-politica\/","title":{"rendered":"Escola do Parlamento, Escola de Pol\u00edtica"},"content":{"rendered":"<p>S\u00e9rie de podcasts em que a Escola do Parlamento apresenta ao cidad\u00e3o a import\u00e2ncia do Poder Legislativo com \u00eanfase no parlamento local e, especialmente, na C\u00e2mara Municipal de S\u00e3o Paulo. A cada semana, 3 novas publica\u00e7\u00f5es trazendo informa\u00e7\u00f5es sobre os aspectos constitucionais, o funcionamento do Legislativo paulistano e a relev\u00e2ncia do trabalho realizado pelos vereadores.<\/p>\n<p>Confira!<\/p>\n<p><iframe loading=\"lazy\" src=\"https:\/\/w.soundcloud.com\/player\/?url=https%3A\/\/api.soundcloud.com\/playlists\/357255309&amp;color=%23ff5500&amp;auto_play=false&amp;hide_related=false&amp;show_comments=true&amp;show_user=true&amp;show_reposts=false&amp;visual=true\" width=\"100%\" height=\"300\" frameborder=\"no\" scrolling=\"no\"><\/iframe><\/p>\n","protected":false},"excerpt":{"rendered":"<p>S\u00e9rie de podcasts em que a Escola do Parlamento apresenta ao cidad\u00e3o a import\u00e2ncia do Poder Legislativo com \u00eanfase no parlamento local e, especialmente, na C\u00e2mara Municipal de S\u00e3o Paulo. A cada semana, 3 novas publica\u00e7\u00f5es trazendo informa\u00e7\u00f5es sobre os aspectos constitucionais, o funcionamento do Legislativo paulistano e a relev\u00e2ncia do trabalho realizado pelos vereadores. [&hellip;]<\/p>\n","protected":false},"author":414,"featured_media":0,"parent":43,"menu_order":425,"comment_status":"closed","ping_status":"closed","template":"","meta":{"_acf_changed":false,"footnotes":""},"class_list":["post-7874","page","type-page","status-publish","hentry"],"acf":[],"_links":{"self":[{"href":"https:\/\/homolog.saopaulo.sp.leg.br\/escoladoparlamento\/wp-json\/wp\/v2\/pages\/7874","targetHints":{"allow":["GET"]}}],"collection":[{"href":"https:\/\/homolog.saopaulo.sp.leg.br\/escoladoparlamento\/wp-json\/wp\/v2\/pages"}],"about":[{"href":"https:\/\/homolog.saopaulo.sp.leg.br\/escoladoparlamento\/wp-json\/wp\/v2\/types\/page"}],"author":[{"embeddable":true,"href":"https:\/\/homolog.saopaulo.sp.leg.br\/escoladoparlamento\/wp-json\/wp\/v2\/users\/414"}],"replies":[{"embeddable":true,"href":"https:\/\/homolog.saopaulo.sp.leg.br\/escoladoparlamento\/wp-json\/wp\/v2\/comments?post=7874"}],"version-history":[{"count":5,"href":"https:\/\/homolog.saopaulo.sp.leg.br\/escoladoparlamento\/wp-json\/wp\/v2\/pages\/7874\/revisions"}],"predecessor-version":[{"id":7983,"href":"https:\/\/homolog.saopaulo.sp.leg.br\/escoladoparlamento\/wp-json\/wp\/v2\/pages\/7874\/revisions\/7983"}],"up":[{"embeddable":true,"href":"https:\/\/homolog.saopaulo.sp.leg.br\/escoladoparlamento\/wp-json\/wp\/v2\/pages\/43"}],"wp:attachment":[{"href":"https:\/\/homolog.saopaulo.sp.leg.br\/escoladoparlamento\/wp-json\/wp\/v2\/media?parent=7874"}],"curies":[{"name":"wp","href":"https:\/\/api.w.org\/{rel}","templated":true}]}}